{"id":14256,"date":"2025-04-23T06:59:15","date_gmt":"2025-04-23T06:59:15","guid":{"rendered":"https:\/\/blanchedalmond-dinosaur-273996.hostingersite.com\/?post_type=product&#038;p=14256"},"modified":"2025-04-23T06:59:15","modified_gmt":"2025-04-23T06:59:15","slug":"printed-boxes-for-packaging","status":"publish","type":"product","link":"https:\/\/propacmx.com\/en\/product\/cajas-con-impresion-para-empaque\/","title":{"rendered":"Printed Boxes for Packaging"},"content":{"rendered":"<p><span data-sheets-root=\"1\">Printed boxes are ideal for companies looking to improve their operational efficiency. Thanks to its ability to enhance your brand, this product becomes a reliable ally to protect, fix or present merchandise during transportation and storage. In addition, it is designed to adapt to various industrial sectors, ensuring quality, durability and functionality in every use. Implementing it in your processes can mean a significant improvement in brand perception and customer satisfaction.<\/span><\/p>","protected":false},"excerpt":{"rendered":"<p><span data-sheets-root=\"1\">Printed boxes are an essential product in the packaging and logistics process. It enhances your brand, ensuring that products arrive at their destination in optimal conditions and with the right presentation.<\/span><\/p>","protected":false},"featured_media":14257,"template":"","meta":[],"product_brand":[],"product_cat":[94],"product_tag":[],"class_list":{"0":"post-14256","1":"product","2":"type-product","3":"status-publish","4":"has-post-thumbnail","6":"product_cat-cajas-y-embalajes-personalizados","8":"first","9":"instock","10":"shipping-taxable","11":"product-type-simple"},"yoast_head":"<!-- This site is optimized with the Yoast SEO Premium plugin v24.3 (Yoast SEO v27.6) - https:\/\/yoast.com\/product\/yoast-seo-premium-wordpress\/ -->\n<title>Cajas con Impresi\u00f3n para Empaque | Potencia tu Marca<\/title>\n<meta name=\"description\" content=\"\u2b50Descubre nuestros productos de cajas con impresi\u00f3n para empaque y embalaje. Potencia tu marca. Calidad garantizada para tu operaci\u00f3n log\u00edstica.\" \/>\n<meta name=\"robots\" content=\"index, follow, max-snippet:-1, max-image-preview:large, max-video-preview:-1\" \/>\n<link rel=\"canonical\" href=\"https:\/\/propacmx.com\/en\/product\/printed-boxes-for-packaging\/\" \/>\n<meta property=\"og:locale\" content=\"en_US\" \/>\n<meta property=\"og:type\" content=\"article\" \/>\n<meta property=\"og:title\" content=\"Cajas con Impresi\u00f3n para Empaque\" \/>\n<meta property=\"og:description\" content=\"\u2b50Descubre nuestros productos de cajas con impresi\u00f3n para empaque y embalaje. Potencia tu marca. Calidad garantizada para tu operaci\u00f3n log\u00edstica.\" \/>\n<meta property=\"og:url\" content=\"https:\/\/propacmx.com\/en\/product\/printed-boxes-for-packaging\/\" \/>\n<meta property=\"og:site_name\" content=\"Professional Packaging Systems\" \/>\n<meta property=\"og:image\" content=\"https:\/\/propacmx.com\/wp-content\/uploads\/2025\/04\/Cajas-con-impresion.png\" \/>\n\t<meta property=\"og:image:width\" content=\"1563\" \/>\n\t<meta property=\"og:image:height\" content=\"1563\" \/>\n\t<meta property=\"og:image:type\" content=\"image\/png\" \/>\n<meta name=\"twitter:card\" content=\"summary_large_image\" \/>\n<meta name=\"twitter:label1\" content=\"Price\" \/>\n\t<meta name=\"twitter:data1\" content=\"\" \/>\n\t<meta name=\"twitter:label2\" content=\"Availability\" \/>\n\t<meta name=\"twitter:data2\" content=\"In stock\" \/>\n<script type=\"application\/ld+json\" class=\"yoast-schema-graph\">{\"@context\":\"https:\\\/\\\/schema.org\",\"@graph\":[{\"@type\":\"WebPage\",\"@id\":\"https:\\\/\\\/propacmx.com\\\/product\\\/cajas-con-impresion-para-empaque\\\/\",\"url\":\"https:\\\/\\\/propacmx.com\\\/product\\\/cajas-con-impresion-para-empaque\\\/\",\"name\":\"Cajas con Impresi\u00f3n para Empaque | Potencia tu Marca\",\"isPartOf\":{\"@id\":\"https:\\\/\\\/propacmx.com\\\/#website\"},\"primaryImageOfPage\":{\"@id\":\"https:\\\/\\\/propacmx.com\\\/product\\\/cajas-con-impresion-para-empaque\\\/#primaryimage\"},\"image\":{\"@id\":\"https:\\\/\\\/propacmx.com\\\/product\\\/cajas-con-impresion-para-empaque\\\/#primaryimage\"},\"thumbnailUrl\":\"https:\\\/\\\/propacmx.com\\\/wp-content\\\/uploads\\\/2025\\\/04\\\/Cajas-con-impresion.png\",\"datePublished\":\"2025-04-23T06:59:15+00:00\",\"description\":\"\u2b50Descubre nuestros productos de cajas con impresi\u00f3n para empaque y embalaje. Potencia tu marca. Calidad garantizada para tu operaci\u00f3n log\u00edstica.\",\"breadcrumb\":{\"@id\":\"https:\\\/\\\/propacmx.com\\\/product\\\/cajas-con-impresion-para-empaque\\\/#breadcrumb\"},\"inLanguage\":\"en-US\",\"potentialAction\":[{\"@type\":\"ReadAction\",\"target\":[\"https:\\\/\\\/propacmx.com\\\/product\\\/cajas-con-impresion-para-empaque\\\/\"]}]},{\"@type\":\"ImageObject\",\"inLanguage\":\"en-US\",\"@id\":\"https:\\\/\\\/propacmx.com\\\/product\\\/cajas-con-impresion-para-empaque\\\/#primaryimage\",\"url\":\"https:\\\/\\\/propacmx.com\\\/wp-content\\\/uploads\\\/2025\\\/04\\\/Cajas-con-impresion.png\",\"contentUrl\":\"https:\\\/\\\/propacmx.com\\\/wp-content\\\/uploads\\\/2025\\\/04\\\/Cajas-con-impresion.png\",\"width\":1563,\"height\":1563,\"caption\":\"Cajas con impresi\u00f3n\"},{\"@type\":\"BreadcrumbList\",\"@id\":\"https:\\\/\\\/propacmx.com\\\/product\\\/cajas-con-impresion-para-empaque\\\/#breadcrumb\",\"itemListElement\":[{\"@type\":\"ListItem\",\"position\":1,\"name\":\"Home\",\"item\":\"https:\\\/\\\/propacmx.com\\\/\"},{\"@type\":\"ListItem\",\"position\":2,\"name\":\"Tienda\",\"item\":\"https:\\\/\\\/propacmx.com\\\/tienda\\\/\"},{\"@type\":\"ListItem\",\"position\":3,\"name\":\"Cajas con Impresi\u00f3n para Empaque\"}]},{\"@type\":\"WebSite\",\"@id\":\"https:\\\/\\\/propacmx.com\\\/#website\",\"url\":\"https:\\\/\\\/propacmx.com\\\/\",\"name\":\"PRO PAC Professional Packaging Systems\",\"description\":\"PROPAC es tu socio estrat\u00e9gico en empaques. Combinamos calidad, servicio y tecnolog\u00eda para optimizar tus procesos log\u00edsticos.\",\"publisher\":{\"@id\":\"https:\\\/\\\/propacmx.com\\\/#organization\"},\"potentialAction\":[{\"@type\":\"SearchAction\",\"target\":{\"@type\":\"EntryPoint\",\"urlTemplate\":\"https:\\\/\\\/propacmx.com\\\/?s={search_term_string}\"},\"query-input\":{\"@type\":\"PropertyValueSpecification\",\"valueRequired\":true,\"valueName\":\"search_term_string\"}}],\"inLanguage\":\"en-US\"},{\"@type\":\"Organization\",\"@id\":\"https:\\\/\\\/propacmx.com\\\/#organization\",\"name\":\"PRO PAC Professional Packaging Systems\",\"url\":\"https:\\\/\\\/propacmx.com\\\/\",\"logo\":{\"@type\":\"ImageObject\",\"inLanguage\":\"en-US\",\"@id\":\"https:\\\/\\\/propacmx.com\\\/#\\\/schema\\\/logo\\\/image\\\/\",\"url\":\"\\\/wp-content\\\/uploads\\\/2025\\\/04\\\/PRO-PAC-MEXICO.webp\",\"contentUrl\":\"\\\/wp-content\\\/uploads\\\/2025\\\/04\\\/PRO-PAC-MEXICO.webp\",\"width\":1563,\"height\":1563,\"caption\":\"PRO PAC Professional Packaging Systems\"},\"image\":{\"@id\":\"https:\\\/\\\/propacmx.com\\\/#\\\/schema\\\/logo\\\/image\\\/\"}}]}<\/script>\n<meta property=\"product:price:currency\" content=\"MXN\" \/>\n<meta property=\"og:availability\" content=\"instock\" \/>\n<meta property=\"product:availability\" content=\"instock\" \/>\n<meta property=\"product:condition\" content=\"new\" \/>\n<!-- \/ Yoast SEO Premium plugin. -->","yoast_head_json":{"title":"Printed Boxes for Packaging | Boost your Brand","description":"\u2b50Discover our printed box products for packaging and packaging. Enhance your brand. Guaranteed quality for your logistics operation.","robots":{"index":"index","follow":"follow","max-snippet":"max-snippet:-1","max-image-preview":"max-image-preview:large","max-video-preview":"max-video-preview:-1"},"canonical":"https:\/\/propacmx.com\/en\/product\/printed-boxes-for-packaging\/","og_locale":"en_US","og_type":"article","og_title":"Cajas con Impresi\u00f3n para Empaque","og_description":"\u2b50Descubre nuestros productos de cajas con impresi\u00f3n para empaque y embalaje. Potencia tu marca. Calidad garantizada para tu operaci\u00f3n log\u00edstica.","og_url":"https:\/\/propacmx.com\/en\/product\/printed-boxes-for-packaging\/","og_site_name":"Professional Packaging Systems","og_image":[{"width":1563,"height":1563,"url":"https:\/\/propacmx.com\/wp-content\/uploads\/2025\/04\/Cajas-con-impresion.png","type":"image\/png"}],"twitter_card":"summary_large_image","twitter_misc":{"Price":"","Availability":"In stock"},"schema":{"@context":"https:\/\/schema.org","@graph":[{"@type":"WebPage","@id":"https:\/\/propacmx.com\/product\/cajas-con-impresion-para-empaque\/","url":"https:\/\/propacmx.com\/product\/cajas-con-impresion-para-empaque\/","name":"Printed Boxes for Packaging | Boost your Brand","isPartOf":{"@id":"https:\/\/propacmx.com\/#website"},"primaryImageOfPage":{"@id":"https:\/\/propacmx.com\/product\/cajas-con-impresion-para-empaque\/#primaryimage"},"image":{"@id":"https:\/\/propacmx.com\/product\/cajas-con-impresion-para-empaque\/#primaryimage"},"thumbnailUrl":"https:\/\/propacmx.com\/wp-content\/uploads\/2025\/04\/Cajas-con-impresion.png","datePublished":"2025-04-23T06:59:15+00:00","description":"\u2b50Discover our printed box products for packaging and packaging. Enhance your brand. Guaranteed quality for your logistics operation.","breadcrumb":{"@id":"https:\/\/propacmx.com\/product\/cajas-con-impresion-para-empaque\/#breadcrumb"},"inLanguage":"en-US","potentialAction":[{"@type":"ReadAction","target":["https:\/\/propacmx.com\/product\/cajas-con-impresion-para-empaque\/"]}]},{"@type":"ImageObject","inLanguage":"en-US","@id":"https:\/\/propacmx.com\/product\/cajas-con-impresion-para-empaque\/#primaryimage","url":"https:\/\/propacmx.com\/wp-content\/uploads\/2025\/04\/Cajas-con-impresion.png","contentUrl":"https:\/\/propacmx.com\/wp-content\/uploads\/2025\/04\/Cajas-con-impresion.png","width":1563,"height":1563,"caption":"Cajas con impresi\u00f3n"},{"@type":"BreadcrumbList","@id":"https:\/\/propacmx.com\/product\/cajas-con-impresion-para-empaque\/#breadcrumb","itemListElement":[{"@type":"ListItem","position":1,"name":"Home","item":"https:\/\/propacmx.com\/"},{"@type":"ListItem","position":2,"name":"Tienda","item":"https:\/\/propacmx.com\/tienda\/"},{"@type":"ListItem","position":3,"name":"Cajas con Impresi\u00f3n para Empaque"}]},{"@type":"WebSite","@id":"https:\/\/propacmx.com\/#website","url":"https:\/\/propacmx.com\/","name":"PRO PAC Professional Packaging Systems","description":"PROPAC is your strategic partner in packaging. We combine quality, service and technology to optimize your logistics processes.","publisher":{"@id":"https:\/\/propacmx.com\/#organization"},"potentialAction":[{"@type":"SearchAction","target":{"@type":"EntryPoint","urlTemplate":"https:\/\/propacmx.com\/?s={search_term_string}"},"query-input":{"@type":"PropertyValueSpecification","valueRequired":true,"valueName":"search_term_string"}}],"inLanguage":"en-US"},{"@type":"Organization","@id":"https:\/\/propacmx.com\/#organization","name":"PRO PAC Professional Packaging Systems","url":"https:\/\/propacmx.com\/","logo":{"@type":"ImageObject","inLanguage":"en-US","@id":"https:\/\/propacmx.com\/#\/schema\/logo\/image\/","url":"\/wp-content\/uploads\/2025\/04\/PRO-PAC-MEXICO.webp","contentUrl":"\/wp-content\/uploads\/2025\/04\/PRO-PAC-MEXICO.webp","width":1563,"height":1563,"caption":"PRO PAC Professional Packaging Systems"},"image":{"@id":"https:\/\/propacmx.com\/#\/schema\/logo\/image\/"}}]},"product_price_currency":"MXN","og_availability":"instock","product_availability":"instock","product_condition":"new"},"_links":{"self":[{"href":"https:\/\/propacmx.com\/en\/wp-json\/wp\/v2\/product\/14256","targetHints":{"allow":["GET"]}}],"collection":[{"href":"https:\/\/propacmx.com\/en\/wp-json\/wp\/v2\/product"}],"about":[{"href":"https:\/\/propacmx.com\/en\/wp-json\/wp\/v2\/types\/product"}],"wp:featuredmedia":[{"embeddable":true,"href":"https:\/\/propacmx.com\/en\/wp-json\/wp\/v2\/media\/14257"}],"wp:attachment":[{"href":"https:\/\/propacmx.com\/en\/wp-json\/wp\/v2\/media?parent=14256"}],"wp:term":[{"taxonomy":"product_brand","embeddable":true,"href":"https:\/\/propacmx.com\/en\/wp-json\/wp\/v2\/product_brand?post=14256"},{"taxonomy":"product_cat","embeddable":true,"href":"https:\/\/propacmx.com\/en\/wp-json\/wp\/v2\/product_cat?post=14256"},{"taxonomy":"product_tag","embeddable":true,"href":"https:\/\/propacmx.com\/en\/wp-json\/wp\/v2\/product_tag?post=14256"}],"curies":[{"name":"wp","href":"https:\/\/api.w.org\/{rel}","templated":true}]}}