{"id":13698,"date":"2025-04-20T00:41:47","date_gmt":"2025-04-20T00:41:47","guid":{"rendered":"https:\/\/blanchedalmond-dinosaur-273996.hostingersite.com\/?post_type=product&#038;p=13698"},"modified":"2025-04-21T01:05:29","modified_gmt":"2025-04-21T01:05:29","slug":"infeed-conveyors-transportadores-de-alimentacion","status":"publish","type":"product","link":"https:\/\/propacmx.com\/en\/product\/infeed-conveyors-transportadores-de-alimentacion\/","title":{"rendered":"Infeed Conveyors <br> Feed Conveyors"},"content":{"rendered":"<p class=\"\" data-start=\"212\" data-end=\"586\">Adquiere transportadores dise\u00f1ados espec\u00edficamente para alimentar producto a nuestras b\u00e1sculas con precisi\u00f3n y eficiencia. Nuestros <strong data-start=\"355\" data-end=\"409\">transportadores de alimentaci\u00f3n (infeed conveyors)<\/strong> pueden integrarse en procesos de producci\u00f3n continua o por lotes, siendo ideales para productos como alimentos, piezas pl\u00e1sticas, croquetas para mascotas y art\u00edculos similares.<\/p>\n<p class=\"\" data-start=\"588\" data-end=\"985\">Utilizamos diferentes tipos de bandas transportadoras seg\u00fan el tipo de producto, ya sean bandas con tacos, planas, aprobadas por USDA u otras, siempre ajustadas a las necesidades espec\u00edficas de cada aplicaci\u00f3n. Hemos fabricado transportadores para una amplia gama de productos como vegetales frescos (cortados o enteros peque\u00f1os), galletas, papas fritas, pretzels, piezas de pl\u00e1stico y muchos m\u00e1s.<\/p>\n<p class=\"\" data-start=\"987\" data-end=\"1345\">Estos transportadores desempe\u00f1an un papel clave en la dosificaci\u00f3n controlada del producto hacia la b\u00e1scula, asegurando un flujo constante y evitando acumulaciones o &#8220;puentes&#8221; de producto en la tolva de alimentaci\u00f3n. Incorporamos sensores de nivel alto y bajo (como sensores fotoel\u00e9ctricos o de proximidad) para mantener un suministro preciso y automatizado.<\/p>\n<p class=\"\" data-start=\"1347\" data-end=\"1530\">Si ya cuentas con un transportador existente o provisto por otro fabricante (OEM), dise\u00f1amos nuestro sistema de forma personalizada para integrarlo perfectamente con tu equipo actual.<\/p>","protected":false},"excerpt":{"rendered":"<p>Infeed Conveyors, parte de nuestra l\u00ednea de transportadores, dise\u00f1ada para mejorar la eficiencia del empaque. Transportadores de alimentaci\u00f3n ideales para integraci\u00f3n con l\u00edneas de pesaje y empaque autom\u00e1tico.<\/p>","protected":false},"featured_media":13718,"template":"","meta":[],"product_brand":[170],"product_cat":[115],"product_tag":[117,118,169],"class_list":{"0":"post-13698","1":"product","2":"type-product","3":"status-publish","4":"has-post-thumbnail","6":"product_brand-weigh-right","7":"product_cat-transportadores","8":"product_tag-maquinaria-de-empaque","9":"product_tag-selladoras-industriales","10":"product_tag-transportadores","12":"first","13":"instock","14":"shipping-taxable","15":"product-type-simple"},"yoast_head":"<!-- This site is optimized with the Yoast SEO Premium plugin v24.3 (Yoast SEO v27.6) - https:\/\/yoast.com\/product\/yoast-seo-premium-wordpress\/ -->\n<title>Infeed Conveyors - Transportadores de Alimentaci\u00f3n<\/title>\n<meta name=\"description\" content=\"\u2b50 Infeed Conveyors, parte de nuestra l\u00ednea de Transportadores de alimentaci\u00f3n ideales para integraci\u00f3n con l\u00edneas de pesaje y empaque autom\u00e1tico.\" \/>\n<meta name=\"robots\" content=\"index, follow, max-snippet:-1, max-image-preview:large, max-video-preview:-1\" \/>\n<link rel=\"canonical\" href=\"https:\/\/propacmx.com\/en\/product\/infeed-conveyors-transportadores-de-alimentacion\/\" \/>\n<meta property=\"og:locale\" content=\"en_US\" \/>\n<meta property=\"og:type\" content=\"article\" \/>\n<meta property=\"og:title\" content=\"Infeed Conveyors  Transportadores de Alimentaci\u00f3n\" \/>\n<meta property=\"og:description\" content=\"\u2b50 Infeed Conveyors, parte de nuestra l\u00ednea de Transportadores de alimentaci\u00f3n ideales para integraci\u00f3n con l\u00edneas de pesaje y empaque autom\u00e1tico.\" \/>\n<meta property=\"og:url\" content=\"https:\/\/propacmx.com\/en\/product\/infeed-conveyors-transportadores-de-alimentacion\/\" \/>\n<meta property=\"og:site_name\" content=\"Professional Packaging Systems\" \/>\n<meta property=\"article:modified_time\" content=\"2025-04-21T01:05:29+00:00\" \/>\n<meta property=\"og:image\" content=\"https:\/\/propacmx.com\/wp-content\/uploads\/2025\/04\/Infeed-Conveyors-PROPAC.png\" \/>\n\t<meta property=\"og:image:width\" content=\"1563\" \/>\n\t<meta property=\"og:image:height\" content=\"1563\" \/>\n\t<meta property=\"og:image:type\" content=\"image\/png\" \/>\n<meta name=\"twitter:card\" content=\"summary_large_image\" \/>\n<meta name=\"twitter:label1\" content=\"Price\" \/>\n\t<meta name=\"twitter:data1\" content=\"\" \/>\n\t<meta name=\"twitter:label2\" content=\"Availability\" \/>\n\t<meta name=\"twitter:data2\" content=\"In stock\" \/>\n<script type=\"application\/ld+json\" class=\"yoast-schema-graph\">{\"@context\":\"https:\\\/\\\/schema.org\",\"@graph\":[{\"@type\":\"WebPage\",\"@id\":\"https:\\\/\\\/propacmx.com\\\/product\\\/infeed-conveyors-transportadores-de-alimentacion\\\/\",\"url\":\"https:\\\/\\\/propacmx.com\\\/product\\\/infeed-conveyors-transportadores-de-alimentacion\\\/\",\"name\":\"Infeed Conveyors - Transportadores de Alimentaci\u00f3n\",\"isPartOf\":{\"@id\":\"https:\\\/\\\/propacmx.com\\\/#website\"},\"primaryImageOfPage\":{\"@id\":\"https:\\\/\\\/propacmx.com\\\/product\\\/infeed-conveyors-transportadores-de-alimentacion\\\/#primaryimage\"},\"image\":{\"@id\":\"https:\\\/\\\/propacmx.com\\\/product\\\/infeed-conveyors-transportadores-de-alimentacion\\\/#primaryimage\"},\"thumbnailUrl\":\"https:\\\/\\\/propacmx.com\\\/wp-content\\\/uploads\\\/2025\\\/04\\\/Infeed-Conveyors-PROPAC.png\",\"datePublished\":\"2025-04-20T00:41:47+00:00\",\"dateModified\":\"2025-04-21T01:05:29+00:00\",\"description\":\"\u2b50 Infeed Conveyors, parte de nuestra l\u00ednea de Transportadores de alimentaci\u00f3n ideales para integraci\u00f3n con l\u00edneas de pesaje y empaque autom\u00e1tico.\",\"breadcrumb\":{\"@id\":\"https:\\\/\\\/propacmx.com\\\/product\\\/infeed-conveyors-transportadores-de-alimentacion\\\/#breadcrumb\"},\"inLanguage\":\"en-US\",\"potentialAction\":[{\"@type\":\"ReadAction\",\"target\":[\"https:\\\/\\\/propacmx.com\\\/product\\\/infeed-conveyors-transportadores-de-alimentacion\\\/\"]}]},{\"@type\":\"ImageObject\",\"inLanguage\":\"en-US\",\"@id\":\"https:\\\/\\\/propacmx.com\\\/product\\\/infeed-conveyors-transportadores-de-alimentacion\\\/#primaryimage\",\"url\":\"https:\\\/\\\/propacmx.com\\\/wp-content\\\/uploads\\\/2025\\\/04\\\/Infeed-Conveyors-PROPAC.png\",\"contentUrl\":\"https:\\\/\\\/propacmx.com\\\/wp-content\\\/uploads\\\/2025\\\/04\\\/Infeed-Conveyors-PROPAC.png\",\"width\":1563,\"height\":1563,\"caption\":\"Infeed Conveyors - PROPAC\"},{\"@type\":\"BreadcrumbList\",\"@id\":\"https:\\\/\\\/propacmx.com\\\/product\\\/infeed-conveyors-transportadores-de-alimentacion\\\/#breadcrumb\",\"itemListElement\":[{\"@type\":\"ListItem\",\"position\":1,\"name\":\"Home\",\"item\":\"https:\\\/\\\/propacmx.com\\\/\"},{\"@type\":\"ListItem\",\"position\":2,\"name\":\"Tienda\",\"item\":\"https:\\\/\\\/propacmx.com\\\/tienda\\\/\"},{\"@type\":\"ListItem\",\"position\":3,\"name\":\"Infeed Conveyors Transportadores de Alimentaci\u00f3n\"}]},{\"@type\":\"WebSite\",\"@id\":\"https:\\\/\\\/propacmx.com\\\/#website\",\"url\":\"https:\\\/\\\/propacmx.com\\\/\",\"name\":\"PRO PAC Professional Packaging Systems\",\"description\":\"PROPAC es tu socio estrat\u00e9gico en empaques. Combinamos calidad, servicio y tecnolog\u00eda para optimizar tus procesos log\u00edsticos.\",\"publisher\":{\"@id\":\"https:\\\/\\\/propacmx.com\\\/#organization\"},\"potentialAction\":[{\"@type\":\"SearchAction\",\"target\":{\"@type\":\"EntryPoint\",\"urlTemplate\":\"https:\\\/\\\/propacmx.com\\\/?s={search_term_string}\"},\"query-input\":{\"@type\":\"PropertyValueSpecification\",\"valueRequired\":true,\"valueName\":\"search_term_string\"}}],\"inLanguage\":\"en-US\"},{\"@type\":\"Organization\",\"@id\":\"https:\\\/\\\/propacmx.com\\\/#organization\",\"name\":\"PRO PAC Professional Packaging Systems\",\"url\":\"https:\\\/\\\/propacmx.com\\\/\",\"logo\":{\"@type\":\"ImageObject\",\"inLanguage\":\"en-US\",\"@id\":\"https:\\\/\\\/propacmx.com\\\/#\\\/schema\\\/logo\\\/image\\\/\",\"url\":\"\\\/wp-content\\\/uploads\\\/2025\\\/04\\\/PRO-PAC-MEXICO.webp\",\"contentUrl\":\"\\\/wp-content\\\/uploads\\\/2025\\\/04\\\/PRO-PAC-MEXICO.webp\",\"width\":1563,\"height\":1563,\"caption\":\"PRO PAC Professional Packaging Systems\"},\"image\":{\"@id\":\"https:\\\/\\\/propacmx.com\\\/#\\\/schema\\\/logo\\\/image\\\/\"}}]}<\/script>\n<meta property=\"product:brand\" content=\"Weigh Right\" \/>\n<meta property=\"product:price:currency\" content=\"MXN\" \/>\n<meta property=\"og:availability\" content=\"instock\" \/>\n<meta property=\"product:availability\" content=\"instock\" \/>\n<meta property=\"product:retailer_item_id\" content=\"prod-050\" \/>\n<meta property=\"product:condition\" content=\"new\" \/>\n<!-- \/ Yoast SEO Premium plugin. -->","yoast_head_json":{"title":"Infeed Conveyors - Transportadores de Alimentaci\u00f3n","description":"\u2b50 Infeed Conveyors, parte de nuestra l\u00ednea de Transportadores de alimentaci\u00f3n ideales para integraci\u00f3n con l\u00edneas de pesaje y empaque autom\u00e1tico.","robots":{"index":"index","follow":"follow","max-snippet":"max-snippet:-1","max-image-preview":"max-image-preview:large","max-video-preview":"max-video-preview:-1"},"canonical":"https:\/\/propacmx.com\/en\/product\/infeed-conveyors-transportadores-de-alimentacion\/","og_locale":"en_US","og_type":"article","og_title":"Infeed Conveyors  Transportadores de Alimentaci\u00f3n","og_description":"\u2b50 Infeed Conveyors, parte de nuestra l\u00ednea de Transportadores de alimentaci\u00f3n ideales para integraci\u00f3n con l\u00edneas de pesaje y empaque autom\u00e1tico.","og_url":"https:\/\/propacmx.com\/en\/product\/infeed-conveyors-transportadores-de-alimentacion\/","og_site_name":"Professional Packaging Systems","article_modified_time":"2025-04-21T01:05:29+00:00","og_image":[{"width":1563,"height":1563,"url":"https:\/\/propacmx.com\/wp-content\/uploads\/2025\/04\/Infeed-Conveyors-PROPAC.png","type":"image\/png"}],"twitter_card":"summary_large_image","twitter_misc":{"Price":"","Availability":"In stock"},"schema":{"@context":"https:\/\/schema.org","@graph":[{"@type":"WebPage","@id":"https:\/\/propacmx.com\/product\/infeed-conveyors-transportadores-de-alimentacion\/","url":"https:\/\/propacmx.com\/product\/infeed-conveyors-transportadores-de-alimentacion\/","name":"Infeed Conveyors - Transportadores de Alimentaci\u00f3n","isPartOf":{"@id":"https:\/\/propacmx.com\/#website"},"primaryImageOfPage":{"@id":"https:\/\/propacmx.com\/product\/infeed-conveyors-transportadores-de-alimentacion\/#primaryimage"},"image":{"@id":"https:\/\/propacmx.com\/product\/infeed-conveyors-transportadores-de-alimentacion\/#primaryimage"},"thumbnailUrl":"https:\/\/propacmx.com\/wp-content\/uploads\/2025\/04\/Infeed-Conveyors-PROPAC.png","datePublished":"2025-04-20T00:41:47+00:00","dateModified":"2025-04-21T01:05:29+00:00","description":"\u2b50 Infeed Conveyors, parte de nuestra l\u00ednea de Transportadores de alimentaci\u00f3n ideales para integraci\u00f3n con l\u00edneas de pesaje y empaque autom\u00e1tico.","breadcrumb":{"@id":"https:\/\/propacmx.com\/product\/infeed-conveyors-transportadores-de-alimentacion\/#breadcrumb"},"inLanguage":"en-US","potentialAction":[{"@type":"ReadAction","target":["https:\/\/propacmx.com\/product\/infeed-conveyors-transportadores-de-alimentacion\/"]}]},{"@type":"ImageObject","inLanguage":"en-US","@id":"https:\/\/propacmx.com\/product\/infeed-conveyors-transportadores-de-alimentacion\/#primaryimage","url":"https:\/\/propacmx.com\/wp-content\/uploads\/2025\/04\/Infeed-Conveyors-PROPAC.png","contentUrl":"https:\/\/propacmx.com\/wp-content\/uploads\/2025\/04\/Infeed-Conveyors-PROPAC.png","width":1563,"height":1563,"caption":"Infeed Conveyors - PROPAC"},{"@type":"BreadcrumbList","@id":"https:\/\/propacmx.com\/product\/infeed-conveyors-transportadores-de-alimentacion\/#breadcrumb","itemListElement":[{"@type":"ListItem","position":1,"name":"Home","item":"https:\/\/propacmx.com\/"},{"@type":"ListItem","position":2,"name":"Tienda","item":"https:\/\/propacmx.com\/tienda\/"},{"@type":"ListItem","position":3,"name":"Infeed Conveyors Transportadores de Alimentaci\u00f3n"}]},{"@type":"WebSite","@id":"https:\/\/propacmx.com\/#website","url":"https:\/\/propacmx.com\/","name":"PRO PAC Professional Packaging Systems","description":"PROPAC is your strategic partner in packaging. We combine quality, service and technology to optimize your logistics processes.","publisher":{"@id":"https:\/\/propacmx.com\/#organization"},"potentialAction":[{"@type":"SearchAction","target":{"@type":"EntryPoint","urlTemplate":"https:\/\/propacmx.com\/?s={search_term_string}"},"query-input":{"@type":"PropertyValueSpecification","valueRequired":true,"valueName":"search_term_string"}}],"inLanguage":"en-US"},{"@type":"Organization","@id":"https:\/\/propacmx.com\/#organization","name":"PRO PAC Professional Packaging Systems","url":"https:\/\/propacmx.com\/","logo":{"@type":"ImageObject","inLanguage":"en-US","@id":"https:\/\/propacmx.com\/#\/schema\/logo\/image\/","url":"\/wp-content\/uploads\/2025\/04\/PRO-PAC-MEXICO.webp","contentUrl":"\/wp-content\/uploads\/2025\/04\/PRO-PAC-MEXICO.webp","width":1563,"height":1563,"caption":"PRO PAC Professional Packaging Systems"},"image":{"@id":"https:\/\/propacmx.com\/#\/schema\/logo\/image\/"}}]},"product_brand":"Weigh Right","product_price_currency":"MXN","og_availability":"instock","product_availability":"instock","product_retailer_item_id":"prod-050","product_condition":"new"},"_links":{"self":[{"href":"https:\/\/propacmx.com\/en\/wp-json\/wp\/v2\/product\/13698","targetHints":{"allow":["GET"]}}],"collection":[{"href":"https:\/\/propacmx.com\/en\/wp-json\/wp\/v2\/product"}],"about":[{"href":"https:\/\/propacmx.com\/en\/wp-json\/wp\/v2\/types\/product"}],"wp:featuredmedia":[{"embeddable":true,"href":"https:\/\/propacmx.com\/en\/wp-json\/wp\/v2\/media\/13718"}],"wp:attachment":[{"href":"https:\/\/propacmx.com\/en\/wp-json\/wp\/v2\/media?parent=13698"}],"wp:term":[{"taxonomy":"product_brand","embeddable":true,"href":"https:\/\/propacmx.com\/en\/wp-json\/wp\/v2\/product_brand?post=13698"},{"taxonomy":"product_cat","embeddable":true,"href":"https:\/\/propacmx.com\/en\/wp-json\/wp\/v2\/product_cat?post=13698"},{"taxonomy":"product_tag","embeddable":true,"href":"https:\/\/propacmx.com\/en\/wp-json\/wp\/v2\/product_tag?post=13698"}],"curies":[{"name":"wp","href":"https:\/\/api.w.org\/{rel}","templated":true}]}}