{"id":13694,"date":"2025-04-20T00:41:35","date_gmt":"2025-04-20T00:41:35","guid":{"rendered":"https:\/\/blanchedalmond-dinosaur-273996.hostingersite.com\/?post_type=product&#038;p=13694"},"modified":"2025-04-21T01:18:04","modified_gmt":"2025-04-21T01:18:04","slug":"mps6700-selladoras-de-bolsas-validables-selladoras-y-equipos-de-empaque","status":"publish","type":"product","link":"https:\/\/propacmx.com\/en\/product\/mps6700-selladoras-de-bolsas-validables-selladoras-y-equipos-de-empaque\/","title":{"rendered":"MPS6700 - Validable Bag Sealing Machines"},"content":{"rendered":"<p class=\"\" data-start=\"304\" data-end=\"724\">La <strong data-start=\"307\" data-end=\"318\">MPS6700<\/strong> es una selladora validable de alto rendimiento, dise\u00f1ada para sellar bolsas de m\u00e1s de 600 gramos, cumpliendo con los est\u00e1ndares m\u00e1s exigentes de las industrias <strong data-start=\"479\" data-end=\"526\">farmac\u00e9utica, m\u00e9dica, nutrac\u00e9utica y dental<\/strong>. Este equipo asegura la integridad del sello mediante la validaci\u00f3n de los par\u00e1metros cr\u00edticos: <strong data-start=\"623\" data-end=\"659\">presi\u00f3n, temperatura y velocidad<\/strong>, brindando total trazabilidad y confiabilidad en cada operaci\u00f3n.<\/p>\n<h3 class=\"\" data-start=\"731\" data-end=\"768\"><strong data-start=\"738\" data-end=\"768\">Caracter\u00edsticas Destacadas<\/strong><\/h3>\n<ul data-start=\"770\" data-end=\"1319\">\n<li class=\"\" data-start=\"770\" data-end=\"871\">\n<p class=\"\" data-start=\"772\" data-end=\"871\"><strong data-start=\"774\" data-end=\"797\">Validaci\u00f3n completa<\/strong> de los par\u00e1metros cr\u00edticos de sellado (presi\u00f3n, temperatura y velocidad).<\/p>\n<\/li>\n<li class=\"\" data-start=\"872\" data-end=\"964\">\n<p class=\"\" data-start=\"874\" data-end=\"964\"><strong data-start=\"876\" data-end=\"911\">Pantalla t\u00e1ctil a color de 5.7\u201d<\/strong> con interfaz intuitiva y controlador industrial PLC.<\/p>\n<\/li>\n<li class=\"\" data-start=\"965\" data-end=\"1052\">\n<p class=\"\" data-start=\"967\" data-end=\"1052\"><strong data-start=\"969\" data-end=\"1014\">Dise\u00f1o ergon\u00f3mico y de bajo mantenimiento<\/strong>, con acceso f\u00e1cil al \u00e1rea de sellado.<\/p>\n<\/li>\n<li class=\"\" data-start=\"1053\" data-end=\"1121\">\n<p class=\"\" data-start=\"1055\" data-end=\"1121\"><strong data-start=\"1057\" data-end=\"1121\">Compatible con orientaci\u00f3n de sellado vertical u horizontal.<\/strong><\/p>\n<\/li>\n<li class=\"\" data-start=\"1122\" data-end=\"1223\">\n<p class=\"\" data-start=\"1124\" data-end=\"1223\"><strong data-start=\"1126\" data-end=\"1151\">Opciones de expansi\u00f3n<\/strong> como cortador, verificaci\u00f3n de c\u00f3digo, alineaci\u00f3n de bolsa e impresi\u00f3n.<\/p>\n<\/li>\n<li class=\"\" data-start=\"1224\" data-end=\"1319\">\n<p class=\"\" data-start=\"1226\" data-end=\"1319\"><strong data-start=\"1228\" data-end=\"1268\">Construcci\u00f3n en acero inoxidable 304<\/strong> con soporte de altura ajustable mediante manivela.<\/p>\n<\/li>\n<\/ul>\n<h3 class=\"\" data-start=\"1326\" data-end=\"1362\"><strong data-start=\"1333\" data-end=\"1362\"><br \/>\nEspecificaciones T\u00e9cnicas<\/strong><\/h3>\n<div class=\"group pointer-events-none relative flex justify-center *:pointer-events-auto\">\n<div class=\"tableContainer horzScrollShadows relative\">\n<table class=\"min-w-full\" data-start=\"1364\" data-end=\"2566\">\n<thead data-start=\"1364\" data-end=\"1462\">\n<tr data-start=\"1364\" data-end=\"1462\">\n<th data-start=\"1364\" data-end=\"1402\">Caracter\u00edstica<\/th>\n<th data-start=\"1402\" data-end=\"1462\">Detalle<\/th>\n<\/tr>\n<\/thead>\n<tbody data-start=\"1562\" data-end=\"2566\">\n<tr data-start=\"1562\" data-end=\"1660\">\n<td class=\"max-w-[calc(var(--thread-content-max-width)*2\/3)]\" data-start=\"1562\" data-end=\"1599\">Ancho del sello<\/td>\n<td class=\"max-w-[calc(var(--thread-content-max-width)*2\/3)]\" data-start=\"1599\" data-end=\"1660\">3\/8\u201d (9 mm)<\/td>\n<\/tr>\n<tr data-start=\"1661\" data-end=\"1758\">\n<td class=\"max-w-[calc(var(--thread-content-max-width)*2\/3)]\" data-start=\"1661\" data-end=\"1698\">Largo de barras de sellado<\/td>\n<td class=\"max-w-[calc(var(--thread-content-max-width)*2\/3)] min-w-[calc(var(--thread-content-max-width)\/3)]\" data-start=\"1698\" data-end=\"1758\">5\u201d (12.7 cm) (calentamiento y enfriamiento)<\/td>\n<\/tr>\n<tr data-start=\"1759\" data-end=\"1857\">\n<td class=\"max-w-[calc(var(--thread-content-max-width)*2\/3)]\" data-start=\"1759\" data-end=\"1796\">Profundidad de garganta<\/td>\n<td class=\"max-w-[calc(var(--thread-content-max-width)*2\/3)]\" data-start=\"1796\" data-end=\"1857\">2.75\u201d (70 mm)<\/td>\n<\/tr>\n<tr data-start=\"1858\" data-end=\"1962\">\n<td class=\"max-w-[calc(var(--thread-content-max-width)*2\/3)]\" data-start=\"1858\" data-end=\"1895\">Direcci\u00f3n de alimentaci\u00f3n<\/td>\n<td class=\"max-w-[calc(var(--thread-content-max-width)*2\/3)] min-w-[calc(var(--thread-content-max-width)\/3)]\" data-start=\"1895\" data-end=\"1962\">Derecha a izquierda (est\u00e1ndar) \/ Izquierda a derecha (opcional)<\/td>\n<\/tr>\n<tr data-start=\"1963\" data-end=\"2060\">\n<td class=\"max-w-[calc(var(--thread-content-max-width)*2\/3)]\" data-start=\"1963\" data-end=\"2000\">Rodillos de presi\u00f3n<\/td>\n<td class=\"max-w-[calc(var(--thread-content-max-width)*2\/3)] min-w-[calc(var(--thread-content-max-width)\/3)]\" data-start=\"2000\" data-end=\"2060\">Acero inoxidable o caucho con manivela de ajuste<\/td>\n<\/tr>\n<tr data-start=\"2061\" data-end=\"2159\">\n<td class=\"max-w-[calc(var(--thread-content-max-width)*2\/3)]\" data-start=\"2061\" data-end=\"2098\">Bandas de sellado<\/td>\n<td class=\"max-w-[calc(var(--thread-content-max-width)*2\/3)]\" data-start=\"2098\" data-end=\"2159\">Tefl\u00f3n<\/td>\n<\/tr>\n<tr data-start=\"2160\" data-end=\"2269\">\n<td class=\"max-w-[calc(var(--thread-content-max-width)*2\/3)]\" data-start=\"2160\" data-end=\"2197\">Transportadora<\/td>\n<td class=\"max-w-[calc(var(--thread-content-max-width)*2\/3)] min-w-[calc(var(--thread-content-max-width)\/3)]\" data-start=\"2197\" data-end=\"2269\">6\u201d x 6\u2019 (15.2 cm x 182.9 cm), ajustable a distintos tama\u00f1os de bolsa<\/td>\n<\/tr>\n<tr data-start=\"2270\" data-end=\"2368\">\n<td class=\"max-w-[calc(var(--thread-content-max-width)*2\/3)]\" data-start=\"2270\" data-end=\"2307\">Alimentaci\u00f3n el\u00e9ctrica<\/td>\n<td class=\"max-w-[calc(var(--thread-content-max-width)*2\/3)]\" data-start=\"2307\" data-end=\"2368\">120V 12A o 220V 6A<\/td>\n<\/tr>\n<tr data-start=\"2369\" data-end=\"2467\">\n<td class=\"max-w-[calc(var(--thread-content-max-width)*2\/3)]\" data-start=\"2369\" data-end=\"2406\">Rango de temperatura<\/td>\n<td class=\"max-w-[calc(var(--thread-content-max-width)*2\/3)]\" data-start=\"2406\" data-end=\"2467\">0\u2013200 \u00b0C \/ 0\u2013392 \u00b0F<\/td>\n<\/tr>\n<tr data-start=\"2468\" data-end=\"2566\">\n<td class=\"max-w-[calc(var(--thread-content-max-width)*2\/3)]\" data-start=\"2468\" data-end=\"2505\">Certificaciones<\/td>\n<td class=\"max-w-[calc(var(--thread-content-max-width)*2\/3)]\" data-start=\"2505\" data-end=\"2566\">UL, CSA, ESA, CE<\/td>\n<\/tr>\n<\/tbody>\n<\/table>\n<\/div>\n<\/div>\n<p class=\"\" data-start=\"2573\" data-end=\"2801\">Ideal para operaciones cr\u00edticas donde la seguridad del empaque es fundamental, la <strong data-start=\"2655\" data-end=\"2666\">MPS6700<\/strong> ofrece una soluci\u00f3n confiable, validable y adaptable a distintas configuraciones y necesidades de empaque est\u00e9ril o de alta precisi\u00f3n.<\/p>\n","protected":false},"excerpt":{"rendered":"<p>MPS6700, parte de nuestra l\u00ednea de selladoras de bolsas validables, dise\u00f1ada para mejorar la eficiencia del empaque. Selladora de bolsas validable con control de par\u00e1metros cr\u00edticos para empaque m\u00e9dico.<\/p>","protected":false},"featured_media":13759,"template":"","meta":[],"product_brand":[178],"product_cat":[111],"product_tag":[],"class_list":{"0":"post-13694","1":"product","2":"type-product","3":"status-publish","4":"has-post-thumbnail","6":"product_brand-emplex","7":"product_cat-selladoras-de-bolsas-validables","9":"first","10":"instock","11":"shipping-taxable","12":"product-type-simple"},"yoast_head":"<!-- This site is optimized with the Yoast SEO Premium plugin v24.3 (Yoast SEO v27.6) - https:\/\/yoast.com\/product\/yoast-seo-premium-wordpress\/ -->\n<title>MPS6700 - Selladoras de Bolsas Validables<\/title>\n<meta name=\"description\" content=\"\u2b50 Selladora Validable MPS6700 \u2013 Precisi\u00f3n y Control para Empaque M\u00e9dico y Farmac\u00e9utico, dise\u00f1ada para mejorar la eficiencia del empaque.\" \/>\n<meta name=\"robots\" content=\"index, follow, max-snippet:-1, max-image-preview:large, max-video-preview:-1\" \/>\n<link rel=\"canonical\" href=\"https:\/\/propacmx.com\/en\/product\/mps6700-selladoras-de-bolsas-validables-selladoras-y-equipos-de-empaque\/\" \/>\n<meta property=\"og:locale\" content=\"en_US\" \/>\n<meta property=\"og:type\" content=\"article\" \/>\n<meta property=\"og:title\" content=\"MPS6700 - Selladoras de Bolsas Validables\" \/>\n<meta property=\"og:description\" content=\"\u2b50 Selladora Validable MPS6700 \u2013 Precisi\u00f3n y Control para Empaque M\u00e9dico y Farmac\u00e9utico, dise\u00f1ada para mejorar la eficiencia del empaque.\" \/>\n<meta property=\"og:url\" content=\"https:\/\/propacmx.com\/en\/product\/mps6700-selladoras-de-bolsas-validables-selladoras-y-equipos-de-empaque\/\" \/>\n<meta property=\"og:site_name\" content=\"Professional Packaging Systems\" \/>\n<meta property=\"article:modified_time\" content=\"2025-04-21T01:18:04+00:00\" \/>\n<meta property=\"og:image\" content=\"https:\/\/propacmx.com\/wp-content\/uploads\/2025\/04\/SELLADORA-DE-BOLSAS-VALIDABLE-MODELO-MPS6700.webp\" \/>\n\t<meta property=\"og:image:width\" content=\"1563\" \/>\n\t<meta property=\"og:image:height\" content=\"1563\" \/>\n\t<meta property=\"og:image:type\" content=\"image\/webp\" \/>\n<meta name=\"twitter:card\" content=\"summary_large_image\" \/>\n<meta name=\"twitter:label1\" content=\"Price\" \/>\n\t<meta name=\"twitter:data1\" content=\"\" \/>\n\t<meta name=\"twitter:label2\" content=\"Availability\" \/>\n\t<meta name=\"twitter:data2\" content=\"In stock\" \/>\n<script type=\"application\/ld+json\" class=\"yoast-schema-graph\">{\"@context\":\"https:\\\/\\\/schema.org\",\"@graph\":[{\"@type\":\"WebPage\",\"@id\":\"https:\\\/\\\/propacmx.com\\\/product\\\/mps6700-selladoras-de-bolsas-validables-selladoras-y-equipos-de-empaque\\\/\",\"url\":\"https:\\\/\\\/propacmx.com\\\/product\\\/mps6700-selladoras-de-bolsas-validables-selladoras-y-equipos-de-empaque\\\/\",\"name\":\"MPS6700 - Selladoras de Bolsas Validables\",\"isPartOf\":{\"@id\":\"https:\\\/\\\/propacmx.com\\\/#website\"},\"primaryImageOfPage\":{\"@id\":\"https:\\\/\\\/propacmx.com\\\/product\\\/mps6700-selladoras-de-bolsas-validables-selladoras-y-equipos-de-empaque\\\/#primaryimage\"},\"image\":{\"@id\":\"https:\\\/\\\/propacmx.com\\\/product\\\/mps6700-selladoras-de-bolsas-validables-selladoras-y-equipos-de-empaque\\\/#primaryimage\"},\"thumbnailUrl\":\"https:\\\/\\\/propacmx.com\\\/wp-content\\\/uploads\\\/2025\\\/04\\\/SELLADORA-DE-BOLSAS-VALIDABLE-MODELO-MPS6700.webp\",\"datePublished\":\"2025-04-20T00:41:35+00:00\",\"dateModified\":\"2025-04-21T01:18:04+00:00\",\"description\":\"\u2b50 Selladora Validable MPS6700 \u2013 Precisi\u00f3n y Control para Empaque M\u00e9dico y Farmac\u00e9utico, dise\u00f1ada para mejorar la eficiencia del empaque.\",\"breadcrumb\":{\"@id\":\"https:\\\/\\\/propacmx.com\\\/product\\\/mps6700-selladoras-de-bolsas-validables-selladoras-y-equipos-de-empaque\\\/#breadcrumb\"},\"inLanguage\":\"en-US\",\"potentialAction\":[{\"@type\":\"ReadAction\",\"target\":[\"https:\\\/\\\/propacmx.com\\\/product\\\/mps6700-selladoras-de-bolsas-validables-selladoras-y-equipos-de-empaque\\\/\"]}]},{\"@type\":\"ImageObject\",\"inLanguage\":\"en-US\",\"@id\":\"https:\\\/\\\/propacmx.com\\\/product\\\/mps6700-selladoras-de-bolsas-validables-selladoras-y-equipos-de-empaque\\\/#primaryimage\",\"url\":\"https:\\\/\\\/propacmx.com\\\/wp-content\\\/uploads\\\/2025\\\/04\\\/SELLADORA-DE-BOLSAS-VALIDABLE-MODELO-MPS6700.webp\",\"contentUrl\":\"https:\\\/\\\/propacmx.com\\\/wp-content\\\/uploads\\\/2025\\\/04\\\/SELLADORA-DE-BOLSAS-VALIDABLE-MODELO-MPS6700.webp\",\"width\":1563,\"height\":1563,\"caption\":\"SELLADORA DE BOLSAS VALIDABLE MODELO MPS6700\"},{\"@type\":\"BreadcrumbList\",\"@id\":\"https:\\\/\\\/propacmx.com\\\/product\\\/mps6700-selladoras-de-bolsas-validables-selladoras-y-equipos-de-empaque\\\/#breadcrumb\",\"itemListElement\":[{\"@type\":\"ListItem\",\"position\":1,\"name\":\"Home\",\"item\":\"https:\\\/\\\/propacmx.com\\\/\"},{\"@type\":\"ListItem\",\"position\":2,\"name\":\"Tienda\",\"item\":\"https:\\\/\\\/propacmx.com\\\/tienda\\\/\"},{\"@type\":\"ListItem\",\"position\":3,\"name\":\"MPS6700 &#8211; Selladoras de Bolsas Validables\"}]},{\"@type\":\"WebSite\",\"@id\":\"https:\\\/\\\/propacmx.com\\\/#website\",\"url\":\"https:\\\/\\\/propacmx.com\\\/\",\"name\":\"PRO PAC Professional Packaging Systems\",\"description\":\"PROPAC es tu socio estrat\u00e9gico en empaques. Combinamos calidad, servicio y tecnolog\u00eda para optimizar tus procesos log\u00edsticos.\",\"publisher\":{\"@id\":\"https:\\\/\\\/propacmx.com\\\/#organization\"},\"potentialAction\":[{\"@type\":\"SearchAction\",\"target\":{\"@type\":\"EntryPoint\",\"urlTemplate\":\"https:\\\/\\\/propacmx.com\\\/?s={search_term_string}\"},\"query-input\":{\"@type\":\"PropertyValueSpecification\",\"valueRequired\":true,\"valueName\":\"search_term_string\"}}],\"inLanguage\":\"en-US\"},{\"@type\":\"Organization\",\"@id\":\"https:\\\/\\\/propacmx.com\\\/#organization\",\"name\":\"PRO PAC Professional Packaging Systems\",\"url\":\"https:\\\/\\\/propacmx.com\\\/\",\"logo\":{\"@type\":\"ImageObject\",\"inLanguage\":\"en-US\",\"@id\":\"https:\\\/\\\/propacmx.com\\\/#\\\/schema\\\/logo\\\/image\\\/\",\"url\":\"\\\/wp-content\\\/uploads\\\/2025\\\/04\\\/PRO-PAC-MEXICO.webp\",\"contentUrl\":\"\\\/wp-content\\\/uploads\\\/2025\\\/04\\\/PRO-PAC-MEXICO.webp\",\"width\":1563,\"height\":1563,\"caption\":\"PRO PAC Professional Packaging Systems\"},\"image\":{\"@id\":\"https:\\\/\\\/propacmx.com\\\/#\\\/schema\\\/logo\\\/image\\\/\"}}]}<\/script>\n<meta property=\"product:brand\" content=\"Emplex\" \/>\n<meta property=\"product:price:currency\" content=\"MXN\" \/>\n<meta property=\"og:availability\" content=\"instock\" \/>\n<meta property=\"product:availability\" content=\"instock\" \/>\n<meta property=\"product:retailer_item_id\" content=\"prod-046\" \/>\n<meta property=\"product:condition\" content=\"new\" \/>\n<!-- \/ Yoast SEO Premium plugin. -->","yoast_head_json":{"title":"MPS6700 - Selladoras de Bolsas Validables","description":"\u2b50 Selladora Validable MPS6700 \u2013 Precisi\u00f3n y Control para Empaque M\u00e9dico y Farmac\u00e9utico, dise\u00f1ada para mejorar la eficiencia del empaque.","robots":{"index":"index","follow":"follow","max-snippet":"max-snippet:-1","max-image-preview":"max-image-preview:large","max-video-preview":"max-video-preview:-1"},"canonical":"https:\/\/propacmx.com\/en\/product\/mps6700-selladoras-de-bolsas-validables-selladoras-y-equipos-de-empaque\/","og_locale":"en_US","og_type":"article","og_title":"MPS6700 - Selladoras de Bolsas Validables","og_description":"\u2b50 Selladora Validable MPS6700 \u2013 Precisi\u00f3n y Control para Empaque M\u00e9dico y Farmac\u00e9utico, dise\u00f1ada para mejorar la eficiencia del empaque.","og_url":"https:\/\/propacmx.com\/en\/product\/mps6700-selladoras-de-bolsas-validables-selladoras-y-equipos-de-empaque\/","og_site_name":"Professional Packaging Systems","article_modified_time":"2025-04-21T01:18:04+00:00","og_image":[{"width":1563,"height":1563,"url":"https:\/\/propacmx.com\/wp-content\/uploads\/2025\/04\/SELLADORA-DE-BOLSAS-VALIDABLE-MODELO-MPS6700.webp","type":"image\/webp"}],"twitter_card":"summary_large_image","twitter_misc":{"Price":"","Availability":"In stock"},"schema":{"@context":"https:\/\/schema.org","@graph":[{"@type":"WebPage","@id":"https:\/\/propacmx.com\/product\/mps6700-selladoras-de-bolsas-validables-selladoras-y-equipos-de-empaque\/","url":"https:\/\/propacmx.com\/product\/mps6700-selladoras-de-bolsas-validables-selladoras-y-equipos-de-empaque\/","name":"MPS6700 - Selladoras de Bolsas Validables","isPartOf":{"@id":"https:\/\/propacmx.com\/#website"},"primaryImageOfPage":{"@id":"https:\/\/propacmx.com\/product\/mps6700-selladoras-de-bolsas-validables-selladoras-y-equipos-de-empaque\/#primaryimage"},"image":{"@id":"https:\/\/propacmx.com\/product\/mps6700-selladoras-de-bolsas-validables-selladoras-y-equipos-de-empaque\/#primaryimage"},"thumbnailUrl":"https:\/\/propacmx.com\/wp-content\/uploads\/2025\/04\/SELLADORA-DE-BOLSAS-VALIDABLE-MODELO-MPS6700.webp","datePublished":"2025-04-20T00:41:35+00:00","dateModified":"2025-04-21T01:18:04+00:00","description":"\u2b50 Selladora Validable MPS6700 \u2013 Precisi\u00f3n y Control para Empaque M\u00e9dico y Farmac\u00e9utico, dise\u00f1ada para mejorar la eficiencia del empaque.","breadcrumb":{"@id":"https:\/\/propacmx.com\/product\/mps6700-selladoras-de-bolsas-validables-selladoras-y-equipos-de-empaque\/#breadcrumb"},"inLanguage":"en-US","potentialAction":[{"@type":"ReadAction","target":["https:\/\/propacmx.com\/product\/mps6700-selladoras-de-bolsas-validables-selladoras-y-equipos-de-empaque\/"]}]},{"@type":"ImageObject","inLanguage":"en-US","@id":"https:\/\/propacmx.com\/product\/mps6700-selladoras-de-bolsas-validables-selladoras-y-equipos-de-empaque\/#primaryimage","url":"https:\/\/propacmx.com\/wp-content\/uploads\/2025\/04\/SELLADORA-DE-BOLSAS-VALIDABLE-MODELO-MPS6700.webp","contentUrl":"https:\/\/propacmx.com\/wp-content\/uploads\/2025\/04\/SELLADORA-DE-BOLSAS-VALIDABLE-MODELO-MPS6700.webp","width":1563,"height":1563,"caption":"SELLADORA DE BOLSAS VALIDABLE MODELO MPS6700"},{"@type":"BreadcrumbList","@id":"https:\/\/propacmx.com\/product\/mps6700-selladoras-de-bolsas-validables-selladoras-y-equipos-de-empaque\/#breadcrumb","itemListElement":[{"@type":"ListItem","position":1,"name":"Home","item":"https:\/\/propacmx.com\/"},{"@type":"ListItem","position":2,"name":"Tienda","item":"https:\/\/propacmx.com\/tienda\/"},{"@type":"ListItem","position":3,"name":"MPS6700 &#8211; Selladoras de Bolsas Validables"}]},{"@type":"WebSite","@id":"https:\/\/propacmx.com\/#website","url":"https:\/\/propacmx.com\/","name":"PRO PAC Professional Packaging Systems","description":"PROPAC is your strategic partner in packaging. We combine quality, service and technology to optimize your logistics processes.","publisher":{"@id":"https:\/\/propacmx.com\/#organization"},"potentialAction":[{"@type":"SearchAction","target":{"@type":"EntryPoint","urlTemplate":"https:\/\/propacmx.com\/?s={search_term_string}"},"query-input":{"@type":"PropertyValueSpecification","valueRequired":true,"valueName":"search_term_string"}}],"inLanguage":"en-US"},{"@type":"Organization","@id":"https:\/\/propacmx.com\/#organization","name":"PRO PAC Professional Packaging Systems","url":"https:\/\/propacmx.com\/","logo":{"@type":"ImageObject","inLanguage":"en-US","@id":"https:\/\/propacmx.com\/#\/schema\/logo\/image\/","url":"\/wp-content\/uploads\/2025\/04\/PRO-PAC-MEXICO.webp","contentUrl":"\/wp-content\/uploads\/2025\/04\/PRO-PAC-MEXICO.webp","width":1563,"height":1563,"caption":"PRO PAC Professional Packaging Systems"},"image":{"@id":"https:\/\/propacmx.com\/#\/schema\/logo\/image\/"}}]},"product_brand":"Emplex","product_price_currency":"MXN","og_availability":"instock","product_availability":"instock","product_retailer_item_id":"prod-046","product_condition":"new"},"_links":{"self":[{"href":"https:\/\/propacmx.com\/en\/wp-json\/wp\/v2\/product\/13694","targetHints":{"allow":["GET"]}}],"collection":[{"href":"https:\/\/propacmx.com\/en\/wp-json\/wp\/v2\/product"}],"about":[{"href":"https:\/\/propacmx.com\/en\/wp-json\/wp\/v2\/types\/product"}],"wp:featuredmedia":[{"embeddable":true,"href":"https:\/\/propacmx.com\/en\/wp-json\/wp\/v2\/media\/13759"}],"wp:attachment":[{"href":"https:\/\/propacmx.com\/en\/wp-json\/wp\/v2\/media?parent=13694"}],"wp:term":[{"taxonomy":"product_brand","embeddable":true,"href":"https:\/\/propacmx.com\/en\/wp-json\/wp\/v2\/product_brand?post=13694"},{"taxonomy":"product_cat","embeddable":true,"href":"https:\/\/propacmx.com\/en\/wp-json\/wp\/v2\/product_cat?post=13694"},{"taxonomy":"product_tag","embeddable":true,"href":"https:\/\/propacmx.com\/en\/wp-json\/wp\/v2\/product_tag?post=13694"}],"curies":[{"name":"wp","href":"https:\/\/api.w.org\/{rel}","templated":true}]}}