{"id":13692,"date":"2025-04-20T00:41:35","date_gmt":"2025-04-20T00:41:35","guid":{"rendered":"https:\/\/blanchedalmond-dinosaur-273996.hostingersite.com\/?post_type=product&#038;p=13692"},"modified":"2025-04-21T01:02:49","modified_gmt":"2025-04-21T01:02:49","slug":"vp-selladoras-de-bolsas-implulse","status":"publish","type":"product","link":"https:\/\/propacmx.com\/en\/product\/vp-selladoras-de-bolsas-implulse\/","title":{"rendered":"VP - Implulse Bag Sealers"},"content":{"rendered":"<p class=\"\" data-start=\"369\" data-end=\"688\">La serie <strong data-start=\"378\" data-end=\"392\">VP VacPack<\/strong> selladoras de bolsas, establece el est\u00e1ndar en sellado por impulso con atm\u00f3sfera modificada. Dise\u00f1ada para empacadores de alimentos, prote\u00ednas, productos m\u00e9dicos y electr\u00f3nicos, esta selladora robusta permite un sellado herm\u00e9tico y profesional para productos de tama\u00f1o est\u00e1ndar, grande o extra grande.<\/p>\n<p class=\"\" data-start=\"690\" data-end=\"886\">Construida en <strong data-start=\"704\" data-end=\"747\">acero inoxidable grado alimenticio 316L<\/strong>, la serie VP garantiza durabilidad, higiene y resistencia a la corrosi\u00f3n, cumpliendo con los requerimientos m\u00e1s exigentes de la industria.<\/p>\n<h3 class=\"\" data-start=\"893\" data-end=\"927\"><strong data-start=\"901\" data-end=\"927\"><br \/>\nPrincipales Beneficios<\/strong><\/h3>\n<ul data-start=\"929\" data-end=\"1559\">\n<li class=\"\" data-start=\"929\" data-end=\"1084\">\n<p class=\"\" data-start=\"931\" data-end=\"1084\"><strong data-start=\"934\" data-end=\"995\">Empaque en vac\u00edo y\/o inyecci\u00f3n de gas en m\u00faltiples etapas<\/strong>, ideal para preservar frescura, extender la vida \u00fatil del producto y prevenir oxidaci\u00f3n.<\/p>\n<\/li>\n<li class=\"\" data-start=\"1085\" data-end=\"1189\">\n<p class=\"\" data-start=\"1087\" data-end=\"1189\"><strong data-start=\"1090\" data-end=\"1157\">Sistema de vac\u00edo tipo eyector con boquillas de acero inoxidable<\/strong>, confiable y f\u00e1cil de mantener.<\/p>\n<\/li>\n<li class=\"\" data-start=\"1190\" data-end=\"1272\">\n<p class=\"\" data-start=\"1192\" data-end=\"1272\"><strong data-start=\"1195\" data-end=\"1213\">Dise\u00f1o lavable<\/strong>, perfecto para industrias con altos est\u00e1ndares sanitarios.<\/p>\n<\/li>\n<li class=\"\" data-start=\"1273\" data-end=\"1425\">\n<p class=\"\" data-start=\"1275\" data-end=\"1425\"><strong data-start=\"1278\" data-end=\"1309\">Versatilidad en dimensiones<\/strong>: opera con bolsas termosellables de hasta <strong data-start=\"1352\" data-end=\"1375\">12 mil (300 micras)<\/strong>, o <strong data-start=\"1379\" data-end=\"1401\">6 mil (150 micras)<\/strong> en bolsas con pliegues.<\/p>\n<\/li>\n<li class=\"\" data-start=\"1426\" data-end=\"1559\">\n<p class=\"\" data-start=\"1428\" data-end=\"1559\"><strong data-start=\"1430\" data-end=\"1463\">Sellado por impulso confiable<\/strong>, sin necesidad de calor constante, lo que lo hace eficiente y seguro para materiales sensibles.<\/p>\n<\/li>\n<\/ul>\n<p>&nbsp;<\/p>\n<p>&nbsp;<\/p>\n<h3 class=\"\" data-start=\"1566\" data-end=\"1601\"><strong data-start=\"1573\" data-end=\"1601\">Caracter\u00edsticas T\u00e9cnicas<\/strong><\/h3>\n<div class=\"group pointer-events-none relative flex justify-center *:pointer-events-auto\">\n<p>&nbsp;<\/p>\n<div class=\"tableContainer horzScrollShadows relative\">\n<table class=\"min-w-full\" data-start=\"1603\" data-end=\"2605\">\n<thead data-start=\"1603\" data-end=\"1694\">\n<tr data-start=\"1603\" data-end=\"1694\">\n<th data-start=\"1603\" data-end=\"1639\">Caracter\u00edstica<\/th>\n<th data-start=\"1639\" data-end=\"1694\">Detalle<\/th>\n<\/tr>\n<\/thead>\n<tbody data-start=\"1786\" data-end=\"2605\">\n<tr data-start=\"1786\" data-end=\"1876\">\n<td class=\"max-w-[calc(var(--thread-content-max-width)*2\/3)]\" data-start=\"1786\" data-end=\"1821\">Tipo de sellado<\/td>\n<td class=\"max-w-[calc(var(--thread-content-max-width)*2\/3)]\" data-start=\"1821\" data-end=\"1876\">Por impulso<\/td>\n<\/tr>\n<tr data-start=\"1877\" data-end=\"1967\">\n<td class=\"max-w-[calc(var(--thread-content-max-width)*2\/3)]\" data-start=\"1877\" data-end=\"1912\">Orientaci\u00f3n de sellado<\/td>\n<td class=\"max-w-[calc(var(--thread-content-max-width)*2\/3)] min-w-[calc(var(--thread-content-max-width)\/3)]\" data-start=\"1912\" data-end=\"1967\">Vertical u horizontal (mesa o pedestal de piso)<\/td>\n<\/tr>\n<tr data-start=\"1968\" data-end=\"2058\">\n<td class=\"max-w-[calc(var(--thread-content-max-width)*2\/3)]\" data-start=\"1968\" data-end=\"2003\">Ancho de sellado<\/td>\n<td class=\"max-w-[calc(var(--thread-content-max-width)*2\/3)]\" data-start=\"2003\" data-end=\"2058\">1\/4\u201d (6.35 mm)<\/td>\n<\/tr>\n<tr data-start=\"2059\" data-end=\"2150\">\n<td class=\"max-w-[calc(var(--thread-content-max-width)*2\/3)]\" data-start=\"2059\" data-end=\"2094\">Longitudes disponibles de sellado<\/td>\n<td class=\"max-w-[calc(var(--thread-content-max-width)*2\/3)] min-w-[calc(var(--thread-content-max-width)\/3)]\" data-start=\"2094\" data-end=\"2150\">24&#8243; (60.9 cm), 30&#8243; (76.2 cm) o 36&#8243; (91.4 cm)<\/td>\n<\/tr>\n<tr data-start=\"2151\" data-end=\"2241\">\n<td class=\"max-w-[calc(var(--thread-content-max-width)*2\/3)]\" data-start=\"2151\" data-end=\"2186\">Profundidad del cuello<\/td>\n<td class=\"max-w-[calc(var(--thread-content-max-width)*2\/3)]\" data-start=\"2186\" data-end=\"2241\">5&#8243; (12.7 cm)<\/td>\n<\/tr>\n<tr data-start=\"2242\" data-end=\"2332\">\n<td class=\"max-w-[calc(var(--thread-content-max-width)*2\/3)]\" data-start=\"2242\" data-end=\"2277\">Construcci\u00f3n del marco<\/td>\n<td class=\"max-w-[calc(var(--thread-content-max-width)*2\/3)]\" data-start=\"2277\" data-end=\"2332\">Acero inoxidable 316L<\/td>\n<\/tr>\n<tr data-start=\"2333\" data-end=\"2423\">\n<td class=\"max-w-[calc(var(--thread-content-max-width)*2\/3)]\" data-start=\"2333\" data-end=\"2368\">Ajuste de altura<\/td>\n<td class=\"max-w-[calc(var(--thread-content-max-width)*2\/3)]\" data-start=\"2368\" data-end=\"2423\">Por manivela<\/td>\n<\/tr>\n<tr data-start=\"2424\" data-end=\"2514\">\n<td class=\"max-w-[calc(var(--thread-content-max-width)*2\/3)]\" data-start=\"2424\" data-end=\"2459\">Requisito de aire<\/td>\n<td class=\"max-w-[calc(var(--thread-content-max-width)*2\/3)]\" data-start=\"2459\" data-end=\"2514\">15 CFM a 80 PSI<\/td>\n<\/tr>\n<tr data-start=\"2515\" data-end=\"2605\">\n<td class=\"max-w-[calc(var(--thread-content-max-width)*2\/3)]\" data-start=\"2515\" data-end=\"2550\">Alimentaci\u00f3n el\u00e9ctrica<\/td>\n<td class=\"max-w-[calc(var(--thread-content-max-width)*2\/3)]\" data-start=\"2550\" data-end=\"2605\">120V 12A o 220V 6A<\/td>\n<\/tr>\n<\/tbody>\n<\/table>\n<\/div>\n<\/div>\n<p class=\"\" data-start=\"2612\" data-end=\"2961\">La serie <strong data-start=\"2621\" data-end=\"2627\">VP<\/strong> es ideal para quienes buscan una soluci\u00f3n confiable y accesible en empaque al vac\u00edo o con gas inerte, con la capacidad de adaptarse a m\u00faltiples entornos y requerimientos industriales. Su operaci\u00f3n sencilla, estructura resistente y resultados profesionales la convierten en una excelente inversi\u00f3n para l\u00edneas de producci\u00f3n exigentes.<\/p>\n","protected":false},"excerpt":{"rendered":"<p>The series <strong data-start=\"378\" data-end=\"392\">VP<\/strong>, implulse bag sealer, part of our line of implulse bag sealers, designed to improve packaging efficiency. Precision impulse sealer for polyethylene or polypropylene bags.<\/p>","protected":false},"featured_media":13768,"template":"","meta":[],"product_brand":[181],"product_cat":[110],"product_tag":[117,180,118],"class_list":{"0":"post-13692","1":"product","2":"type-product","3":"status-publish","4":"has-post-thumbnail","6":"product_brand-vacpack","7":"product_cat-selladoras-de-bolsas-implulse","8":"product_tag-maquinaria-de-empaque","9":"product_tag-selladoras-de-bolsas-implulse","10":"product_tag-selladoras-industriales","12":"first","13":"instock","14":"shipping-taxable","15":"product-type-simple"},"yoast_head":"<!-- This site is optimized with the Yoast SEO Premium plugin v24.3 (Yoast SEO v27.6) - https:\/\/yoast.com\/product\/yoast-seo-premium-wordpress\/ -->\n<title>Serie VP - Selladoras de Bolsas Implulse<\/title>\n<meta name=\"description\" content=\"\u2b50 Descubre la Serie VP de selladoras de bolsas al vac\u00edo por impulso: precisi\u00f3n, potencia y sellado herm\u00e9tico para bolsas de polietileno o polipropileno.\" \/>\n<meta name=\"robots\" content=\"index, follow, max-snippet:-1, max-image-preview:large, max-video-preview:-1\" \/>\n<link rel=\"canonical\" href=\"https:\/\/propacmx.com\/en\/product\/vp-selladoras-de-bolsas-implulse\/\" \/>\n<meta property=\"og:locale\" content=\"en_US\" \/>\n<meta property=\"og:type\" content=\"article\" \/>\n<meta property=\"og:title\" content=\"VP - Selladoras de Bolsas Implulse\" \/>\n<meta property=\"og:description\" content=\"\u2b50 Descubre la Serie VP de selladoras de bolsas al vac\u00edo por impulso: precisi\u00f3n, potencia y sellado herm\u00e9tico para bolsas de polietileno o polipropileno.\" \/>\n<meta property=\"og:url\" content=\"https:\/\/propacmx.com\/en\/product\/vp-selladoras-de-bolsas-implulse\/\" \/>\n<meta property=\"og:site_name\" content=\"Professional Packaging Systems\" \/>\n<meta property=\"article:modified_time\" content=\"2025-04-21T01:02:49+00:00\" \/>\n<meta property=\"og:image\" content=\"https:\/\/propacmx.com\/wp-content\/uploads\/2025\/04\/VP-Selladoras-de-Bolsas-Implulse.webp\" \/>\n\t<meta property=\"og:image:width\" content=\"1563\" \/>\n\t<meta property=\"og:image:height\" content=\"1563\" \/>\n\t<meta property=\"og:image:type\" content=\"image\/webp\" \/>\n<meta name=\"twitter:card\" content=\"summary_large_image\" \/>\n<meta name=\"twitter:label1\" content=\"Price\" \/>\n\t<meta name=\"twitter:data1\" content=\"\" \/>\n\t<meta name=\"twitter:label2\" content=\"Availability\" \/>\n\t<meta name=\"twitter:data2\" content=\"In stock\" \/>\n<script type=\"application\/ld+json\" class=\"yoast-schema-graph\">{\"@context\":\"https:\\\/\\\/schema.org\",\"@graph\":[{\"@type\":\"WebPage\",\"@id\":\"https:\\\/\\\/propacmx.com\\\/product\\\/vp-selladoras-de-bolsas-implulse\\\/\",\"url\":\"https:\\\/\\\/propacmx.com\\\/product\\\/vp-selladoras-de-bolsas-implulse\\\/\",\"name\":\"Serie VP - Selladoras de Bolsas Implulse\",\"isPartOf\":{\"@id\":\"https:\\\/\\\/propacmx.com\\\/#website\"},\"primaryImageOfPage\":{\"@id\":\"https:\\\/\\\/propacmx.com\\\/product\\\/vp-selladoras-de-bolsas-implulse\\\/#primaryimage\"},\"image\":{\"@id\":\"https:\\\/\\\/propacmx.com\\\/product\\\/vp-selladoras-de-bolsas-implulse\\\/#primaryimage\"},\"thumbnailUrl\":\"https:\\\/\\\/propacmx.com\\\/wp-content\\\/uploads\\\/2025\\\/04\\\/VP-Selladoras-de-Bolsas-Implulse.webp\",\"datePublished\":\"2025-04-20T00:41:35+00:00\",\"dateModified\":\"2025-04-21T01:02:49+00:00\",\"description\":\"\u2b50 Descubre la Serie VP de selladoras de bolsas al vac\u00edo por impulso: precisi\u00f3n, potencia y sellado herm\u00e9tico para bolsas de polietileno o polipropileno.\",\"breadcrumb\":{\"@id\":\"https:\\\/\\\/propacmx.com\\\/product\\\/vp-selladoras-de-bolsas-implulse\\\/#breadcrumb\"},\"inLanguage\":\"en-US\",\"potentialAction\":[{\"@type\":\"ReadAction\",\"target\":[\"https:\\\/\\\/propacmx.com\\\/product\\\/vp-selladoras-de-bolsas-implulse\\\/\"]}]},{\"@type\":\"ImageObject\",\"inLanguage\":\"en-US\",\"@id\":\"https:\\\/\\\/propacmx.com\\\/product\\\/vp-selladoras-de-bolsas-implulse\\\/#primaryimage\",\"url\":\"https:\\\/\\\/propacmx.com\\\/wp-content\\\/uploads\\\/2025\\\/04\\\/VP-Selladoras-de-Bolsas-Implulse.webp\",\"contentUrl\":\"https:\\\/\\\/propacmx.com\\\/wp-content\\\/uploads\\\/2025\\\/04\\\/VP-Selladoras-de-Bolsas-Implulse.webp\",\"width\":1563,\"height\":1563,\"caption\":\"VP - Selladoras de Bolsas Implulse\"},{\"@type\":\"BreadcrumbList\",\"@id\":\"https:\\\/\\\/propacmx.com\\\/product\\\/vp-selladoras-de-bolsas-implulse\\\/#breadcrumb\",\"itemListElement\":[{\"@type\":\"ListItem\",\"position\":1,\"name\":\"Home\",\"item\":\"https:\\\/\\\/propacmx.com\\\/\"},{\"@type\":\"ListItem\",\"position\":2,\"name\":\"Tienda\",\"item\":\"https:\\\/\\\/propacmx.com\\\/tienda\\\/\"},{\"@type\":\"ListItem\",\"position\":3,\"name\":\"VP &#8211; Selladoras de Bolsas Implulse\"}]},{\"@type\":\"WebSite\",\"@id\":\"https:\\\/\\\/propacmx.com\\\/#website\",\"url\":\"https:\\\/\\\/propacmx.com\\\/\",\"name\":\"PRO PAC Professional Packaging Systems\",\"description\":\"PROPAC es tu socio estrat\u00e9gico en empaques. Combinamos calidad, servicio y tecnolog\u00eda para optimizar tus procesos log\u00edsticos.\",\"publisher\":{\"@id\":\"https:\\\/\\\/propacmx.com\\\/#organization\"},\"potentialAction\":[{\"@type\":\"SearchAction\",\"target\":{\"@type\":\"EntryPoint\",\"urlTemplate\":\"https:\\\/\\\/propacmx.com\\\/?s={search_term_string}\"},\"query-input\":{\"@type\":\"PropertyValueSpecification\",\"valueRequired\":true,\"valueName\":\"search_term_string\"}}],\"inLanguage\":\"en-US\"},{\"@type\":\"Organization\",\"@id\":\"https:\\\/\\\/propacmx.com\\\/#organization\",\"name\":\"PRO PAC Professional Packaging Systems\",\"url\":\"https:\\\/\\\/propacmx.com\\\/\",\"logo\":{\"@type\":\"ImageObject\",\"inLanguage\":\"en-US\",\"@id\":\"https:\\\/\\\/propacmx.com\\\/#\\\/schema\\\/logo\\\/image\\\/\",\"url\":\"\\\/wp-content\\\/uploads\\\/2025\\\/04\\\/PRO-PAC-MEXICO.webp\",\"contentUrl\":\"\\\/wp-content\\\/uploads\\\/2025\\\/04\\\/PRO-PAC-MEXICO.webp\",\"width\":1563,\"height\":1563,\"caption\":\"PRO PAC Professional Packaging Systems\"},\"image\":{\"@id\":\"https:\\\/\\\/propacmx.com\\\/#\\\/schema\\\/logo\\\/image\\\/\"}}]}<\/script>\n<meta property=\"product:brand\" content=\"VacPack\" \/>\n<meta property=\"product:price:currency\" content=\"MXN\" \/>\n<meta property=\"og:availability\" content=\"instock\" \/>\n<meta property=\"product:availability\" content=\"instock\" \/>\n<meta property=\"product:retailer_item_id\" content=\"prod-044\" \/>\n<meta property=\"product:condition\" content=\"new\" \/>\n<!-- \/ Yoast SEO Premium plugin. -->","yoast_head_json":{"title":"Serie VP - Selladoras de Bolsas Implulse","description":"\u2b50 Descubre la Serie VP de selladoras de bolsas al vac\u00edo por impulso: precisi\u00f3n, potencia y sellado herm\u00e9tico para bolsas de polietileno o polipropileno.","robots":{"index":"index","follow":"follow","max-snippet":"max-snippet:-1","max-image-preview":"max-image-preview:large","max-video-preview":"max-video-preview:-1"},"canonical":"https:\/\/propacmx.com\/en\/product\/vp-selladoras-de-bolsas-implulse\/","og_locale":"en_US","og_type":"article","og_title":"VP - Selladoras de Bolsas Implulse","og_description":"\u2b50 Descubre la Serie VP de selladoras de bolsas al vac\u00edo por impulso: precisi\u00f3n, potencia y sellado herm\u00e9tico para bolsas de polietileno o polipropileno.","og_url":"https:\/\/propacmx.com\/en\/product\/vp-selladoras-de-bolsas-implulse\/","og_site_name":"Professional Packaging Systems","article_modified_time":"2025-04-21T01:02:49+00:00","og_image":[{"width":1563,"height":1563,"url":"https:\/\/propacmx.com\/wp-content\/uploads\/2025\/04\/VP-Selladoras-de-Bolsas-Implulse.webp","type":"image\/webp"}],"twitter_card":"summary_large_image","twitter_misc":{"Price":"","Availability":"In stock"},"schema":{"@context":"https:\/\/schema.org","@graph":[{"@type":"WebPage","@id":"https:\/\/propacmx.com\/product\/vp-selladoras-de-bolsas-implulse\/","url":"https:\/\/propacmx.com\/product\/vp-selladoras-de-bolsas-implulse\/","name":"Serie VP - Selladoras de Bolsas Implulse","isPartOf":{"@id":"https:\/\/propacmx.com\/#website"},"primaryImageOfPage":{"@id":"https:\/\/propacmx.com\/product\/vp-selladoras-de-bolsas-implulse\/#primaryimage"},"image":{"@id":"https:\/\/propacmx.com\/product\/vp-selladoras-de-bolsas-implulse\/#primaryimage"},"thumbnailUrl":"https:\/\/propacmx.com\/wp-content\/uploads\/2025\/04\/VP-Selladoras-de-Bolsas-Implulse.webp","datePublished":"2025-04-20T00:41:35+00:00","dateModified":"2025-04-21T01:02:49+00:00","description":"\u2b50 Descubre la Serie VP de selladoras de bolsas al vac\u00edo por impulso: precisi\u00f3n, potencia y sellado herm\u00e9tico para bolsas de polietileno o polipropileno.","breadcrumb":{"@id":"https:\/\/propacmx.com\/product\/vp-selladoras-de-bolsas-implulse\/#breadcrumb"},"inLanguage":"en-US","potentialAction":[{"@type":"ReadAction","target":["https:\/\/propacmx.com\/product\/vp-selladoras-de-bolsas-implulse\/"]}]},{"@type":"ImageObject","inLanguage":"en-US","@id":"https:\/\/propacmx.com\/product\/vp-selladoras-de-bolsas-implulse\/#primaryimage","url":"https:\/\/propacmx.com\/wp-content\/uploads\/2025\/04\/VP-Selladoras-de-Bolsas-Implulse.webp","contentUrl":"https:\/\/propacmx.com\/wp-content\/uploads\/2025\/04\/VP-Selladoras-de-Bolsas-Implulse.webp","width":1563,"height":1563,"caption":"VP - Selladoras de Bolsas Implulse"},{"@type":"BreadcrumbList","@id":"https:\/\/propacmx.com\/product\/vp-selladoras-de-bolsas-implulse\/#breadcrumb","itemListElement":[{"@type":"ListItem","position":1,"name":"Home","item":"https:\/\/propacmx.com\/"},{"@type":"ListItem","position":2,"name":"Tienda","item":"https:\/\/propacmx.com\/tienda\/"},{"@type":"ListItem","position":3,"name":"VP &#8211; Selladoras de Bolsas Implulse"}]},{"@type":"WebSite","@id":"https:\/\/propacmx.com\/#website","url":"https:\/\/propacmx.com\/","name":"PRO PAC Professional Packaging Systems","description":"PROPAC is your strategic partner in packaging. We combine quality, service and technology to optimize your logistics processes.","publisher":{"@id":"https:\/\/propacmx.com\/#organization"},"potentialAction":[{"@type":"SearchAction","target":{"@type":"EntryPoint","urlTemplate":"https:\/\/propacmx.com\/?s={search_term_string}"},"query-input":{"@type":"PropertyValueSpecification","valueRequired":true,"valueName":"search_term_string"}}],"inLanguage":"en-US"},{"@type":"Organization","@id":"https:\/\/propacmx.com\/#organization","name":"PRO PAC Professional Packaging Systems","url":"https:\/\/propacmx.com\/","logo":{"@type":"ImageObject","inLanguage":"en-US","@id":"https:\/\/propacmx.com\/#\/schema\/logo\/image\/","url":"\/wp-content\/uploads\/2025\/04\/PRO-PAC-MEXICO.webp","contentUrl":"\/wp-content\/uploads\/2025\/04\/PRO-PAC-MEXICO.webp","width":1563,"height":1563,"caption":"PRO PAC Professional Packaging Systems"},"image":{"@id":"https:\/\/propacmx.com\/#\/schema\/logo\/image\/"}}]},"product_brand":"VacPack","product_price_currency":"MXN","og_availability":"instock","product_availability":"instock","product_retailer_item_id":"prod-044","product_condition":"new"},"_links":{"self":[{"href":"https:\/\/propacmx.com\/en\/wp-json\/wp\/v2\/product\/13692","targetHints":{"allow":["GET"]}}],"collection":[{"href":"https:\/\/propacmx.com\/en\/wp-json\/wp\/v2\/product"}],"about":[{"href":"https:\/\/propacmx.com\/en\/wp-json\/wp\/v2\/types\/product"}],"wp:featuredmedia":[{"embeddable":true,"href":"https:\/\/propacmx.com\/en\/wp-json\/wp\/v2\/media\/13768"}],"wp:attachment":[{"href":"https:\/\/propacmx.com\/en\/wp-json\/wp\/v2\/media?parent=13692"}],"wp:term":[{"taxonomy":"product_brand","embeddable":true,"href":"https:\/\/propacmx.com\/en\/wp-json\/wp\/v2\/product_brand?post=13692"},{"taxonomy":"product_cat","embeddable":true,"href":"https:\/\/propacmx.com\/en\/wp-json\/wp\/v2\/product_cat?post=13692"},{"taxonomy":"product_tag","embeddable":true,"href":"https:\/\/propacmx.com\/en\/wp-json\/wp\/v2\/product_tag?post=13692"}],"curies":[{"name":"wp","href":"https:\/\/api.w.org\/{rel}","templated":true}]}}