{"id":13691,"date":"2025-04-20T00:41:35","date_gmt":"2025-04-20T00:41:35","guid":{"rendered":"https:\/\/blanchedalmond-dinosaur-273996.hostingersite.com\/?post_type=product&#038;p=13691"},"modified":"2025-04-21T19:04:35","modified_gmt":"2025-04-21T19:04:35","slug":"mps7500-selladoras-de-bolsas-estandar","status":"publish","type":"product","link":"https:\/\/propacmx.com\/en\/product\/mps7500-selladoras-de-bolsas-estandar\/","title":{"rendered":"MPS7500 - Standard Bag Sealing Machines"},"content":{"rendered":"<p class=\"\" data-start=\"563\" data-end=\"955\">Las <strong data-start=\"567\" data-end=\"610\">selladoras de bolsas est\u00e1ndar de la serie MPS7500<\/strong> de <strong data-start=\"614\" data-end=\"624\">Emplex<\/strong> ofrecen una soluci\u00f3n industrial robusta, precisa y continua para el sellado de <strong data-start=\"704\" data-end=\"752\">bolsas y sacos termosellables de hasta 20 kg<\/strong>. Estas m\u00e1quinas est\u00e1n dise\u00f1adas para alto rendimiento, permitiendo operaciones manuales, semiautom\u00e1ticas o completamente autom\u00e1ticas, y son ideales para una amplia variedad de industrias y aplicaciones.<\/p>\n<p class=\"\" data-start=\"957\" data-end=\"1397\">Todas las selladoras est\u00e1n equipadas con una <strong data-start=\"1002\" data-end=\"1053\">pantalla t\u00e1ctil PLC\/HMI de 5.7 pulgadas a color<\/strong>, que permite configurar y controlar de forma intuitiva par\u00e1metros clave como la <strong data-start=\"1134\" data-end=\"1181\">temperatura, presi\u00f3n y velocidad de sellado<\/strong>. Gracias a su dise\u00f1o \u201cplug and play\u201d, estas m\u00e1quinas se integran f\u00e1cilmente en cualquier l\u00ednea de producci\u00f3n y ofrecen un alto nivel de personalizaci\u00f3n mediante opciones escalables seg\u00fan las necesidades del usuario.<\/p>\n<p class=\"\" data-start=\"1399\" data-end=\"1826\">La <strong data-start=\"1402\" data-end=\"1413\">MPS7500<\/strong> puede alcanzar velocidades de hasta <strong data-start=\"1450\" data-end=\"1491\">800 pulgadas por minuto (20.32 m\/min)<\/strong> y manejar bolsas con un espesor m\u00e1ximo de <strong data-start=\"1534\" data-end=\"1557\">12 mil (300 micras)<\/strong> o <strong data-start=\"1560\" data-end=\"1582\">6 mil (150 micras)<\/strong> si contienen pliegue. Su construcci\u00f3n en <strong data-start=\"1624\" data-end=\"1665\">aluminio anodizado y acero inoxidable<\/strong>, junto con sus componentes certificados por <strong data-start=\"1710\" data-end=\"1751\">NEMA (opcional: clasificaci\u00f3n 4 o 4X)<\/strong>, garantiza un sellado herm\u00e9tico y confiable incluso en entornos exigentes.<\/p>\n<h3 data-start=\"1833\" data-end=\"1870\"><\/h3>\n<h3 class=\"\" data-start=\"1833\" data-end=\"1870\"><strong data-start=\"1840\" data-end=\"1870\">Especificaciones t\u00e9cnicas:<\/strong><\/h3>\n<div class=\"group pointer-events-none relative flex justify-center *:pointer-events-auto\">\n<div class=\"tableContainer horzScrollShadows relative\">\n<table class=\"min-w-full\" data-start=\"1872\" data-end=\"3012\">\n<thead data-start=\"1872\" data-end=\"1959\">\n<tr data-start=\"1872\" data-end=\"1959\">\n<th data-start=\"1872\" data-end=\"1903\">Caracter\u00edstica<\/th>\n<th data-start=\"1903\" data-end=\"1959\">Detalle<\/th>\n<\/tr>\n<\/thead>\n<tbody data-start=\"2048\" data-end=\"3012\">\n<tr data-start=\"2048\" data-end=\"2134\">\n<td class=\"max-w-[calc(var(--thread-content-max-width)*2\/3)]\" data-start=\"2048\" data-end=\"2078\">Operaci\u00f3n<\/td>\n<td class=\"max-w-[calc(var(--thread-content-max-width)*2\/3)]\" data-start=\"2078\" data-end=\"2134\">Manual, semi-autom\u00e1tica o autom\u00e1tica<\/td>\n<\/tr>\n<tr data-start=\"2135\" data-end=\"2222\">\n<td class=\"max-w-[calc(var(--thread-content-max-width)*2\/3)]\" data-start=\"2135\" data-end=\"2165\">Control de temperatura<\/td>\n<td class=\"max-w-[calc(var(--thread-content-max-width)*2\/3)]\" data-start=\"2165\" data-end=\"2222\">Digital, hasta 200 \u00b0C<\/td>\n<\/tr>\n<tr data-start=\"2223\" data-end=\"2309\">\n<td class=\"max-w-[calc(var(--thread-content-max-width)*2\/3)]\" data-start=\"2223\" data-end=\"2253\">Velocidad<\/td>\n<td class=\"max-w-[calc(var(--thread-content-max-width)*2\/3)] min-w-[calc(var(--thread-content-max-width)\/3)]\" data-start=\"2253\" data-end=\"2309\">Variable, hasta 800\u201d (20.32 m) por minuto<\/td>\n<\/tr>\n<tr data-start=\"2310\" data-end=\"2397\">\n<td class=\"max-w-[calc(var(--thread-content-max-width)*2\/3)]\" data-start=\"2310\" data-end=\"2340\">Ancho de sello<\/td>\n<td class=\"max-w-[calc(var(--thread-content-max-width)*2\/3)]\" data-start=\"2340\" data-end=\"2397\">1\/4\u201d (6.35 mm)<\/td>\n<\/tr>\n<tr data-start=\"2398\" data-end=\"2485\">\n<td class=\"max-w-[calc(var(--thread-content-max-width)*2\/3)]\" data-start=\"2398\" data-end=\"2428\">Capacidad de sellado<\/td>\n<td class=\"max-w-[calc(var(--thread-content-max-width)*2\/3)]\" data-start=\"2428\" data-end=\"2485\">Hasta 20 kg<\/td>\n<\/tr>\n<tr data-start=\"2486\" data-end=\"2572\">\n<td class=\"max-w-[calc(var(--thread-content-max-width)*2\/3)]\" data-start=\"2486\" data-end=\"2516\">Materiales compatibles<\/td>\n<td class=\"max-w-[calc(var(--thread-content-max-width)*2\/3)]\" data-start=\"2516\" data-end=\"2572\">Cualquier bolsa termosellable<\/td>\n<\/tr>\n<tr data-start=\"2573\" data-end=\"2664\">\n<td class=\"max-w-[calc(var(--thread-content-max-width)*2\/3)]\" data-start=\"2573\" data-end=\"2603\">Espesor de bolsas<\/td>\n<td class=\"max-w-[calc(var(--thread-content-max-width)*2\/3)] min-w-[calc(var(--thread-content-max-width)\/3)]\" data-start=\"2603\" data-end=\"2664\">Hasta 12 mil (300 micras) o 6 mil (150 micras) en pliegue<\/td>\n<\/tr>\n<tr data-start=\"2665\" data-end=\"2751\">\n<td class=\"max-w-[calc(var(--thread-content-max-width)*2\/3)]\" data-start=\"2665\" data-end=\"2695\">Construcci\u00f3n<\/td>\n<td class=\"max-w-[calc(var(--thread-content-max-width)*2\/3)]\" data-start=\"2695\" data-end=\"2751\">Aluminio anodizado y acero inoxidable<\/td>\n<\/tr>\n<tr data-start=\"2752\" data-end=\"2838\">\n<td class=\"max-w-[calc(var(--thread-content-max-width)*2\/3)]\" data-start=\"2752\" data-end=\"2782\">Alimentaci\u00f3n el\u00e9ctrica<\/td>\n<td class=\"max-w-[calc(var(--thread-content-max-width)*2\/3)]\" data-start=\"2782\" data-end=\"2838\">120 VAC, 1 fase, 60 Hz, 800W, 6 AMP<\/td>\n<\/tr>\n<tr data-start=\"2839\" data-end=\"2925\">\n<td class=\"max-w-[calc(var(--thread-content-max-width)*2\/3)]\" data-start=\"2839\" data-end=\"2869\">Orientaci\u00f3n<\/td>\n<td class=\"max-w-[calc(var(--thread-content-max-width)*2\/3)]\" data-start=\"2869\" data-end=\"2925\">Vertical u horizontal<\/td>\n<\/tr>\n<tr data-start=\"2926\" data-end=\"3012\">\n<td class=\"max-w-[calc(var(--thread-content-max-width)*2\/3)]\" data-start=\"2926\" data-end=\"2956\">Certificaciones<\/td>\n<td class=\"max-w-[calc(var(--thread-content-max-width)*2\/3)]\" data-start=\"2956\" data-end=\"3012\">NEMA 4 o 4X, pantalla t\u00e1ctil certificada<\/td>\n<\/tr>\n<\/tbody>\n<\/table>\n<\/div>\n<\/div>\n<h3 data-start=\"3019\" data-end=\"3050\"><\/h3>\n<h3 class=\"\" data-start=\"3019\" data-end=\"3050\"><strong data-start=\"3026\" data-end=\"3050\">Modelos disponibles:<\/strong><\/h3>\n<ul data-start=\"3051\" data-end=\"3234\">\n<li class=\"\" data-start=\"3051\" data-end=\"3073\">\n<p class=\"\" data-start=\"3053\" data-end=\"3073\"><strong data-start=\"3053\" data-end=\"3073\">MPS7500 Est\u00e1ndar<\/strong><\/p>\n<\/li>\n<li class=\"\" data-start=\"3074\" data-end=\"3100\">\n<p class=\"\" data-start=\"3076\" data-end=\"3100\"><strong data-start=\"3076\" data-end=\"3087\">MPS7510<\/strong> con cortador<\/p>\n<\/li>\n<li class=\"\" data-start=\"3101\" data-end=\"3128\">\n<p class=\"\" data-start=\"3103\" data-end=\"3128\"><strong data-start=\"3103\" data-end=\"3114\">MPS7520<\/strong> con embosador<\/p>\n<\/li>\n<li class=\"\" data-start=\"3129\" data-end=\"3156\">\n<p class=\"\" data-start=\"3131\" data-end=\"3156\"><strong data-start=\"3131\" data-end=\"3142\">MPS7530<\/strong> con impresora<\/p>\n<\/li>\n<li class=\"\" data-start=\"3157\" data-end=\"3195\">\n<p class=\"\" data-start=\"3159\" data-end=\"3195\"><strong data-start=\"3159\" data-end=\"3170\">MPS7550<\/strong> con cortador e impresora<\/p>\n<\/li>\n<li class=\"\" data-start=\"3196\" data-end=\"3234\">\n<p class=\"\" data-start=\"3198\" data-end=\"3234\"><strong data-start=\"3198\" data-end=\"3209\">MPS7560<\/strong> con cortador y embosador<\/p>\n<\/li>\n<\/ul>\n<p class=\"\" data-start=\"3241\" data-end=\"3443\">Confiable, adaptable y lista para altos vol\u00famenes, la <strong data-start=\"3295\" data-end=\"3312\">serie MPS7500<\/strong> representa una soluci\u00f3n rentable y de alto desempe\u00f1o para sellado de bolsas industriales en cualquier tipo de l\u00ednea de producci\u00f3n.<\/p>\n","protected":false},"excerpt":{"rendered":"<p class=\"\" data-start=\"260\" data-end=\"510\">Selladoras de bolsas industriales Emplex MPS7500 para bolsas de hasta 20 kg. Sellado r\u00e1pido, continuo y confiable con control digital de temperatura y velocidad. Ideal para aplicaciones sensibles al calor en operaciones manuales, semiautom\u00e1ticas o autom\u00e1ticas.<\/p>","protected":false},"featured_media":13786,"template":"","meta":[],"product_brand":[178],"product_cat":[109],"product_tag":[117,183,118],"class_list":{"0":"post-13691","1":"product","2":"type-product","3":"status-publish","4":"has-post-thumbnail","6":"product_brand-emplex","7":"product_cat-selladoras-de-bolsas-estandar","8":"product_tag-maquinaria-de-empaque","9":"product_tag-selladoras-de-bolsas-estandar","10":"product_tag-selladoras-industriales","12":"first","13":"instock","14":"shipping-taxable","15":"product-type-simple"},"yoast_head":"<!-- This site is optimized with the Yoast SEO Premium plugin v24.3 (Yoast SEO v27.6) - https:\/\/yoast.com\/product\/yoast-seo-premium-wordpress\/ -->\n<title>MPS7500 - Selladoras de Bolsas Est\u00e1ndar<\/title>\n<meta name=\"description\" content=\"\u2b50 Modelo MPS7500, parte de nuestra l\u00ednea de selladoras de bolsas est\u00e1ndar, dise\u00f1ada para mejorar la eficiencia del empaque.\" \/>\n<meta name=\"robots\" content=\"index, follow, max-snippet:-1, max-image-preview:large, max-video-preview:-1\" \/>\n<link rel=\"canonical\" href=\"https:\/\/propacmx.com\/en\/product\/mps7500-selladoras-de-bolsas-estandar\/\" \/>\n<meta property=\"og:locale\" content=\"en_US\" \/>\n<meta property=\"og:type\" content=\"article\" \/>\n<meta property=\"og:title\" content=\"MPS7500 - Selladoras de Bolsas Est\u00e1ndar\" \/>\n<meta property=\"og:description\" content=\"\u2b50 Modelo MPS7500, parte de nuestra l\u00ednea de selladoras de bolsas est\u00e1ndar, dise\u00f1ada para mejorar la eficiencia del empaque.\" \/>\n<meta property=\"og:url\" content=\"https:\/\/propacmx.com\/en\/product\/mps7500-selladoras-de-bolsas-estandar\/\" \/>\n<meta property=\"og:site_name\" content=\"Professional Packaging Systems\" \/>\n<meta property=\"article:modified_time\" content=\"2025-04-21T19:04:35+00:00\" \/>\n<meta property=\"og:image\" content=\"https:\/\/propacmx.com\/wp-content\/uploads\/2025\/04\/Selladora-de-bolsa-modelo-mps-7500.webp\" \/>\n\t<meta property=\"og:image:width\" content=\"1563\" \/>\n\t<meta property=\"og:image:height\" content=\"1563\" \/>\n\t<meta property=\"og:image:type\" content=\"image\/webp\" \/>\n<meta name=\"twitter:card\" content=\"summary_large_image\" \/>\n<meta name=\"twitter:label1\" content=\"Price\" \/>\n\t<meta name=\"twitter:data1\" content=\"\" \/>\n\t<meta name=\"twitter:label2\" content=\"Availability\" \/>\n\t<meta name=\"twitter:data2\" content=\"In stock\" \/>\n<script type=\"application\/ld+json\" class=\"yoast-schema-graph\">{\"@context\":\"https:\\\/\\\/schema.org\",\"@graph\":[{\"@type\":\"WebPage\",\"@id\":\"https:\\\/\\\/propacmx.com\\\/product\\\/mps7500-selladoras-de-bolsas-estandar\\\/\",\"url\":\"https:\\\/\\\/propacmx.com\\\/product\\\/mps7500-selladoras-de-bolsas-estandar\\\/\",\"name\":\"MPS7500 - Selladoras de Bolsas Est\u00e1ndar\",\"isPartOf\":{\"@id\":\"https:\\\/\\\/propacmx.com\\\/#website\"},\"primaryImageOfPage\":{\"@id\":\"https:\\\/\\\/propacmx.com\\\/product\\\/mps7500-selladoras-de-bolsas-estandar\\\/#primaryimage\"},\"image\":{\"@id\":\"https:\\\/\\\/propacmx.com\\\/product\\\/mps7500-selladoras-de-bolsas-estandar\\\/#primaryimage\"},\"thumbnailUrl\":\"https:\\\/\\\/propacmx.com\\\/wp-content\\\/uploads\\\/2025\\\/04\\\/Selladora-de-bolsa-modelo-mps-7500.webp\",\"datePublished\":\"2025-04-20T00:41:35+00:00\",\"dateModified\":\"2025-04-21T19:04:35+00:00\",\"description\":\"\u2b50 Modelo MPS7500, parte de nuestra l\u00ednea de selladoras de bolsas est\u00e1ndar, dise\u00f1ada para mejorar la eficiencia del empaque.\",\"breadcrumb\":{\"@id\":\"https:\\\/\\\/propacmx.com\\\/product\\\/mps7500-selladoras-de-bolsas-estandar\\\/#breadcrumb\"},\"inLanguage\":\"en-US\",\"potentialAction\":[{\"@type\":\"ReadAction\",\"target\":[\"https:\\\/\\\/propacmx.com\\\/product\\\/mps7500-selladoras-de-bolsas-estandar\\\/\"]}]},{\"@type\":\"ImageObject\",\"inLanguage\":\"en-US\",\"@id\":\"https:\\\/\\\/propacmx.com\\\/product\\\/mps7500-selladoras-de-bolsas-estandar\\\/#primaryimage\",\"url\":\"https:\\\/\\\/propacmx.com\\\/wp-content\\\/uploads\\\/2025\\\/04\\\/Selladora-de-bolsa-modelo-mps-7500.webp\",\"contentUrl\":\"https:\\\/\\\/propacmx.com\\\/wp-content\\\/uploads\\\/2025\\\/04\\\/Selladora-de-bolsa-modelo-mps-7500.webp\",\"width\":1563,\"height\":1563,\"caption\":\"Selladoras de Bolsas Est\u00e1ndar modelo mps 7500\"},{\"@type\":\"BreadcrumbList\",\"@id\":\"https:\\\/\\\/propacmx.com\\\/product\\\/mps7500-selladoras-de-bolsas-estandar\\\/#breadcrumb\",\"itemListElement\":[{\"@type\":\"ListItem\",\"position\":1,\"name\":\"Home\",\"item\":\"https:\\\/\\\/propacmx.com\\\/\"},{\"@type\":\"ListItem\",\"position\":2,\"name\":\"Tienda\",\"item\":\"https:\\\/\\\/propacmx.com\\\/tienda\\\/\"},{\"@type\":\"ListItem\",\"position\":3,\"name\":\"MPS7500 &#8211; Selladoras de Bolsas Est\u00e1ndar\"}]},{\"@type\":\"WebSite\",\"@id\":\"https:\\\/\\\/propacmx.com\\\/#website\",\"url\":\"https:\\\/\\\/propacmx.com\\\/\",\"name\":\"PRO PAC Professional Packaging Systems\",\"description\":\"PROPAC es tu socio estrat\u00e9gico en empaques. Combinamos calidad, servicio y tecnolog\u00eda para optimizar tus procesos log\u00edsticos.\",\"publisher\":{\"@id\":\"https:\\\/\\\/propacmx.com\\\/#organization\"},\"potentialAction\":[{\"@type\":\"SearchAction\",\"target\":{\"@type\":\"EntryPoint\",\"urlTemplate\":\"https:\\\/\\\/propacmx.com\\\/?s={search_term_string}\"},\"query-input\":{\"@type\":\"PropertyValueSpecification\",\"valueRequired\":true,\"valueName\":\"search_term_string\"}}],\"inLanguage\":\"en-US\"},{\"@type\":\"Organization\",\"@id\":\"https:\\\/\\\/propacmx.com\\\/#organization\",\"name\":\"PRO PAC Professional Packaging Systems\",\"url\":\"https:\\\/\\\/propacmx.com\\\/\",\"logo\":{\"@type\":\"ImageObject\",\"inLanguage\":\"en-US\",\"@id\":\"https:\\\/\\\/propacmx.com\\\/#\\\/schema\\\/logo\\\/image\\\/\",\"url\":\"\\\/wp-content\\\/uploads\\\/2025\\\/04\\\/PRO-PAC-MEXICO.webp\",\"contentUrl\":\"\\\/wp-content\\\/uploads\\\/2025\\\/04\\\/PRO-PAC-MEXICO.webp\",\"width\":1563,\"height\":1563,\"caption\":\"PRO PAC Professional Packaging Systems\"},\"image\":{\"@id\":\"https:\\\/\\\/propacmx.com\\\/#\\\/schema\\\/logo\\\/image\\\/\"}}]}<\/script>\n<meta property=\"product:brand\" content=\"Emplex\" \/>\n<meta property=\"product:price:currency\" content=\"MXN\" \/>\n<meta property=\"og:availability\" content=\"instock\" \/>\n<meta property=\"product:availability\" content=\"instock\" \/>\n<meta property=\"product:retailer_item_id\" content=\"prod-043\" \/>\n<meta property=\"product:condition\" content=\"new\" \/>\n<!-- \/ Yoast SEO Premium plugin. -->","yoast_head_json":{"title":"MPS7500 - Selladoras de Bolsas Est\u00e1ndar","description":"\u2b50 Modelo MPS7500, parte de nuestra l\u00ednea de selladoras de bolsas est\u00e1ndar, dise\u00f1ada para mejorar la eficiencia del empaque.","robots":{"index":"index","follow":"follow","max-snippet":"max-snippet:-1","max-image-preview":"max-image-preview:large","max-video-preview":"max-video-preview:-1"},"canonical":"https:\/\/propacmx.com\/en\/product\/mps7500-selladoras-de-bolsas-estandar\/","og_locale":"en_US","og_type":"article","og_title":"MPS7500 - Selladoras de Bolsas Est\u00e1ndar","og_description":"\u2b50 Modelo MPS7500, parte de nuestra l\u00ednea de selladoras de bolsas est\u00e1ndar, dise\u00f1ada para mejorar la eficiencia del empaque.","og_url":"https:\/\/propacmx.com\/en\/product\/mps7500-selladoras-de-bolsas-estandar\/","og_site_name":"Professional Packaging Systems","article_modified_time":"2025-04-21T19:04:35+00:00","og_image":[{"width":1563,"height":1563,"url":"https:\/\/propacmx.com\/wp-content\/uploads\/2025\/04\/Selladora-de-bolsa-modelo-mps-7500.webp","type":"image\/webp"}],"twitter_card":"summary_large_image","twitter_misc":{"Price":"","Availability":"In stock"},"schema":{"@context":"https:\/\/schema.org","@graph":[{"@type":"WebPage","@id":"https:\/\/propacmx.com\/product\/mps7500-selladoras-de-bolsas-estandar\/","url":"https:\/\/propacmx.com\/product\/mps7500-selladoras-de-bolsas-estandar\/","name":"MPS7500 - Selladoras de Bolsas Est\u00e1ndar","isPartOf":{"@id":"https:\/\/propacmx.com\/#website"},"primaryImageOfPage":{"@id":"https:\/\/propacmx.com\/product\/mps7500-selladoras-de-bolsas-estandar\/#primaryimage"},"image":{"@id":"https:\/\/propacmx.com\/product\/mps7500-selladoras-de-bolsas-estandar\/#primaryimage"},"thumbnailUrl":"https:\/\/propacmx.com\/wp-content\/uploads\/2025\/04\/Selladora-de-bolsa-modelo-mps-7500.webp","datePublished":"2025-04-20T00:41:35+00:00","dateModified":"2025-04-21T19:04:35+00:00","description":"\u2b50 Modelo MPS7500, parte de nuestra l\u00ednea de selladoras de bolsas est\u00e1ndar, dise\u00f1ada para mejorar la eficiencia del empaque.","breadcrumb":{"@id":"https:\/\/propacmx.com\/product\/mps7500-selladoras-de-bolsas-estandar\/#breadcrumb"},"inLanguage":"en-US","potentialAction":[{"@type":"ReadAction","target":["https:\/\/propacmx.com\/product\/mps7500-selladoras-de-bolsas-estandar\/"]}]},{"@type":"ImageObject","inLanguage":"en-US","@id":"https:\/\/propacmx.com\/product\/mps7500-selladoras-de-bolsas-estandar\/#primaryimage","url":"https:\/\/propacmx.com\/wp-content\/uploads\/2025\/04\/Selladora-de-bolsa-modelo-mps-7500.webp","contentUrl":"https:\/\/propacmx.com\/wp-content\/uploads\/2025\/04\/Selladora-de-bolsa-modelo-mps-7500.webp","width":1563,"height":1563,"caption":"Selladoras de Bolsas Est\u00e1ndar modelo mps 7500"},{"@type":"BreadcrumbList","@id":"https:\/\/propacmx.com\/product\/mps7500-selladoras-de-bolsas-estandar\/#breadcrumb","itemListElement":[{"@type":"ListItem","position":1,"name":"Home","item":"https:\/\/propacmx.com\/"},{"@type":"ListItem","position":2,"name":"Tienda","item":"https:\/\/propacmx.com\/tienda\/"},{"@type":"ListItem","position":3,"name":"MPS7500 &#8211; Selladoras de Bolsas Est\u00e1ndar"}]},{"@type":"WebSite","@id":"https:\/\/propacmx.com\/#website","url":"https:\/\/propacmx.com\/","name":"PRO PAC Professional Packaging Systems","description":"PROPAC is your strategic partner in packaging. We combine quality, service and technology to optimize your logistics processes.","publisher":{"@id":"https:\/\/propacmx.com\/#organization"},"potentialAction":[{"@type":"SearchAction","target":{"@type":"EntryPoint","urlTemplate":"https:\/\/propacmx.com\/?s={search_term_string}"},"query-input":{"@type":"PropertyValueSpecification","valueRequired":true,"valueName":"search_term_string"}}],"inLanguage":"en-US"},{"@type":"Organization","@id":"https:\/\/propacmx.com\/#organization","name":"PRO PAC Professional Packaging Systems","url":"https:\/\/propacmx.com\/","logo":{"@type":"ImageObject","inLanguage":"en-US","@id":"https:\/\/propacmx.com\/#\/schema\/logo\/image\/","url":"\/wp-content\/uploads\/2025\/04\/PRO-PAC-MEXICO.webp","contentUrl":"\/wp-content\/uploads\/2025\/04\/PRO-PAC-MEXICO.webp","width":1563,"height":1563,"caption":"PRO PAC Professional Packaging Systems"},"image":{"@id":"https:\/\/propacmx.com\/#\/schema\/logo\/image\/"}}]},"product_brand":"Emplex","product_price_currency":"MXN","og_availability":"instock","product_availability":"instock","product_retailer_item_id":"prod-043","product_condition":"new"},"_links":{"self":[{"href":"https:\/\/propacmx.com\/en\/wp-json\/wp\/v2\/product\/13691","targetHints":{"allow":["GET"]}}],"collection":[{"href":"https:\/\/propacmx.com\/en\/wp-json\/wp\/v2\/product"}],"about":[{"href":"https:\/\/propacmx.com\/en\/wp-json\/wp\/v2\/types\/product"}],"wp:featuredmedia":[{"embeddable":true,"href":"https:\/\/propacmx.com\/en\/wp-json\/wp\/v2\/media\/13786"}],"wp:attachment":[{"href":"https:\/\/propacmx.com\/en\/wp-json\/wp\/v2\/media?parent=13691"}],"wp:term":[{"taxonomy":"product_brand","embeddable":true,"href":"https:\/\/propacmx.com\/en\/wp-json\/wp\/v2\/product_brand?post=13691"},{"taxonomy":"product_cat","embeddable":true,"href":"https:\/\/propacmx.com\/en\/wp-json\/wp\/v2\/product_cat?post=13691"},{"taxonomy":"product_tag","embeddable":true,"href":"https:\/\/propacmx.com\/en\/wp-json\/wp\/v2\/product_tag?post=13691"}],"curies":[{"name":"wp","href":"https:\/\/api.w.org\/{rel}","templated":true}]}}