{"id":13690,"date":"2025-04-20T00:41:34","date_gmt":"2025-04-20T00:41:34","guid":{"rendered":"https:\/\/blanchedalmond-dinosaur-273996.hostingersite.com\/?post_type=product&#038;p=13690"},"modified":"2025-04-21T18:54:50","modified_gmt":"2025-04-21T18:54:50","slug":"mps6100-standard-bag-sealers","status":"publish","type":"product","link":"https:\/\/propacmx.com\/en\/product\/mps6100-selladoras-de-bolsas-estandar\/","title":{"rendered":"MPS6100 - Standard Bag Sealing Machines"},"content":{"rendered":"<p class=\"\" data-start=\"487\" data-end=\"801\">The <strong data-start=\"490\" data-end=\"501\">MPS6100<\/strong> is a versatile and reliable continuous band sealer, designed for sealing <strong data-start=\"580\" data-end=\"622\">preformed bags up to 600 grams<\/strong> or bags up to <strong data-start=\"640\" data-end=\"660\">2 pounds (907 g)<\/strong>. Thanks to its robust design and high-quality components, it offers hermetic sealing in a wide range of heat-sensitive materials.<\/p>\n<p class=\"\" data-start=\"803\" data-end=\"1207\">This machine is equipped with <strong data-start=\"827\" data-end=\"858\">teflon sealing bands<\/strong>, <strong data-start=\"860\" data-end=\"890\">adjustable pressure bar<\/strong>, and a <strong data-start=\"897\" data-end=\"926\">height adjustable frame<\/strong>, This makes it easy to integrate into a variety of production environments. Its <strong data-start=\"998\" data-end=\"1041\">touch screen with PLC HMI controller<\/strong> allows intuitive operation and quick adjustments, making the MPS6100 an ideal solution for both manual and semi-automated or even automated production.<\/p>\n<p class=\"\" data-start=\"1209\" data-end=\"1236\"><strong data-start=\"1209\" data-end=\"1236\">Key specifications:<\/strong><\/p>\n<ul data-start=\"1237\" data-end=\"1534\">\n<li class=\"\" data-start=\"1237\" data-end=\"1283\">\n<p class=\"\" data-start=\"1239\" data-end=\"1283\">Power supply: 120 VAC, 1 phase, 60 Hz, 600W<\/p>\n<\/li>\n<li class=\"\" data-start=\"1284\" data-end=\"1343\">\n<p class=\"\" data-start=\"1286\" data-end=\"1343\">Temperature range: up to 200\u00b0C, with digital control<\/p>\n<\/li>\n<li class=\"\" data-start=\"1344\" data-end=\"1380\">\n<p class=\"\" data-start=\"1346\" data-end=\"1380\">Seal width: 1\/4\u201d (6.35 mm)<\/p>\n<\/li>\n<li class=\"\" data-start=\"1381\" data-end=\"1428\">\n<p class=\"\" data-start=\"1383\" data-end=\"1428\">Speed: Variable, up to 500\u201d per minute<\/p>\n<\/li>\n<li class=\"\" data-start=\"1429\" data-end=\"1483\">\n<p class=\"\" data-start=\"1431\" data-end=\"1483\">Materials: anodized aluminum and stainless steel<\/p>\n<\/li>\n<li class=\"\" data-start=\"1484\" data-end=\"1534\">\n<p class=\"\" data-start=\"1486\" data-end=\"1534\">Sealing orientation: vertical or horizontal<\/p>\n<\/li>\n<\/ul>\n<p class=\"\" data-start=\"1536\" data-end=\"1560\"><strong data-start=\"1536\" data-end=\"1560\">Available models:<\/strong><\/p>\n<ul data-start=\"1561\" data-end=\"1720\">\n<li class=\"\" data-start=\"1561\" data-end=\"1579\">\n<p class=\"\" data-start=\"1563\" data-end=\"1579\">MPS6100 Standard<\/p>\n<\/li>\n<li class=\"\" data-start=\"1580\" data-end=\"1602\">\n<p class=\"\" data-start=\"1582\" data-end=\"1602\">MPS6110 with cutter<\/p>\n<\/li>\n<li class=\"\" data-start=\"1603\" data-end=\"1626\">\n<p class=\"\" data-start=\"1605\" data-end=\"1626\">MPS6120 with ambusher<\/p>\n<\/li>\n<li class=\"\" data-start=\"1627\" data-end=\"1650\">\n<p class=\"\" data-start=\"1629\" data-end=\"1650\">MPS6130 with printer<\/p>\n<\/li>\n<li class=\"\" data-start=\"1651\" data-end=\"1685\">\n<p class=\"\" data-start=\"1653\" data-end=\"1685\">MPS6150 with cutter and printer<\/p>\n<\/li>\n<li class=\"\" data-start=\"1686\" data-end=\"1720\">\n<p class=\"\" data-start=\"1688\" data-end=\"1720\">MPS6160 with cutter and ambusher<\/p>\n<\/li>\n<\/ul>\n<p class=\"\" data-start=\"1722\" data-end=\"1896\">With a solid structure, precise operation and adaptability, the <strong data-start=\"1787\" data-end=\"1798\">MPS6100<\/strong> is ideal for industries looking for reliability, hygiene and efficiency in their sealing system.<\/p>","protected":false},"excerpt":{"rendered":"<p class=\"\" data-start=\"214\" data-end=\"434\">MPS6100 band sealer for bags up to 600g. Ideal for heat sensitive materials. Manual operation, semi-automatic or adaptable to automatic lines, with variable speed and digital temperature control.<\/p>","protected":false},"featured_media":13783,"template":"","meta":[],"product_brand":[178],"product_cat":[109],"product_tag":[117,183,118],"class_list":{"0":"post-13690","1":"product","2":"type-product","3":"status-publish","4":"has-post-thumbnail","6":"product_brand-emplex","7":"product_cat-selladoras-de-bolsas-estandar","8":"product_tag-maquinaria-de-empaque","9":"product_tag-selladoras-de-bolsas-estandar","10":"product_tag-selladoras-industriales","12":"first","13":"instock","14":"shipping-taxable","15":"product-type-simple"},"yoast_head":"<!-- This site is optimized with the Yoast SEO Premium plugin v24.3 (Yoast SEO v27.6) - https:\/\/yoast.com\/product\/yoast-seo-premium-wordpress\/ -->\n<title>MPS6100 - Selladoras de Bolsas Est\u00e1ndar<\/title>\n<meta name=\"description\" content=\"\u2b50 MPS6100 Selladoras de Bolsas Est\u00e1ndar, parte de nuestra l\u00ednea de selladoras de bolsas est\u00e1ndar, dise\u00f1ada para mejorar la eficiencia del empaque.\" \/>\n<meta name=\"robots\" content=\"index, follow, max-snippet:-1, max-image-preview:large, max-video-preview:-1\" \/>\n<link rel=\"canonical\" href=\"https:\/\/propacmx.com\/en\/product\/mps6100-standard-bag-sealers\/\" \/>\n<meta property=\"og:locale\" content=\"en_US\" \/>\n<meta property=\"og:type\" content=\"article\" \/>\n<meta property=\"og:title\" content=\"MPS6100 - Selladoras de Bolsas Est\u00e1ndar\" \/>\n<meta property=\"og:description\" content=\"\u2b50 MPS6100 Selladoras de Bolsas Est\u00e1ndar, parte de nuestra l\u00ednea de selladoras de bolsas est\u00e1ndar, dise\u00f1ada para mejorar la eficiencia del empaque.\" \/>\n<meta property=\"og:url\" content=\"https:\/\/propacmx.com\/en\/product\/mps6100-standard-bag-sealers\/\" \/>\n<meta property=\"og:site_name\" content=\"Professional Packaging Systems\" \/>\n<meta property=\"article:modified_time\" content=\"2025-04-21T18:54:50+00:00\" \/>\n<meta property=\"og:image\" content=\"https:\/\/propacmx.com\/wp-content\/uploads\/2025\/04\/MPS6100-Selladoras-de-Bolsas-Estandar.webp\" \/>\n\t<meta property=\"og:image:width\" content=\"1563\" \/>\n\t<meta property=\"og:image:height\" content=\"1563\" \/>\n\t<meta property=\"og:image:type\" content=\"image\/webp\" \/>\n<meta name=\"twitter:card\" content=\"summary_large_image\" \/>\n<meta name=\"twitter:label1\" content=\"Price\" \/>\n\t<meta name=\"twitter:data1\" content=\"\" \/>\n\t<meta name=\"twitter:label2\" content=\"Availability\" \/>\n\t<meta name=\"twitter:data2\" content=\"In stock\" \/>\n<script type=\"application\/ld+json\" class=\"yoast-schema-graph\">{\"@context\":\"https:\\\/\\\/schema.org\",\"@graph\":[{\"@type\":\"WebPage\",\"@id\":\"https:\\\/\\\/propacmx.com\\\/product\\\/mps6100-selladoras-de-bolsas-estandar\\\/\",\"url\":\"https:\\\/\\\/propacmx.com\\\/product\\\/mps6100-selladoras-de-bolsas-estandar\\\/\",\"name\":\"MPS6100 - Selladoras de Bolsas Est\u00e1ndar\",\"isPartOf\":{\"@id\":\"https:\\\/\\\/propacmx.com\\\/#website\"},\"primaryImageOfPage\":{\"@id\":\"https:\\\/\\\/propacmx.com\\\/product\\\/mps6100-selladoras-de-bolsas-estandar\\\/#primaryimage\"},\"image\":{\"@id\":\"https:\\\/\\\/propacmx.com\\\/product\\\/mps6100-selladoras-de-bolsas-estandar\\\/#primaryimage\"},\"thumbnailUrl\":\"https:\\\/\\\/propacmx.com\\\/wp-content\\\/uploads\\\/2025\\\/04\\\/MPS6100-Selladoras-de-Bolsas-Estandar.webp\",\"datePublished\":\"2025-04-20T00:41:34+00:00\",\"dateModified\":\"2025-04-21T18:54:50+00:00\",\"description\":\"\u2b50 MPS6100 Selladoras de Bolsas Est\u00e1ndar, parte de nuestra l\u00ednea de selladoras de bolsas est\u00e1ndar, dise\u00f1ada para mejorar la eficiencia del empaque.\",\"breadcrumb\":{\"@id\":\"https:\\\/\\\/propacmx.com\\\/product\\\/mps6100-selladoras-de-bolsas-estandar\\\/#breadcrumb\"},\"inLanguage\":\"en-US\",\"potentialAction\":[{\"@type\":\"ReadAction\",\"target\":[\"https:\\\/\\\/propacmx.com\\\/product\\\/mps6100-selladoras-de-bolsas-estandar\\\/\"]}]},{\"@type\":\"ImageObject\",\"inLanguage\":\"en-US\",\"@id\":\"https:\\\/\\\/propacmx.com\\\/product\\\/mps6100-selladoras-de-bolsas-estandar\\\/#primaryimage\",\"url\":\"https:\\\/\\\/propacmx.com\\\/wp-content\\\/uploads\\\/2025\\\/04\\\/MPS6100-Selladoras-de-Bolsas-Estandar.webp\",\"contentUrl\":\"https:\\\/\\\/propacmx.com\\\/wp-content\\\/uploads\\\/2025\\\/04\\\/MPS6100-Selladoras-de-Bolsas-Estandar.webp\",\"width\":1563,\"height\":1563,\"caption\":\"MPS6100 - Selladoras de Bolsas Est\u00e1ndar\"},{\"@type\":\"BreadcrumbList\",\"@id\":\"https:\\\/\\\/propacmx.com\\\/product\\\/mps6100-selladoras-de-bolsas-estandar\\\/#breadcrumb\",\"itemListElement\":[{\"@type\":\"ListItem\",\"position\":1,\"name\":\"Home\",\"item\":\"https:\\\/\\\/propacmx.com\\\/\"},{\"@type\":\"ListItem\",\"position\":2,\"name\":\"Tienda\",\"item\":\"https:\\\/\\\/propacmx.com\\\/tienda\\\/\"},{\"@type\":\"ListItem\",\"position\":3,\"name\":\"MPS6100 &#8211; Selladoras de Bolsas Est\u00e1ndar\"}]},{\"@type\":\"WebSite\",\"@id\":\"https:\\\/\\\/propacmx.com\\\/#website\",\"url\":\"https:\\\/\\\/propacmx.com\\\/\",\"name\":\"PRO PAC Professional Packaging Systems\",\"description\":\"PROPAC es tu socio estrat\u00e9gico en empaques. Combinamos calidad, servicio y tecnolog\u00eda para optimizar tus procesos log\u00edsticos.\",\"publisher\":{\"@id\":\"https:\\\/\\\/propacmx.com\\\/#organization\"},\"potentialAction\":[{\"@type\":\"SearchAction\",\"target\":{\"@type\":\"EntryPoint\",\"urlTemplate\":\"https:\\\/\\\/propacmx.com\\\/?s={search_term_string}\"},\"query-input\":{\"@type\":\"PropertyValueSpecification\",\"valueRequired\":true,\"valueName\":\"search_term_string\"}}],\"inLanguage\":\"en-US\"},{\"@type\":\"Organization\",\"@id\":\"https:\\\/\\\/propacmx.com\\\/#organization\",\"name\":\"PRO PAC Professional Packaging Systems\",\"url\":\"https:\\\/\\\/propacmx.com\\\/\",\"logo\":{\"@type\":\"ImageObject\",\"inLanguage\":\"en-US\",\"@id\":\"https:\\\/\\\/propacmx.com\\\/#\\\/schema\\\/logo\\\/image\\\/\",\"url\":\"\\\/wp-content\\\/uploads\\\/2025\\\/04\\\/PRO-PAC-MEXICO.webp\",\"contentUrl\":\"\\\/wp-content\\\/uploads\\\/2025\\\/04\\\/PRO-PAC-MEXICO.webp\",\"width\":1563,\"height\":1563,\"caption\":\"PRO PAC Professional Packaging Systems\"},\"image\":{\"@id\":\"https:\\\/\\\/propacmx.com\\\/#\\\/schema\\\/logo\\\/image\\\/\"}}]}<\/script>\n<meta property=\"product:brand\" content=\"Emplex\" \/>\n<meta property=\"product:price:currency\" content=\"MXN\" \/>\n<meta property=\"og:availability\" content=\"instock\" \/>\n<meta property=\"product:availability\" content=\"instock\" \/>\n<meta property=\"product:retailer_item_id\" content=\"prod-042\" \/>\n<meta property=\"product:condition\" content=\"new\" \/>\n<!-- \/ Yoast SEO Premium plugin. -->","yoast_head_json":{"title":"MPS6100 - Standard Bag Sealing Machines","description":"\u2b50 MPS6100 Standard Bag Sealers, part of our line of standard bag sealers, designed to improve packaging efficiency.","robots":{"index":"index","follow":"follow","max-snippet":"max-snippet:-1","max-image-preview":"max-image-preview:large","max-video-preview":"max-video-preview:-1"},"canonical":"https:\/\/propacmx.com\/en\/product\/mps6100-standard-bag-sealers\/","og_locale":"en_US","og_type":"article","og_title":"MPS6100 - Selladoras de Bolsas Est\u00e1ndar","og_description":"\u2b50 MPS6100 Selladoras de Bolsas Est\u00e1ndar, parte de nuestra l\u00ednea de selladoras de bolsas est\u00e1ndar, dise\u00f1ada para mejorar la eficiencia del empaque.","og_url":"https:\/\/propacmx.com\/en\/product\/mps6100-standard-bag-sealers\/","og_site_name":"Professional Packaging Systems","article_modified_time":"2025-04-21T18:54:50+00:00","og_image":[{"width":1563,"height":1563,"url":"https:\/\/propacmx.com\/wp-content\/uploads\/2025\/04\/MPS6100-Selladoras-de-Bolsas-Estandar.webp","type":"image\/webp"}],"twitter_card":"summary_large_image","twitter_misc":{"Price":"","Availability":"In stock"},"schema":{"@context":"https:\/\/schema.org","@graph":[{"@type":"WebPage","@id":"https:\/\/propacmx.com\/product\/mps6100-selladoras-de-bolsas-estandar\/","url":"https:\/\/propacmx.com\/product\/mps6100-selladoras-de-bolsas-estandar\/","name":"MPS6100 - Standard Bag Sealing Machines","isPartOf":{"@id":"https:\/\/propacmx.com\/#website"},"primaryImageOfPage":{"@id":"https:\/\/propacmx.com\/product\/mps6100-selladoras-de-bolsas-estandar\/#primaryimage"},"image":{"@id":"https:\/\/propacmx.com\/product\/mps6100-selladoras-de-bolsas-estandar\/#primaryimage"},"thumbnailUrl":"https:\/\/propacmx.com\/wp-content\/uploads\/2025\/04\/MPS6100-Selladoras-de-Bolsas-Estandar.webp","datePublished":"2025-04-20T00:41:34+00:00","dateModified":"2025-04-21T18:54:50+00:00","description":"\u2b50 MPS6100 Standard Bag Sealers, part of our line of standard bag sealers, designed to improve packaging efficiency.","breadcrumb":{"@id":"https:\/\/propacmx.com\/product\/mps6100-selladoras-de-bolsas-estandar\/#breadcrumb"},"inLanguage":"en-US","potentialAction":[{"@type":"ReadAction","target":["https:\/\/propacmx.com\/product\/mps6100-selladoras-de-bolsas-estandar\/"]}]},{"@type":"ImageObject","inLanguage":"en-US","@id":"https:\/\/propacmx.com\/product\/mps6100-selladoras-de-bolsas-estandar\/#primaryimage","url":"https:\/\/propacmx.com\/wp-content\/uploads\/2025\/04\/MPS6100-Selladoras-de-Bolsas-Estandar.webp","contentUrl":"https:\/\/propacmx.com\/wp-content\/uploads\/2025\/04\/MPS6100-Selladoras-de-Bolsas-Estandar.webp","width":1563,"height":1563,"caption":"MPS6100 - Selladoras de Bolsas Est\u00e1ndar"},{"@type":"BreadcrumbList","@id":"https:\/\/propacmx.com\/product\/mps6100-selladoras-de-bolsas-estandar\/#breadcrumb","itemListElement":[{"@type":"ListItem","position":1,"name":"Home","item":"https:\/\/propacmx.com\/"},{"@type":"ListItem","position":2,"name":"Tienda","item":"https:\/\/propacmx.com\/tienda\/"},{"@type":"ListItem","position":3,"name":"MPS6100 &#8211; Selladoras de Bolsas Est\u00e1ndar"}]},{"@type":"WebSite","@id":"https:\/\/propacmx.com\/#website","url":"https:\/\/propacmx.com\/","name":"PRO PAC Professional Packaging Systems","description":"PROPAC is your strategic partner in packaging. We combine quality, service and technology to optimize your logistics processes.","publisher":{"@id":"https:\/\/propacmx.com\/#organization"},"potentialAction":[{"@type":"SearchAction","target":{"@type":"EntryPoint","urlTemplate":"https:\/\/propacmx.com\/?s={search_term_string}"},"query-input":{"@type":"PropertyValueSpecification","valueRequired":true,"valueName":"search_term_string"}}],"inLanguage":"en-US"},{"@type":"Organization","@id":"https:\/\/propacmx.com\/#organization","name":"PRO PAC Professional Packaging Systems","url":"https:\/\/propacmx.com\/","logo":{"@type":"ImageObject","inLanguage":"en-US","@id":"https:\/\/propacmx.com\/#\/schema\/logo\/image\/","url":"\/wp-content\/uploads\/2025\/04\/PRO-PAC-MEXICO.webp","contentUrl":"\/wp-content\/uploads\/2025\/04\/PRO-PAC-MEXICO.webp","width":1563,"height":1563,"caption":"PRO PAC Professional Packaging Systems"},"image":{"@id":"https:\/\/propacmx.com\/#\/schema\/logo\/image\/"}}]},"product_brand":"Emplex","product_price_currency":"MXN","og_availability":"instock","product_availability":"instock","product_retailer_item_id":"prod-042","product_condition":"new"},"_links":{"self":[{"href":"https:\/\/propacmx.com\/en\/wp-json\/wp\/v2\/product\/13690","targetHints":{"allow":["GET"]}}],"collection":[{"href":"https:\/\/propacmx.com\/en\/wp-json\/wp\/v2\/product"}],"about":[{"href":"https:\/\/propacmx.com\/en\/wp-json\/wp\/v2\/types\/product"}],"wp:featuredmedia":[{"embeddable":true,"href":"https:\/\/propacmx.com\/en\/wp-json\/wp\/v2\/media\/13783"}],"wp:attachment":[{"href":"https:\/\/propacmx.com\/en\/wp-json\/wp\/v2\/media?parent=13690"}],"wp:term":[{"taxonomy":"product_brand","embeddable":true,"href":"https:\/\/propacmx.com\/en\/wp-json\/wp\/v2\/product_brand?post=13690"},{"taxonomy":"product_cat","embeddable":true,"href":"https:\/\/propacmx.com\/en\/wp-json\/wp\/v2\/product_cat?post=13690"},{"taxonomy":"product_tag","embeddable":true,"href":"https:\/\/propacmx.com\/en\/wp-json\/wp\/v2\/product_tag?post=13690"}],"curies":[{"name":"wp","href":"https:\/\/api.w.org\/{rel}","templated":true}]}}