{"id":13689,"date":"2025-04-20T00:41:34","date_gmt":"2025-04-20T00:41:34","guid":{"rendered":"https:\/\/blanchedalmond-dinosaur-273996.hostingersite.com\/?post_type=product&#038;p=13689"},"modified":"2025-04-22T00:19:31","modified_gmt":"2025-04-22T00:19:31","slug":"kits-de-inicio-integracion-sistemas-de-pegado-hot-melt","status":"publish","type":"product","link":"https:\/\/propacmx.com\/en\/product\/kits-de-inicio-integracion-sistemas-de-pegado-hot-melt\/","title":{"rendered":"Integration Starter Kits - Bonding Systems - Hot Melt"},"content":{"rendered":"<p class=\"\" data-start=\"554\" data-end=\"1021\">Los <strong data-start=\"558\" data-end=\"620\">Kits de Inicio de Integraci\u00f3n para M\u00e1quina Principal (PMI)<\/strong> from <strong data-start=\"624\" data-end=\"635\">Nordson<\/strong> est\u00e1n dise\u00f1ados para simplificar y acelerar la integraci\u00f3n de fusores ProBlue y ProBlue Liberty en sistemas de control de m\u00e1quinas industriales. Estos kits permiten a los ingenieros de PLC implementar r\u00e1pidamente una <strong data-start=\"853\" data-end=\"879\">interfaz personalizada<\/strong> para el fusor dentro de la HMI de la m\u00e1quina principal, eliminando la necesidad de desarrollos complejos o interfaces f\u00edsicas independientes.<\/p>\n<p class=\"\" data-start=\"1023\" data-end=\"1324\">Gracias a esta soluci\u00f3n todo en uno, el tiempo de programaci\u00f3n del PLC puede reducirse <strong data-start=\"1110\" data-end=\"1150\">de m\u00e1s de 50 horas a menos de un d\u00eda<\/strong>, e incluso a <strong data-start=\"1164\" data-end=\"1185\">menos de una hora<\/strong> en algunas aplicaciones. Esto se traduce en una implementaci\u00f3n m\u00e1s eficiente y con menor carga t\u00e9cnica para los equipos de automatizaci\u00f3n.<\/p>\n<h3 data-start=\"1331\" data-end=\"1354\"><\/h3>\n<h3 class=\"\" data-start=\"1331\" data-end=\"1354\"><strong data-start=\"1335\" data-end=\"1354\">Ventajas clave:<\/strong><\/h3>\n<ul data-start=\"1356\" data-end=\"1775\">\n<li class=\"\" data-start=\"1356\" data-end=\"1423\">\n<p class=\"\" data-start=\"1358\" data-end=\"1423\">Integraci\u00f3n simple y r\u00e1pida de fusores en sistemas PLC existentes<\/p>\n<\/li>\n<li class=\"\" data-start=\"1424\" data-end=\"1483\">\n<p class=\"\" data-start=\"1426\" data-end=\"1483\">Control centralizado desde la HMI de la m\u00e1quina principal<\/p>\n<\/li>\n<li class=\"\" data-start=\"1484\" data-end=\"1554\">\n<p class=\"\" data-start=\"1486\" data-end=\"1554\">Mejora significativa en la supervisi\u00f3n y an\u00e1lisis de datos del fusor<\/p>\n<\/li>\n<li class=\"\" data-start=\"1555\" data-end=\"1637\">\n<p class=\"\" data-start=\"1557\" data-end=\"1637\">Menor interacci\u00f3n del operador con equipos individuales, aumentando la seguridad<\/p>\n<\/li>\n<li class=\"\" data-start=\"1638\" data-end=\"1695\">\n<p class=\"\" data-start=\"1640\" data-end=\"1695\">Interfaz intuitiva que requiere una capacitaci\u00f3n m\u00ednima<\/p>\n<\/li>\n<li class=\"\" data-start=\"1696\" data-end=\"1775\">\n<p class=\"\" data-start=\"1698\" data-end=\"1775\">Mejora la eficiencia operativa al permitir el acceso remoto a funciones clave<\/p>\n<\/li>\n<\/ul>\n<h3 data-start=\"1782\" data-end=\"1873\"><\/h3>\n<h3 class=\"\" data-start=\"1782\" data-end=\"1873\"><strong data-start=\"1786\" data-end=\"1873\">Protocolos de comunicaci\u00f3n compatibles (requieren tarjeta de interfaz en el fusor):<\/strong><\/h3>\n<ul data-start=\"1875\" data-end=\"1947\">\n<li class=\"\" data-start=\"1875\" data-end=\"1890\">\n<p class=\"\" data-start=\"1877\" data-end=\"1890\">Ethernet\/IP<\/p>\n<\/li>\n<li class=\"\" data-start=\"1891\" data-end=\"1909\">\n<p class=\"\" data-start=\"1893\" data-end=\"1909\">Red de Control<\/p>\n<\/li>\n<li class=\"\" data-start=\"1910\" data-end=\"1922\">\n<p class=\"\" data-start=\"1912\" data-end=\"1922\">PROFIBUS<\/p>\n<\/li>\n<li class=\"\" data-start=\"1923\" data-end=\"1936\">\n<p class=\"\" data-start=\"1925\" data-end=\"1936\">DeviceNet<\/p>\n<\/li>\n<li class=\"\" data-start=\"1937\" data-end=\"1947\">\n<p class=\"\" data-start=\"1939\" data-end=\"1947\">PROFINET<\/p>\n<\/li>\n<\/ul>\n<p class=\"\" data-start=\"1954\" data-end=\"2285\">Los kits PMI ofrecen una forma estandarizada y eficaz de ampliar las capacidades de automatizaci\u00f3n industrial, mejorando el monitoreo, el control y la seguridad en entornos de producci\u00f3n exigentes. Son ideales para fabricantes que buscan flexibilidad, escalabilidad y facilidad de integraci\u00f3n en sus l\u00edneas de empaque o ensamblado.<\/p>","protected":false},"excerpt":{"rendered":"<p class=\"\" data-start=\"297\" data-end=\"504\">Los <strong data-start=\"558\" data-end=\"620\">Integration Starter Kits<\/strong> PMI de Nordson permiten integrar f\u00e1cilmente fusores en la HMI de la m\u00e1quina principal, reduciendo el tiempo de programaci\u00f3n y mejorando la supervisi\u00f3n, el control y la seguridad operativa.<\/p>","protected":false},"featured_media":13792,"template":"","meta":[],"product_brand":[185],"product_cat":[108],"product_tag":[186,184],"class_list":{"0":"post-13689","1":"product","2":"type-product","3":"status-publish","4":"has-post-thumbnail","6":"product_brand-nordson","7":"product_cat-sistemas-de-pegado-hot-melt","8":"product_tag-aplicacion-de-adhesivos","9":"product_tag-sistemas-de-pegado","11":"first","12":"instock","13":"shipping-taxable","14":"product-type-simple"},"yoast_head":"<!-- This site is optimized with the Yoast SEO Premium plugin v24.3 (Yoast SEO v27.6) - https:\/\/yoast.com\/product\/yoast-seo-premium-wordpress\/ -->\n<title>Kits de Inicio de Integraci\u00f3n - Sistemas de Pegado - Hot Melt<\/title>\n<meta name=\"description\" content=\"\u2b50 Kits de Inicio de Integraci\u00f3n, parte de nuestra l\u00ednea de sistemas de pegado - hot melt, dise\u00f1ada para mejorar la eficiencia del empaque.\" \/>\n<meta name=\"robots\" content=\"index, follow, max-snippet:-1, max-image-preview:large, max-video-preview:-1\" \/>\n<link rel=\"canonical\" href=\"https:\/\/propacmx.com\/en\/product\/kits-de-inicio-integracion-sistemas-de-pegado-hot-melt\/\" \/>\n<meta property=\"og:locale\" content=\"en_US\" \/>\n<meta property=\"og:type\" content=\"article\" \/>\n<meta property=\"og:title\" content=\"Kits de Inicio de Integraci\u00f3n - Sistemas de Pegado - Hot Melt\" \/>\n<meta property=\"og:description\" content=\"\u2b50 Kits de Inicio de Integraci\u00f3n, parte de nuestra l\u00ednea de sistemas de pegado - hot melt, dise\u00f1ada para mejorar la eficiencia del empaque.\" \/>\n<meta property=\"og:url\" content=\"https:\/\/propacmx.com\/en\/product\/kits-de-inicio-integracion-sistemas-de-pegado-hot-melt\/\" \/>\n<meta property=\"og:site_name\" content=\"Professional Packaging Systems\" \/>\n<meta property=\"article:modified_time\" content=\"2025-04-22T00:19:31+00:00\" \/>\n<meta property=\"og:image\" content=\"https:\/\/propacmx.com\/wp-content\/uploads\/2025\/04\/Kits-de-Inicio-de-Integracion.webp\" \/>\n\t<meta property=\"og:image:width\" content=\"1563\" \/>\n\t<meta property=\"og:image:height\" content=\"1563\" \/>\n\t<meta property=\"og:image:type\" content=\"image\/webp\" \/>\n<meta name=\"twitter:card\" content=\"summary_large_image\" \/>\n<meta name=\"twitter:label1\" content=\"Price\" \/>\n\t<meta name=\"twitter:data1\" content=\"\" \/>\n\t<meta name=\"twitter:label2\" content=\"Availability\" \/>\n\t<meta name=\"twitter:data2\" content=\"In stock\" \/>\n<script type=\"application\/ld+json\" class=\"yoast-schema-graph\">{\"@context\":\"https:\\\/\\\/schema.org\",\"@graph\":[{\"@type\":\"WebPage\",\"@id\":\"https:\\\/\\\/propacmx.com\\\/product\\\/kits-de-inicio-integracion-sistemas-de-pegado-hot-melt\\\/\",\"url\":\"https:\\\/\\\/propacmx.com\\\/product\\\/kits-de-inicio-integracion-sistemas-de-pegado-hot-melt\\\/\",\"name\":\"Kits de Inicio de Integraci\u00f3n - Sistemas de Pegado - Hot Melt\",\"isPartOf\":{\"@id\":\"https:\\\/\\\/propacmx.com\\\/#website\"},\"primaryImageOfPage\":{\"@id\":\"https:\\\/\\\/propacmx.com\\\/product\\\/kits-de-inicio-integracion-sistemas-de-pegado-hot-melt\\\/#primaryimage\"},\"image\":{\"@id\":\"https:\\\/\\\/propacmx.com\\\/product\\\/kits-de-inicio-integracion-sistemas-de-pegado-hot-melt\\\/#primaryimage\"},\"thumbnailUrl\":\"https:\\\/\\\/propacmx.com\\\/wp-content\\\/uploads\\\/2025\\\/04\\\/Kits-de-Inicio-de-Integracion.webp\",\"datePublished\":\"2025-04-20T00:41:34+00:00\",\"dateModified\":\"2025-04-22T00:19:31+00:00\",\"description\":\"\u2b50 Kits de Inicio de Integraci\u00f3n, parte de nuestra l\u00ednea de sistemas de pegado - hot melt, dise\u00f1ada para mejorar la eficiencia del empaque.\",\"breadcrumb\":{\"@id\":\"https:\\\/\\\/propacmx.com\\\/product\\\/kits-de-inicio-integracion-sistemas-de-pegado-hot-melt\\\/#breadcrumb\"},\"inLanguage\":\"en-US\",\"potentialAction\":[{\"@type\":\"ReadAction\",\"target\":[\"https:\\\/\\\/propacmx.com\\\/product\\\/kits-de-inicio-integracion-sistemas-de-pegado-hot-melt\\\/\"]}]},{\"@type\":\"ImageObject\",\"inLanguage\":\"en-US\",\"@id\":\"https:\\\/\\\/propacmx.com\\\/product\\\/kits-de-inicio-integracion-sistemas-de-pegado-hot-melt\\\/#primaryimage\",\"url\":\"https:\\\/\\\/propacmx.com\\\/wp-content\\\/uploads\\\/2025\\\/04\\\/Kits-de-Inicio-de-Integracion.webp\",\"contentUrl\":\"https:\\\/\\\/propacmx.com\\\/wp-content\\\/uploads\\\/2025\\\/04\\\/Kits-de-Inicio-de-Integracion.webp\",\"width\":1563,\"height\":1563,\"caption\":\"Kits de Inicio de Integraci\u00f3n\"},{\"@type\":\"BreadcrumbList\",\"@id\":\"https:\\\/\\\/propacmx.com\\\/product\\\/kits-de-inicio-integracion-sistemas-de-pegado-hot-melt\\\/#breadcrumb\",\"itemListElement\":[{\"@type\":\"ListItem\",\"position\":1,\"name\":\"Home\",\"item\":\"https:\\\/\\\/propacmx.com\\\/\"},{\"@type\":\"ListItem\",\"position\":2,\"name\":\"Tienda\",\"item\":\"https:\\\/\\\/propacmx.com\\\/tienda\\\/\"},{\"@type\":\"ListItem\",\"position\":3,\"name\":\"Kits de Inicio de Integraci\u00f3n &#8211; Sistemas de Pegado &#8211; Hot Melt\"}]},{\"@type\":\"WebSite\",\"@id\":\"https:\\\/\\\/propacmx.com\\\/#website\",\"url\":\"https:\\\/\\\/propacmx.com\\\/\",\"name\":\"PRO PAC Professional Packaging Systems\",\"description\":\"PROPAC es tu socio estrat\u00e9gico en empaques. Combinamos calidad, servicio y tecnolog\u00eda para optimizar tus procesos log\u00edsticos.\",\"publisher\":{\"@id\":\"https:\\\/\\\/propacmx.com\\\/#organization\"},\"potentialAction\":[{\"@type\":\"SearchAction\",\"target\":{\"@type\":\"EntryPoint\",\"urlTemplate\":\"https:\\\/\\\/propacmx.com\\\/?s={search_term_string}\"},\"query-input\":{\"@type\":\"PropertyValueSpecification\",\"valueRequired\":true,\"valueName\":\"search_term_string\"}}],\"inLanguage\":\"en-US\"},{\"@type\":\"Organization\",\"@id\":\"https:\\\/\\\/propacmx.com\\\/#organization\",\"name\":\"PRO PAC Professional Packaging Systems\",\"url\":\"https:\\\/\\\/propacmx.com\\\/\",\"logo\":{\"@type\":\"ImageObject\",\"inLanguage\":\"en-US\",\"@id\":\"https:\\\/\\\/propacmx.com\\\/#\\\/schema\\\/logo\\\/image\\\/\",\"url\":\"\\\/wp-content\\\/uploads\\\/2025\\\/04\\\/PRO-PAC-MEXICO.webp\",\"contentUrl\":\"\\\/wp-content\\\/uploads\\\/2025\\\/04\\\/PRO-PAC-MEXICO.webp\",\"width\":1563,\"height\":1563,\"caption\":\"PRO PAC Professional Packaging Systems\"},\"image\":{\"@id\":\"https:\\\/\\\/propacmx.com\\\/#\\\/schema\\\/logo\\\/image\\\/\"}}]}<\/script>\n<meta property=\"product:brand\" content=\"Nordson\" \/>\n<meta property=\"product:price:currency\" content=\"MXN\" \/>\n<meta property=\"og:availability\" content=\"instock\" \/>\n<meta property=\"product:availability\" content=\"instock\" \/>\n<meta property=\"product:retailer_item_id\" content=\"prod-041\" \/>\n<meta property=\"product:condition\" content=\"new\" \/>\n<!-- \/ Yoast SEO Premium plugin. -->","yoast_head_json":{"title":"Kits de Inicio de Integraci\u00f3n - Sistemas de Pegado - Hot Melt","description":"\u2b50 Kits de Inicio de Integraci\u00f3n, parte de nuestra l\u00ednea de sistemas de pegado - hot melt, dise\u00f1ada para mejorar la eficiencia del empaque.","robots":{"index":"index","follow":"follow","max-snippet":"max-snippet:-1","max-image-preview":"max-image-preview:large","max-video-preview":"max-video-preview:-1"},"canonical":"https:\/\/propacmx.com\/en\/product\/kits-de-inicio-integracion-sistemas-de-pegado-hot-melt\/","og_locale":"en_US","og_type":"article","og_title":"Kits de Inicio de Integraci\u00f3n - Sistemas de Pegado - Hot Melt","og_description":"\u2b50 Kits de Inicio de Integraci\u00f3n, parte de nuestra l\u00ednea de sistemas de pegado - hot melt, dise\u00f1ada para mejorar la eficiencia del empaque.","og_url":"https:\/\/propacmx.com\/en\/product\/kits-de-inicio-integracion-sistemas-de-pegado-hot-melt\/","og_site_name":"Professional Packaging Systems","article_modified_time":"2025-04-22T00:19:31+00:00","og_image":[{"width":1563,"height":1563,"url":"https:\/\/propacmx.com\/wp-content\/uploads\/2025\/04\/Kits-de-Inicio-de-Integracion.webp","type":"image\/webp"}],"twitter_card":"summary_large_image","twitter_misc":{"Price":"","Availability":"In stock"},"schema":{"@context":"https:\/\/schema.org","@graph":[{"@type":"WebPage","@id":"https:\/\/propacmx.com\/product\/kits-de-inicio-integracion-sistemas-de-pegado-hot-melt\/","url":"https:\/\/propacmx.com\/product\/kits-de-inicio-integracion-sistemas-de-pegado-hot-melt\/","name":"Kits de Inicio de Integraci\u00f3n - Sistemas de Pegado - Hot Melt","isPartOf":{"@id":"https:\/\/propacmx.com\/#website"},"primaryImageOfPage":{"@id":"https:\/\/propacmx.com\/product\/kits-de-inicio-integracion-sistemas-de-pegado-hot-melt\/#primaryimage"},"image":{"@id":"https:\/\/propacmx.com\/product\/kits-de-inicio-integracion-sistemas-de-pegado-hot-melt\/#primaryimage"},"thumbnailUrl":"https:\/\/propacmx.com\/wp-content\/uploads\/2025\/04\/Kits-de-Inicio-de-Integracion.webp","datePublished":"2025-04-20T00:41:34+00:00","dateModified":"2025-04-22T00:19:31+00:00","description":"\u2b50 Kits de Inicio de Integraci\u00f3n, parte de nuestra l\u00ednea de sistemas de pegado - hot melt, dise\u00f1ada para mejorar la eficiencia del empaque.","breadcrumb":{"@id":"https:\/\/propacmx.com\/product\/kits-de-inicio-integracion-sistemas-de-pegado-hot-melt\/#breadcrumb"},"inLanguage":"en-US","potentialAction":[{"@type":"ReadAction","target":["https:\/\/propacmx.com\/product\/kits-de-inicio-integracion-sistemas-de-pegado-hot-melt\/"]}]},{"@type":"ImageObject","inLanguage":"en-US","@id":"https:\/\/propacmx.com\/product\/kits-de-inicio-integracion-sistemas-de-pegado-hot-melt\/#primaryimage","url":"https:\/\/propacmx.com\/wp-content\/uploads\/2025\/04\/Kits-de-Inicio-de-Integracion.webp","contentUrl":"https:\/\/propacmx.com\/wp-content\/uploads\/2025\/04\/Kits-de-Inicio-de-Integracion.webp","width":1563,"height":1563,"caption":"Kits de Inicio de Integraci\u00f3n"},{"@type":"BreadcrumbList","@id":"https:\/\/propacmx.com\/product\/kits-de-inicio-integracion-sistemas-de-pegado-hot-melt\/#breadcrumb","itemListElement":[{"@type":"ListItem","position":1,"name":"Home","item":"https:\/\/propacmx.com\/"},{"@type":"ListItem","position":2,"name":"Tienda","item":"https:\/\/propacmx.com\/tienda\/"},{"@type":"ListItem","position":3,"name":"Kits de Inicio de Integraci\u00f3n &#8211; Sistemas de Pegado &#8211; Hot Melt"}]},{"@type":"WebSite","@id":"https:\/\/propacmx.com\/#website","url":"https:\/\/propacmx.com\/","name":"PRO PAC Professional Packaging Systems","description":"PROPAC is your strategic partner in packaging. We combine quality, service and technology to optimize your logistics processes.","publisher":{"@id":"https:\/\/propacmx.com\/#organization"},"potentialAction":[{"@type":"SearchAction","target":{"@type":"EntryPoint","urlTemplate":"https:\/\/propacmx.com\/?s={search_term_string}"},"query-input":{"@type":"PropertyValueSpecification","valueRequired":true,"valueName":"search_term_string"}}],"inLanguage":"en-US"},{"@type":"Organization","@id":"https:\/\/propacmx.com\/#organization","name":"PRO PAC Professional Packaging Systems","url":"https:\/\/propacmx.com\/","logo":{"@type":"ImageObject","inLanguage":"en-US","@id":"https:\/\/propacmx.com\/#\/schema\/logo\/image\/","url":"\/wp-content\/uploads\/2025\/04\/PRO-PAC-MEXICO.webp","contentUrl":"\/wp-content\/uploads\/2025\/04\/PRO-PAC-MEXICO.webp","width":1563,"height":1563,"caption":"PRO PAC Professional Packaging Systems"},"image":{"@id":"https:\/\/propacmx.com\/#\/schema\/logo\/image\/"}}]},"product_brand":"Nordson","product_price_currency":"MXN","og_availability":"instock","product_availability":"instock","product_retailer_item_id":"prod-041","product_condition":"new"},"_links":{"self":[{"href":"https:\/\/propacmx.com\/en\/wp-json\/wp\/v2\/product\/13689","targetHints":{"allow":["GET"]}}],"collection":[{"href":"https:\/\/propacmx.com\/en\/wp-json\/wp\/v2\/product"}],"about":[{"href":"https:\/\/propacmx.com\/en\/wp-json\/wp\/v2\/types\/product"}],"wp:featuredmedia":[{"embeddable":true,"href":"https:\/\/propacmx.com\/en\/wp-json\/wp\/v2\/media\/13792"}],"wp:attachment":[{"href":"https:\/\/propacmx.com\/en\/wp-json\/wp\/v2\/media?parent=13689"}],"wp:term":[{"taxonomy":"product_brand","embeddable":true,"href":"https:\/\/propacmx.com\/en\/wp-json\/wp\/v2\/product_brand?post=13689"},{"taxonomy":"product_cat","embeddable":true,"href":"https:\/\/propacmx.com\/en\/wp-json\/wp\/v2\/product_cat?post=13689"},{"taxonomy":"product_tag","embeddable":true,"href":"https:\/\/propacmx.com\/en\/wp-json\/wp\/v2\/product_tag?post=13689"}],"curies":[{"name":"wp","href":"https:\/\/api.w.org\/{rel}","templated":true}]}}