{"id":13687,"date":"2025-04-20T00:41:22","date_gmt":"2025-04-20T00:41:22","guid":{"rendered":"https:\/\/blanchedalmond-dinosaur-273996.hostingersite.com\/?post_type=product&#038;p=13687"},"modified":"2025-04-21T19:24:19","modified_gmt":"2025-04-21T19:24:19","slug":"fusor-problue-flex-sistemas-de-pegado-hot-melt","status":"publish","type":"product","link":"https:\/\/propacmx.com\/en\/product\/fusor-problue-flex-sistemas-de-pegado-hot-melt\/","title":{"rendered":"Fusor ProBlue\u00ae Flex - Gluing Systems - Hot Melt"},"content":{"rendered":"<p class=\"\" data-start=\"554\" data-end=\"970\">El <strong data-start=\"557\" data-end=\"591\">Fusor ProBlue Flex de Nordson<\/strong> es una soluci\u00f3n avanzada, modular y escalable para la aplicaci\u00f3n de adhesivos termofusibles (<strong data-start=\"685\" data-end=\"697\">hot melt<\/strong>), ideal para l\u00edneas de producci\u00f3n que requieren eficiencia, precisi\u00f3n y conectividad. Esta innovadora plataforma, equipada con <strong data-start=\"825\" data-end=\"858\">controles inteligentes BBconn<\/strong>, permite la supervisi\u00f3n y operaci\u00f3n remota en tiempo real, facilitando la toma de decisiones con base en datos.<\/p>\n<p class=\"\" data-start=\"972\" data-end=\"1310\">Fabricado sobre la base confiable de la serie ProBlue, el modelo <strong data-start=\"1037\" data-end=\"1045\">Flex<\/strong> est\u00e1 dise\u00f1ado para adaptarse f\u00e1cilmente a las necesidades de producci\u00f3n actuales y futuras. Su estructura eficiente y segura mejora la productividad, reduce el consumo energ\u00e9tico y minimiza la variaci\u00f3n del cord\u00f3n, lo que se traduce en un mayor ahorro de adhesivo.<\/p>\n<h3 data-start=\"1317\" data-end=\"1355\"><\/h3>\n<h3 class=\"\" data-start=\"1317\" data-end=\"1355\"><strong data-start=\"1323\" data-end=\"1355\">Caracter\u00edsticas principales:<\/strong><\/h3>\n<ul data-start=\"1357\" data-end=\"2018\">\n<li class=\"\" data-start=\"1357\" data-end=\"1415\">\n<p class=\"\" data-start=\"1359\" data-end=\"1415\"><strong data-start=\"1362\" data-end=\"1383\">Reemplazo directo<\/strong> para modelos ProBlue existentes<\/p>\n<\/li>\n<li class=\"\" data-start=\"1416\" data-end=\"1508\">\n<p class=\"\" data-start=\"1418\" data-end=\"1508\"><strong data-start=\"1421\" data-end=\"1457\">Configuraci\u00f3n flexible y modular<\/strong> con opciones de f\u00e1brica o actualizaciones en campo<\/p>\n<\/li>\n<li class=\"\" data-start=\"1509\" data-end=\"1606\">\n<p class=\"\" data-start=\"1511\" data-end=\"1606\"><strong data-start=\"1514\" data-end=\"1535\">Controles BBconn:<\/strong> visibilidad total, operaci\u00f3n remota, monitoreo y an\u00e1lisis de desempe\u00f1o<\/p>\n<\/li>\n<li class=\"\" data-start=\"1607\" data-end=\"1661\">\n<p class=\"\" data-start=\"1609\" data-end=\"1661\"><strong data-start=\"1612\" data-end=\"1636\">Calentamiento r\u00e1pido<\/strong> para mayor productividad<\/p>\n<\/li>\n<li class=\"\" data-start=\"1662\" data-end=\"1747\">\n<p class=\"\" data-start=\"1664\" data-end=\"1747\"><strong data-start=\"1667\" data-end=\"1699\">Precisi\u00f3n en la dosificaci\u00f3n<\/strong> gracias al control PID y regulaci\u00f3n electr\u00f3nica<\/p>\n<\/li>\n<li class=\"\" data-start=\"1748\" data-end=\"1828\">\n<p class=\"\" data-start=\"1750\" data-end=\"1828\"><strong data-start=\"1753\" data-end=\"1785\">Integraci\u00f3n completa v\u00eda PLC<\/strong>, ajuste remoto de presi\u00f3n y autocompletado<\/p>\n<\/li>\n<li class=\"\" data-start=\"1829\" data-end=\"1923\">\n<p class=\"\" data-start=\"1831\" data-end=\"1923\"><strong data-start=\"1835\" data-end=\"1853\">Dise\u00f1o seguro:<\/strong> carcasa a prueba de contacto, protector de colector y bloqueo de tapa<\/p>\n<\/li>\n<li class=\"\" data-start=\"1924\" data-end=\"2018\">\n<p class=\"\" data-start=\"1926\" data-end=\"2018\"><strong data-start=\"1929\" data-end=\"1961\">Soporte de voltajes globales<\/strong> y compatibilidad con 2, 4, 6 u 8 mangueras y aplicadores<\/p>\n<\/li>\n<\/ul>\n<h3 data-start=\"2025\" data-end=\"2064\"><\/h3>\n<h3 class=\"\" data-start=\"2025\" data-end=\"2064\"><strong data-start=\"2032\" data-end=\"2064\">Compatibilidad de adhesivos:<\/strong><\/h3>\n<ul data-start=\"2066\" data-end=\"2129\">\n<li class=\"\" data-start=\"2066\" data-end=\"2076\">\n<p class=\"\" data-start=\"2068\" data-end=\"2076\">Gr\u00e1nulos<\/p>\n<\/li>\n<li class=\"\" data-start=\"2077\" data-end=\"2088\">\n<p class=\"\" data-start=\"2079\" data-end=\"2088\">Pastillas<\/p>\n<\/li>\n<li class=\"\" data-start=\"2089\" data-end=\"2129\">\n<p class=\"\" data-start=\"2091\" data-end=\"2129\">Ladrillos (formas s\u00f3lidas de hot melt)<\/p>\n<\/li>\n<\/ul>\n<p class=\"\" data-start=\"2136\" data-end=\"2376\">El <strong data-start=\"2139\" data-end=\"2156\">ProBlue\u00ae Flex<\/strong> es la evoluci\u00f3n inteligente para quienes buscan un fusor de hot melt adaptable, confiable y conectado. Una inversi\u00f3n pensada para aumentar la eficiencia operativa, la calidad del sellado y el control en cada aplicaci\u00f3n.<\/p>","protected":false},"excerpt":{"rendered":"<p class=\"\" data-start=\"262\" data-end=\"501\">El <strong data-start=\"265\" data-end=\"288\">Fusor ProBlue Flex<\/strong> con controles <strong data-start=\"303\" data-end=\"313\">BBconn<\/strong> es una soluci\u00f3n modular, precisa y escalable para la aplicaci\u00f3n de adhesivo hot melt. Ofrece monitoreo remoto, operaci\u00f3n inteligente y compatibilidad con m\u00faltiples formatos y capacidades.<\/p>","protected":false},"featured_media":13790,"template":"","meta":[],"product_brand":[185],"product_cat":[108],"product_tag":[117,118,167,162],"class_list":{"0":"post-13687","1":"product","2":"type-product","3":"status-publish","4":"has-post-thumbnail","6":"product_brand-nordson","7":"product_cat-sistemas-de-pegado-hot-melt","8":"product_tag-maquinaria-de-empaque","9":"product_tag-selladoras-industriales","10":"product_tag-servicios-posventa-edi","11":"product_tag-sistemas-de-pegado-hot-melt","13":"first","14":"instock","15":"shipping-taxable","16":"product-type-simple"},"yoast_head":"<!-- This site is optimized with the Yoast SEO Premium plugin v24.3 (Yoast SEO v27.6) - https:\/\/yoast.com\/product\/yoast-seo-premium-wordpress\/ -->\n<title>Fusor ProBlue Flex - Sistemas de Pegado - Hot Melt<\/title>\n<meta name=\"description\" content=\"\u2b50Fusor ProBlue Flex, parte de nuestra l\u00ednea de sistemas de pegado - hot melt, dise\u00f1ada para mejorar la eficiencia del empaque.\" \/>\n<meta name=\"robots\" content=\"index, follow, max-snippet:-1, max-image-preview:large, max-video-preview:-1\" \/>\n<link rel=\"canonical\" href=\"https:\/\/propacmx.com\/en\/product\/fusor-problue-flex-sistemas-de-pegado-hot-melt\/\" \/>\n<meta property=\"og:locale\" content=\"en_US\" \/>\n<meta property=\"og:type\" content=\"article\" \/>\n<meta property=\"og:title\" content=\"Fusor ProBlue\u00ae Flex - Sistemas de Pegado - Hot Melt\" \/>\n<meta property=\"og:description\" content=\"\u2b50Fusor ProBlue Flex, parte de nuestra l\u00ednea de sistemas de pegado - hot melt, dise\u00f1ada para mejorar la eficiencia del empaque.\" \/>\n<meta property=\"og:url\" content=\"https:\/\/propacmx.com\/en\/product\/fusor-problue-flex-sistemas-de-pegado-hot-melt\/\" \/>\n<meta property=\"og:site_name\" content=\"Professional Packaging Systems\" \/>\n<meta property=\"article:modified_time\" content=\"2025-04-21T19:24:19+00:00\" \/>\n<meta property=\"og:image\" content=\"https:\/\/propacmx.com\/wp-content\/uploads\/2025\/04\/Fusor-ProBlue\u00ae-Flex.webp\" \/>\n\t<meta property=\"og:image:width\" content=\"1563\" \/>\n\t<meta property=\"og:image:height\" content=\"1563\" \/>\n\t<meta property=\"og:image:type\" content=\"image\/webp\" \/>\n<meta name=\"twitter:card\" content=\"summary_large_image\" \/>\n<meta name=\"twitter:label1\" content=\"Price\" \/>\n\t<meta name=\"twitter:data1\" content=\"\" \/>\n\t<meta name=\"twitter:label2\" content=\"Availability\" \/>\n\t<meta name=\"twitter:data2\" content=\"In stock\" \/>\n<script type=\"application\/ld+json\" class=\"yoast-schema-graph\">{\"@context\":\"https:\\\/\\\/schema.org\",\"@graph\":[{\"@type\":\"WebPage\",\"@id\":\"https:\\\/\\\/propacmx.com\\\/product\\\/fusor-problue-flex-sistemas-de-pegado-hot-melt\\\/\",\"url\":\"https:\\\/\\\/propacmx.com\\\/product\\\/fusor-problue-flex-sistemas-de-pegado-hot-melt\\\/\",\"name\":\"Fusor ProBlue Flex - Sistemas de Pegado - Hot Melt\",\"isPartOf\":{\"@id\":\"https:\\\/\\\/propacmx.com\\\/#website\"},\"primaryImageOfPage\":{\"@id\":\"https:\\\/\\\/propacmx.com\\\/product\\\/fusor-problue-flex-sistemas-de-pegado-hot-melt\\\/#primaryimage\"},\"image\":{\"@id\":\"https:\\\/\\\/propacmx.com\\\/product\\\/fusor-problue-flex-sistemas-de-pegado-hot-melt\\\/#primaryimage\"},\"thumbnailUrl\":\"https:\\\/\\\/propacmx.com\\\/wp-content\\\/uploads\\\/2025\\\/04\\\/Fusor-ProBlue\u00ae-Flex.webp\",\"datePublished\":\"2025-04-20T00:41:22+00:00\",\"dateModified\":\"2025-04-21T19:24:19+00:00\",\"description\":\"\u2b50Fusor ProBlue Flex, parte de nuestra l\u00ednea de sistemas de pegado - hot melt, dise\u00f1ada para mejorar la eficiencia del empaque.\",\"breadcrumb\":{\"@id\":\"https:\\\/\\\/propacmx.com\\\/product\\\/fusor-problue-flex-sistemas-de-pegado-hot-melt\\\/#breadcrumb\"},\"inLanguage\":\"en-US\",\"potentialAction\":[{\"@type\":\"ReadAction\",\"target\":[\"https:\\\/\\\/propacmx.com\\\/product\\\/fusor-problue-flex-sistemas-de-pegado-hot-melt\\\/\"]}]},{\"@type\":\"ImageObject\",\"inLanguage\":\"en-US\",\"@id\":\"https:\\\/\\\/propacmx.com\\\/product\\\/fusor-problue-flex-sistemas-de-pegado-hot-melt\\\/#primaryimage\",\"url\":\"https:\\\/\\\/propacmx.com\\\/wp-content\\\/uploads\\\/2025\\\/04\\\/Fusor-ProBlue\u00ae-Flex.webp\",\"contentUrl\":\"https:\\\/\\\/propacmx.com\\\/wp-content\\\/uploads\\\/2025\\\/04\\\/Fusor-ProBlue\u00ae-Flex.webp\",\"width\":1563,\"height\":1563,\"caption\":\"Fusor ProBlue Flex - Sistema de Pegado\"},{\"@type\":\"BreadcrumbList\",\"@id\":\"https:\\\/\\\/propacmx.com\\\/product\\\/fusor-problue-flex-sistemas-de-pegado-hot-melt\\\/#breadcrumb\",\"itemListElement\":[{\"@type\":\"ListItem\",\"position\":1,\"name\":\"Home\",\"item\":\"https:\\\/\\\/propacmx.com\\\/\"},{\"@type\":\"ListItem\",\"position\":2,\"name\":\"Tienda\",\"item\":\"https:\\\/\\\/propacmx.com\\\/tienda\\\/\"},{\"@type\":\"ListItem\",\"position\":3,\"name\":\"Fusor ProBlue\u00ae Flex &#8211; Sistemas de Pegado &#8211; Hot Melt\"}]},{\"@type\":\"WebSite\",\"@id\":\"https:\\\/\\\/propacmx.com\\\/#website\",\"url\":\"https:\\\/\\\/propacmx.com\\\/\",\"name\":\"PRO PAC Professional Packaging Systems\",\"description\":\"PROPAC es tu socio estrat\u00e9gico en empaques. Combinamos calidad, servicio y tecnolog\u00eda para optimizar tus procesos log\u00edsticos.\",\"publisher\":{\"@id\":\"https:\\\/\\\/propacmx.com\\\/#organization\"},\"potentialAction\":[{\"@type\":\"SearchAction\",\"target\":{\"@type\":\"EntryPoint\",\"urlTemplate\":\"https:\\\/\\\/propacmx.com\\\/?s={search_term_string}\"},\"query-input\":{\"@type\":\"PropertyValueSpecification\",\"valueRequired\":true,\"valueName\":\"search_term_string\"}}],\"inLanguage\":\"en-US\"},{\"@type\":\"Organization\",\"@id\":\"https:\\\/\\\/propacmx.com\\\/#organization\",\"name\":\"PRO PAC Professional Packaging Systems\",\"url\":\"https:\\\/\\\/propacmx.com\\\/\",\"logo\":{\"@type\":\"ImageObject\",\"inLanguage\":\"en-US\",\"@id\":\"https:\\\/\\\/propacmx.com\\\/#\\\/schema\\\/logo\\\/image\\\/\",\"url\":\"\\\/wp-content\\\/uploads\\\/2025\\\/04\\\/PRO-PAC-MEXICO.webp\",\"contentUrl\":\"\\\/wp-content\\\/uploads\\\/2025\\\/04\\\/PRO-PAC-MEXICO.webp\",\"width\":1563,\"height\":1563,\"caption\":\"PRO PAC Professional Packaging Systems\"},\"image\":{\"@id\":\"https:\\\/\\\/propacmx.com\\\/#\\\/schema\\\/logo\\\/image\\\/\"}}]}<\/script>\n<meta property=\"product:brand\" content=\"Nordson\" \/>\n<meta property=\"product:price:currency\" content=\"MXN\" \/>\n<meta property=\"og:availability\" content=\"instock\" \/>\n<meta property=\"product:availability\" content=\"instock\" \/>\n<meta property=\"product:retailer_item_id\" content=\"prod-039\" \/>\n<meta property=\"product:condition\" content=\"new\" \/>\n<!-- \/ Yoast SEO Premium plugin. -->","yoast_head_json":{"title":"Fusor ProBlue Flex - Sistemas de Pegado - Hot Melt","description":"\u2b50Fusor ProBlue Flex, parte de nuestra l\u00ednea de sistemas de pegado - hot melt, dise\u00f1ada para mejorar la eficiencia del empaque.","robots":{"index":"index","follow":"follow","max-snippet":"max-snippet:-1","max-image-preview":"max-image-preview:large","max-video-preview":"max-video-preview:-1"},"canonical":"https:\/\/propacmx.com\/en\/product\/fusor-problue-flex-sistemas-de-pegado-hot-melt\/","og_locale":"en_US","og_type":"article","og_title":"Fusor ProBlue\u00ae Flex - Sistemas de Pegado - Hot Melt","og_description":"\u2b50Fusor ProBlue Flex, parte de nuestra l\u00ednea de sistemas de pegado - hot melt, dise\u00f1ada para mejorar la eficiencia del empaque.","og_url":"https:\/\/propacmx.com\/en\/product\/fusor-problue-flex-sistemas-de-pegado-hot-melt\/","og_site_name":"Professional Packaging Systems","article_modified_time":"2025-04-21T19:24:19+00:00","og_image":[{"width":1563,"height":1563,"url":"https:\/\/propacmx.com\/wp-content\/uploads\/2025\/04\/Fusor-ProBlue\u00ae-Flex.webp","type":"image\/webp"}],"twitter_card":"summary_large_image","twitter_misc":{"Price":"","Availability":"In stock"},"schema":{"@context":"https:\/\/schema.org","@graph":[{"@type":"WebPage","@id":"https:\/\/propacmx.com\/product\/fusor-problue-flex-sistemas-de-pegado-hot-melt\/","url":"https:\/\/propacmx.com\/product\/fusor-problue-flex-sistemas-de-pegado-hot-melt\/","name":"Fusor ProBlue Flex - Sistemas de Pegado - Hot Melt","isPartOf":{"@id":"https:\/\/propacmx.com\/#website"},"primaryImageOfPage":{"@id":"https:\/\/propacmx.com\/product\/fusor-problue-flex-sistemas-de-pegado-hot-melt\/#primaryimage"},"image":{"@id":"https:\/\/propacmx.com\/product\/fusor-problue-flex-sistemas-de-pegado-hot-melt\/#primaryimage"},"thumbnailUrl":"https:\/\/propacmx.com\/wp-content\/uploads\/2025\/04\/Fusor-ProBlue\u00ae-Flex.webp","datePublished":"2025-04-20T00:41:22+00:00","dateModified":"2025-04-21T19:24:19+00:00","description":"\u2b50Fusor ProBlue Flex, parte de nuestra l\u00ednea de sistemas de pegado - hot melt, dise\u00f1ada para mejorar la eficiencia del empaque.","breadcrumb":{"@id":"https:\/\/propacmx.com\/product\/fusor-problue-flex-sistemas-de-pegado-hot-melt\/#breadcrumb"},"inLanguage":"en-US","potentialAction":[{"@type":"ReadAction","target":["https:\/\/propacmx.com\/product\/fusor-problue-flex-sistemas-de-pegado-hot-melt\/"]}]},{"@type":"ImageObject","inLanguage":"en-US","@id":"https:\/\/propacmx.com\/product\/fusor-problue-flex-sistemas-de-pegado-hot-melt\/#primaryimage","url":"https:\/\/propacmx.com\/wp-content\/uploads\/2025\/04\/Fusor-ProBlue\u00ae-Flex.webp","contentUrl":"https:\/\/propacmx.com\/wp-content\/uploads\/2025\/04\/Fusor-ProBlue\u00ae-Flex.webp","width":1563,"height":1563,"caption":"Fusor ProBlue Flex - Sistema de Pegado"},{"@type":"BreadcrumbList","@id":"https:\/\/propacmx.com\/product\/fusor-problue-flex-sistemas-de-pegado-hot-melt\/#breadcrumb","itemListElement":[{"@type":"ListItem","position":1,"name":"Home","item":"https:\/\/propacmx.com\/"},{"@type":"ListItem","position":2,"name":"Tienda","item":"https:\/\/propacmx.com\/tienda\/"},{"@type":"ListItem","position":3,"name":"Fusor ProBlue\u00ae Flex &#8211; Sistemas de Pegado &#8211; Hot Melt"}]},{"@type":"WebSite","@id":"https:\/\/propacmx.com\/#website","url":"https:\/\/propacmx.com\/","name":"PRO PAC Professional Packaging Systems","description":"PROPAC is your strategic partner in packaging. We combine quality, service and technology to optimize your logistics processes.","publisher":{"@id":"https:\/\/propacmx.com\/#organization"},"potentialAction":[{"@type":"SearchAction","target":{"@type":"EntryPoint","urlTemplate":"https:\/\/propacmx.com\/?s={search_term_string}"},"query-input":{"@type":"PropertyValueSpecification","valueRequired":true,"valueName":"search_term_string"}}],"inLanguage":"en-US"},{"@type":"Organization","@id":"https:\/\/propacmx.com\/#organization","name":"PRO PAC Professional Packaging Systems","url":"https:\/\/propacmx.com\/","logo":{"@type":"ImageObject","inLanguage":"en-US","@id":"https:\/\/propacmx.com\/#\/schema\/logo\/image\/","url":"\/wp-content\/uploads\/2025\/04\/PRO-PAC-MEXICO.webp","contentUrl":"\/wp-content\/uploads\/2025\/04\/PRO-PAC-MEXICO.webp","width":1563,"height":1563,"caption":"PRO PAC Professional Packaging Systems"},"image":{"@id":"https:\/\/propacmx.com\/#\/schema\/logo\/image\/"}}]},"product_brand":"Nordson","product_price_currency":"MXN","og_availability":"instock","product_availability":"instock","product_retailer_item_id":"prod-039","product_condition":"new"},"_links":{"self":[{"href":"https:\/\/propacmx.com\/en\/wp-json\/wp\/v2\/product\/13687","targetHints":{"allow":["GET"]}}],"collection":[{"href":"https:\/\/propacmx.com\/en\/wp-json\/wp\/v2\/product"}],"about":[{"href":"https:\/\/propacmx.com\/en\/wp-json\/wp\/v2\/types\/product"}],"wp:featuredmedia":[{"embeddable":true,"href":"https:\/\/propacmx.com\/en\/wp-json\/wp\/v2\/media\/13790"}],"wp:attachment":[{"href":"https:\/\/propacmx.com\/en\/wp-json\/wp\/v2\/media?parent=13687"}],"wp:term":[{"taxonomy":"product_brand","embeddable":true,"href":"https:\/\/propacmx.com\/en\/wp-json\/wp\/v2\/product_brand?post=13687"},{"taxonomy":"product_cat","embeddable":true,"href":"https:\/\/propacmx.com\/en\/wp-json\/wp\/v2\/product_cat?post=13687"},{"taxonomy":"product_tag","embeddable":true,"href":"https:\/\/propacmx.com\/en\/wp-json\/wp\/v2\/product_tag?post=13687"}],"curies":[{"name":"wp","href":"https:\/\/api.w.org\/{rel}","templated":true}]}}