{"id":13686,"date":"2025-04-20T00:41:22","date_gmt":"2025-04-20T00:41:22","guid":{"rendered":"https:\/\/blanchedalmond-dinosaur-273996.hostingersite.com\/?post_type=product&#038;p=13686"},"modified":"2025-04-21T19:48:10","modified_gmt":"2025-04-21T19:48:10","slug":"aplicador-miniblue-ii-sistemas-de-pegado-hot-melt","status":"publish","type":"product","link":"https:\/\/propacmx.com\/en\/product\/aplicador-miniblue-ii-sistemas-de-pegado-hot-melt\/","title":{"rendered":"MiniBlue\u00ae II Applicator - Gluing Systems - Hot Melt"},"content":{"rendered":"<p class=\"\" data-start=\"561\" data-end=\"989\">El<strong data-start=\"564\" data-end=\"616\"> aplicador de pegamento termofusible MiniBlue II<\/strong> from <strong data-start=\"620\" data-end=\"631\">Nordson<\/strong> est\u00e1 dise\u00f1ado para ofrecer <strong data-start=\"659\" data-end=\"709\">rendimiento superior y durabilidad excepcional<\/strong> en aplicaciones de empaque que requieren alta velocidad y precisi\u00f3n. Con un tiempo de dispensaci\u00f3n tan bajo como <strong data-start=\"823\" data-end=\"841\">2 milisegundos<\/strong>, este aplicador asegura cortes de adhesivo limpios, patrones uniformes y una operaci\u00f3n eficiente incluso en las l\u00edneas de producci\u00f3n m\u00e1s exigentes.<\/p>\n<p class=\"\" data-start=\"991\" data-end=\"1361\">Gracias a su dise\u00f1o robusto y confiable, el MiniBlue II proporciona <strong data-start=\"1059\" data-end=\"1118\">la vida \u00fatil m\u00e1s prolongada en la industria del empaque<\/strong>, reduciendo al m\u00ednimo los costos de mantenimiento, tiempos de inactividad y necesidad de repuestos. Su funcionamiento optimizado permite una significativa reducci\u00f3n en el uso de adhesivo, logrando eficiencia en consumo y ahorro de materiales.<\/p>\n<h3 data-start=\"1368\" data-end=\"1396\"><\/h3>\n<h3 class=\"\" data-start=\"1368\" data-end=\"1396\"><strong data-start=\"1372\" data-end=\"1396\">Ventajas destacadas:<\/strong><\/h3>\n<ul data-start=\"1398\" data-end=\"1800\">\n<li class=\"\" data-start=\"1398\" data-end=\"1468\">\n<p class=\"\" data-start=\"1400\" data-end=\"1468\">Ciclos de operaci\u00f3n extremadamente r\u00e1pidos para m\u00e1xima productividad<\/p>\n<\/li>\n<li class=\"\" data-start=\"1469\" data-end=\"1531\">\n<p class=\"\" data-start=\"1471\" data-end=\"1531\">Dispensaci\u00f3n intermitente que permite <strong data-start=\"1509\" data-end=\"1531\">ahorro de adhesivo<\/strong><\/p>\n<\/li>\n<li class=\"\" data-start=\"1532\" data-end=\"1593\">\n<p class=\"\" data-start=\"1534\" data-end=\"1593\">Corte n\u00edtido del cord\u00f3n de adhesivo para resultados limpios<\/p>\n<\/li>\n<li class=\"\" data-start=\"1594\" data-end=\"1648\">\n<p class=\"\" data-start=\"1596\" data-end=\"1648\"><strong data-start=\"1596\" data-end=\"1616\">Fuerza neum\u00e1tica<\/strong> de apertura y cierre optimizada<\/p>\n<\/li>\n<li class=\"\" data-start=\"1649\" data-end=\"1739\">\n<p class=\"\" data-start=\"1651\" data-end=\"1739\">Compatible con el <strong data-start=\"1669\" data-end=\"1689\">m\u00f3dulo SureBead\u00ae<\/strong> para limpieza automatizada y m\u00ednimo mantenimiento<\/p>\n<\/li>\n<li class=\"\" data-start=\"1740\" data-end=\"1800\">\n<p class=\"\" data-start=\"1742\" data-end=\"1800\">Dise\u00f1ado para integrarse con l\u00edneas de producci\u00f3n modernas<\/p>\n<\/li>\n<\/ul>\n<p class=\"\" data-start=\"1988\" data-end=\"2048\">\n<p class=\"\" data-start=\"2055\" data-end=\"2370\">El <strong data-start=\"2058\" data-end=\"2073\">MiniBlue II<\/strong> es una soluci\u00f3n confiable para reducir el uso de adhesivo, optimizar la eficiencia del empaque y prolongar la vida \u00fatil del equipo. Su desempe\u00f1o de alta velocidad lo convierte en la opci\u00f3n ideal para operaciones que demandan precisi\u00f3n, limpieza y reducci\u00f3n de costos en el dispensado de hot melt.<\/p>","protected":false},"excerpt":{"rendered":"<p class=\"\" data-start=\"257\" data-end=\"511\">El <strong>adhesivo aplicador MiniBlue<\/strong>\u00a0II ofrece la vida \u00fatil m\u00e1s larga en su categor\u00eda. Dise\u00f1ado para aplicaciones de empaque de alta velocidad, permite una dispensaci\u00f3n precisa, menor consumo de adhesivo y reducci\u00f3n de costos operativos y de mantenimiento.<\/p>","protected":false},"featured_media":13795,"template":"","meta":[],"product_brand":[185],"product_cat":[108],"product_tag":[117,118,162],"class_list":{"0":"post-13686","1":"product","2":"type-product","3":"status-publish","4":"has-post-thumbnail","6":"product_brand-nordson","7":"product_cat-sistemas-de-pegado-hot-melt","8":"product_tag-maquinaria-de-empaque","9":"product_tag-selladoras-industriales","10":"product_tag-sistemas-de-pegado-hot-melt","12":"first","13":"instock","14":"shipping-taxable","15":"product-type-simple"},"yoast_head":"<!-- This site is optimized with the Yoast SEO Premium plugin v24.3 (Yoast SEO v27.6) - https:\/\/yoast.com\/product\/yoast-seo-premium-wordpress\/ -->\n<title>Aplicador MiniBlue II - Sistemas de Pegado - Hot Melt<\/title>\n<meta name=\"description\" content=\"\u2b50 Aplicador MiniBlue II, parte de nuestra l\u00ednea de sistemas de pegado - hot melt, dise\u00f1ada para mejorar la eficiencia del empaque.\" \/>\n<meta name=\"robots\" content=\"index, follow, max-snippet:-1, max-image-preview:large, max-video-preview:-1\" \/>\n<link rel=\"canonical\" href=\"https:\/\/propacmx.com\/en\/product\/aplicador-miniblue-ii-sistemas-de-pegado-hot-melt\/\" \/>\n<meta property=\"og:locale\" content=\"en_US\" \/>\n<meta property=\"og:type\" content=\"article\" \/>\n<meta property=\"og:title\" content=\"Aplicador MiniBlue\u00ae II - Sistemas de Pegado - Hot Melt\" \/>\n<meta property=\"og:description\" content=\"\u2b50 Aplicador MiniBlue II, parte de nuestra l\u00ednea de sistemas de pegado - hot melt, dise\u00f1ada para mejorar la eficiencia del empaque.\" \/>\n<meta property=\"og:url\" content=\"https:\/\/propacmx.com\/en\/product\/aplicador-miniblue-ii-sistemas-de-pegado-hot-melt\/\" \/>\n<meta property=\"og:site_name\" content=\"Professional Packaging Systems\" \/>\n<meta property=\"article:modified_time\" content=\"2025-04-21T19:48:10+00:00\" \/>\n<meta property=\"og:image\" content=\"https:\/\/propacmx.com\/wp-content\/uploads\/2025\/04\/Aplicador-MiniBlue.webp\" \/>\n\t<meta property=\"og:image:width\" content=\"1563\" \/>\n\t<meta property=\"og:image:height\" content=\"1563\" \/>\n\t<meta property=\"og:image:type\" content=\"image\/webp\" \/>\n<meta name=\"twitter:card\" content=\"summary_large_image\" \/>\n<meta name=\"twitter:label1\" content=\"Price\" \/>\n\t<meta name=\"twitter:data1\" content=\"\" \/>\n\t<meta name=\"twitter:label2\" content=\"Availability\" \/>\n\t<meta name=\"twitter:data2\" content=\"In stock\" \/>\n<script type=\"application\/ld+json\" class=\"yoast-schema-graph\">{\"@context\":\"https:\\\/\\\/schema.org\",\"@graph\":[{\"@type\":\"WebPage\",\"@id\":\"https:\\\/\\\/propacmx.com\\\/product\\\/aplicador-miniblue-ii-sistemas-de-pegado-hot-melt\\\/\",\"url\":\"https:\\\/\\\/propacmx.com\\\/product\\\/aplicador-miniblue-ii-sistemas-de-pegado-hot-melt\\\/\",\"name\":\"Aplicador MiniBlue II - Sistemas de Pegado - Hot Melt\",\"isPartOf\":{\"@id\":\"https:\\\/\\\/propacmx.com\\\/#website\"},\"primaryImageOfPage\":{\"@id\":\"https:\\\/\\\/propacmx.com\\\/product\\\/aplicador-miniblue-ii-sistemas-de-pegado-hot-melt\\\/#primaryimage\"},\"image\":{\"@id\":\"https:\\\/\\\/propacmx.com\\\/product\\\/aplicador-miniblue-ii-sistemas-de-pegado-hot-melt\\\/#primaryimage\"},\"thumbnailUrl\":\"https:\\\/\\\/propacmx.com\\\/wp-content\\\/uploads\\\/2025\\\/04\\\/Aplicador-MiniBlue.webp\",\"datePublished\":\"2025-04-20T00:41:22+00:00\",\"dateModified\":\"2025-04-21T19:48:10+00:00\",\"description\":\"\u2b50 Aplicador MiniBlue II, parte de nuestra l\u00ednea de sistemas de pegado - hot melt, dise\u00f1ada para mejorar la eficiencia del empaque.\",\"breadcrumb\":{\"@id\":\"https:\\\/\\\/propacmx.com\\\/product\\\/aplicador-miniblue-ii-sistemas-de-pegado-hot-melt\\\/#breadcrumb\"},\"inLanguage\":\"en-US\",\"potentialAction\":[{\"@type\":\"ReadAction\",\"target\":[\"https:\\\/\\\/propacmx.com\\\/product\\\/aplicador-miniblue-ii-sistemas-de-pegado-hot-melt\\\/\"]}]},{\"@type\":\"ImageObject\",\"inLanguage\":\"en-US\",\"@id\":\"https:\\\/\\\/propacmx.com\\\/product\\\/aplicador-miniblue-ii-sistemas-de-pegado-hot-melt\\\/#primaryimage\",\"url\":\"https:\\\/\\\/propacmx.com\\\/wp-content\\\/uploads\\\/2025\\\/04\\\/Aplicador-MiniBlue.webp\",\"contentUrl\":\"https:\\\/\\\/propacmx.com\\\/wp-content\\\/uploads\\\/2025\\\/04\\\/Aplicador-MiniBlue.webp\",\"width\":1563,\"height\":1563,\"caption\":\"Aplicador MiniBlue\"},{\"@type\":\"BreadcrumbList\",\"@id\":\"https:\\\/\\\/propacmx.com\\\/product\\\/aplicador-miniblue-ii-sistemas-de-pegado-hot-melt\\\/#breadcrumb\",\"itemListElement\":[{\"@type\":\"ListItem\",\"position\":1,\"name\":\"Home\",\"item\":\"https:\\\/\\\/propacmx.com\\\/\"},{\"@type\":\"ListItem\",\"position\":2,\"name\":\"Tienda\",\"item\":\"https:\\\/\\\/propacmx.com\\\/tienda\\\/\"},{\"@type\":\"ListItem\",\"position\":3,\"name\":\"Aplicador MiniBlue\u00ae II &#8211; Sistemas de Pegado &#8211; Hot Melt\"}]},{\"@type\":\"WebSite\",\"@id\":\"https:\\\/\\\/propacmx.com\\\/#website\",\"url\":\"https:\\\/\\\/propacmx.com\\\/\",\"name\":\"PRO PAC Professional Packaging Systems\",\"description\":\"PROPAC es tu socio estrat\u00e9gico en empaques. Combinamos calidad, servicio y tecnolog\u00eda para optimizar tus procesos log\u00edsticos.\",\"publisher\":{\"@id\":\"https:\\\/\\\/propacmx.com\\\/#organization\"},\"potentialAction\":[{\"@type\":\"SearchAction\",\"target\":{\"@type\":\"EntryPoint\",\"urlTemplate\":\"https:\\\/\\\/propacmx.com\\\/?s={search_term_string}\"},\"query-input\":{\"@type\":\"PropertyValueSpecification\",\"valueRequired\":true,\"valueName\":\"search_term_string\"}}],\"inLanguage\":\"en-US\"},{\"@type\":\"Organization\",\"@id\":\"https:\\\/\\\/propacmx.com\\\/#organization\",\"name\":\"PRO PAC Professional Packaging Systems\",\"url\":\"https:\\\/\\\/propacmx.com\\\/\",\"logo\":{\"@type\":\"ImageObject\",\"inLanguage\":\"en-US\",\"@id\":\"https:\\\/\\\/propacmx.com\\\/#\\\/schema\\\/logo\\\/image\\\/\",\"url\":\"\\\/wp-content\\\/uploads\\\/2025\\\/04\\\/PRO-PAC-MEXICO.webp\",\"contentUrl\":\"\\\/wp-content\\\/uploads\\\/2025\\\/04\\\/PRO-PAC-MEXICO.webp\",\"width\":1563,\"height\":1563,\"caption\":\"PRO PAC Professional Packaging Systems\"},\"image\":{\"@id\":\"https:\\\/\\\/propacmx.com\\\/#\\\/schema\\\/logo\\\/image\\\/\"}}]}<\/script>\n<meta property=\"product:brand\" content=\"Nordson\" \/>\n<meta property=\"product:price:currency\" content=\"MXN\" \/>\n<meta property=\"og:availability\" content=\"instock\" \/>\n<meta property=\"product:availability\" content=\"instock\" \/>\n<meta property=\"product:retailer_item_id\" content=\"prod-038\" \/>\n<meta property=\"product:condition\" content=\"new\" \/>\n<!-- \/ Yoast SEO Premium plugin. -->","yoast_head_json":{"title":"Aplicador MiniBlue II - Sistemas de Pegado - Hot Melt","description":"\u2b50 Aplicador MiniBlue II, parte de nuestra l\u00ednea de sistemas de pegado - hot melt, dise\u00f1ada para mejorar la eficiencia del empaque.","robots":{"index":"index","follow":"follow","max-snippet":"max-snippet:-1","max-image-preview":"max-image-preview:large","max-video-preview":"max-video-preview:-1"},"canonical":"https:\/\/propacmx.com\/en\/product\/aplicador-miniblue-ii-sistemas-de-pegado-hot-melt\/","og_locale":"en_US","og_type":"article","og_title":"Aplicador MiniBlue\u00ae II - Sistemas de Pegado - Hot Melt","og_description":"\u2b50 Aplicador MiniBlue II, parte de nuestra l\u00ednea de sistemas de pegado - hot melt, dise\u00f1ada para mejorar la eficiencia del empaque.","og_url":"https:\/\/propacmx.com\/en\/product\/aplicador-miniblue-ii-sistemas-de-pegado-hot-melt\/","og_site_name":"Professional Packaging Systems","article_modified_time":"2025-04-21T19:48:10+00:00","og_image":[{"width":1563,"height":1563,"url":"https:\/\/propacmx.com\/wp-content\/uploads\/2025\/04\/Aplicador-MiniBlue.webp","type":"image\/webp"}],"twitter_card":"summary_large_image","twitter_misc":{"Price":"","Availability":"In stock"},"schema":{"@context":"https:\/\/schema.org","@graph":[{"@type":"WebPage","@id":"https:\/\/propacmx.com\/product\/aplicador-miniblue-ii-sistemas-de-pegado-hot-melt\/","url":"https:\/\/propacmx.com\/product\/aplicador-miniblue-ii-sistemas-de-pegado-hot-melt\/","name":"Aplicador MiniBlue II - Sistemas de Pegado - Hot Melt","isPartOf":{"@id":"https:\/\/propacmx.com\/#website"},"primaryImageOfPage":{"@id":"https:\/\/propacmx.com\/product\/aplicador-miniblue-ii-sistemas-de-pegado-hot-melt\/#primaryimage"},"image":{"@id":"https:\/\/propacmx.com\/product\/aplicador-miniblue-ii-sistemas-de-pegado-hot-melt\/#primaryimage"},"thumbnailUrl":"https:\/\/propacmx.com\/wp-content\/uploads\/2025\/04\/Aplicador-MiniBlue.webp","datePublished":"2025-04-20T00:41:22+00:00","dateModified":"2025-04-21T19:48:10+00:00","description":"\u2b50 Aplicador MiniBlue II, parte de nuestra l\u00ednea de sistemas de pegado - hot melt, dise\u00f1ada para mejorar la eficiencia del empaque.","breadcrumb":{"@id":"https:\/\/propacmx.com\/product\/aplicador-miniblue-ii-sistemas-de-pegado-hot-melt\/#breadcrumb"},"inLanguage":"en-US","potentialAction":[{"@type":"ReadAction","target":["https:\/\/propacmx.com\/product\/aplicador-miniblue-ii-sistemas-de-pegado-hot-melt\/"]}]},{"@type":"ImageObject","inLanguage":"en-US","@id":"https:\/\/propacmx.com\/product\/aplicador-miniblue-ii-sistemas-de-pegado-hot-melt\/#primaryimage","url":"https:\/\/propacmx.com\/wp-content\/uploads\/2025\/04\/Aplicador-MiniBlue.webp","contentUrl":"https:\/\/propacmx.com\/wp-content\/uploads\/2025\/04\/Aplicador-MiniBlue.webp","width":1563,"height":1563,"caption":"Aplicador MiniBlue"},{"@type":"BreadcrumbList","@id":"https:\/\/propacmx.com\/product\/aplicador-miniblue-ii-sistemas-de-pegado-hot-melt\/#breadcrumb","itemListElement":[{"@type":"ListItem","position":1,"name":"Home","item":"https:\/\/propacmx.com\/"},{"@type":"ListItem","position":2,"name":"Tienda","item":"https:\/\/propacmx.com\/tienda\/"},{"@type":"ListItem","position":3,"name":"Aplicador MiniBlue\u00ae II &#8211; Sistemas de Pegado &#8211; Hot Melt"}]},{"@type":"WebSite","@id":"https:\/\/propacmx.com\/#website","url":"https:\/\/propacmx.com\/","name":"PRO PAC Professional Packaging Systems","description":"PROPAC is your strategic partner in packaging. We combine quality, service and technology to optimize your logistics processes.","publisher":{"@id":"https:\/\/propacmx.com\/#organization"},"potentialAction":[{"@type":"SearchAction","target":{"@type":"EntryPoint","urlTemplate":"https:\/\/propacmx.com\/?s={search_term_string}"},"query-input":{"@type":"PropertyValueSpecification","valueRequired":true,"valueName":"search_term_string"}}],"inLanguage":"en-US"},{"@type":"Organization","@id":"https:\/\/propacmx.com\/#organization","name":"PRO PAC Professional Packaging Systems","url":"https:\/\/propacmx.com\/","logo":{"@type":"ImageObject","inLanguage":"en-US","@id":"https:\/\/propacmx.com\/#\/schema\/logo\/image\/","url":"\/wp-content\/uploads\/2025\/04\/PRO-PAC-MEXICO.webp","contentUrl":"\/wp-content\/uploads\/2025\/04\/PRO-PAC-MEXICO.webp","width":1563,"height":1563,"caption":"PRO PAC Professional Packaging Systems"},"image":{"@id":"https:\/\/propacmx.com\/#\/schema\/logo\/image\/"}}]},"product_brand":"Nordson","product_price_currency":"MXN","og_availability":"instock","product_availability":"instock","product_retailer_item_id":"prod-038","product_condition":"new"},"_links":{"self":[{"href":"https:\/\/propacmx.com\/en\/wp-json\/wp\/v2\/product\/13686","targetHints":{"allow":["GET"]}}],"collection":[{"href":"https:\/\/propacmx.com\/en\/wp-json\/wp\/v2\/product"}],"about":[{"href":"https:\/\/propacmx.com\/en\/wp-json\/wp\/v2\/types\/product"}],"wp:featuredmedia":[{"embeddable":true,"href":"https:\/\/propacmx.com\/en\/wp-json\/wp\/v2\/media\/13795"}],"wp:attachment":[{"href":"https:\/\/propacmx.com\/en\/wp-json\/wp\/v2\/media?parent=13686"}],"wp:term":[{"taxonomy":"product_brand","embeddable":true,"href":"https:\/\/propacmx.com\/en\/wp-json\/wp\/v2\/product_brand?post=13686"},{"taxonomy":"product_cat","embeddable":true,"href":"https:\/\/propacmx.com\/en\/wp-json\/wp\/v2\/product_cat?post=13686"},{"taxonomy":"product_tag","embeddable":true,"href":"https:\/\/propacmx.com\/en\/wp-json\/wp\/v2\/product_tag?post=13686"}],"curies":[{"name":"wp","href":"https:\/\/api.w.org\/{rel}","templated":true}]}}