{"id":13685,"date":"2025-04-20T00:41:22","date_gmt":"2025-04-20T00:41:22","guid":{"rendered":"https:\/\/blanchedalmond-dinosaur-273996.hostingersite.com\/?post_type=product&#038;p=13685"},"modified":"2025-04-21T23:35:02","modified_gmt":"2025-04-21T23:35:02","slug":"kit-de-relleno-fulfill-sistemas-de-pegado-hot-melt-selladoras-y-equipos-de-empaque","status":"publish","type":"product","link":"https:\/\/propacmx.com\/en\/product\/kit-de-relleno-fulfill-sistemas-de-pegado-hot-melt-selladoras-y-equipos-de-empaque\/","title":{"rendered":"Fulfill\u00ae Filler Kit - Hot Melt Filling Systems - Hot Melt"},"content":{"rendered":"<p class=\"\" data-start=\"669\" data-end=\"1140\">El <strong data-start=\"672\" data-end=\"734\">Kit de Relleno de Adhesivo de Reacondicionamiento Fulfill \u00ae<\/strong> de <strong data-start=\"738\" data-end=\"749\">Nordson<\/strong> permite transformar fusores existentes en sistemas de alimentaci\u00f3n autom\u00e1tica, sin necesidad de reemplazar equipos. Su instalaci\u00f3n es sencilla y se adapta a la mayor\u00eda de los modelos de fusores Nordson utilizados en aplicaciones de empaque. Esta soluci\u00f3n reduce significativamente los costos operativos asociados con el manejo manual del adhesivo y mejora la eficiencia general del sistema.<\/p>\n<p class=\"\" data-start=\"1142\" data-end=\"1515\">El sistema <strong data-start=\"1153\" data-end=\"1193\">automatiza el suministro de adhesivo<\/strong> desde un contenedor de alimentaci\u00f3n (individual o m\u00faltiple), eliminando los problemas frecuentes relacionados con la carbonizaci\u00f3n, los vac\u00edos en los tanques de fusi\u00f3n y los cordones faltantes. Adem\u00e1s, permite una mayor seguridad operativa al reducir la interacci\u00f3n directa del operador con los equipos en funcionamiento.<\/p>\n<h3 data-start=\"1522\" data-end=\"1550\"><\/h3>\n<h3 class=\"\" data-start=\"1522\" data-end=\"1550\"><strong data-start=\"1526\" data-end=\"1550\">Ventajas operativas:<\/strong><\/h3>\n<ul data-start=\"1552\" data-end=\"1940\">\n<li class=\"\" data-start=\"1552\" data-end=\"1625\">\n<p class=\"\" data-start=\"1554\" data-end=\"1625\">Reducci\u00f3n del desperdicio de adhesivo y rechazos por sellado deficiente<\/p>\n<\/li>\n<li class=\"\" data-start=\"1626\" data-end=\"1682\">\n<p class=\"\" data-start=\"1628\" data-end=\"1682\">Prevenci\u00f3n de carbonizaci\u00f3n y degradaci\u00f3n del adhesivo<\/p>\n<\/li>\n<li class=\"\" data-start=\"1683\" data-end=\"1749\">\n<p class=\"\" data-start=\"1685\" data-end=\"1749\">Disminuci\u00f3n del tiempo de inactividad y costos por mantenimiento<\/p>\n<\/li>\n<li class=\"\" data-start=\"1750\" data-end=\"1833\">\n<p class=\"\" data-start=\"1752\" data-end=\"1833\">Adaptabilidad a m\u00faltiples modelos de fusores y a distintas longitudes de manguera<\/p>\n<\/li>\n<li class=\"\" data-start=\"1834\" data-end=\"1897\">\n<p class=\"\" data-start=\"1836\" data-end=\"1897\">Capacidad para alimentar hasta cuatro fusores simult\u00e1neamente<\/p>\n<\/li>\n<li class=\"\" data-start=\"1898\" data-end=\"1940\">\n<p class=\"\" data-start=\"1900\" data-end=\"1940\">Configuraci\u00f3n r\u00e1pida y sencilla en campo<\/p>\n<\/li>\n<\/ul>\n<h3 data-start=\"1947\" data-end=\"1990\"><\/h3>\n<h3 class=\"\" data-start=\"1947\" data-end=\"1990\"><strong data-start=\"1951\" data-end=\"1990\">Compatibilidad con fusores Nordson:<\/strong><\/h3>\n<ul data-start=\"1992\" data-end=\"2179\">\n<li class=\"\" data-start=\"1992\" data-end=\"2022\">\n<p class=\"\" data-start=\"1994\" data-end=\"2022\">ProBlue 4, 7, 10, 15, 30, 50<\/p>\n<\/li>\n<li class=\"\" data-start=\"2023\" data-end=\"2065\">\n<p class=\"\" data-start=\"2025\" data-end=\"2065\">Series 3100, 3400, 3500, 3700, 3860\/3960<\/p>\n<\/li>\n<li class=\"\" data-start=\"2066\" data-end=\"2084\">\n<p class=\"\" data-start=\"2068\" data-end=\"2084\">Mesa 4, 6, 9, 14<\/p>\n<\/li>\n<li class=\"\" data-start=\"2085\" data-end=\"2119\">\n<p class=\"\" data-start=\"2087\" data-end=\"2119\">DuraBlue y VersaBlue 25, 50, 100<\/p>\n<\/li>\n<li class=\"\" data-start=\"2120\" data-end=\"2148\">\n<p class=\"\" data-start=\"2122\" data-end=\"2148\">AltaBlue 10\/16, 30\/50 (TS)<\/p>\n<\/li>\n<li class=\"\" data-start=\"2149\" data-end=\"2179\">\n<p class=\"\" data-start=\"2151\" data-end=\"2179\">FM200 y sistemas Universales<\/p>\n<\/li>\n<\/ul>\n<h3 data-start=\"2186\" data-end=\"2220\"><\/h3>\n<h3 class=\"\" data-start=\"2186\" data-end=\"2220\"><strong data-start=\"2190\" data-end=\"2220\">Datos t\u00e9cnicos destacados:<\/strong><\/h3>\n<div class=\"group pointer-events-none relative flex justify-center *:pointer-events-auto\">\n<p>&nbsp;<\/p>\n<div class=\"tableContainer horzScrollShadows relative\">\n<table class=\"min-w-full\" data-start=\"2222\" data-end=\"3498\">\n<thead data-start=\"2222\" data-end=\"2328\">\n<tr data-start=\"2222\" data-end=\"2328\">\n<th data-start=\"2222\" data-end=\"2259\">Especificaci\u00f3n<\/th>\n<th data-start=\"2259\" data-end=\"2328\">Detalle<\/th>\n<\/tr>\n<\/thead>\n<tbody data-start=\"2436\" data-end=\"3498\">\n<tr data-start=\"2436\" data-end=\"2541\">\n<td class=\"max-w-[calc(var(--thread-content-max-width)*2\/3)]\" data-start=\"2436\" data-end=\"2472\">Formatos de adhesivo<\/td>\n<td class=\"max-w-[calc(var(--thread-content-max-width)*2\/3)] min-w-[calc(var(--thread-content-max-width)\/3)]\" data-start=\"2472\" data-end=\"2541\">Pellets, pastillas hasta 12 mm, minilamas hasta 12 x 12 mm<\/td>\n<\/tr>\n<tr data-start=\"2542\" data-end=\"2647\">\n<td class=\"max-w-[calc(var(--thread-content-max-width)*2\/3)]\" data-start=\"2542\" data-end=\"2578\">Tasa m\u00e1x. de transferencia<\/td>\n<td class=\"max-w-[calc(var(--thread-content-max-width)*2\/3)]\" data-start=\"2578\" data-end=\"2647\">Hasta 275 kg\/h (seg\u00fan tipo de adhesivo)<\/td>\n<\/tr>\n<tr data-start=\"2648\" data-end=\"2754\">\n<td class=\"max-w-[calc(var(--thread-content-max-width)*2\/3)]\" data-start=\"2648\" data-end=\"2684\">Longitudes de manguera<\/td>\n<td class=\"max-w-[calc(var(--thread-content-max-width)*2\/3)]\" data-start=\"2684\" data-end=\"2754\">4 m, 9 m, 18 m<\/td>\n<\/tr>\n<tr data-start=\"2755\" data-end=\"2861\">\n<td class=\"max-w-[calc(var(--thread-content-max-width)*2\/3)]\" data-start=\"2755\" data-end=\"2791\">Aire requerido<\/td>\n<td class=\"max-w-[calc(var(--thread-content-max-width)*2\/3)] min-w-[calc(var(--thread-content-max-width)\/3)]\" data-start=\"2791\" data-end=\"2861\">De 17 a 30 CFM seg\u00fan la longitud y altura de transferencia<\/td>\n<\/tr>\n<tr data-start=\"2862\" data-end=\"2967\">\n<td class=\"max-w-[calc(var(--thread-content-max-width)*2\/3)]\" data-start=\"2862\" data-end=\"2898\">Presi\u00f3n m\u00ednima\/m\u00e1xima<\/td>\n<td class=\"max-w-[calc(var(--thread-content-max-width)*2\/3)]\" data-start=\"2898\" data-end=\"2967\">2.75 \u2013 6.9 bar (40\u2013100 psi)<\/td>\n<\/tr>\n<tr data-start=\"2968\" data-end=\"3074\">\n<td class=\"max-w-[calc(var(--thread-content-max-width)*2\/3)]\" data-start=\"2968\" data-end=\"3004\">Conexi\u00f3n de aire<\/td>\n<td class=\"max-w-[calc(var(--thread-content-max-width)*2\/3)]\" data-start=\"3004\" data-end=\"3074\">1\/4\u201d NPT, BSPP o G 1\/4 hembra<\/td>\n<\/tr>\n<tr data-start=\"3075\" data-end=\"3180\">\n<td class=\"max-w-[calc(var(--thread-content-max-width)*2\/3)]\" data-start=\"3075\" data-end=\"3111\">Voltaje de operaci\u00f3n<\/td>\n<td class=\"max-w-[calc(var(--thread-content-max-width)*2\/3)]\" data-start=\"3111\" data-end=\"3180\">100\u2013240 V, monof\u00e1sico<\/td>\n<\/tr>\n<tr data-start=\"3181\" data-end=\"3286\">\n<td class=\"max-w-[calc(var(--thread-content-max-width)*2\/3)]\" data-start=\"3181\" data-end=\"3219\">Capacidad del contenedor (adhesivo)<\/td>\n<td class=\"max-w-[calc(var(--thread-content-max-width)*2\/3)] min-w-[calc(var(--thread-content-max-width)\/3)]\" data-start=\"3219\" data-end=\"3286\">40 kg (alimentaci\u00f3n \u00fanica), 64 kg (alimentaci\u00f3n m\u00faltiple)<\/td>\n<\/tr>\n<tr data-start=\"3287\" data-end=\"3392\">\n<td class=\"max-w-[calc(var(--thread-content-max-width)*2\/3)]\" data-start=\"3287\" data-end=\"3323\">Grado de protecci\u00f3n<\/td>\n<td class=\"max-w-[calc(var(--thread-content-max-width)*2\/3)]\" data-start=\"3323\" data-end=\"3392\">IP54<\/td>\n<\/tr>\n<tr data-start=\"3393\" data-end=\"3498\">\n<td class=\"max-w-[calc(var(--thread-content-max-width)*2\/3)]\" data-start=\"3393\" data-end=\"3429\">Nivel de ruido<\/td>\n<td class=\"max-w-[calc(var(--thread-content-max-width)*2\/3)]\" data-start=\"3429\" data-end=\"3498\">76 dBA<\/td>\n<\/tr>\n<\/tbody>\n<\/table>\n<\/div>\n<\/div>\n<p class=\"\" data-start=\"3505\" data-end=\"3780\">Este kit es una opci\u00f3n eficiente, adaptable y rentable para modernizar la gesti\u00f3n del adhesivo en l\u00edneas de producci\u00f3n exigentes. Es ideal para fabricantes que buscan mantener su infraestructura existente mientras mejoran el rendimiento y reducen el costo total de operaci\u00f3n.<\/p>\n","protected":false},"excerpt":{"rendered":"<p class=\"\" data-start=\"326\" data-end=\"619\">El <strong data-start=\"329\" data-end=\"377\">Kit de Relleno de Adhesivo Fulfill \u00ae Retrofit<\/strong> de Nordson automatiza la alimentaci\u00f3n de adhesivo en fusores ya instalados, reduciendo desperdicio, tiempo de inactividad y mantenimiento. Compatible con m\u00faltiples modelos de fusores y capaz de abastecer hasta cuatro equipos al mismo tiempo.<\/p>","protected":false},"featured_media":13796,"template":"","meta":[],"product_brand":[185],"product_cat":[108],"product_tag":[165,117,118,162],"class_list":{"0":"post-13685","1":"product","2":"type-product","3":"status-publish","4":"has-post-thumbnail","6":"product_brand-nordson","7":"product_cat-sistemas-de-pegado-hot-melt","8":"product_tag-kit-de-relleno-fulfill","9":"product_tag-maquinaria-de-empaque","10":"product_tag-selladoras-industriales","11":"product_tag-sistemas-de-pegado-hot-melt","13":"first","14":"instock","15":"shipping-taxable","16":"product-type-simple"},"yoast_head":"<!-- This site is optimized with the Yoast SEO Premium plugin v24.3 (Yoast SEO v27.6) - https:\/\/yoast.com\/product\/yoast-seo-premium-wordpress\/ -->\n<title>Kit de Relleno Fulfill - Sistemas de Pegado - Hot Melt<\/title>\n<meta name=\"description\" content=\"\u2b50 Kit de Relleno Fulfill, parte de nuestra l\u00ednea de sistemas de pegado - hot melt, dise\u00f1ada para mejorar la eficiencia del empaque.\" \/>\n<meta name=\"robots\" content=\"index, follow, max-snippet:-1, max-image-preview:large, max-video-preview:-1\" \/>\n<link rel=\"canonical\" href=\"https:\/\/propacmx.com\/en\/product\/kit-de-relleno-fulfill-sistemas-de-pegado-hot-melt-selladoras-y-equipos-de-empaque\/\" \/>\n<meta property=\"og:locale\" content=\"en_US\" \/>\n<meta property=\"og:type\" content=\"article\" \/>\n<meta property=\"og:title\" content=\"Kit de Relleno Fulfill\u00ae - Sistemas de Pegado - Hot Melt\" \/>\n<meta property=\"og:description\" content=\"\u2b50 Kit de Relleno Fulfill, parte de nuestra l\u00ednea de sistemas de pegado - hot melt, dise\u00f1ada para mejorar la eficiencia del empaque.\" \/>\n<meta property=\"og:url\" content=\"https:\/\/propacmx.com\/en\/product\/kit-de-relleno-fulfill-sistemas-de-pegado-hot-melt-selladoras-y-equipos-de-empaque\/\" \/>\n<meta property=\"og:site_name\" content=\"Professional Packaging Systems\" \/>\n<meta property=\"article:modified_time\" content=\"2025-04-21T23:35:02+00:00\" \/>\n<meta property=\"og:image\" content=\"https:\/\/propacmx.com\/wp-content\/uploads\/2025\/04\/Kit-de-relleno-de-adhesivo-de-reacondicionamiento-Fulfill.webp\" \/>\n\t<meta property=\"og:image:width\" content=\"1563\" \/>\n\t<meta property=\"og:image:height\" content=\"1563\" \/>\n\t<meta property=\"og:image:type\" content=\"image\/webp\" \/>\n<meta name=\"twitter:card\" content=\"summary_large_image\" \/>\n<meta name=\"twitter:label1\" content=\"Price\" \/>\n\t<meta name=\"twitter:data1\" content=\"\" \/>\n\t<meta name=\"twitter:label2\" content=\"Availability\" \/>\n\t<meta name=\"twitter:data2\" content=\"In stock\" \/>\n<script type=\"application\/ld+json\" class=\"yoast-schema-graph\">{\"@context\":\"https:\\\/\\\/schema.org\",\"@graph\":[{\"@type\":\"WebPage\",\"@id\":\"https:\\\/\\\/propacmx.com\\\/product\\\/kit-de-relleno-fulfill-sistemas-de-pegado-hot-melt-selladoras-y-equipos-de-empaque\\\/\",\"url\":\"https:\\\/\\\/propacmx.com\\\/product\\\/kit-de-relleno-fulfill-sistemas-de-pegado-hot-melt-selladoras-y-equipos-de-empaque\\\/\",\"name\":\"Kit de Relleno Fulfill - Sistemas de Pegado - Hot Melt\",\"isPartOf\":{\"@id\":\"https:\\\/\\\/propacmx.com\\\/#website\"},\"primaryImageOfPage\":{\"@id\":\"https:\\\/\\\/propacmx.com\\\/product\\\/kit-de-relleno-fulfill-sistemas-de-pegado-hot-melt-selladoras-y-equipos-de-empaque\\\/#primaryimage\"},\"image\":{\"@id\":\"https:\\\/\\\/propacmx.com\\\/product\\\/kit-de-relleno-fulfill-sistemas-de-pegado-hot-melt-selladoras-y-equipos-de-empaque\\\/#primaryimage\"},\"thumbnailUrl\":\"https:\\\/\\\/propacmx.com\\\/wp-content\\\/uploads\\\/2025\\\/04\\\/Kit-de-relleno-de-adhesivo-de-reacondicionamiento-Fulfill.webp\",\"datePublished\":\"2025-04-20T00:41:22+00:00\",\"dateModified\":\"2025-04-21T23:35:02+00:00\",\"description\":\"\u2b50 Kit de Relleno Fulfill, parte de nuestra l\u00ednea de sistemas de pegado - hot melt, dise\u00f1ada para mejorar la eficiencia del empaque.\",\"breadcrumb\":{\"@id\":\"https:\\\/\\\/propacmx.com\\\/product\\\/kit-de-relleno-fulfill-sistemas-de-pegado-hot-melt-selladoras-y-equipos-de-empaque\\\/#breadcrumb\"},\"inLanguage\":\"en-US\",\"potentialAction\":[{\"@type\":\"ReadAction\",\"target\":[\"https:\\\/\\\/propacmx.com\\\/product\\\/kit-de-relleno-fulfill-sistemas-de-pegado-hot-melt-selladoras-y-equipos-de-empaque\\\/\"]}]},{\"@type\":\"ImageObject\",\"inLanguage\":\"en-US\",\"@id\":\"https:\\\/\\\/propacmx.com\\\/product\\\/kit-de-relleno-fulfill-sistemas-de-pegado-hot-melt-selladoras-y-equipos-de-empaque\\\/#primaryimage\",\"url\":\"https:\\\/\\\/propacmx.com\\\/wp-content\\\/uploads\\\/2025\\\/04\\\/Kit-de-relleno-de-adhesivo-de-reacondicionamiento-Fulfill.webp\",\"contentUrl\":\"https:\\\/\\\/propacmx.com\\\/wp-content\\\/uploads\\\/2025\\\/04\\\/Kit-de-relleno-de-adhesivo-de-reacondicionamiento-Fulfill.webp\",\"width\":1563,\"height\":1563,\"caption\":\"Kit de relleno de adhesivo de reacondicionamiento Fulfill\"},{\"@type\":\"BreadcrumbList\",\"@id\":\"https:\\\/\\\/propacmx.com\\\/product\\\/kit-de-relleno-fulfill-sistemas-de-pegado-hot-melt-selladoras-y-equipos-de-empaque\\\/#breadcrumb\",\"itemListElement\":[{\"@type\":\"ListItem\",\"position\":1,\"name\":\"Home\",\"item\":\"https:\\\/\\\/propacmx.com\\\/\"},{\"@type\":\"ListItem\",\"position\":2,\"name\":\"Tienda\",\"item\":\"https:\\\/\\\/propacmx.com\\\/tienda\\\/\"},{\"@type\":\"ListItem\",\"position\":3,\"name\":\"Kit de Relleno Fulfill\u00ae &#8211; Sistemas de Pegado &#8211; Hot Melt\"}]},{\"@type\":\"WebSite\",\"@id\":\"https:\\\/\\\/propacmx.com\\\/#website\",\"url\":\"https:\\\/\\\/propacmx.com\\\/\",\"name\":\"PRO PAC Professional Packaging Systems\",\"description\":\"PROPAC es tu socio estrat\u00e9gico en empaques. Combinamos calidad, servicio y tecnolog\u00eda para optimizar tus procesos log\u00edsticos.\",\"publisher\":{\"@id\":\"https:\\\/\\\/propacmx.com\\\/#organization\"},\"potentialAction\":[{\"@type\":\"SearchAction\",\"target\":{\"@type\":\"EntryPoint\",\"urlTemplate\":\"https:\\\/\\\/propacmx.com\\\/?s={search_term_string}\"},\"query-input\":{\"@type\":\"PropertyValueSpecification\",\"valueRequired\":true,\"valueName\":\"search_term_string\"}}],\"inLanguage\":\"en-US\"},{\"@type\":\"Organization\",\"@id\":\"https:\\\/\\\/propacmx.com\\\/#organization\",\"name\":\"PRO PAC Professional Packaging Systems\",\"url\":\"https:\\\/\\\/propacmx.com\\\/\",\"logo\":{\"@type\":\"ImageObject\",\"inLanguage\":\"en-US\",\"@id\":\"https:\\\/\\\/propacmx.com\\\/#\\\/schema\\\/logo\\\/image\\\/\",\"url\":\"\\\/wp-content\\\/uploads\\\/2025\\\/04\\\/PRO-PAC-MEXICO.webp\",\"contentUrl\":\"\\\/wp-content\\\/uploads\\\/2025\\\/04\\\/PRO-PAC-MEXICO.webp\",\"width\":1563,\"height\":1563,\"caption\":\"PRO PAC Professional Packaging Systems\"},\"image\":{\"@id\":\"https:\\\/\\\/propacmx.com\\\/#\\\/schema\\\/logo\\\/image\\\/\"}}]}<\/script>\n<meta property=\"product:brand\" content=\"Nordson\" \/>\n<meta property=\"product:price:currency\" content=\"MXN\" \/>\n<meta property=\"og:availability\" content=\"instock\" \/>\n<meta property=\"product:availability\" content=\"instock\" \/>\n<meta property=\"product:retailer_item_id\" content=\"prod-037\" \/>\n<meta property=\"product:condition\" content=\"new\" \/>\n<!-- \/ Yoast SEO Premium plugin. -->","yoast_head_json":{"title":"Kit de Relleno Fulfill - Sistemas de Pegado - Hot Melt","description":"\u2b50 Kit de Relleno Fulfill, parte de nuestra l\u00ednea de sistemas de pegado - hot melt, dise\u00f1ada para mejorar la eficiencia del empaque.","robots":{"index":"index","follow":"follow","max-snippet":"max-snippet:-1","max-image-preview":"max-image-preview:large","max-video-preview":"max-video-preview:-1"},"canonical":"https:\/\/propacmx.com\/en\/product\/kit-de-relleno-fulfill-sistemas-de-pegado-hot-melt-selladoras-y-equipos-de-empaque\/","og_locale":"en_US","og_type":"article","og_title":"Kit de Relleno Fulfill\u00ae - Sistemas de Pegado - Hot Melt","og_description":"\u2b50 Kit de Relleno Fulfill, parte de nuestra l\u00ednea de sistemas de pegado - hot melt, dise\u00f1ada para mejorar la eficiencia del empaque.","og_url":"https:\/\/propacmx.com\/en\/product\/kit-de-relleno-fulfill-sistemas-de-pegado-hot-melt-selladoras-y-equipos-de-empaque\/","og_site_name":"Professional Packaging Systems","article_modified_time":"2025-04-21T23:35:02+00:00","og_image":[{"width":1563,"height":1563,"url":"https:\/\/propacmx.com\/wp-content\/uploads\/2025\/04\/Kit-de-relleno-de-adhesivo-de-reacondicionamiento-Fulfill.webp","type":"image\/webp"}],"twitter_card":"summary_large_image","twitter_misc":{"Price":"","Availability":"In stock"},"schema":{"@context":"https:\/\/schema.org","@graph":[{"@type":"WebPage","@id":"https:\/\/propacmx.com\/product\/kit-de-relleno-fulfill-sistemas-de-pegado-hot-melt-selladoras-y-equipos-de-empaque\/","url":"https:\/\/propacmx.com\/product\/kit-de-relleno-fulfill-sistemas-de-pegado-hot-melt-selladoras-y-equipos-de-empaque\/","name":"Kit de Relleno Fulfill - Sistemas de Pegado - Hot Melt","isPartOf":{"@id":"https:\/\/propacmx.com\/#website"},"primaryImageOfPage":{"@id":"https:\/\/propacmx.com\/product\/kit-de-relleno-fulfill-sistemas-de-pegado-hot-melt-selladoras-y-equipos-de-empaque\/#primaryimage"},"image":{"@id":"https:\/\/propacmx.com\/product\/kit-de-relleno-fulfill-sistemas-de-pegado-hot-melt-selladoras-y-equipos-de-empaque\/#primaryimage"},"thumbnailUrl":"https:\/\/propacmx.com\/wp-content\/uploads\/2025\/04\/Kit-de-relleno-de-adhesivo-de-reacondicionamiento-Fulfill.webp","datePublished":"2025-04-20T00:41:22+00:00","dateModified":"2025-04-21T23:35:02+00:00","description":"\u2b50 Kit de Relleno Fulfill, parte de nuestra l\u00ednea de sistemas de pegado - hot melt, dise\u00f1ada para mejorar la eficiencia del empaque.","breadcrumb":{"@id":"https:\/\/propacmx.com\/product\/kit-de-relleno-fulfill-sistemas-de-pegado-hot-melt-selladoras-y-equipos-de-empaque\/#breadcrumb"},"inLanguage":"en-US","potentialAction":[{"@type":"ReadAction","target":["https:\/\/propacmx.com\/product\/kit-de-relleno-fulfill-sistemas-de-pegado-hot-melt-selladoras-y-equipos-de-empaque\/"]}]},{"@type":"ImageObject","inLanguage":"en-US","@id":"https:\/\/propacmx.com\/product\/kit-de-relleno-fulfill-sistemas-de-pegado-hot-melt-selladoras-y-equipos-de-empaque\/#primaryimage","url":"https:\/\/propacmx.com\/wp-content\/uploads\/2025\/04\/Kit-de-relleno-de-adhesivo-de-reacondicionamiento-Fulfill.webp","contentUrl":"https:\/\/propacmx.com\/wp-content\/uploads\/2025\/04\/Kit-de-relleno-de-adhesivo-de-reacondicionamiento-Fulfill.webp","width":1563,"height":1563,"caption":"Kit de relleno de adhesivo de reacondicionamiento Fulfill"},{"@type":"BreadcrumbList","@id":"https:\/\/propacmx.com\/product\/kit-de-relleno-fulfill-sistemas-de-pegado-hot-melt-selladoras-y-equipos-de-empaque\/#breadcrumb","itemListElement":[{"@type":"ListItem","position":1,"name":"Home","item":"https:\/\/propacmx.com\/"},{"@type":"ListItem","position":2,"name":"Tienda","item":"https:\/\/propacmx.com\/tienda\/"},{"@type":"ListItem","position":3,"name":"Kit de Relleno Fulfill\u00ae &#8211; Sistemas de Pegado &#8211; Hot Melt"}]},{"@type":"WebSite","@id":"https:\/\/propacmx.com\/#website","url":"https:\/\/propacmx.com\/","name":"PRO PAC Professional Packaging Systems","description":"PROPAC is your strategic partner in packaging. We combine quality, service and technology to optimize your logistics processes.","publisher":{"@id":"https:\/\/propacmx.com\/#organization"},"potentialAction":[{"@type":"SearchAction","target":{"@type":"EntryPoint","urlTemplate":"https:\/\/propacmx.com\/?s={search_term_string}"},"query-input":{"@type":"PropertyValueSpecification","valueRequired":true,"valueName":"search_term_string"}}],"inLanguage":"en-US"},{"@type":"Organization","@id":"https:\/\/propacmx.com\/#organization","name":"PRO PAC Professional Packaging Systems","url":"https:\/\/propacmx.com\/","logo":{"@type":"ImageObject","inLanguage":"en-US","@id":"https:\/\/propacmx.com\/#\/schema\/logo\/image\/","url":"\/wp-content\/uploads\/2025\/04\/PRO-PAC-MEXICO.webp","contentUrl":"\/wp-content\/uploads\/2025\/04\/PRO-PAC-MEXICO.webp","width":1563,"height":1563,"caption":"PRO PAC Professional Packaging Systems"},"image":{"@id":"https:\/\/propacmx.com\/#\/schema\/logo\/image\/"}}]},"product_brand":"Nordson","product_price_currency":"MXN","og_availability":"instock","product_availability":"instock","product_retailer_item_id":"prod-037","product_condition":"new"},"_links":{"self":[{"href":"https:\/\/propacmx.com\/en\/wp-json\/wp\/v2\/product\/13685","targetHints":{"allow":["GET"]}}],"collection":[{"href":"https:\/\/propacmx.com\/en\/wp-json\/wp\/v2\/product"}],"about":[{"href":"https:\/\/propacmx.com\/en\/wp-json\/wp\/v2\/types\/product"}],"wp:featuredmedia":[{"embeddable":true,"href":"https:\/\/propacmx.com\/en\/wp-json\/wp\/v2\/media\/13796"}],"wp:attachment":[{"href":"https:\/\/propacmx.com\/en\/wp-json\/wp\/v2\/media?parent=13685"}],"wp:term":[{"taxonomy":"product_brand","embeddable":true,"href":"https:\/\/propacmx.com\/en\/wp-json\/wp\/v2\/product_brand?post=13685"},{"taxonomy":"product_cat","embeddable":true,"href":"https:\/\/propacmx.com\/en\/wp-json\/wp\/v2\/product_cat?post=13685"},{"taxonomy":"product_tag","embeddable":true,"href":"https:\/\/propacmx.com\/en\/wp-json\/wp\/v2\/product_tag?post=13685"}],"curies":[{"name":"wp","href":"https:\/\/api.w.org\/{rel}","templated":true}]}}