{"id":13684,"date":"2025-04-20T00:41:22","date_gmt":"2025-04-20T00:41:22","guid":{"rendered":"https:\/\/blanchedalmond-dinosaur-273996.hostingersite.com\/?post_type=product&#038;p=13684"},"modified":"2025-04-22T00:16:02","modified_gmt":"2025-04-22T00:16:02","slug":"mangueras-pureflow-con-sistema-rediflex","status":"publish","type":"product","link":"https:\/\/propacmx.com\/en\/product\/mangueras-pureflow-con-sistema-rediflex\/","title":{"rendered":"PureFlow\u2122 hoses with RediFlex\u2122 II system"},"content":{"rendered":"<p class=\"\" data-start=\"622\" data-end=\"999\">Las <strong data-start=\"626\" data-end=\"685\">mangueras PureFlow \u2122 con sistema de montaje RediFlex\u2122 II<\/strong> de Nordson representan una soluci\u00f3n avanzada para la conducci\u00f3n de adhesivos en entornos de alto rendimiento. Estas mangueras est\u00e1n dise\u00f1adas para <strong data-start=\"833\" data-end=\"891\">reducir significativamente la degradaci\u00f3n del adhesivo<\/strong>, incluyendo problemas comunes como la carbonizaci\u00f3n, curado prematuro, decoloraci\u00f3n y generaci\u00f3n de olores.<\/p>\n<p class=\"\" data-start=\"1001\" data-end=\"1354\">Gracias a su construcci\u00f3n especializada, las mangueras PureFlow\u2122 ayudan a <strong data-start=\"1075\" data-end=\"1113\">minimizar el tiempo de inactividad<\/strong>, los costos de mantenimiento y la necesidad de reemplazos frecuentes. Su capacidad para conservar la integridad del adhesivo tambi\u00e9n disminuye las obstrucciones en las boquillas, optimizando el rendimiento general del sistema de aplicaci\u00f3n.<\/p>\n<h3 data-start=\"1361\" data-end=\"1386\"><\/h3>\n<h3 class=\"\" data-start=\"1361\" data-end=\"1386\"><strong data-start=\"1365\" data-end=\"1386\">Beneficios clave:<\/strong><\/h3>\n<ul data-start=\"1388\" data-end=\"1807\">\n<li class=\"\" data-start=\"1388\" data-end=\"1463\">\n<p class=\"\" data-start=\"1390\" data-end=\"1463\">Reduce la degradaci\u00f3n t\u00e9rmica del adhesivo y la contaminaci\u00f3n del sistema<\/p>\n<\/li>\n<li class=\"\" data-start=\"1464\" data-end=\"1532\">\n<p class=\"\" data-start=\"1466\" data-end=\"1532\">Disminuye la frecuencia de mantenimiento y los paros de producci\u00f3n<\/p>\n<\/li>\n<li class=\"\" data-start=\"1533\" data-end=\"1605\">\n<p class=\"\" data-start=\"1535\" data-end=\"1605\">Extiende la vida \u00fatil del equipo al mantener el flujo limpio y estable<\/p>\n<\/li>\n<li class=\"\" data-start=\"1606\" data-end=\"1683\">\n<p class=\"\" data-start=\"1608\" data-end=\"1683\">Disponible en una variedad de longitudes, roscas y configuraciones t\u00e9cnicas<\/p>\n<\/li>\n<li class=\"\" data-start=\"1684\" data-end=\"1750\">\n<p class=\"\" data-start=\"1686\" data-end=\"1750\">Certificaci\u00f3n CE e IP54 para aplicaciones industriales exigentes<\/p>\n<\/li>\n<li class=\"\" data-start=\"1751\" data-end=\"1807\">\n<p class=\"\" data-start=\"1753\" data-end=\"1807\">Compatible con sistemas RediFlex\u2122 II (seg\u00fan el modelo)<\/p>\n<\/li>\n<\/ul>\n<h3 data-start=\"1814\" data-end=\"1858\"><\/h3>\n<h3 class=\"\" data-start=\"1814\" data-end=\"1858\"><strong data-start=\"1818\" data-end=\"1858\">Especificaciones t\u00e9cnicas generales:<\/strong><\/h3>\n<p>&nbsp;<\/p>\n<div class=\"group pointer-events-none relative flex justify-center *:pointer-events-auto\">\n<div class=\"tableContainer horzScrollShadows relative\">\n<table class=\"min-w-full\" data-start=\"1860\" data-end=\"3313\">\n<thead data-start=\"1860\" data-end=\"1964\">\n<tr data-start=\"1860\" data-end=\"1964\">\n<th data-start=\"1860\" data-end=\"1900\">Par\u00e1metro<\/th>\n<th data-start=\"1900\" data-end=\"1964\">Detalle<\/th>\n<\/tr>\n<\/thead>\n<tbody data-start=\"2069\" data-end=\"3313\">\n<tr data-start=\"2069\" data-end=\"2172\">\n<td class=\"max-w-[calc(var(--thread-content-max-width)*2\/3)]\" data-start=\"2069\" data-end=\"2108\">Temperatura m\u00e1xima de operaci\u00f3n<\/td>\n<td class=\"max-w-[calc(var(--thread-content-max-width)*2\/3)]\" data-start=\"2108\" data-end=\"2172\">232\u00b0C (450\u00b0F)<\/td>\n<\/tr>\n<tr data-start=\"2173\" data-end=\"2276\">\n<td class=\"max-w-[calc(var(--thread-content-max-width)*2\/3)]\" data-start=\"2173\" data-end=\"2212\">Presi\u00f3n hidr\u00e1ulica m\u00e1xima<\/td>\n<td class=\"max-w-[calc(var(--thread-content-max-width)*2\/3)] min-w-[calc(var(--thread-content-max-width)\/3)]\" data-start=\"2212\" data-end=\"2276\">82 a 103 bares (1200 a 1500 psi seg\u00fan modelo)<\/td>\n<\/tr>\n<tr data-start=\"2277\" data-end=\"2380\">\n<td class=\"max-w-[calc(var(--thread-content-max-width)*2\/3)]\" data-start=\"2277\" data-end=\"2316\">Di\u00e1metro interno<\/td>\n<td class=\"max-w-[calc(var(--thread-content-max-width)*2\/3)] min-w-[calc(var(--thread-content-max-width)\/3)]\" data-start=\"2316\" data-end=\"2380\">6.3 mm (1\/4&#8243;) o 16 mm (5\/8&#8243;) seg\u00fan la configuraci\u00f3n<\/td>\n<\/tr>\n<tr data-start=\"2381\" data-end=\"2484\">\n<td class=\"max-w-[calc(var(--thread-content-max-width)*2\/3)]\" data-start=\"2381\" data-end=\"2420\">Longitudes disponibles<\/td>\n<td class=\"max-w-[calc(var(--thread-content-max-width)*2\/3)]\" data-start=\"2420\" data-end=\"2484\">De 0.6 m a 15.8 m (4 a 52 pies)<\/td>\n<\/tr>\n<tr data-start=\"2485\" data-end=\"2588\">\n<td class=\"max-w-[calc(var(--thread-content-max-width)*2\/3)]\" data-start=\"2485\" data-end=\"2524\">Servicio el\u00e9ctrico<\/td>\n<td class=\"max-w-[calc(var(--thread-content-max-width)*2\/3)]\" data-start=\"2524\" data-end=\"2588\">200-240 VCA<\/td>\n<\/tr>\n<tr data-start=\"2589\" data-end=\"2692\">\n<td class=\"max-w-[calc(var(--thread-content-max-width)*2\/3)]\" data-start=\"2589\" data-end=\"2628\">Protecci\u00f3n IP<\/td>\n<td class=\"max-w-[calc(var(--thread-content-max-width)*2\/3)]\" data-start=\"2628\" data-end=\"2692\">IP54<\/td>\n<\/tr>\n<tr data-start=\"2693\" data-end=\"2796\">\n<td class=\"max-w-[calc(var(--thread-content-max-width)*2\/3)]\" data-start=\"2693\" data-end=\"2732\">Certificaciones<\/td>\n<td class=\"max-w-[calc(var(--thread-content-max-width)*2\/3)] min-w-[calc(var(--thread-content-max-width)\/3)]\" data-start=\"2732\" data-end=\"2796\">CE reconocido, UL (hasta 7.3 m en modelos aplicables)<\/td>\n<\/tr>\n<tr data-start=\"2797\" data-end=\"2900\">\n<td class=\"max-w-[calc(var(--thread-content-max-width)*2\/3)]\" data-start=\"2797\" data-end=\"2836\">Tipos de sensor<\/td>\n<td class=\"max-w-[calc(var(--thread-content-max-width)*2\/3)]\" data-start=\"2836\" data-end=\"2900\">Ni120 o PT100 seg\u00fan la variante<\/td>\n<\/tr>\n<tr data-start=\"2901\" data-end=\"3004\">\n<td class=\"max-w-[calc(var(--thread-content-max-width)*2\/3)]\" data-start=\"2901\" data-end=\"2940\">Accesorios finales<\/td>\n<td class=\"max-w-[calc(var(--thread-content-max-width)*2\/3)]\" data-start=\"2940\" data-end=\"3004\">Asiento giratorio JIC de 37\u00b0<\/td>\n<\/tr>\n<tr data-start=\"3005\" data-end=\"3107\">\n<td class=\"max-w-[calc(var(--thread-content-max-width)*2\/3)]\" data-start=\"3005\" data-end=\"3043\">Compatibilidad RediFlex\u2122 II<\/td>\n<td class=\"max-w-[calc(var(--thread-content-max-width)*2\/3)]\" data-start=\"3043\" data-end=\"3107\">S\u00ed (excepto modelo de 5\/8&#8243;)<\/td>\n<\/tr>\n<tr data-start=\"3108\" data-end=\"3210\">\n<td class=\"max-w-[calc(var(--thread-content-max-width)*2\/3)]\" data-start=\"3108\" data-end=\"3146\">Aplicaciones recomendadas<\/td>\n<td class=\"max-w-[calc(var(--thread-content-max-width)*2\/3)] min-w-[calc(var(--thread-content-max-width)\/3)]\" data-start=\"3146\" data-end=\"3210\">Sistemas de adhesivo hot melt de alta demanda<\/td>\n<\/tr>\n<tr data-start=\"3211\" data-end=\"3313\">\n<td class=\"max-w-[calc(var(--thread-content-max-width)*2\/3)]\" data-start=\"3211\" data-end=\"3250\">No apto para<\/td>\n<td class=\"max-w-[calc(var(--thread-content-max-width)*2\/3)] min-w-[calc(var(--thread-content-max-width)\/3)]\" data-start=\"3250\" data-end=\"3313\">Aplicaciones que requieren flexi\u00f3n constante<\/td>\n<\/tr>\n<\/tbody>\n<\/table>\n<\/div>\n<\/div>\n<p class=\"\" data-start=\"3320\" data-end=\"3604\">Las mangueras <strong data-start=\"3334\" data-end=\"3364\">PureFlow \u2122 con RediFlex\u2122 II<\/strong> son una opci\u00f3n ideal para empresas que buscan estabilidad t\u00e9rmica, reducci\u00f3n de fallas por carbonizaci\u00f3n y rendimiento prolongado en l\u00edneas de producci\u00f3n de adhesivo termofusible. No son recomendadas para aplicaciones con flexi\u00f3n continua.<\/p>\n","protected":false},"excerpt":{"rendered":"<p class=\"\" data-start=\"300\" data-end=\"572\">The <strong data-start=\"304\" data-end=\"352\">mangueras PureFlow \u2122 con sistema RediFlex\u2122 II<\/strong> est\u00e1n dise\u00f1adas para minimizar la degradaci\u00f3n del adhesivo, reducir obstrucciones y extender la vida \u00fatil del sistema. Ideales para entornos industriales exigentes que requieren alta temperatura y rendimiento constante.<\/p>","protected":false},"featured_media":13803,"template":"","meta":[],"product_brand":[185],"product_cat":[108],"product_tag":[186,188],"class_list":{"0":"post-13684","1":"product","2":"type-product","3":"status-publish","4":"has-post-thumbnail","6":"product_brand-nordson","7":"product_cat-sistemas-de-pegado-hot-melt","8":"product_tag-aplicacion-de-adhesivos","9":"product_tag-manguera-sin-carbon","11":"first","12":"instock","13":"shipping-taxable","14":"product-type-simple"},"yoast_head":"<!-- This site is optimized with the Yoast SEO Premium plugin v24.3 (Yoast SEO v27.6) - https:\/\/yoast.com\/product\/yoast-seo-premium-wordpress\/ -->\n<title>Mangueras PureFlow \u2122 con sistema RediFlex\u2122 II<\/title>\n<meta name=\"description\" content=\"\u2b50 Mangueras PureFlow \u2122 con sistema RediFlex\u2122 II, parte de nuestra l\u00ednea de sistemas de pegado - hot melt, dise\u00f1ada para mejorar la eficiencia del empaque.\" \/>\n<meta name=\"robots\" content=\"index, follow, max-snippet:-1, max-image-preview:large, max-video-preview:-1\" \/>\n<link rel=\"canonical\" href=\"https:\/\/propacmx.com\/en\/product\/mangueras-pureflow-con-sistema-rediflex\/\" \/>\n<meta property=\"og:locale\" content=\"en_US\" \/>\n<meta property=\"og:type\" content=\"article\" \/>\n<meta property=\"og:title\" content=\"Mangueras PureFlow \u2122 con sistema RediFlex \u2122 II\" \/>\n<meta property=\"og:description\" content=\"\u2b50 Mangueras PureFlow \u2122 con sistema RediFlex\u2122 II, parte de nuestra l\u00ednea de sistemas de pegado - hot melt, dise\u00f1ada para mejorar la eficiencia del empaque.\" \/>\n<meta property=\"og:url\" content=\"https:\/\/propacmx.com\/en\/product\/mangueras-pureflow-con-sistema-rediflex\/\" \/>\n<meta property=\"og:site_name\" content=\"Professional Packaging Systems\" \/>\n<meta property=\"article:modified_time\" content=\"2025-04-22T00:16:02+00:00\" \/>\n<meta property=\"og:image\" content=\"https:\/\/propacmx.com\/wp-content\/uploads\/2025\/04\/Mangueras-PureFlow.webp\" \/>\n\t<meta property=\"og:image:width\" content=\"1563\" \/>\n\t<meta property=\"og:image:height\" content=\"1563\" \/>\n\t<meta property=\"og:image:type\" content=\"image\/webp\" \/>\n<meta name=\"twitter:card\" content=\"summary_large_image\" \/>\n<meta name=\"twitter:label1\" content=\"Price\" \/>\n\t<meta name=\"twitter:data1\" content=\"\" \/>\n\t<meta name=\"twitter:label2\" content=\"Availability\" \/>\n\t<meta name=\"twitter:data2\" content=\"In stock\" \/>\n<script type=\"application\/ld+json\" class=\"yoast-schema-graph\">{\"@context\":\"https:\\\/\\\/schema.org\",\"@graph\":[{\"@type\":\"WebPage\",\"@id\":\"https:\\\/\\\/propacmx.com\\\/product\\\/mangueras-pureflow-con-sistema-rediflex\\\/\",\"url\":\"https:\\\/\\\/propacmx.com\\\/product\\\/mangueras-pureflow-con-sistema-rediflex\\\/\",\"name\":\"Mangueras PureFlow \u2122 con sistema RediFlex\u2122 II\",\"isPartOf\":{\"@id\":\"https:\\\/\\\/propacmx.com\\\/#website\"},\"primaryImageOfPage\":{\"@id\":\"https:\\\/\\\/propacmx.com\\\/product\\\/mangueras-pureflow-con-sistema-rediflex\\\/#primaryimage\"},\"image\":{\"@id\":\"https:\\\/\\\/propacmx.com\\\/product\\\/mangueras-pureflow-con-sistema-rediflex\\\/#primaryimage\"},\"thumbnailUrl\":\"https:\\\/\\\/propacmx.com\\\/wp-content\\\/uploads\\\/2025\\\/04\\\/Mangueras-PureFlow.webp\",\"datePublished\":\"2025-04-20T00:41:22+00:00\",\"dateModified\":\"2025-04-22T00:16:02+00:00\",\"description\":\"\u2b50 Mangueras PureFlow \u2122 con sistema RediFlex\u2122 II, parte de nuestra l\u00ednea de sistemas de pegado - hot melt, dise\u00f1ada para mejorar la eficiencia del empaque.\",\"breadcrumb\":{\"@id\":\"https:\\\/\\\/propacmx.com\\\/product\\\/mangueras-pureflow-con-sistema-rediflex\\\/#breadcrumb\"},\"inLanguage\":\"en-US\",\"potentialAction\":[{\"@type\":\"ReadAction\",\"target\":[\"https:\\\/\\\/propacmx.com\\\/product\\\/mangueras-pureflow-con-sistema-rediflex\\\/\"]}]},{\"@type\":\"ImageObject\",\"inLanguage\":\"en-US\",\"@id\":\"https:\\\/\\\/propacmx.com\\\/product\\\/mangueras-pureflow-con-sistema-rediflex\\\/#primaryimage\",\"url\":\"https:\\\/\\\/propacmx.com\\\/wp-content\\\/uploads\\\/2025\\\/04\\\/Mangueras-PureFlow.webp\",\"contentUrl\":\"https:\\\/\\\/propacmx.com\\\/wp-content\\\/uploads\\\/2025\\\/04\\\/Mangueras-PureFlow.webp\",\"width\":1563,\"height\":1563,\"caption\":\"Mangueras PureFlow\"},{\"@type\":\"BreadcrumbList\",\"@id\":\"https:\\\/\\\/propacmx.com\\\/product\\\/mangueras-pureflow-con-sistema-rediflex\\\/#breadcrumb\",\"itemListElement\":[{\"@type\":\"ListItem\",\"position\":1,\"name\":\"Home\",\"item\":\"https:\\\/\\\/propacmx.com\\\/\"},{\"@type\":\"ListItem\",\"position\":2,\"name\":\"Tienda\",\"item\":\"https:\\\/\\\/propacmx.com\\\/tienda\\\/\"},{\"@type\":\"ListItem\",\"position\":3,\"name\":\"Mangueras PureFlow \u2122 con sistema RediFlex \u2122 II\"}]},{\"@type\":\"WebSite\",\"@id\":\"https:\\\/\\\/propacmx.com\\\/#website\",\"url\":\"https:\\\/\\\/propacmx.com\\\/\",\"name\":\"PRO PAC Professional Packaging Systems\",\"description\":\"PROPAC es tu socio estrat\u00e9gico en empaques. Combinamos calidad, servicio y tecnolog\u00eda para optimizar tus procesos log\u00edsticos.\",\"publisher\":{\"@id\":\"https:\\\/\\\/propacmx.com\\\/#organization\"},\"potentialAction\":[{\"@type\":\"SearchAction\",\"target\":{\"@type\":\"EntryPoint\",\"urlTemplate\":\"https:\\\/\\\/propacmx.com\\\/?s={search_term_string}\"},\"query-input\":{\"@type\":\"PropertyValueSpecification\",\"valueRequired\":true,\"valueName\":\"search_term_string\"}}],\"inLanguage\":\"en-US\"},{\"@type\":\"Organization\",\"@id\":\"https:\\\/\\\/propacmx.com\\\/#organization\",\"name\":\"PRO PAC Professional Packaging Systems\",\"url\":\"https:\\\/\\\/propacmx.com\\\/\",\"logo\":{\"@type\":\"ImageObject\",\"inLanguage\":\"en-US\",\"@id\":\"https:\\\/\\\/propacmx.com\\\/#\\\/schema\\\/logo\\\/image\\\/\",\"url\":\"\\\/wp-content\\\/uploads\\\/2025\\\/04\\\/PRO-PAC-MEXICO.webp\",\"contentUrl\":\"\\\/wp-content\\\/uploads\\\/2025\\\/04\\\/PRO-PAC-MEXICO.webp\",\"width\":1563,\"height\":1563,\"caption\":\"PRO PAC Professional Packaging Systems\"},\"image\":{\"@id\":\"https:\\\/\\\/propacmx.com\\\/#\\\/schema\\\/logo\\\/image\\\/\"}}]}<\/script>\n<meta property=\"product:brand\" content=\"Nordson\" \/>\n<meta property=\"product:price:currency\" content=\"MXN\" \/>\n<meta property=\"og:availability\" content=\"instock\" \/>\n<meta property=\"product:availability\" content=\"instock\" \/>\n<meta property=\"product:retailer_item_id\" content=\"prod-036\" \/>\n<meta property=\"product:condition\" content=\"new\" \/>\n<!-- \/ Yoast SEO Premium plugin. -->","yoast_head_json":{"title":"Mangueras PureFlow \u2122 con sistema RediFlex\u2122 II","description":"\u2b50 Mangueras PureFlow \u2122 con sistema RediFlex\u2122 II, parte de nuestra l\u00ednea de sistemas de pegado - hot melt, dise\u00f1ada para mejorar la eficiencia del empaque.","robots":{"index":"index","follow":"follow","max-snippet":"max-snippet:-1","max-image-preview":"max-image-preview:large","max-video-preview":"max-video-preview:-1"},"canonical":"https:\/\/propacmx.com\/en\/product\/mangueras-pureflow-con-sistema-rediflex\/","og_locale":"en_US","og_type":"article","og_title":"Mangueras PureFlow \u2122 con sistema RediFlex \u2122 II","og_description":"\u2b50 Mangueras PureFlow \u2122 con sistema RediFlex\u2122 II, parte de nuestra l\u00ednea de sistemas de pegado - hot melt, dise\u00f1ada para mejorar la eficiencia del empaque.","og_url":"https:\/\/propacmx.com\/en\/product\/mangueras-pureflow-con-sistema-rediflex\/","og_site_name":"Professional Packaging Systems","article_modified_time":"2025-04-22T00:16:02+00:00","og_image":[{"width":1563,"height":1563,"url":"https:\/\/propacmx.com\/wp-content\/uploads\/2025\/04\/Mangueras-PureFlow.webp","type":"image\/webp"}],"twitter_card":"summary_large_image","twitter_misc":{"Price":"","Availability":"In stock"},"schema":{"@context":"https:\/\/schema.org","@graph":[{"@type":"WebPage","@id":"https:\/\/propacmx.com\/product\/mangueras-pureflow-con-sistema-rediflex\/","url":"https:\/\/propacmx.com\/product\/mangueras-pureflow-con-sistema-rediflex\/","name":"Mangueras PureFlow \u2122 con sistema RediFlex\u2122 II","isPartOf":{"@id":"https:\/\/propacmx.com\/#website"},"primaryImageOfPage":{"@id":"https:\/\/propacmx.com\/product\/mangueras-pureflow-con-sistema-rediflex\/#primaryimage"},"image":{"@id":"https:\/\/propacmx.com\/product\/mangueras-pureflow-con-sistema-rediflex\/#primaryimage"},"thumbnailUrl":"https:\/\/propacmx.com\/wp-content\/uploads\/2025\/04\/Mangueras-PureFlow.webp","datePublished":"2025-04-20T00:41:22+00:00","dateModified":"2025-04-22T00:16:02+00:00","description":"\u2b50 Mangueras PureFlow \u2122 con sistema RediFlex\u2122 II, parte de nuestra l\u00ednea de sistemas de pegado - hot melt, dise\u00f1ada para mejorar la eficiencia del empaque.","breadcrumb":{"@id":"https:\/\/propacmx.com\/product\/mangueras-pureflow-con-sistema-rediflex\/#breadcrumb"},"inLanguage":"en-US","potentialAction":[{"@type":"ReadAction","target":["https:\/\/propacmx.com\/product\/mangueras-pureflow-con-sistema-rediflex\/"]}]},{"@type":"ImageObject","inLanguage":"en-US","@id":"https:\/\/propacmx.com\/product\/mangueras-pureflow-con-sistema-rediflex\/#primaryimage","url":"https:\/\/propacmx.com\/wp-content\/uploads\/2025\/04\/Mangueras-PureFlow.webp","contentUrl":"https:\/\/propacmx.com\/wp-content\/uploads\/2025\/04\/Mangueras-PureFlow.webp","width":1563,"height":1563,"caption":"Mangueras PureFlow"},{"@type":"BreadcrumbList","@id":"https:\/\/propacmx.com\/product\/mangueras-pureflow-con-sistema-rediflex\/#breadcrumb","itemListElement":[{"@type":"ListItem","position":1,"name":"Home","item":"https:\/\/propacmx.com\/"},{"@type":"ListItem","position":2,"name":"Tienda","item":"https:\/\/propacmx.com\/tienda\/"},{"@type":"ListItem","position":3,"name":"Mangueras PureFlow \u2122 con sistema RediFlex \u2122 II"}]},{"@type":"WebSite","@id":"https:\/\/propacmx.com\/#website","url":"https:\/\/propacmx.com\/","name":"PRO PAC Professional Packaging Systems","description":"PROPAC is your strategic partner in packaging. We combine quality, service and technology to optimize your logistics processes.","publisher":{"@id":"https:\/\/propacmx.com\/#organization"},"potentialAction":[{"@type":"SearchAction","target":{"@type":"EntryPoint","urlTemplate":"https:\/\/propacmx.com\/?s={search_term_string}"},"query-input":{"@type":"PropertyValueSpecification","valueRequired":true,"valueName":"search_term_string"}}],"inLanguage":"en-US"},{"@type":"Organization","@id":"https:\/\/propacmx.com\/#organization","name":"PRO PAC Professional Packaging Systems","url":"https:\/\/propacmx.com\/","logo":{"@type":"ImageObject","inLanguage":"en-US","@id":"https:\/\/propacmx.com\/#\/schema\/logo\/image\/","url":"\/wp-content\/uploads\/2025\/04\/PRO-PAC-MEXICO.webp","contentUrl":"\/wp-content\/uploads\/2025\/04\/PRO-PAC-MEXICO.webp","width":1563,"height":1563,"caption":"PRO PAC Professional Packaging Systems"},"image":{"@id":"https:\/\/propacmx.com\/#\/schema\/logo\/image\/"}}]},"product_brand":"Nordson","product_price_currency":"MXN","og_availability":"instock","product_availability":"instock","product_retailer_item_id":"prod-036","product_condition":"new"},"_links":{"self":[{"href":"https:\/\/propacmx.com\/en\/wp-json\/wp\/v2\/product\/13684","targetHints":{"allow":["GET"]}}],"collection":[{"href":"https:\/\/propacmx.com\/en\/wp-json\/wp\/v2\/product"}],"about":[{"href":"https:\/\/propacmx.com\/en\/wp-json\/wp\/v2\/types\/product"}],"wp:featuredmedia":[{"embeddable":true,"href":"https:\/\/propacmx.com\/en\/wp-json\/wp\/v2\/media\/13803"}],"wp:attachment":[{"href":"https:\/\/propacmx.com\/en\/wp-json\/wp\/v2\/media?parent=13684"}],"wp:term":[{"taxonomy":"product_brand","embeddable":true,"href":"https:\/\/propacmx.com\/en\/wp-json\/wp\/v2\/product_brand?post=13684"},{"taxonomy":"product_cat","embeddable":true,"href":"https:\/\/propacmx.com\/en\/wp-json\/wp\/v2\/product_cat?post=13684"},{"taxonomy":"product_tag","embeddable":true,"href":"https:\/\/propacmx.com\/en\/wp-json\/wp\/v2\/product_tag?post=13684"}],"curies":[{"name":"wp","href":"https:\/\/api.w.org\/{rel}","templated":true}]}}