{"id":13683,"date":"2025-04-20T00:41:22","date_gmt":"2025-04-20T00:41:22","guid":{"rendered":"https:\/\/blanchedalmond-dinosaur-273996.hostingersite.com\/?post_type=product&#038;p=13683"},"modified":"2025-04-22T00:17:47","modified_gmt":"2025-04-22T00:17:47","slug":"kits-de-actualizacion-ats-sistemas-de-pegado","status":"publish","type":"product","link":"https:\/\/propacmx.com\/en\/product\/kits-de-actualizacion-ats-sistemas-de-pegado\/","title":{"rendered":"ATS Upgrade Kits - Bonding Systems"},"content":{"rendered":"<p class=\"\" data-start=\"570\" data-end=\"996\">Los <strong data-start=\"574\" data-end=\"609\">kits de Actualizaci\u00f3n ATS<\/strong> from <strong data-start=\"613\" data-end=\"624\">Nordson<\/strong> son soluciones pr\u00e1cticas y eficientes que permiten agregar <strong data-start=\"684\" data-end=\"736\">capacidades avanzadas de seguimiento de adhesivo<\/strong> a fusores de embalaje existentes, tanto de la l\u00ednea <strong data-start=\"789\" data-end=\"800\">ProBlue<\/strong> como de otras versiones. Cada kit incluye todos los componentes necesarios para integrar el sistema sin complicaciones, ya sea como una ampliaci\u00f3n al equipo o una mejora para l\u00edneas en operaci\u00f3n.<\/p>\n<p class=\"\" data-start=\"998\" data-end=\"1376\">El sistema se basa en la conexi\u00f3n de un <strong data-start=\"1038\" data-end=\"1080\">medidor de flujo de engranajes externo<\/strong> al colector del fusor, y en el montaje de una <strong data-start=\"1127\" data-end=\"1146\">caja de control<\/strong> sobre el fusor o en una ubicaci\u00f3n cercana a la m\u00e1quina principal. Este seguimiento permite controlar la cantidad exacta de adhesivo aplicada por producto, <strong data-start=\"1302\" data-end=\"1375\">minimizando atascos, errores de aplicaci\u00f3n, reprocesos y devoluciones<\/strong>.<\/p>\n<p class=\"\" data-start=\"1378\" data-end=\"1614\">Adem\u00e1s, los kits ATS ofrecen una arquitectura de instalaci\u00f3n <strong data-start=\"1439\" data-end=\"1451\">flexible<\/strong>, permitiendo el montaje horizontal o vertical del colector, ya sea directamente en el fusor o en una posici\u00f3n remota, cercana al punto de aplicaci\u00f3n del adhesivo.<\/p>\n<h3 data-start=\"1621\" data-end=\"1646\"><\/h3>\n<h3 class=\"\" data-start=\"1621\" data-end=\"1646\"><strong data-start=\"1625\" data-end=\"1646\">Beneficios clave:<\/strong><\/h3>\n<ul data-start=\"1648\" data-end=\"2092\">\n<li class=\"\" data-start=\"1648\" data-end=\"1731\">\n<p class=\"\" data-start=\"1650\" data-end=\"1731\">Incorpora seguimiento de adhesivo en equipos Nordson existentes sin reemplazarlos<\/p>\n<\/li>\n<li class=\"\" data-start=\"1732\" data-end=\"1796\">\n<p class=\"\" data-start=\"1734\" data-end=\"1796\">Mejora la calidad del empaque reduciendo errores de aplicaci\u00f3n<\/p>\n<\/li>\n<li class=\"\" data-start=\"1797\" data-end=\"1870\">\n<p class=\"\" data-start=\"1799\" data-end=\"1870\">Aumenta la productividad al evitar paros por exceso o falta de adhesivo<\/p>\n<\/li>\n<li class=\"\" data-start=\"1871\" data-end=\"1924\">\n<p class=\"\" data-start=\"1873\" data-end=\"1924\">Compatible con fusores <strong data-start=\"1896\" data-end=\"1907\">ProBlue<\/strong> y <strong data-start=\"1910\" data-end=\"1924\">no ProBlue<\/strong><\/p>\n<\/li>\n<li class=\"\" data-start=\"1925\" data-end=\"2006\">\n<p class=\"\" data-start=\"1927\" data-end=\"2006\">Integraci\u00f3n sencilla con la m\u00e1quina principal mediante kits de inicio gratuitos<\/p>\n<\/li>\n<li class=\"\" data-start=\"2007\" data-end=\"2092\">\n<p class=\"\" data-start=\"2009\" data-end=\"2092\">Ideal para l\u00edneas que buscan trazabilidad, consistencia y reducci\u00f3n de desperdicios<\/p>\n<\/li>\n<\/ul>\n<p class=\"\" data-start=\"2099\" data-end=\"2501\">Los <strong data-start=\"2103\" data-end=\"2134\">Kits de Actualizaci\u00f3n ATS<\/strong> son una opci\u00f3n inteligente para modernizar equipos ya instalados, aumentando el control de calidad y reduciendo los costos asociados con fallas en la aplicaci\u00f3n de adhesivo. Para fusores con seguimiento ATS integrado de f\u00e1brica, Nordson tambi\u00e9n ofrece las l\u00edneas <strong data-start=\"2398\" data-end=\"2421\">ProBlue Liberty ATS<\/strong> y <strong data-start=\"2424\" data-end=\"2439\">ProBlue ATS<\/strong>, dise\u00f1adas con esta capacidad desde su configuraci\u00f3n inicial.<\/p>","protected":false},"excerpt":{"rendered":"<p class=\"\" data-start=\"302\" data-end=\"520\">Los <strong data-start=\"306\" data-end=\"337\">Kits de actualizaci\u00f3n ATS<\/strong> permiten incorporar monitoreo de adhesivo en fusores Nordson existentes. Reducen errores, reprocesos y devoluciones al garantizar la aplicaci\u00f3n precisa del adhesivo en cada producto.<\/p>","protected":false},"featured_media":13806,"template":"","meta":[],"product_brand":[185],"product_cat":[108],"product_tag":[186,187,184],"class_list":{"0":"post-13683","1":"product","2":"type-product","3":"status-publish","4":"has-post-thumbnail","6":"product_brand-nordson","7":"product_cat-sistemas-de-pegado-hot-melt","8":"product_tag-aplicacion-de-adhesivos","9":"product_tag-sistema-de-seguimiento-de-adhesivo","10":"product_tag-sistemas-de-pegado","12":"first","13":"instock","14":"shipping-taxable","15":"product-type-simple"},"yoast_head":"<!-- This site is optimized with the Yoast SEO Premium plugin v24.3 (Yoast SEO v27.6) - https:\/\/yoast.com\/product\/yoast-seo-premium-wordpress\/ -->\n<title>Kits de actualizaci\u00f3n ATS - Sistemas de Pegado<\/title>\n<meta name=\"description\" content=\"\u2b50 Kits de actualizaci\u00f3n ATS, parte de nuestra l\u00ednea de sistemas de pegado - hot melt, dise\u00f1ada para mejorar la eficiencia del empaque.\" \/>\n<meta name=\"robots\" content=\"index, follow, max-snippet:-1, max-image-preview:large, max-video-preview:-1\" \/>\n<link rel=\"canonical\" href=\"https:\/\/propacmx.com\/en\/product\/kits-de-actualizacion-ats-sistemas-de-pegado\/\" \/>\n<meta property=\"og:locale\" content=\"en_US\" \/>\n<meta property=\"og:type\" content=\"article\" \/>\n<meta property=\"og:title\" content=\"Kits de Actualizaci\u00f3n ATS \u2013 Sistemas de Pegado\" \/>\n<meta property=\"og:description\" content=\"\u2b50 Kits de actualizaci\u00f3n ATS, parte de nuestra l\u00ednea de sistemas de pegado - hot melt, dise\u00f1ada para mejorar la eficiencia del empaque.\" \/>\n<meta property=\"og:url\" content=\"https:\/\/propacmx.com\/en\/product\/kits-de-actualizacion-ats-sistemas-de-pegado\/\" \/>\n<meta property=\"og:site_name\" content=\"Professional Packaging Systems\" \/>\n<meta property=\"article:modified_time\" content=\"2025-04-22T00:17:47+00:00\" \/>\n<meta property=\"og:image\" content=\"https:\/\/propacmx.com\/wp-content\/uploads\/2025\/04\/Kits-de-Actualizacion-ATS-\u2013-Sistemas-de-Pegado.webp\" \/>\n\t<meta property=\"og:image:width\" content=\"1563\" \/>\n\t<meta property=\"og:image:height\" content=\"1563\" \/>\n\t<meta property=\"og:image:type\" content=\"image\/webp\" \/>\n<meta name=\"twitter:card\" content=\"summary_large_image\" \/>\n<meta name=\"twitter:label1\" content=\"Price\" \/>\n\t<meta name=\"twitter:data1\" content=\"\" \/>\n\t<meta name=\"twitter:label2\" content=\"Availability\" \/>\n\t<meta name=\"twitter:data2\" content=\"In stock\" \/>\n<script type=\"application\/ld+json\" class=\"yoast-schema-graph\">{\"@context\":\"https:\\\/\\\/schema.org\",\"@graph\":[{\"@type\":\"WebPage\",\"@id\":\"https:\\\/\\\/propacmx.com\\\/product\\\/kits-de-actualizacion-ats-sistemas-de-pegado\\\/\",\"url\":\"https:\\\/\\\/propacmx.com\\\/product\\\/kits-de-actualizacion-ats-sistemas-de-pegado\\\/\",\"name\":\"Kits de actualizaci\u00f3n ATS - Sistemas de Pegado\",\"isPartOf\":{\"@id\":\"https:\\\/\\\/propacmx.com\\\/#website\"},\"primaryImageOfPage\":{\"@id\":\"https:\\\/\\\/propacmx.com\\\/product\\\/kits-de-actualizacion-ats-sistemas-de-pegado\\\/#primaryimage\"},\"image\":{\"@id\":\"https:\\\/\\\/propacmx.com\\\/product\\\/kits-de-actualizacion-ats-sistemas-de-pegado\\\/#primaryimage\"},\"thumbnailUrl\":\"https:\\\/\\\/propacmx.com\\\/wp-content\\\/uploads\\\/2025\\\/04\\\/Kits-de-Actualizacion-ATS-\u2013-Sistemas-de-Pegado.webp\",\"datePublished\":\"2025-04-20T00:41:22+00:00\",\"dateModified\":\"2025-04-22T00:17:47+00:00\",\"description\":\"\u2b50 Kits de actualizaci\u00f3n ATS, parte de nuestra l\u00ednea de sistemas de pegado - hot melt, dise\u00f1ada para mejorar la eficiencia del empaque.\",\"breadcrumb\":{\"@id\":\"https:\\\/\\\/propacmx.com\\\/product\\\/kits-de-actualizacion-ats-sistemas-de-pegado\\\/#breadcrumb\"},\"inLanguage\":\"en-US\",\"potentialAction\":[{\"@type\":\"ReadAction\",\"target\":[\"https:\\\/\\\/propacmx.com\\\/product\\\/kits-de-actualizacion-ats-sistemas-de-pegado\\\/\"]}]},{\"@type\":\"ImageObject\",\"inLanguage\":\"en-US\",\"@id\":\"https:\\\/\\\/propacmx.com\\\/product\\\/kits-de-actualizacion-ats-sistemas-de-pegado\\\/#primaryimage\",\"url\":\"https:\\\/\\\/propacmx.com\\\/wp-content\\\/uploads\\\/2025\\\/04\\\/Kits-de-Actualizacion-ATS-\u2013-Sistemas-de-Pegado.webp\",\"contentUrl\":\"https:\\\/\\\/propacmx.com\\\/wp-content\\\/uploads\\\/2025\\\/04\\\/Kits-de-Actualizacion-ATS-\u2013-Sistemas-de-Pegado.webp\",\"width\":1563,\"height\":1563,\"caption\":\"Kits de Actualizaci\u00f3n ATS \u2013 Sistemas de Pegado\"},{\"@type\":\"BreadcrumbList\",\"@id\":\"https:\\\/\\\/propacmx.com\\\/product\\\/kits-de-actualizacion-ats-sistemas-de-pegado\\\/#breadcrumb\",\"itemListElement\":[{\"@type\":\"ListItem\",\"position\":1,\"name\":\"Home\",\"item\":\"https:\\\/\\\/propacmx.com\\\/\"},{\"@type\":\"ListItem\",\"position\":2,\"name\":\"Tienda\",\"item\":\"https:\\\/\\\/propacmx.com\\\/tienda\\\/\"},{\"@type\":\"ListItem\",\"position\":3,\"name\":\"Kits de Actualizaci\u00f3n ATS \u2013 Sistemas de Pegado\"}]},{\"@type\":\"WebSite\",\"@id\":\"https:\\\/\\\/propacmx.com\\\/#website\",\"url\":\"https:\\\/\\\/propacmx.com\\\/\",\"name\":\"PRO PAC Professional Packaging Systems\",\"description\":\"PROPAC es tu socio estrat\u00e9gico en empaques. Combinamos calidad, servicio y tecnolog\u00eda para optimizar tus procesos log\u00edsticos.\",\"publisher\":{\"@id\":\"https:\\\/\\\/propacmx.com\\\/#organization\"},\"potentialAction\":[{\"@type\":\"SearchAction\",\"target\":{\"@type\":\"EntryPoint\",\"urlTemplate\":\"https:\\\/\\\/propacmx.com\\\/?s={search_term_string}\"},\"query-input\":{\"@type\":\"PropertyValueSpecification\",\"valueRequired\":true,\"valueName\":\"search_term_string\"}}],\"inLanguage\":\"en-US\"},{\"@type\":\"Organization\",\"@id\":\"https:\\\/\\\/propacmx.com\\\/#organization\",\"name\":\"PRO PAC Professional Packaging Systems\",\"url\":\"https:\\\/\\\/propacmx.com\\\/\",\"logo\":{\"@type\":\"ImageObject\",\"inLanguage\":\"en-US\",\"@id\":\"https:\\\/\\\/propacmx.com\\\/#\\\/schema\\\/logo\\\/image\\\/\",\"url\":\"\\\/wp-content\\\/uploads\\\/2025\\\/04\\\/PRO-PAC-MEXICO.webp\",\"contentUrl\":\"\\\/wp-content\\\/uploads\\\/2025\\\/04\\\/PRO-PAC-MEXICO.webp\",\"width\":1563,\"height\":1563,\"caption\":\"PRO PAC Professional Packaging Systems\"},\"image\":{\"@id\":\"https:\\\/\\\/propacmx.com\\\/#\\\/schema\\\/logo\\\/image\\\/\"}}]}<\/script>\n<meta property=\"product:brand\" content=\"Nordson\" \/>\n<meta property=\"product:price:currency\" content=\"MXN\" \/>\n<meta property=\"og:availability\" content=\"instock\" \/>\n<meta property=\"product:availability\" content=\"instock\" \/>\n<meta property=\"product:retailer_item_id\" content=\"prod-035\" \/>\n<meta property=\"product:condition\" content=\"new\" \/>\n<!-- \/ Yoast SEO Premium plugin. -->","yoast_head_json":{"title":"Kits de actualizaci\u00f3n ATS - Sistemas de Pegado","description":"\u2b50 Kits de actualizaci\u00f3n ATS, parte de nuestra l\u00ednea de sistemas de pegado - hot melt, dise\u00f1ada para mejorar la eficiencia del empaque.","robots":{"index":"index","follow":"follow","max-snippet":"max-snippet:-1","max-image-preview":"max-image-preview:large","max-video-preview":"max-video-preview:-1"},"canonical":"https:\/\/propacmx.com\/en\/product\/kits-de-actualizacion-ats-sistemas-de-pegado\/","og_locale":"en_US","og_type":"article","og_title":"Kits de Actualizaci\u00f3n ATS \u2013 Sistemas de Pegado","og_description":"\u2b50 Kits de actualizaci\u00f3n ATS, parte de nuestra l\u00ednea de sistemas de pegado - hot melt, dise\u00f1ada para mejorar la eficiencia del empaque.","og_url":"https:\/\/propacmx.com\/en\/product\/kits-de-actualizacion-ats-sistemas-de-pegado\/","og_site_name":"Professional Packaging Systems","article_modified_time":"2025-04-22T00:17:47+00:00","og_image":[{"width":1563,"height":1563,"url":"https:\/\/propacmx.com\/wp-content\/uploads\/2025\/04\/Kits-de-Actualizacion-ATS-\u2013-Sistemas-de-Pegado.webp","type":"image\/webp"}],"twitter_card":"summary_large_image","twitter_misc":{"Price":"","Availability":"In stock"},"schema":{"@context":"https:\/\/schema.org","@graph":[{"@type":"WebPage","@id":"https:\/\/propacmx.com\/product\/kits-de-actualizacion-ats-sistemas-de-pegado\/","url":"https:\/\/propacmx.com\/product\/kits-de-actualizacion-ats-sistemas-de-pegado\/","name":"Kits de actualizaci\u00f3n ATS - Sistemas de Pegado","isPartOf":{"@id":"https:\/\/propacmx.com\/#website"},"primaryImageOfPage":{"@id":"https:\/\/propacmx.com\/product\/kits-de-actualizacion-ats-sistemas-de-pegado\/#primaryimage"},"image":{"@id":"https:\/\/propacmx.com\/product\/kits-de-actualizacion-ats-sistemas-de-pegado\/#primaryimage"},"thumbnailUrl":"https:\/\/propacmx.com\/wp-content\/uploads\/2025\/04\/Kits-de-Actualizacion-ATS-\u2013-Sistemas-de-Pegado.webp","datePublished":"2025-04-20T00:41:22+00:00","dateModified":"2025-04-22T00:17:47+00:00","description":"\u2b50 Kits de actualizaci\u00f3n ATS, parte de nuestra l\u00ednea de sistemas de pegado - hot melt, dise\u00f1ada para mejorar la eficiencia del empaque.","breadcrumb":{"@id":"https:\/\/propacmx.com\/product\/kits-de-actualizacion-ats-sistemas-de-pegado\/#breadcrumb"},"inLanguage":"en-US","potentialAction":[{"@type":"ReadAction","target":["https:\/\/propacmx.com\/product\/kits-de-actualizacion-ats-sistemas-de-pegado\/"]}]},{"@type":"ImageObject","inLanguage":"en-US","@id":"https:\/\/propacmx.com\/product\/kits-de-actualizacion-ats-sistemas-de-pegado\/#primaryimage","url":"https:\/\/propacmx.com\/wp-content\/uploads\/2025\/04\/Kits-de-Actualizacion-ATS-\u2013-Sistemas-de-Pegado.webp","contentUrl":"https:\/\/propacmx.com\/wp-content\/uploads\/2025\/04\/Kits-de-Actualizacion-ATS-\u2013-Sistemas-de-Pegado.webp","width":1563,"height":1563,"caption":"Kits de Actualizaci\u00f3n ATS \u2013 Sistemas de Pegado"},{"@type":"BreadcrumbList","@id":"https:\/\/propacmx.com\/product\/kits-de-actualizacion-ats-sistemas-de-pegado\/#breadcrumb","itemListElement":[{"@type":"ListItem","position":1,"name":"Home","item":"https:\/\/propacmx.com\/"},{"@type":"ListItem","position":2,"name":"Tienda","item":"https:\/\/propacmx.com\/tienda\/"},{"@type":"ListItem","position":3,"name":"Kits de Actualizaci\u00f3n ATS \u2013 Sistemas de Pegado"}]},{"@type":"WebSite","@id":"https:\/\/propacmx.com\/#website","url":"https:\/\/propacmx.com\/","name":"PRO PAC Professional Packaging Systems","description":"PROPAC is your strategic partner in packaging. We combine quality, service and technology to optimize your logistics processes.","publisher":{"@id":"https:\/\/propacmx.com\/#organization"},"potentialAction":[{"@type":"SearchAction","target":{"@type":"EntryPoint","urlTemplate":"https:\/\/propacmx.com\/?s={search_term_string}"},"query-input":{"@type":"PropertyValueSpecification","valueRequired":true,"valueName":"search_term_string"}}],"inLanguage":"en-US"},{"@type":"Organization","@id":"https:\/\/propacmx.com\/#organization","name":"PRO PAC Professional Packaging Systems","url":"https:\/\/propacmx.com\/","logo":{"@type":"ImageObject","inLanguage":"en-US","@id":"https:\/\/propacmx.com\/#\/schema\/logo\/image\/","url":"\/wp-content\/uploads\/2025\/04\/PRO-PAC-MEXICO.webp","contentUrl":"\/wp-content\/uploads\/2025\/04\/PRO-PAC-MEXICO.webp","width":1563,"height":1563,"caption":"PRO PAC Professional Packaging Systems"},"image":{"@id":"https:\/\/propacmx.com\/#\/schema\/logo\/image\/"}}]},"product_brand":"Nordson","product_price_currency":"MXN","og_availability":"instock","product_availability":"instock","product_retailer_item_id":"prod-035","product_condition":"new"},"_links":{"self":[{"href":"https:\/\/propacmx.com\/en\/wp-json\/wp\/v2\/product\/13683","targetHints":{"allow":["GET"]}}],"collection":[{"href":"https:\/\/propacmx.com\/en\/wp-json\/wp\/v2\/product"}],"about":[{"href":"https:\/\/propacmx.com\/en\/wp-json\/wp\/v2\/types\/product"}],"wp:featuredmedia":[{"embeddable":true,"href":"https:\/\/propacmx.com\/en\/wp-json\/wp\/v2\/media\/13806"}],"wp:attachment":[{"href":"https:\/\/propacmx.com\/en\/wp-json\/wp\/v2\/media?parent=13683"}],"wp:term":[{"taxonomy":"product_brand","embeddable":true,"href":"https:\/\/propacmx.com\/en\/wp-json\/wp\/v2\/product_brand?post=13683"},{"taxonomy":"product_cat","embeddable":true,"href":"https:\/\/propacmx.com\/en\/wp-json\/wp\/v2\/product_cat?post=13683"},{"taxonomy":"product_tag","embeddable":true,"href":"https:\/\/propacmx.com\/en\/wp-json\/wp\/v2\/product_tag?post=13683"}],"curies":[{"name":"wp","href":"https:\/\/api.w.org\/{rel}","templated":true}]}}