{"id":13682,"date":"2025-04-20T00:41:22","date_gmt":"2025-04-20T00:41:22","guid":{"rendered":"https:\/\/blanchedalmond-dinosaur-273996.hostingersite.com\/?post_type=product&#038;p=13682"},"modified":"2025-04-22T00:33:56","modified_gmt":"2025-04-22T00:33:56","slug":"sp-sp-ir-series-maquinas-skin-pack","status":"publish","type":"product","link":"https:\/\/propacmx.com\/en\/product\/sp-sp-ir-series-maquinas-skin-pack\/","title":{"rendered":"SP &amp; SP\/IR SERIES - Skin Pack Machines"},"content":{"rendered":"<p class=\"\" data-start=\"645\" data-end=\"1053\">The <strong>Skin Pack machines<\/strong> <strong data-start=\"658\" data-end=\"719\">semi-autom\u00e1ticas de (skin packaging) de la serie SP y SP\/IR<\/strong> from <strong data-start=\"723\" data-end=\"735\">Starview<\/strong> son una soluci\u00f3n robusta y confiable para operaciones que requieren empacado de productos en tarjetas para venta al por menor o empaques industriales. Est\u00e1n disponibles para tama\u00f1os de tablero skin que van desde <strong data-start=\"948\" data-end=\"991\">18 x 24 pulgadas hasta 36 x 48 pulgadas<\/strong>, ofreciendo flexibilidad para diferentes formatos de empaque.<\/p>\n<p class=\"\" data-start=\"1055\" data-end=\"1413\">Estas m\u00e1quinas est\u00e1n dise\u00f1adas para aplicaciones de <strong data-start=\"1107\" data-end=\"1133\">bajo a mediano volumen<\/strong>, y se destacan por su sistema de calentamiento estacionario con <strong data-start=\"1198\" data-end=\"1247\">resistencias de encendido\/apagado instant\u00e1neo<\/strong>, lo que permite un calentamiento eficiente solo durante los ciclos de sellado. Una vez que finaliza el ciclo, el sistema se apaga para facilitar la carga y descarga.<\/p>\n<p class=\"\" data-start=\"1415\" data-end=\"1716\">The <strong data-start=\"1418\" data-end=\"1438\">serie SP y SP\/IR<\/strong> incluye <strong data-start=\"1447\" data-end=\"1479\">control PLC con temporizador<\/strong> para una repetibilidad precisa, <strong data-start=\"1512\" data-end=\"1546\">regulador de turbina ajustable<\/strong>, mesa de entrada y salida manual, y corte por hilo caliente por impulso. Su estructura es de <strong data-start=\"1640\" data-end=\"1657\">acero soldado<\/strong>, con paneles desmontables para facilitar el mantenimiento.<\/p>\n<h3 data-start=\"1723\" data-end=\"1751\"><\/h3>\n<h3 class=\"\" data-start=\"1723\" data-end=\"1751\"><strong data-start=\"1727\" data-end=\"1751\">Operational advantages:<\/strong><\/h3>\n<ul data-start=\"1753\" data-end=\"2131\">\n<li class=\"\" data-start=\"1753\" data-end=\"1843\">\n<p class=\"\" data-start=\"1755\" data-end=\"1843\">Compatible with <strong data-start=\"1770\" data-end=\"1784\">cart\u00f3n SBS<\/strong> o <strong data-start=\"1787\" data-end=\"1807\">cart\u00f3n corrugado<\/strong> y pel\u00edculas de Surlyn o polietileno<\/p>\n<\/li>\n<li class=\"\" data-start=\"1844\" data-end=\"1920\">\n<p class=\"\" data-start=\"1846\" data-end=\"1920\">Panel de control con temporizador programable para precisi\u00f3n en cada ciclo<\/p>\n<\/li>\n<li class=\"\" data-start=\"1921\" data-end=\"1992\">\n<p class=\"\" data-start=\"1923\" data-end=\"1992\">Sistema de corte por hilo caliente para un acabado limpio del empaque<\/p>\n<\/li>\n<li class=\"\" data-start=\"1993\" data-end=\"2065\">\n<p class=\"\" data-start=\"1995\" data-end=\"2065\">Construcci\u00f3n s\u00f3lida de acero para larga duraci\u00f3n y f\u00e1cil mantenimiento<\/p>\n<\/li>\n<li class=\"\" data-start=\"2066\" data-end=\"2131\">\n<p class=\"\" data-start=\"2068\" data-end=\"2131\">Ideal para l\u00edneas que requieren <strong data-start=\"2100\" data-end=\"2131\">empaque retail o industrial<\/strong><\/p>\n<\/li>\n<\/ul>\n<h3 data-start=\"2138\" data-end=\"2171\"><\/h3>\n<h3 class=\"\" data-start=\"2138\" data-end=\"2171\"><strong data-start=\"2142\" data-end=\"2171\">\u00bfPor qu\u00e9 elegir Starview?<\/strong><\/h3>\n<ul data-start=\"2173\" data-end=\"2705\">\n<li class=\"\" data-start=\"2173\" data-end=\"2245\">\n<p class=\"\" data-start=\"2175\" data-end=\"2245\">Gama amplia de caracter\u00edsticas est\u00e1ndar y automatizaci\u00f3n personalizada<\/p>\n<\/li>\n<li class=\"\" data-start=\"2246\" data-end=\"2342\">\n<p class=\"\" data-start=\"2248\" data-end=\"2342\"><strong data-start=\"2248\" data-end=\"2294\">Pantalla t\u00e1ctil a color montada en p\u00e9ndulo<\/strong>, \u00fanica en la industria para mayor accesibilidad<\/p>\n<\/li>\n<li class=\"\" data-start=\"2343\" data-end=\"2433\">\n<p class=\"\" data-start=\"2345\" data-end=\"2433\"><strong data-start=\"2345\" data-end=\"2362\">Acceso remoto<\/strong> por Ethernet o Wi-Fi (opcional) para monitoreo de datos en tiempo real<\/p>\n<\/li>\n<li class=\"\" data-start=\"2434\" data-end=\"2526\">\n<p class=\"\" data-start=\"2436\" data-end=\"2526\">Control de temperatura y velocidad del vac\u00edo <strong data-start=\"2481\" data-end=\"2526\">ajustable en pantalla con barras gr\u00e1ficas<\/strong><\/p>\n<\/li>\n<li class=\"\" data-start=\"2527\" data-end=\"2615\">\n<p class=\"\" data-start=\"2529\" data-end=\"2615\"><strong data-start=\"2529\" data-end=\"2573\">Memoria para hasta 99 recetas operativas<\/strong> con configuraci\u00f3n de tiempos y par\u00e1metros<\/p>\n<\/li>\n<li class=\"\" data-start=\"2616\" data-end=\"2705\">\n<p class=\"\" data-start=\"2618\" data-end=\"2705\">Soporte t\u00e9cnico l\u00edder en la industria y dise\u00f1o enfocado en el rendimiento a largo plazo<\/p>\n<\/li>\n<\/ul>\n<p class=\"\" data-start=\"2712\" data-end=\"2860\">Para niveles de producci\u00f3n m\u00e1s altos con mayor automatizaci\u00f3n, se recomienda considerar la serie totalmente autom\u00e1tica <strong data-start=\"2831\" data-end=\"2847\">ASP y ASP\/IR<\/strong> of Starview.<\/p>","protected":false},"excerpt":{"rendered":"<p class=\"\" data-start=\"318\" data-end=\"595\">Las m\u00e1quinas de <strong data-start=\"334\" data-end=\"380\">skin pack semi-autom\u00e1ticas SP y SP\/IR<\/strong> de Starview est\u00e1n dise\u00f1adas para aplicaciones de bajo a mediano volumen. Permiten empacar productos en cart\u00f3n SBS o corrugado utilizando pel\u00edculas de Surlyn o polietileno, con alta precisi\u00f3n y eficiencia operativa.<\/p>","protected":false},"featured_media":13811,"template":"","meta":[],"product_brand":[190],"product_cat":[107],"product_tag":[117,159,118],"class_list":{"0":"post-13682","1":"product","2":"type-product","3":"status-publish","4":"has-post-thumbnail","6":"product_brand-starview","7":"product_cat-maquinas-skin-pack","8":"product_tag-maquinaria-de-empaque","9":"product_tag-maquinas-skin-pack","10":"product_tag-selladoras-industriales","12":"first","13":"instock","14":"shipping-taxable","15":"product-type-simple"},"yoast_head":"<!-- This site is optimized with the Yoast SEO Premium plugin v24.3 (Yoast SEO v27.6) - https:\/\/yoast.com\/product\/yoast-seo-premium-wordpress\/ -->\n<title>SP &amp; SP\/IR SERIES - M\u00e1quinas Skin Pack<\/title>\n<meta name=\"description\" content=\"\u2b50 M\u00e1quinas Skin Pack SP &amp; SP\/IR SERIES, parte de nuestra l\u00ednea de m\u00e1quinas skin pack, dise\u00f1ada para mejorar la eficiencia del empaque.\" \/>\n<meta name=\"robots\" content=\"index, follow, max-snippet:-1, max-image-preview:large, max-video-preview:-1\" \/>\n<link rel=\"canonical\" href=\"https:\/\/propacmx.com\/en\/product\/sp-sp-ir-series-maquinas-skin-pack\/\" \/>\n<meta property=\"og:locale\" content=\"en_US\" \/>\n<meta property=\"og:type\" content=\"article\" \/>\n<meta property=\"og:title\" content=\"SP &amp; SP\/IR SERIES - M\u00e1quinas Skin Pack\" \/>\n<meta property=\"og:description\" content=\"\u2b50 M\u00e1quinas Skin Pack SP &amp; SP\/IR SERIES, parte de nuestra l\u00ednea de m\u00e1quinas skin pack, dise\u00f1ada para mejorar la eficiencia del empaque.\" \/>\n<meta property=\"og:url\" content=\"https:\/\/propacmx.com\/en\/product\/sp-sp-ir-series-maquinas-skin-pack\/\" \/>\n<meta property=\"og:site_name\" content=\"Professional Packaging Systems\" \/>\n<meta property=\"article:modified_time\" content=\"2025-04-22T00:33:56+00:00\" \/>\n<meta property=\"og:image\" content=\"https:\/\/propacmx.com\/wp-content\/uploads\/2025\/04\/Maquinas-de-envasado-semiautomaticas-tipo-skin.png\" \/>\n\t<meta property=\"og:image:width\" content=\"1563\" \/>\n\t<meta property=\"og:image:height\" content=\"1563\" \/>\n\t<meta property=\"og:image:type\" content=\"image\/png\" \/>\n<meta name=\"twitter:card\" content=\"summary_large_image\" \/>\n<meta name=\"twitter:label1\" content=\"Price\" \/>\n\t<meta name=\"twitter:data1\" content=\"\" \/>\n\t<meta name=\"twitter:label2\" content=\"Availability\" \/>\n\t<meta name=\"twitter:data2\" content=\"In stock\" \/>\n<script type=\"application\/ld+json\" class=\"yoast-schema-graph\">{\"@context\":\"https:\\\/\\\/schema.org\",\"@graph\":[{\"@type\":\"WebPage\",\"@id\":\"https:\\\/\\\/propacmx.com\\\/product\\\/sp-sp-ir-series-maquinas-skin-pack\\\/\",\"url\":\"https:\\\/\\\/propacmx.com\\\/product\\\/sp-sp-ir-series-maquinas-skin-pack\\\/\",\"name\":\"SP & SP\\\/IR SERIES - M\u00e1quinas Skin Pack\",\"isPartOf\":{\"@id\":\"https:\\\/\\\/propacmx.com\\\/#website\"},\"primaryImageOfPage\":{\"@id\":\"https:\\\/\\\/propacmx.com\\\/product\\\/sp-sp-ir-series-maquinas-skin-pack\\\/#primaryimage\"},\"image\":{\"@id\":\"https:\\\/\\\/propacmx.com\\\/product\\\/sp-sp-ir-series-maquinas-skin-pack\\\/#primaryimage\"},\"thumbnailUrl\":\"https:\\\/\\\/propacmx.com\\\/wp-content\\\/uploads\\\/2025\\\/04\\\/Maquinas-de-envasado-semiautomaticas-tipo-skin.png\",\"datePublished\":\"2025-04-20T00:41:22+00:00\",\"dateModified\":\"2025-04-22T00:33:56+00:00\",\"description\":\"\u2b50 M\u00e1quinas Skin Pack SP & SP\\\/IR SERIES, parte de nuestra l\u00ednea de m\u00e1quinas skin pack, dise\u00f1ada para mejorar la eficiencia del empaque.\",\"breadcrumb\":{\"@id\":\"https:\\\/\\\/propacmx.com\\\/product\\\/sp-sp-ir-series-maquinas-skin-pack\\\/#breadcrumb\"},\"inLanguage\":\"en-US\",\"potentialAction\":[{\"@type\":\"ReadAction\",\"target\":[\"https:\\\/\\\/propacmx.com\\\/product\\\/sp-sp-ir-series-maquinas-skin-pack\\\/\"]}]},{\"@type\":\"ImageObject\",\"inLanguage\":\"en-US\",\"@id\":\"https:\\\/\\\/propacmx.com\\\/product\\\/sp-sp-ir-series-maquinas-skin-pack\\\/#primaryimage\",\"url\":\"https:\\\/\\\/propacmx.com\\\/wp-content\\\/uploads\\\/2025\\\/04\\\/Maquinas-de-envasado-semiautomaticas-tipo-skin.png\",\"contentUrl\":\"https:\\\/\\\/propacmx.com\\\/wp-content\\\/uploads\\\/2025\\\/04\\\/Maquinas-de-envasado-semiautomaticas-tipo-skin.png\",\"width\":1563,\"height\":1563,\"caption\":\"M\u00e1quinas de envasado semiautom\u00e1ticas tipo skin\"},{\"@type\":\"BreadcrumbList\",\"@id\":\"https:\\\/\\\/propacmx.com\\\/product\\\/sp-sp-ir-series-maquinas-skin-pack\\\/#breadcrumb\",\"itemListElement\":[{\"@type\":\"ListItem\",\"position\":1,\"name\":\"Home\",\"item\":\"https:\\\/\\\/propacmx.com\\\/\"},{\"@type\":\"ListItem\",\"position\":2,\"name\":\"Tienda\",\"item\":\"https:\\\/\\\/propacmx.com\\\/tienda\\\/\"},{\"@type\":\"ListItem\",\"position\":3,\"name\":\"SP &#038; SP\\\/IR SERIES &#8211; M\u00e1quinas Skin Pack\"}]},{\"@type\":\"WebSite\",\"@id\":\"https:\\\/\\\/propacmx.com\\\/#website\",\"url\":\"https:\\\/\\\/propacmx.com\\\/\",\"name\":\"PRO PAC Professional Packaging Systems\",\"description\":\"PROPAC es tu socio estrat\u00e9gico en empaques. Combinamos calidad, servicio y tecnolog\u00eda para optimizar tus procesos log\u00edsticos.\",\"publisher\":{\"@id\":\"https:\\\/\\\/propacmx.com\\\/#organization\"},\"potentialAction\":[{\"@type\":\"SearchAction\",\"target\":{\"@type\":\"EntryPoint\",\"urlTemplate\":\"https:\\\/\\\/propacmx.com\\\/?s={search_term_string}\"},\"query-input\":{\"@type\":\"PropertyValueSpecification\",\"valueRequired\":true,\"valueName\":\"search_term_string\"}}],\"inLanguage\":\"en-US\"},{\"@type\":\"Organization\",\"@id\":\"https:\\\/\\\/propacmx.com\\\/#organization\",\"name\":\"PRO PAC Professional Packaging Systems\",\"url\":\"https:\\\/\\\/propacmx.com\\\/\",\"logo\":{\"@type\":\"ImageObject\",\"inLanguage\":\"en-US\",\"@id\":\"https:\\\/\\\/propacmx.com\\\/#\\\/schema\\\/logo\\\/image\\\/\",\"url\":\"\\\/wp-content\\\/uploads\\\/2025\\\/04\\\/PRO-PAC-MEXICO.webp\",\"contentUrl\":\"\\\/wp-content\\\/uploads\\\/2025\\\/04\\\/PRO-PAC-MEXICO.webp\",\"width\":1563,\"height\":1563,\"caption\":\"PRO PAC Professional Packaging Systems\"},\"image\":{\"@id\":\"https:\\\/\\\/propacmx.com\\\/#\\\/schema\\\/logo\\\/image\\\/\"}}]}<\/script>\n<meta property=\"product:brand\" content=\"Starview\" \/>\n<meta property=\"product:price:currency\" content=\"MXN\" \/>\n<meta property=\"og:availability\" content=\"instock\" \/>\n<meta property=\"product:availability\" content=\"instock\" \/>\n<meta property=\"product:retailer_item_id\" content=\"prod-034\" \/>\n<meta property=\"product:condition\" content=\"new\" \/>\n<!-- \/ Yoast SEO Premium plugin. -->","yoast_head_json":{"title":"SP & SP\/IR SERIES - M\u00e1quinas Skin Pack","description":"\u2b50 M\u00e1quinas Skin Pack SP & SP\/IR SERIES, parte de nuestra l\u00ednea de m\u00e1quinas skin pack, dise\u00f1ada para mejorar la eficiencia del empaque.","robots":{"index":"index","follow":"follow","max-snippet":"max-snippet:-1","max-image-preview":"max-image-preview:large","max-video-preview":"max-video-preview:-1"},"canonical":"https:\/\/propacmx.com\/en\/product\/sp-sp-ir-series-maquinas-skin-pack\/","og_locale":"en_US","og_type":"article","og_title":"SP & SP\/IR SERIES - M\u00e1quinas Skin Pack","og_description":"\u2b50 M\u00e1quinas Skin Pack SP & SP\/IR SERIES, parte de nuestra l\u00ednea de m\u00e1quinas skin pack, dise\u00f1ada para mejorar la eficiencia del empaque.","og_url":"https:\/\/propacmx.com\/en\/product\/sp-sp-ir-series-maquinas-skin-pack\/","og_site_name":"Professional Packaging Systems","article_modified_time":"2025-04-22T00:33:56+00:00","og_image":[{"width":1563,"height":1563,"url":"https:\/\/propacmx.com\/wp-content\/uploads\/2025\/04\/Maquinas-de-envasado-semiautomaticas-tipo-skin.png","type":"image\/png"}],"twitter_card":"summary_large_image","twitter_misc":{"Price":"","Availability":"In stock"},"schema":{"@context":"https:\/\/schema.org","@graph":[{"@type":"WebPage","@id":"https:\/\/propacmx.com\/product\/sp-sp-ir-series-maquinas-skin-pack\/","url":"https:\/\/propacmx.com\/product\/sp-sp-ir-series-maquinas-skin-pack\/","name":"SP & SP\/IR SERIES - M\u00e1quinas Skin Pack","isPartOf":{"@id":"https:\/\/propacmx.com\/#website"},"primaryImageOfPage":{"@id":"https:\/\/propacmx.com\/product\/sp-sp-ir-series-maquinas-skin-pack\/#primaryimage"},"image":{"@id":"https:\/\/propacmx.com\/product\/sp-sp-ir-series-maquinas-skin-pack\/#primaryimage"},"thumbnailUrl":"https:\/\/propacmx.com\/wp-content\/uploads\/2025\/04\/Maquinas-de-envasado-semiautomaticas-tipo-skin.png","datePublished":"2025-04-20T00:41:22+00:00","dateModified":"2025-04-22T00:33:56+00:00","description":"\u2b50 M\u00e1quinas Skin Pack SP & SP\/IR SERIES, parte de nuestra l\u00ednea de m\u00e1quinas skin pack, dise\u00f1ada para mejorar la eficiencia del empaque.","breadcrumb":{"@id":"https:\/\/propacmx.com\/product\/sp-sp-ir-series-maquinas-skin-pack\/#breadcrumb"},"inLanguage":"en-US","potentialAction":[{"@type":"ReadAction","target":["https:\/\/propacmx.com\/product\/sp-sp-ir-series-maquinas-skin-pack\/"]}]},{"@type":"ImageObject","inLanguage":"en-US","@id":"https:\/\/propacmx.com\/product\/sp-sp-ir-series-maquinas-skin-pack\/#primaryimage","url":"https:\/\/propacmx.com\/wp-content\/uploads\/2025\/04\/Maquinas-de-envasado-semiautomaticas-tipo-skin.png","contentUrl":"https:\/\/propacmx.com\/wp-content\/uploads\/2025\/04\/Maquinas-de-envasado-semiautomaticas-tipo-skin.png","width":1563,"height":1563,"caption":"M\u00e1quinas de envasado semiautom\u00e1ticas tipo skin"},{"@type":"BreadcrumbList","@id":"https:\/\/propacmx.com\/product\/sp-sp-ir-series-maquinas-skin-pack\/#breadcrumb","itemListElement":[{"@type":"ListItem","position":1,"name":"Home","item":"https:\/\/propacmx.com\/"},{"@type":"ListItem","position":2,"name":"Tienda","item":"https:\/\/propacmx.com\/tienda\/"},{"@type":"ListItem","position":3,"name":"SP &#038; SP\/IR SERIES &#8211; M\u00e1quinas Skin Pack"}]},{"@type":"WebSite","@id":"https:\/\/propacmx.com\/#website","url":"https:\/\/propacmx.com\/","name":"PRO PAC Professional Packaging Systems","description":"PROPAC is your strategic partner in packaging. We combine quality, service and technology to optimize your logistics processes.","publisher":{"@id":"https:\/\/propacmx.com\/#organization"},"potentialAction":[{"@type":"SearchAction","target":{"@type":"EntryPoint","urlTemplate":"https:\/\/propacmx.com\/?s={search_term_string}"},"query-input":{"@type":"PropertyValueSpecification","valueRequired":true,"valueName":"search_term_string"}}],"inLanguage":"en-US"},{"@type":"Organization","@id":"https:\/\/propacmx.com\/#organization","name":"PRO PAC Professional Packaging Systems","url":"https:\/\/propacmx.com\/","logo":{"@type":"ImageObject","inLanguage":"en-US","@id":"https:\/\/propacmx.com\/#\/schema\/logo\/image\/","url":"\/wp-content\/uploads\/2025\/04\/PRO-PAC-MEXICO.webp","contentUrl":"\/wp-content\/uploads\/2025\/04\/PRO-PAC-MEXICO.webp","width":1563,"height":1563,"caption":"PRO PAC Professional Packaging Systems"},"image":{"@id":"https:\/\/propacmx.com\/#\/schema\/logo\/image\/"}}]},"product_brand":"Starview","product_price_currency":"MXN","og_availability":"instock","product_availability":"instock","product_retailer_item_id":"prod-034","product_condition":"new"},"_links":{"self":[{"href":"https:\/\/propacmx.com\/en\/wp-json\/wp\/v2\/product\/13682","targetHints":{"allow":["GET"]}}],"collection":[{"href":"https:\/\/propacmx.com\/en\/wp-json\/wp\/v2\/product"}],"about":[{"href":"https:\/\/propacmx.com\/en\/wp-json\/wp\/v2\/types\/product"}],"wp:featuredmedia":[{"embeddable":true,"href":"https:\/\/propacmx.com\/en\/wp-json\/wp\/v2\/media\/13811"}],"wp:attachment":[{"href":"https:\/\/propacmx.com\/en\/wp-json\/wp\/v2\/media?parent=13682"}],"wp:term":[{"taxonomy":"product_brand","embeddable":true,"href":"https:\/\/propacmx.com\/en\/wp-json\/wp\/v2\/product_brand?post=13682"},{"taxonomy":"product_cat","embeddable":true,"href":"https:\/\/propacmx.com\/en\/wp-json\/wp\/v2\/product_cat?post=13682"},{"taxonomy":"product_tag","embeddable":true,"href":"https:\/\/propacmx.com\/en\/wp-json\/wp\/v2\/product_tag?post=13682"}],"curies":[{"name":"wp","href":"https:\/\/api.w.org\/{rel}","templated":true}]}}