{"id":13681,"date":"2025-04-20T00:41:22","date_gmt":"2025-04-20T00:41:22","guid":{"rendered":"https:\/\/blanchedalmond-dinosaur-273996.hostingersite.com\/?post_type=product&#038;p=13681"},"modified":"2025-04-22T01:54:21","modified_gmt":"2025-04-22T01:54:21","slug":"msp-series-maquinas-skin-pack","status":"publish","type":"product","link":"https:\/\/propacmx.com\/en\/product\/msp-series-maquinas-skin-pack\/","title":{"rendered":"MSP Series - Skin Pack Machines"},"content":{"rendered":"<p class=\"\" data-start=\"643\" data-end=\"993\">Las M\u00e1quinas Skin Pack <strong data-start=\"646\" data-end=\"659\">Serie MSP<\/strong> from <strong data-start=\"663\" data-end=\"675\">Starview<\/strong> est\u00e1 dise\u00f1ada para cubrir las necesidades de <strong data-start=\"721\" data-end=\"742\">empaque tipo skin<\/strong> en operaciones de bajo volumen o nivel inicial. Estas m\u00e1quinas manuales de sobremesa permiten crear empaques tipo tarjeta para venta al por menor o empaques industriales utilizando <strong data-start=\"924\" data-end=\"950\">cart\u00f3n SBS o corrugado<\/strong> con pel\u00edculas de <strong data-start=\"968\" data-end=\"992\">Surlyn o polietileno<\/strong>.<\/p>\n<p class=\"\" data-start=\"995\" data-end=\"1322\">Disponibles en tama\u00f1os nominales de <strong data-start=\"1031\" data-end=\"1051\">12 x 18 pulgadas<\/strong> y <strong data-start=\"1054\" data-end=\"1074\">18 x 24 pulgadas<\/strong>, las m\u00e1quinas MSP incorporan un <strong data-start=\"1107\" data-end=\"1148\">sistema de calentamiento estacionario<\/strong> con <strong data-start=\"1153\" data-end=\"1202\">resistencias de encendido\/apagado instant\u00e1neo<\/strong>, que se activan \u00fanicamente durante los ciclos de operaci\u00f3n y se apagan para facilitar la carga y descarga del producto.<\/p>\n<p class=\"\" data-start=\"1324\" data-end=\"1659\">El sistema cuenta con <strong data-start=\"1346\" data-end=\"1373\">control de temporizador<\/strong> para garantizar una repetici\u00f3n precisa y un <strong data-start=\"1418\" data-end=\"1465\">regulador de turbina ajustado con exactitud<\/strong>. Gracias a su dise\u00f1o compacto y su operaci\u00f3n sin aire comprimido, es una soluci\u00f3n accesible y eficiente para l\u00edneas peque\u00f1as, talleres, demostraciones de producto o producciones personalizadas.<\/p>\n<h3 data-start=\"1666\" data-end=\"1701\"><\/h3>\n<h3 class=\"\" data-start=\"1666\" data-end=\"1701\"><strong data-start=\"1670\" data-end=\"1701\">Outstanding features:<\/strong><\/h3>\n<ul data-start=\"1703\" data-end=\"2059\">\n<li class=\"\" data-start=\"1703\" data-end=\"1771\">\n<p class=\"\" data-start=\"1705\" data-end=\"1771\">Designed for <strong data-start=\"1720\" data-end=\"1771\">aplicaciones de bajo volumen o nivel de entrada<\/strong><\/p>\n<\/li>\n<li class=\"\" data-start=\"1772\" data-end=\"1850\">\n<p class=\"\" data-start=\"1774\" data-end=\"1850\">No requieren aire comprimido gracias al marco de sujeci\u00f3n manual de pel\u00edcula<\/p>\n<\/li>\n<li class=\"\" data-start=\"1851\" data-end=\"1906\">\n<p class=\"\" data-start=\"1853\" data-end=\"1906\">Compatible con anchos de pel\u00edcula est\u00e1ndar del sector<\/p>\n<\/li>\n<li class=\"\" data-start=\"1907\" data-end=\"1974\">\n<p class=\"\" data-start=\"1909\" data-end=\"1974\">Construcci\u00f3n robusta y controles HMI simples para f\u00e1cil operaci\u00f3n<\/p>\n<\/li>\n<li class=\"\" data-start=\"1975\" data-end=\"2059\">\n<p class=\"\" data-start=\"1977\" data-end=\"2059\">Ideal para producir empaques tipo tarjeta para productos de consumo o industriales<\/p>\n<\/li>\n<\/ul>\n<h3 data-start=\"2066\" data-end=\"2099\"><\/h3>\n<h3 class=\"\" data-start=\"2066\" data-end=\"2099\"><strong data-start=\"2070\" data-end=\"2099\">\u00bfPor qu\u00e9 elegir Starview?<\/strong><\/h3>\n<ul data-start=\"2101\" data-end=\"2391\">\n<li class=\"\" data-start=\"2101\" data-end=\"2180\">\n<p class=\"\" data-start=\"2103\" data-end=\"2180\">Amplia gama de funciones est\u00e1ndar y opciones de automatizaci\u00f3n personalizadas<\/p>\n<\/li>\n<li class=\"\" data-start=\"2181\" data-end=\"2243\">\n<p class=\"\" data-start=\"2183\" data-end=\"2243\">Operaci\u00f3n confiable con dise\u00f1o compacto y bajo mantenimiento<\/p>\n<\/li>\n<li class=\"\" data-start=\"2244\" data-end=\"2317\">\n<p class=\"\" data-start=\"2246\" data-end=\"2317\">Excelente soporte t\u00e9cnico, construcci\u00f3n duradera y controles intuitivos<\/p>\n<\/li>\n<li class=\"\" data-start=\"2318\" data-end=\"2391\">\n<p class=\"\" data-start=\"2320\" data-end=\"2391\">Alternativa eficiente para quienes no requieren automatizaci\u00f3n completa<\/p>\n<\/li>\n<\/ul>\n<p class=\"\" data-start=\"2398\" data-end=\"2592\">Para mayores vol\u00famenes de producci\u00f3n, Las M\u00e1quinas Skin Pack de Starview ofrece las <strong data-start=\"2456\" data-end=\"2477\">series SP y SP\/IR<\/strong> (semi-autom\u00e1ticas) y <strong data-start=\"2499\" data-end=\"2515\">ASP y ASP\/IR<\/strong> (totalmente autom\u00e1ticas), dise\u00f1adas para niveles industriales m\u00e1s exigentes.<\/p>","protected":false},"excerpt":{"rendered":"<p class=\"\" data-start=\"318\" data-end=\"593\">The <strong data-start=\"322\" data-end=\"379\">m\u00e1quinas manuales de skin packaging de mesa Serie MSP<\/strong> de Starview son ideales para aplicaciones de bajo volumen. Las M\u00e1quinas Skin Pack son compatibles con cart\u00f3n SBS o corrugado y pel\u00edculas de Surlyn o polietileno, ofrecen un empaque limpio, confiable y eficiente sin requerir aire comprimido.<\/p>","protected":false},"featured_media":13816,"template":"","meta":[],"product_brand":[190],"product_cat":[107],"product_tag":[117,191,159,118],"class_list":{"0":"post-13681","1":"product","2":"type-product","3":"status-publish","4":"has-post-thumbnail","6":"product_brand-starview","7":"product_cat-maquinas-skin-pack","8":"product_tag-maquinaria-de-empaque","9":"product_tag-maquinas-de-envasado","10":"product_tag-maquinas-skin-pack","11":"product_tag-selladoras-industriales","13":"first","14":"instock","15":"shipping-taxable","16":"product-type-simple"},"yoast_head":"<!-- This site is optimized with the Yoast SEO Premium plugin v24.3 (Yoast SEO v27.6) - https:\/\/yoast.com\/product\/yoast-seo-premium-wordpress\/ -->\n<title>MSP SERIES - M\u00e1quinas Skin Pack<\/title>\n<meta name=\"description\" content=\"\u2b50 MSP SERIES, parte de nuestra l\u00ednea de m\u00e1quinas skin pack, dise\u00f1ada para mejorar la eficiencia del empaque. M\u00e1quinas manuales tipo mesa para skin pack.\" \/>\n<meta name=\"robots\" content=\"index, follow, max-snippet:-1, max-image-preview:large, max-video-preview:-1\" \/>\n<link rel=\"canonical\" href=\"https:\/\/propacmx.com\/en\/product\/msp-series-maquinas-skin-pack\/\" \/>\n<meta property=\"og:locale\" content=\"en_US\" \/>\n<meta property=\"og:type\" content=\"article\" \/>\n<meta property=\"og:title\" content=\"MSP Series - M\u00e1quinas Skin Pack\" \/>\n<meta property=\"og:description\" content=\"\u2b50 MSP SERIES, parte de nuestra l\u00ednea de m\u00e1quinas skin pack, dise\u00f1ada para mejorar la eficiencia del empaque. M\u00e1quinas manuales tipo mesa para skin pack.\" \/>\n<meta property=\"og:url\" content=\"https:\/\/propacmx.com\/en\/product\/msp-series-maquinas-skin-pack\/\" \/>\n<meta property=\"og:site_name\" content=\"Professional Packaging Systems\" \/>\n<meta property=\"article:modified_time\" content=\"2025-04-22T01:54:21+00:00\" \/>\n<meta property=\"og:image\" content=\"https:\/\/propacmx.com\/wp-content\/uploads\/2025\/04\/Manual-Table-Top-Skin-Packaging-Machines.webp\" \/>\n\t<meta property=\"og:image:width\" content=\"1563\" \/>\n\t<meta property=\"og:image:height\" content=\"1563\" \/>\n\t<meta property=\"og:image:type\" content=\"image\/webp\" \/>\n<meta name=\"twitter:card\" content=\"summary_large_image\" \/>\n<meta name=\"twitter:label1\" content=\"Price\" \/>\n\t<meta name=\"twitter:data1\" content=\"\" \/>\n\t<meta name=\"twitter:label2\" content=\"Availability\" \/>\n\t<meta name=\"twitter:data2\" content=\"In stock\" \/>\n<script type=\"application\/ld+json\" class=\"yoast-schema-graph\">{\"@context\":\"https:\\\/\\\/schema.org\",\"@graph\":[{\"@type\":\"WebPage\",\"@id\":\"https:\\\/\\\/propacmx.com\\\/product\\\/msp-series-maquinas-skin-pack\\\/\",\"url\":\"https:\\\/\\\/propacmx.com\\\/product\\\/msp-series-maquinas-skin-pack\\\/\",\"name\":\"MSP SERIES - M\u00e1quinas Skin Pack\",\"isPartOf\":{\"@id\":\"https:\\\/\\\/propacmx.com\\\/#website\"},\"primaryImageOfPage\":{\"@id\":\"https:\\\/\\\/propacmx.com\\\/product\\\/msp-series-maquinas-skin-pack\\\/#primaryimage\"},\"image\":{\"@id\":\"https:\\\/\\\/propacmx.com\\\/product\\\/msp-series-maquinas-skin-pack\\\/#primaryimage\"},\"thumbnailUrl\":\"https:\\\/\\\/propacmx.com\\\/wp-content\\\/uploads\\\/2025\\\/04\\\/Manual-Table-Top-Skin-Packaging-Machines.webp\",\"datePublished\":\"2025-04-20T00:41:22+00:00\",\"dateModified\":\"2025-04-22T01:54:21+00:00\",\"description\":\"\u2b50 MSP SERIES, parte de nuestra l\u00ednea de m\u00e1quinas skin pack, dise\u00f1ada para mejorar la eficiencia del empaque. M\u00e1quinas manuales tipo mesa para skin pack.\",\"breadcrumb\":{\"@id\":\"https:\\\/\\\/propacmx.com\\\/product\\\/msp-series-maquinas-skin-pack\\\/#breadcrumb\"},\"inLanguage\":\"en-US\",\"potentialAction\":[{\"@type\":\"ReadAction\",\"target\":[\"https:\\\/\\\/propacmx.com\\\/product\\\/msp-series-maquinas-skin-pack\\\/\"]}]},{\"@type\":\"ImageObject\",\"inLanguage\":\"en-US\",\"@id\":\"https:\\\/\\\/propacmx.com\\\/product\\\/msp-series-maquinas-skin-pack\\\/#primaryimage\",\"url\":\"https:\\\/\\\/propacmx.com\\\/wp-content\\\/uploads\\\/2025\\\/04\\\/Manual-Table-Top-Skin-Packaging-Machines.webp\",\"contentUrl\":\"https:\\\/\\\/propacmx.com\\\/wp-content\\\/uploads\\\/2025\\\/04\\\/Manual-Table-Top-Skin-Packaging-Machines.webp\",\"width\":1563,\"height\":1563,\"caption\":\"Manual Table Top Skin Packaging Machines\"},{\"@type\":\"BreadcrumbList\",\"@id\":\"https:\\\/\\\/propacmx.com\\\/product\\\/msp-series-maquinas-skin-pack\\\/#breadcrumb\",\"itemListElement\":[{\"@type\":\"ListItem\",\"position\":1,\"name\":\"Home\",\"item\":\"https:\\\/\\\/propacmx.com\\\/\"},{\"@type\":\"ListItem\",\"position\":2,\"name\":\"Tienda\",\"item\":\"https:\\\/\\\/propacmx.com\\\/tienda\\\/\"},{\"@type\":\"ListItem\",\"position\":3,\"name\":\"MSP Series &#8211; M\u00e1quinas Skin Pack\"}]},{\"@type\":\"WebSite\",\"@id\":\"https:\\\/\\\/propacmx.com\\\/#website\",\"url\":\"https:\\\/\\\/propacmx.com\\\/\",\"name\":\"PRO PAC Professional Packaging Systems\",\"description\":\"PROPAC es tu socio estrat\u00e9gico en empaques. Combinamos calidad, servicio y tecnolog\u00eda para optimizar tus procesos log\u00edsticos.\",\"publisher\":{\"@id\":\"https:\\\/\\\/propacmx.com\\\/#organization\"},\"potentialAction\":[{\"@type\":\"SearchAction\",\"target\":{\"@type\":\"EntryPoint\",\"urlTemplate\":\"https:\\\/\\\/propacmx.com\\\/?s={search_term_string}\"},\"query-input\":{\"@type\":\"PropertyValueSpecification\",\"valueRequired\":true,\"valueName\":\"search_term_string\"}}],\"inLanguage\":\"en-US\"},{\"@type\":\"Organization\",\"@id\":\"https:\\\/\\\/propacmx.com\\\/#organization\",\"name\":\"PRO PAC Professional Packaging Systems\",\"url\":\"https:\\\/\\\/propacmx.com\\\/\",\"logo\":{\"@type\":\"ImageObject\",\"inLanguage\":\"en-US\",\"@id\":\"https:\\\/\\\/propacmx.com\\\/#\\\/schema\\\/logo\\\/image\\\/\",\"url\":\"\\\/wp-content\\\/uploads\\\/2025\\\/04\\\/PRO-PAC-MEXICO.webp\",\"contentUrl\":\"\\\/wp-content\\\/uploads\\\/2025\\\/04\\\/PRO-PAC-MEXICO.webp\",\"width\":1563,\"height\":1563,\"caption\":\"PRO PAC Professional Packaging Systems\"},\"image\":{\"@id\":\"https:\\\/\\\/propacmx.com\\\/#\\\/schema\\\/logo\\\/image\\\/\"}}]}<\/script>\n<meta property=\"product:brand\" content=\"Starview\" \/>\n<meta property=\"product:price:currency\" content=\"MXN\" \/>\n<meta property=\"og:availability\" content=\"instock\" \/>\n<meta property=\"product:availability\" content=\"instock\" \/>\n<meta property=\"product:retailer_item_id\" content=\"prod-033\" \/>\n<meta property=\"product:condition\" content=\"new\" \/>\n<!-- \/ Yoast SEO Premium plugin. -->","yoast_head_json":{"title":"MSP SERIES - Skin Pack Machines","description":"\u2b50 MSP SERIES, parte de nuestra l\u00ednea de m\u00e1quinas skin pack, dise\u00f1ada para mejorar la eficiencia del empaque. M\u00e1quinas manuales tipo mesa para skin pack.","robots":{"index":"index","follow":"follow","max-snippet":"max-snippet:-1","max-image-preview":"max-image-preview:large","max-video-preview":"max-video-preview:-1"},"canonical":"https:\/\/propacmx.com\/en\/product\/msp-series-maquinas-skin-pack\/","og_locale":"en_US","og_type":"article","og_title":"MSP Series - M\u00e1quinas Skin Pack","og_description":"\u2b50 MSP SERIES, parte de nuestra l\u00ednea de m\u00e1quinas skin pack, dise\u00f1ada para mejorar la eficiencia del empaque. M\u00e1quinas manuales tipo mesa para skin pack.","og_url":"https:\/\/propacmx.com\/en\/product\/msp-series-maquinas-skin-pack\/","og_site_name":"Professional Packaging Systems","article_modified_time":"2025-04-22T01:54:21+00:00","og_image":[{"width":1563,"height":1563,"url":"https:\/\/propacmx.com\/wp-content\/uploads\/2025\/04\/Manual-Table-Top-Skin-Packaging-Machines.webp","type":"image\/webp"}],"twitter_card":"summary_large_image","twitter_misc":{"Price":"","Availability":"In stock"},"schema":{"@context":"https:\/\/schema.org","@graph":[{"@type":"WebPage","@id":"https:\/\/propacmx.com\/product\/msp-series-maquinas-skin-pack\/","url":"https:\/\/propacmx.com\/product\/msp-series-maquinas-skin-pack\/","name":"MSP SERIES - Skin Pack Machines","isPartOf":{"@id":"https:\/\/propacmx.com\/#website"},"primaryImageOfPage":{"@id":"https:\/\/propacmx.com\/product\/msp-series-maquinas-skin-pack\/#primaryimage"},"image":{"@id":"https:\/\/propacmx.com\/product\/msp-series-maquinas-skin-pack\/#primaryimage"},"thumbnailUrl":"https:\/\/propacmx.com\/wp-content\/uploads\/2025\/04\/Manual-Table-Top-Skin-Packaging-Machines.webp","datePublished":"2025-04-20T00:41:22+00:00","dateModified":"2025-04-22T01:54:21+00:00","description":"\u2b50 MSP SERIES, parte de nuestra l\u00ednea de m\u00e1quinas skin pack, dise\u00f1ada para mejorar la eficiencia del empaque. M\u00e1quinas manuales tipo mesa para skin pack.","breadcrumb":{"@id":"https:\/\/propacmx.com\/product\/msp-series-maquinas-skin-pack\/#breadcrumb"},"inLanguage":"en-US","potentialAction":[{"@type":"ReadAction","target":["https:\/\/propacmx.com\/product\/msp-series-maquinas-skin-pack\/"]}]},{"@type":"ImageObject","inLanguage":"en-US","@id":"https:\/\/propacmx.com\/product\/msp-series-maquinas-skin-pack\/#primaryimage","url":"https:\/\/propacmx.com\/wp-content\/uploads\/2025\/04\/Manual-Table-Top-Skin-Packaging-Machines.webp","contentUrl":"https:\/\/propacmx.com\/wp-content\/uploads\/2025\/04\/Manual-Table-Top-Skin-Packaging-Machines.webp","width":1563,"height":1563,"caption":"Manual Table Top Skin Packaging Machines"},{"@type":"BreadcrumbList","@id":"https:\/\/propacmx.com\/product\/msp-series-maquinas-skin-pack\/#breadcrumb","itemListElement":[{"@type":"ListItem","position":1,"name":"Home","item":"https:\/\/propacmx.com\/"},{"@type":"ListItem","position":2,"name":"Tienda","item":"https:\/\/propacmx.com\/tienda\/"},{"@type":"ListItem","position":3,"name":"MSP Series &#8211; M\u00e1quinas Skin Pack"}]},{"@type":"WebSite","@id":"https:\/\/propacmx.com\/#website","url":"https:\/\/propacmx.com\/","name":"PRO PAC Professional Packaging Systems","description":"PROPAC is your strategic partner in packaging. We combine quality, service and technology to optimize your logistics processes.","publisher":{"@id":"https:\/\/propacmx.com\/#organization"},"potentialAction":[{"@type":"SearchAction","target":{"@type":"EntryPoint","urlTemplate":"https:\/\/propacmx.com\/?s={search_term_string}"},"query-input":{"@type":"PropertyValueSpecification","valueRequired":true,"valueName":"search_term_string"}}],"inLanguage":"en-US"},{"@type":"Organization","@id":"https:\/\/propacmx.com\/#organization","name":"PRO PAC Professional Packaging Systems","url":"https:\/\/propacmx.com\/","logo":{"@type":"ImageObject","inLanguage":"en-US","@id":"https:\/\/propacmx.com\/#\/schema\/logo\/image\/","url":"\/wp-content\/uploads\/2025\/04\/PRO-PAC-MEXICO.webp","contentUrl":"\/wp-content\/uploads\/2025\/04\/PRO-PAC-MEXICO.webp","width":1563,"height":1563,"caption":"PRO PAC Professional Packaging Systems"},"image":{"@id":"https:\/\/propacmx.com\/#\/schema\/logo\/image\/"}}]},"product_brand":"Starview","product_price_currency":"MXN","og_availability":"instock","product_availability":"instock","product_retailer_item_id":"prod-033","product_condition":"new"},"_links":{"self":[{"href":"https:\/\/propacmx.com\/en\/wp-json\/wp\/v2\/product\/13681","targetHints":{"allow":["GET"]}}],"collection":[{"href":"https:\/\/propacmx.com\/en\/wp-json\/wp\/v2\/product"}],"about":[{"href":"https:\/\/propacmx.com\/en\/wp-json\/wp\/v2\/types\/product"}],"wp:featuredmedia":[{"embeddable":true,"href":"https:\/\/propacmx.com\/en\/wp-json\/wp\/v2\/media\/13816"}],"wp:attachment":[{"href":"https:\/\/propacmx.com\/en\/wp-json\/wp\/v2\/media?parent=13681"}],"wp:term":[{"taxonomy":"product_brand","embeddable":true,"href":"https:\/\/propacmx.com\/en\/wp-json\/wp\/v2\/product_brand?post=13681"},{"taxonomy":"product_cat","embeddable":true,"href":"https:\/\/propacmx.com\/en\/wp-json\/wp\/v2\/product_cat?post=13681"},{"taxonomy":"product_tag","embeddable":true,"href":"https:\/\/propacmx.com\/en\/wp-json\/wp\/v2\/product_tag?post=13681"}],"curies":[{"name":"wp","href":"https:\/\/api.w.org\/{rel}","templated":true}]}}