{"id":13680,"date":"2025-04-20T00:41:10","date_gmt":"2025-04-20T00:41:10","guid":{"rendered":"https:\/\/blanchedalmond-dinosaur-273996.hostingersite.com\/?post_type=product&#038;p=13680"},"modified":"2025-04-22T01:13:54","modified_gmt":"2025-04-22T01:13:54","slug":"maquina-de-envasado-fab-ph-series-empaque-medico-y-farmaceutico","status":"publish","type":"product","link":"https:\/\/propacmx.com\/en\/product\/maquina-de-envasado-fab-ph-series-empaque-medico-y-farmaceutico\/","title":{"rendered":"FAB\/PH Series Packaging Machines - - Medical and Pharmaceutical Packaging"},"content":{"rendered":"<p class=\"\" data-start=\"711\" data-end=\"1208\">The <strong data-start=\"714\" data-end=\"730\">Serie de M\u00e1quinas de Envasado FAB\/PH<\/strong> from <strong data-start=\"734\" data-end=\"746\">Starview<\/strong> est\u00e1 dise\u00f1ada para satisfacer las necesidades de producci\u00f3n <strong data-start=\"807\" data-end=\"854\">autom\u00e1tica de empaque m\u00e9dico y farmac\u00e9utico<\/strong> a nivel industrial. Estas m\u00e1quinas de tipo rotativo permiten el sellado t\u00e9rmico de <strong data-start=\"938\" data-end=\"974\">bandejas m\u00e9dicas y farmac\u00e9uticas<\/strong> utilizando materiales como <strong data-start=\"1002\" data-end=\"1058\">Tyvek, papel m\u00e9dico, l\u00e1minas de aluminio, PETG, HIPS<\/strong> y otros sustratos termosellables. Tambi\u00e9n pueden producir empaques tipo <strong data-start=\"1131\" data-end=\"1147\">wallet packs<\/strong> para ensayos cl\u00ednicos o sistemas de dosificaci\u00f3n controlada.<\/p>\n<p class=\"\" data-start=\"1210\" data-end=\"1457\">La serie est\u00e1 disponible en configuraciones de <strong data-start=\"1257\" data-end=\"1291\">seis (6) u ocho (8) estaciones<\/strong>, con \u00e1reas de sellado est\u00e1ndar de <strong data-start=\"1326\" data-end=\"1346\">14 x 18 pulgadas<\/strong> y <strong data-start=\"1349\" data-end=\"1369\">18 x 24 pulgadas<\/strong>. Se pueden solicitar \u00e1reas de sellado m\u00e1s grandes seg\u00fan los requerimientos del cliente.<\/p>\n<h3 data-start=\"1464\" data-end=\"1493\"><\/h3>\n<h3 class=\"\" data-start=\"1464\" data-end=\"1493\"><strong data-start=\"1468\" data-end=\"1493\">Aplicaciones comunes:<\/strong><\/h3>\n<ul data-start=\"1495\" data-end=\"1682\">\n<li class=\"\" data-start=\"1495\" data-end=\"1533\">\n<p class=\"\" data-start=\"1497\" data-end=\"1533\">Empaque de bandejas m\u00e9dicas selladas<\/p>\n<\/li>\n<li class=\"\" data-start=\"1534\" data-end=\"1586\">\n<p class=\"\" data-start=\"1536\" data-end=\"1586\">Blisters farmac\u00e9uticos con sellado total o parcial<\/p>\n<\/li>\n<li class=\"\" data-start=\"1587\" data-end=\"1623\">\n<p class=\"\" data-start=\"1589\" data-end=\"1623\">Wallet packs para ensayos cl\u00ednicos<\/p>\n<\/li>\n<li class=\"\" data-start=\"1624\" data-end=\"1682\">\n<p class=\"\" data-start=\"1626\" data-end=\"1682\">Empaque de dispositivos m\u00e9dicos con papel m\u00e9dico o Tyvek<\/p>\n<\/li>\n<\/ul>\n<h3 data-start=\"1689\" data-end=\"1728\"><\/h3>\n<h3 class=\"\" data-start=\"1689\" data-end=\"1728\"><strong data-start=\"1693\" data-end=\"1728\">Ventajas operativas destacadas:<\/strong><\/h3>\n<ul data-start=\"1730\" data-end=\"2504\">\n<li class=\"\" data-start=\"1730\" data-end=\"1826\">\n<p class=\"\" data-start=\"1732\" data-end=\"1826\"><strong data-start=\"1732\" data-end=\"1783\">Producci\u00f3n autom\u00e1tica de mediano a alto volumen<\/strong>, con alimentaci\u00f3n y descarga automatizadas<\/p>\n<\/li>\n<li class=\"\" data-start=\"1827\" data-end=\"1941\">\n<p class=\"\" data-start=\"1829\" data-end=\"1941\">Estructura de alta durabilidad con acero inoxidable, acero recubierto con pintura electrost\u00e1tica y policarbonato<\/p>\n<\/li>\n<li class=\"\" data-start=\"1942\" data-end=\"2091\">\n<p class=\"\" data-start=\"1944\" data-end=\"2091\"><strong data-start=\"1944\" data-end=\"1977\">Pantalla t\u00e1ctil a color (HMI)<\/strong> con almacenamiento para hasta <strong data-start=\"2008\" data-end=\"2022\">99 recetas<\/strong>, monitoreo de datos en pantalla y acceso remoto por Ethernet o Wi-Fi<\/p>\n<\/li>\n<li class=\"\" data-start=\"2092\" data-end=\"2222\">\n<p class=\"\" data-start=\"2094\" data-end=\"2222\"><strong data-start=\"2094\" data-end=\"2121\">Calibraci\u00f3n en pantalla<\/strong> de temperatura y opci\u00f3n para calibraci\u00f3n de presi\u00f3n, facilitando la validaci\u00f3n en procesos regulados<\/p>\n<\/li>\n<li class=\"\" data-start=\"2223\" data-end=\"2384\">\n<p class=\"\" data-start=\"2225\" data-end=\"2384\"><strong data-start=\"2225\" data-end=\"2269\">Prensas de sellado de ultra alta presi\u00f3n<\/strong> con herramentales de aluminio a medida, asegurando sellos consistentes con cualquier material m\u00e9dico termosellable<\/p>\n<\/li>\n<li class=\"\" data-start=\"2385\" data-end=\"2504\">\n<p class=\"\" data-start=\"2387\" data-end=\"2504\"><strong data-start=\"2387\" data-end=\"2427\">Mesa rotativa indexada con precisi\u00f3n<\/strong>, para un alineamiento exacto de la estaci\u00f3n de sellado con la placa superior<\/p>\n<\/li>\n<\/ul>\n<p class=\"\" data-start=\"2511\" data-end=\"2665\">Para procesos que requieren un mayor rendimiento por minuto, se recomienda considerar las <strong data-start=\"2601\" data-end=\"2652\">m\u00e1quinas selladoras en l\u00ednea de la serie CBS\/PH<\/strong> of Starview.<\/p>\n<p class=\"\" data-start=\"2667\" data-end=\"2911\">Las M\u00e1quinas de Envasado <strong data-start=\"2670\" data-end=\"2686\">FAB\/PH series<\/strong> combina automatizaci\u00f3n avanzada, precisi\u00f3n y confiabilidad, convirti\u00e9ndose en una soluci\u00f3n ideal para laboratorios, fabricantes de dispositivos m\u00e9dicos y empresas farmac\u00e9uticas que buscan una operaci\u00f3n validable y eficiente.<\/p>","protected":false},"excerpt":{"rendered":"<p class=\"\" data-start=\"356\" data-end=\"661\">The <strong data-start=\"360\" data-end=\"407\">m\u00e1quinas de envasado FAB\/PH rotativas autom\u00e1ticas<\/strong>\u00a0de Starview est\u00e1n dise\u00f1adas para la producci\u00f3n de alto volumen en aplicaciones m\u00e9dicas y farmac\u00e9uticas. Compatibles con Tyvek, papel m\u00e9dico, PETG, HIPS y otros materiales termosellables, integran alimentaci\u00f3n autom\u00e1tica, control digital y acceso remoto.<\/p>","protected":false},"featured_media":13821,"template":"","meta":[],"product_brand":[190],"product_cat":[106],"product_tag":[157,191,192],"class_list":{"0":"post-13680","1":"product","2":"type-product","3":"status-publish","4":"has-post-thumbnail","6":"product_brand-starview","7":"product_cat-empaque-medico-farmaceutico","8":"product_tag-empaque-medico-y-farmaceutico","9":"product_tag-maquinas-de-envasado","10":"product_tag-maquinas-rotativas-automaticas","12":"first","13":"instock","14":"shipping-taxable","15":"product-type-simple"},"yoast_head":"<!-- This site is optimized with the Yoast SEO Premium plugin v24.3 (Yoast SEO v27.6) - https:\/\/yoast.com\/product\/yoast-seo-premium-wordpress\/ -->\n<title>M\u00e1quina de Envasado FAB\/PH SERIES - Empaque M\u00e9dico<\/title>\n<meta name=\"description\" content=\"\u2b50 M\u00e1quina de Envasado FAB\/PH SERIES, parte de nuestra l\u00ednea de empaque m\u00e9dico y farmac\u00e9utico, dise\u00f1ada para mejorar la eficiencia del empaque.\" \/>\n<meta name=\"robots\" content=\"index, follow, max-snippet:-1, max-image-preview:large, max-video-preview:-1\" \/>\n<link rel=\"canonical\" href=\"https:\/\/propacmx.com\/en\/product\/maquina-de-envasado-fab-ph-series-empaque-medico-y-farmaceutico\/\" \/>\n<meta property=\"og:locale\" content=\"en_US\" \/>\n<meta property=\"og:type\" content=\"article\" \/>\n<meta property=\"og:title\" content=\"M\u00e1quinas de Envasado FAB\/PH Series - - Empaque M\u00e9dico y Farmac\u00e9utico\" \/>\n<meta property=\"og:description\" content=\"\u2b50 M\u00e1quina de Envasado FAB\/PH SERIES, parte de nuestra l\u00ednea de empaque m\u00e9dico y farmac\u00e9utico, dise\u00f1ada para mejorar la eficiencia del empaque.\" \/>\n<meta property=\"og:url\" content=\"https:\/\/propacmx.com\/en\/product\/maquina-de-envasado-fab-ph-series-empaque-medico-y-farmaceutico\/\" \/>\n<meta property=\"og:site_name\" content=\"Professional Packaging Systems\" \/>\n<meta property=\"article:modified_time\" content=\"2025-04-22T01:13:54+00:00\" \/>\n<meta property=\"og:image\" content=\"https:\/\/propacmx.com\/wp-content\/uploads\/2025\/04\/Maquinas-de-Envasado-Empaque-Medico-y-Farmaceutico.webp\" \/>\n\t<meta property=\"og:image:width\" content=\"1563\" \/>\n\t<meta property=\"og:image:height\" content=\"1563\" \/>\n\t<meta property=\"og:image:type\" content=\"image\/webp\" \/>\n<meta name=\"twitter:card\" content=\"summary_large_image\" \/>\n<meta name=\"twitter:label1\" content=\"Price\" \/>\n\t<meta name=\"twitter:data1\" content=\"\" \/>\n\t<meta name=\"twitter:label2\" content=\"Availability\" \/>\n\t<meta name=\"twitter:data2\" content=\"In stock\" \/>\n<script type=\"application\/ld+json\" class=\"yoast-schema-graph\">{\"@context\":\"https:\\\/\\\/schema.org\",\"@graph\":[{\"@type\":\"WebPage\",\"@id\":\"https:\\\/\\\/propacmx.com\\\/product\\\/maquina-de-envasado-fab-ph-series-empaque-medico-y-farmaceutico\\\/\",\"url\":\"https:\\\/\\\/propacmx.com\\\/product\\\/maquina-de-envasado-fab-ph-series-empaque-medico-y-farmaceutico\\\/\",\"name\":\"M\u00e1quina de Envasado FAB\\\/PH SERIES - Empaque M\u00e9dico\",\"isPartOf\":{\"@id\":\"https:\\\/\\\/propacmx.com\\\/#website\"},\"primaryImageOfPage\":{\"@id\":\"https:\\\/\\\/propacmx.com\\\/product\\\/maquina-de-envasado-fab-ph-series-empaque-medico-y-farmaceutico\\\/#primaryimage\"},\"image\":{\"@id\":\"https:\\\/\\\/propacmx.com\\\/product\\\/maquina-de-envasado-fab-ph-series-empaque-medico-y-farmaceutico\\\/#primaryimage\"},\"thumbnailUrl\":\"https:\\\/\\\/propacmx.com\\\/wp-content\\\/uploads\\\/2025\\\/04\\\/Maquinas-de-Envasado-Empaque-Medico-y-Farmaceutico.webp\",\"datePublished\":\"2025-04-20T00:41:10+00:00\",\"dateModified\":\"2025-04-22T01:13:54+00:00\",\"description\":\"\u2b50 M\u00e1quina de Envasado FAB\\\/PH SERIES, parte de nuestra l\u00ednea de empaque m\u00e9dico y farmac\u00e9utico, dise\u00f1ada para mejorar la eficiencia del empaque.\",\"breadcrumb\":{\"@id\":\"https:\\\/\\\/propacmx.com\\\/product\\\/maquina-de-envasado-fab-ph-series-empaque-medico-y-farmaceutico\\\/#breadcrumb\"},\"inLanguage\":\"en-US\",\"potentialAction\":[{\"@type\":\"ReadAction\",\"target\":[\"https:\\\/\\\/propacmx.com\\\/product\\\/maquina-de-envasado-fab-ph-series-empaque-medico-y-farmaceutico\\\/\"]}]},{\"@type\":\"ImageObject\",\"inLanguage\":\"en-US\",\"@id\":\"https:\\\/\\\/propacmx.com\\\/product\\\/maquina-de-envasado-fab-ph-series-empaque-medico-y-farmaceutico\\\/#primaryimage\",\"url\":\"https:\\\/\\\/propacmx.com\\\/wp-content\\\/uploads\\\/2025\\\/04\\\/Maquinas-de-Envasado-Empaque-Medico-y-Farmaceutico.webp\",\"contentUrl\":\"https:\\\/\\\/propacmx.com\\\/wp-content\\\/uploads\\\/2025\\\/04\\\/Maquinas-de-Envasado-Empaque-Medico-y-Farmaceutico.webp\",\"width\":1563,\"height\":1563,\"caption\":\"M\u00e1quinas de Envasado FAB\\\/PH Series\"},{\"@type\":\"BreadcrumbList\",\"@id\":\"https:\\\/\\\/propacmx.com\\\/product\\\/maquina-de-envasado-fab-ph-series-empaque-medico-y-farmaceutico\\\/#breadcrumb\",\"itemListElement\":[{\"@type\":\"ListItem\",\"position\":1,\"name\":\"Home\",\"item\":\"https:\\\/\\\/propacmx.com\\\/\"},{\"@type\":\"ListItem\",\"position\":2,\"name\":\"Tienda\",\"item\":\"https:\\\/\\\/propacmx.com\\\/tienda\\\/\"},{\"@type\":\"ListItem\",\"position\":3,\"name\":\"M\u00e1quinas de Envasado FAB\\\/PH Series &#8211; &#8211; Empaque M\u00e9dico y Farmac\u00e9utico\"}]},{\"@type\":\"WebSite\",\"@id\":\"https:\\\/\\\/propacmx.com\\\/#website\",\"url\":\"https:\\\/\\\/propacmx.com\\\/\",\"name\":\"PRO PAC Professional Packaging Systems\",\"description\":\"PROPAC es tu socio estrat\u00e9gico en empaques. Combinamos calidad, servicio y tecnolog\u00eda para optimizar tus procesos log\u00edsticos.\",\"publisher\":{\"@id\":\"https:\\\/\\\/propacmx.com\\\/#organization\"},\"potentialAction\":[{\"@type\":\"SearchAction\",\"target\":{\"@type\":\"EntryPoint\",\"urlTemplate\":\"https:\\\/\\\/propacmx.com\\\/?s={search_term_string}\"},\"query-input\":{\"@type\":\"PropertyValueSpecification\",\"valueRequired\":true,\"valueName\":\"search_term_string\"}}],\"inLanguage\":\"en-US\"},{\"@type\":\"Organization\",\"@id\":\"https:\\\/\\\/propacmx.com\\\/#organization\",\"name\":\"PRO PAC Professional Packaging Systems\",\"url\":\"https:\\\/\\\/propacmx.com\\\/\",\"logo\":{\"@type\":\"ImageObject\",\"inLanguage\":\"en-US\",\"@id\":\"https:\\\/\\\/propacmx.com\\\/#\\\/schema\\\/logo\\\/image\\\/\",\"url\":\"\\\/wp-content\\\/uploads\\\/2025\\\/04\\\/PRO-PAC-MEXICO.webp\",\"contentUrl\":\"\\\/wp-content\\\/uploads\\\/2025\\\/04\\\/PRO-PAC-MEXICO.webp\",\"width\":1563,\"height\":1563,\"caption\":\"PRO PAC Professional Packaging Systems\"},\"image\":{\"@id\":\"https:\\\/\\\/propacmx.com\\\/#\\\/schema\\\/logo\\\/image\\\/\"}}]}<\/script>\n<meta property=\"product:brand\" content=\"Starview\" \/>\n<meta property=\"product:price:currency\" content=\"MXN\" \/>\n<meta property=\"og:availability\" content=\"instock\" \/>\n<meta property=\"product:availability\" content=\"instock\" \/>\n<meta property=\"product:retailer_item_id\" content=\"prod-032\" \/>\n<meta property=\"product:condition\" content=\"new\" \/>\n<!-- \/ Yoast SEO Premium plugin. -->","yoast_head_json":{"title":"M\u00e1quina de Envasado FAB\/PH SERIES - Empaque M\u00e9dico","description":"\u2b50 M\u00e1quina de Envasado FAB\/PH SERIES, parte de nuestra l\u00ednea de empaque m\u00e9dico y farmac\u00e9utico, dise\u00f1ada para mejorar la eficiencia del empaque.","robots":{"index":"index","follow":"follow","max-snippet":"max-snippet:-1","max-image-preview":"max-image-preview:large","max-video-preview":"max-video-preview:-1"},"canonical":"https:\/\/propacmx.com\/en\/product\/maquina-de-envasado-fab-ph-series-empaque-medico-y-farmaceutico\/","og_locale":"en_US","og_type":"article","og_title":"M\u00e1quinas de Envasado FAB\/PH Series - - Empaque M\u00e9dico y Farmac\u00e9utico","og_description":"\u2b50 M\u00e1quina de Envasado FAB\/PH SERIES, parte de nuestra l\u00ednea de empaque m\u00e9dico y farmac\u00e9utico, dise\u00f1ada para mejorar la eficiencia del empaque.","og_url":"https:\/\/propacmx.com\/en\/product\/maquina-de-envasado-fab-ph-series-empaque-medico-y-farmaceutico\/","og_site_name":"Professional Packaging Systems","article_modified_time":"2025-04-22T01:13:54+00:00","og_image":[{"width":1563,"height":1563,"url":"https:\/\/propacmx.com\/wp-content\/uploads\/2025\/04\/Maquinas-de-Envasado-Empaque-Medico-y-Farmaceutico.webp","type":"image\/webp"}],"twitter_card":"summary_large_image","twitter_misc":{"Price":"","Availability":"In stock"},"schema":{"@context":"https:\/\/schema.org","@graph":[{"@type":"WebPage","@id":"https:\/\/propacmx.com\/product\/maquina-de-envasado-fab-ph-series-empaque-medico-y-farmaceutico\/","url":"https:\/\/propacmx.com\/product\/maquina-de-envasado-fab-ph-series-empaque-medico-y-farmaceutico\/","name":"M\u00e1quina de Envasado FAB\/PH SERIES - Empaque M\u00e9dico","isPartOf":{"@id":"https:\/\/propacmx.com\/#website"},"primaryImageOfPage":{"@id":"https:\/\/propacmx.com\/product\/maquina-de-envasado-fab-ph-series-empaque-medico-y-farmaceutico\/#primaryimage"},"image":{"@id":"https:\/\/propacmx.com\/product\/maquina-de-envasado-fab-ph-series-empaque-medico-y-farmaceutico\/#primaryimage"},"thumbnailUrl":"https:\/\/propacmx.com\/wp-content\/uploads\/2025\/04\/Maquinas-de-Envasado-Empaque-Medico-y-Farmaceutico.webp","datePublished":"2025-04-20T00:41:10+00:00","dateModified":"2025-04-22T01:13:54+00:00","description":"\u2b50 M\u00e1quina de Envasado FAB\/PH SERIES, parte de nuestra l\u00ednea de empaque m\u00e9dico y farmac\u00e9utico, dise\u00f1ada para mejorar la eficiencia del empaque.","breadcrumb":{"@id":"https:\/\/propacmx.com\/product\/maquina-de-envasado-fab-ph-series-empaque-medico-y-farmaceutico\/#breadcrumb"},"inLanguage":"en-US","potentialAction":[{"@type":"ReadAction","target":["https:\/\/propacmx.com\/product\/maquina-de-envasado-fab-ph-series-empaque-medico-y-farmaceutico\/"]}]},{"@type":"ImageObject","inLanguage":"en-US","@id":"https:\/\/propacmx.com\/product\/maquina-de-envasado-fab-ph-series-empaque-medico-y-farmaceutico\/#primaryimage","url":"https:\/\/propacmx.com\/wp-content\/uploads\/2025\/04\/Maquinas-de-Envasado-Empaque-Medico-y-Farmaceutico.webp","contentUrl":"https:\/\/propacmx.com\/wp-content\/uploads\/2025\/04\/Maquinas-de-Envasado-Empaque-Medico-y-Farmaceutico.webp","width":1563,"height":1563,"caption":"M\u00e1quinas de Envasado FAB\/PH Series"},{"@type":"BreadcrumbList","@id":"https:\/\/propacmx.com\/product\/maquina-de-envasado-fab-ph-series-empaque-medico-y-farmaceutico\/#breadcrumb","itemListElement":[{"@type":"ListItem","position":1,"name":"Home","item":"https:\/\/propacmx.com\/"},{"@type":"ListItem","position":2,"name":"Tienda","item":"https:\/\/propacmx.com\/tienda\/"},{"@type":"ListItem","position":3,"name":"M\u00e1quinas de Envasado FAB\/PH Series &#8211; &#8211; Empaque M\u00e9dico y Farmac\u00e9utico"}]},{"@type":"WebSite","@id":"https:\/\/propacmx.com\/#website","url":"https:\/\/propacmx.com\/","name":"PRO PAC Professional Packaging Systems","description":"PROPAC is your strategic partner in packaging. We combine quality, service and technology to optimize your logistics processes.","publisher":{"@id":"https:\/\/propacmx.com\/#organization"},"potentialAction":[{"@type":"SearchAction","target":{"@type":"EntryPoint","urlTemplate":"https:\/\/propacmx.com\/?s={search_term_string}"},"query-input":{"@type":"PropertyValueSpecification","valueRequired":true,"valueName":"search_term_string"}}],"inLanguage":"en-US"},{"@type":"Organization","@id":"https:\/\/propacmx.com\/#organization","name":"PRO PAC Professional Packaging Systems","url":"https:\/\/propacmx.com\/","logo":{"@type":"ImageObject","inLanguage":"en-US","@id":"https:\/\/propacmx.com\/#\/schema\/logo\/image\/","url":"\/wp-content\/uploads\/2025\/04\/PRO-PAC-MEXICO.webp","contentUrl":"\/wp-content\/uploads\/2025\/04\/PRO-PAC-MEXICO.webp","width":1563,"height":1563,"caption":"PRO PAC Professional Packaging Systems"},"image":{"@id":"https:\/\/propacmx.com\/#\/schema\/logo\/image\/"}}]},"product_brand":"Starview","product_price_currency":"MXN","og_availability":"instock","product_availability":"instock","product_retailer_item_id":"prod-032","product_condition":"new"},"_links":{"self":[{"href":"https:\/\/propacmx.com\/en\/wp-json\/wp\/v2\/product\/13680","targetHints":{"allow":["GET"]}}],"collection":[{"href":"https:\/\/propacmx.com\/en\/wp-json\/wp\/v2\/product"}],"about":[{"href":"https:\/\/propacmx.com\/en\/wp-json\/wp\/v2\/types\/product"}],"wp:featuredmedia":[{"embeddable":true,"href":"https:\/\/propacmx.com\/en\/wp-json\/wp\/v2\/media\/13821"}],"wp:attachment":[{"href":"https:\/\/propacmx.com\/en\/wp-json\/wp\/v2\/media?parent=13680"}],"wp:term":[{"taxonomy":"product_brand","embeddable":true,"href":"https:\/\/propacmx.com\/en\/wp-json\/wp\/v2\/product_brand?post=13680"},{"taxonomy":"product_cat","embeddable":true,"href":"https:\/\/propacmx.com\/en\/wp-json\/wp\/v2\/product_cat?post=13680"},{"taxonomy":"product_tag","embeddable":true,"href":"https:\/\/propacmx.com\/en\/wp-json\/wp\/v2\/product_tag?post=13680"}],"curies":[{"name":"wp","href":"https:\/\/api.w.org\/{rel}","templated":true}]}}