{"id":13679,"date":"2025-04-20T00:41:10","date_gmt":"2025-04-20T00:41:10","guid":{"rendered":"https:\/\/blanchedalmond-dinosaur-273996.hostingersite.com\/?post_type=product&#038;p=13679"},"modified":"2025-04-22T01:27:04","modified_gmt":"2025-04-22T01:27:04","slug":"phs-series-selladoras-clamshell-blister","status":"publish","type":"product","link":"https:\/\/propacmx.com\/en\/product\/phs-series-selladoras-clamshell-blister\/","title":{"rendered":"PHS Series - Clamshell \/ Blister Sealing Machines"},"content":{"rendered":"<p class=\"\" data-start=\"732\" data-end=\"1139\">The <strong data-start=\"735\" data-end=\"748\">Serie PHS<\/strong> from <strong data-start=\"752\" data-end=\"764\">Starview<\/strong> ofrece soluciones industriales de alto rendimiento para el <strong data-start=\"824\" data-end=\"882\">sellado semiautom\u00e1tico de empaques selladoras clamshell y blister<\/strong>. Estas m\u00e1quinas rotativas est\u00e1n especialmente dise\u00f1adas para aplicaciones de <strong data-start=\"960\" data-end=\"985\">pl\u00e1stico con pl\u00e1stico<\/strong>, como PVC, PETG, RPETG y GAG PET, as\u00ed como para bl\u00edsteres tradicionales como face seal, full face, doble tarjeta atrapada, estilo Club y medio clamshell.<\/p>\n<p class=\"\" data-start=\"1141\" data-end=\"1534\">Disponible en configuraciones de <strong data-start=\"1174\" data-end=\"1218\">tres (3), seis (6) u ocho (8) estaciones<\/strong>, la Serie PHS utiliza un innovador sistema de <strong data-start=\"1265\" data-end=\"1314\">sellado en caliente\/fr\u00edo (patente en tr\u00e1mite)<\/strong>, que permite realizar uniones s\u00f3lidas sin necesidad de generadores de radiofrecuencia. Cada m\u00e1quina integra una estaci\u00f3n de sellado t\u00e9rmico, una de enfriamiento y estaciones restantes para carga y descarga del producto.<\/p>\n<h3 data-start=\"1541\" data-end=\"1575\"><\/h3>\n<h3 class=\"\" data-start=\"1541\" data-end=\"1575\"><strong data-start=\"1545\" data-end=\"1575\">Especificaciones est\u00e1ndar:<\/strong><\/h3>\n<ul data-start=\"1577\" data-end=\"2128\">\n<li class=\"\" data-start=\"1577\" data-end=\"1652\">\n<p class=\"\" data-start=\"1579\" data-end=\"1652\">\u00c1reas de sellado disponibles: <strong data-start=\"1609\" data-end=\"1629\">14 x 18 pulgadas<\/strong> y <strong data-start=\"1632\" data-end=\"1652\">18 x 24 pulgadas<\/strong><\/p>\n<\/li>\n<li class=\"\" data-start=\"1653\" data-end=\"1729\">\n<p class=\"\" data-start=\"1655\" data-end=\"1729\">Compatible con materiales como <strong data-start=\"1686\" data-end=\"1729\">PVC, PETG, RPETG, GAG PET, Tyvek y foil<\/strong><\/p>\n<\/li>\n<li class=\"\" data-start=\"1730\" data-end=\"1840\">\n<p class=\"\" data-start=\"1732\" data-end=\"1840\"><strong data-start=\"1732\" data-end=\"1767\">HMI con pantalla t\u00e1ctil a color<\/strong>, almacenamiento de hasta <strong data-start=\"1793\" data-end=\"1807\">99 recetas<\/strong> y monitoreo de datos en pantalla<\/p>\n<\/li>\n<li class=\"\" data-start=\"1841\" data-end=\"1897\">\n<p class=\"\" data-start=\"1843\" data-end=\"1897\">Acceso remoto por Ethernet cableado o Wi-Fi (opcional)<\/p>\n<\/li>\n<li class=\"\" data-start=\"1898\" data-end=\"1996\">\n<p class=\"\" data-start=\"1900\" data-end=\"1996\">Sistema de indexado rotativo con <strong data-start=\"1933\" data-end=\"1962\">variador de frecuencia AC<\/strong> para m\u00e1xima precisi\u00f3n de posici\u00f3n<\/p>\n<\/li>\n<li class=\"\" data-start=\"1997\" data-end=\"2054\">\n<p class=\"\" data-start=\"1999\" data-end=\"2054\">Seguridad <strong data-start=\"2009\" data-end=\"2025\">ANSI Class 4<\/strong> para protecci\u00f3n del operador<\/p>\n<\/li>\n<li class=\"\" data-start=\"2055\" data-end=\"2128\">\n<p class=\"\" data-start=\"2057\" data-end=\"2128\">Cambio r\u00e1pido de herramental de madera multilaminada o aluminio durable<\/p>\n<\/li>\n<\/ul>\n<h3 data-start=\"2135\" data-end=\"2163\"><\/h3>\n<h3 class=\"\" data-start=\"2135\" data-end=\"2163\"><strong data-start=\"2139\" data-end=\"2163\">Operational advantages:<\/strong><\/h3>\n<ul data-start=\"2165\" data-end=\"2620\">\n<li class=\"\" data-start=\"2165\" data-end=\"2231\">\n<p class=\"\" data-start=\"2167\" data-end=\"2231\">Permite sellado confiable entre pl\u00e1sticos sin usar tecnolog\u00eda RF<\/p>\n<\/li>\n<li class=\"\" data-start=\"2232\" data-end=\"2318\">\n<p class=\"\" data-start=\"2234\" data-end=\"2318\">Alta repetibilidad en la posici\u00f3n de sellado gracias a su mesa rotativa de precisi\u00f3n<\/p>\n<\/li>\n<li class=\"\" data-start=\"2319\" data-end=\"2445\">\n<p class=\"\" data-start=\"2321\" data-end=\"2445\">Reducci\u00f3n de costos laborales con opciones de alimentaci\u00f3n autom\u00e1tica de bl\u00edster, tarjetas y descarga de paquetes terminados<\/p>\n<\/li>\n<li class=\"\" data-start=\"2446\" data-end=\"2524\">\n<p class=\"\" data-start=\"2448\" data-end=\"2524\">Ideal para entornos de producci\u00f3n m\u00e9dica, electr\u00f3nica, cosm\u00e9tica y minorista<\/p>\n<\/li>\n<li class=\"\" data-start=\"2525\" data-end=\"2620\">\n<p class=\"\" data-start=\"2527\" data-end=\"2620\">Alternativa ideal para empresas que buscan una soluci\u00f3n <strong data-start=\"2583\" data-end=\"2620\">semiautom\u00e1tica robusta y flexible<\/strong><\/p>\n<\/li>\n<\/ul>\n<p class=\"\" data-start=\"2627\" data-end=\"2798\">Para vol\u00famenes m\u00e1s altos o automatizaci\u00f3n total, Starview recomienda considerar las series <strong data-start=\"2718\" data-end=\"2726\">PHSA<\/strong> (rotativa autom\u00e1tica) o <strong data-start=\"2751\" data-end=\"2761\">BSC II<\/strong> (en carrusel totalmente autom\u00e1tica).<\/p>\n<p class=\"\" data-start=\"2800\" data-end=\"2996\">The <strong data-start=\"2803\" data-end=\"2816\">serie PHS<\/strong> combina precisi\u00f3n, eficiencia y control, convirti\u00e9ndose en una herramienta clave para fabricantes que requieren versatilidad en el sellado t\u00e9rmico de empaques pl\u00e1sticos complejos.<\/p>","protected":false},"excerpt":{"rendered":"<p class=\"\" data-start=\"378\" data-end=\"682\">The <strong data-start=\"382\" data-end=\"430\">m\u00e1quinas rotativas semiautom\u00e1ticas Serie PHS<\/strong> de Starview est\u00e1n dise\u00f1adas para el sellado de empaques tipo <strong>selladoras clamshell<\/strong> <strong data-start=\"492\" data-end=\"527\">pl\u00e1stico con pl\u00e1stico<\/strong> y bl\u00edsteres de volumen medio a alto. Incorporan un sistema exclusivo de sellado en caliente\/fr\u00edo, control digital y opciones de alimentaci\u00f3n automatizada.<\/p>","protected":false},"featured_media":13826,"template":"","meta":[],"product_brand":[190],"product_cat":[105],"product_tag":[117,155,118],"class_list":{"0":"post-13679","1":"product","2":"type-product","3":"status-publish","4":"has-post-thumbnail","6":"product_brand-starview","7":"product_cat-selladoras-clamshell-blister","8":"product_tag-maquinaria-de-empaque","9":"product_tag-selladoras-clamshell-blister","10":"product_tag-selladoras-industriales","12":"first","13":"instock","14":"shipping-taxable","15":"product-type-simple"},"yoast_head":"<!-- This site is optimized with the Yoast SEO Premium plugin v24.3 (Yoast SEO v27.6) - https:\/\/yoast.com\/product\/yoast-seo-premium-wordpress\/ -->\n<title>PHS Series - Selladoras Clamshell \/ Blister<\/title>\n<meta name=\"description\" content=\"\u2b50 PHS Series, parte de nuestra l\u00ednea de selladoras clamshell \/ blister, dise\u00f1ada para mejorar la eficiencia del empaque. Disponibles en PRO PAC.\" \/>\n<meta name=\"robots\" content=\"index, follow, max-snippet:-1, max-image-preview:large, max-video-preview:-1\" \/>\n<link rel=\"canonical\" href=\"https:\/\/propacmx.com\/en\/product\/phs-series-selladoras-clamshell-blister\/\" \/>\n<meta property=\"og:locale\" content=\"en_US\" \/>\n<meta property=\"og:type\" content=\"article\" \/>\n<meta property=\"og:title\" content=\"PHS Series - Selladoras Clamshell \/ Blister\" \/>\n<meta property=\"og:description\" content=\"\u2b50 PHS Series, parte de nuestra l\u00ednea de selladoras clamshell \/ blister, dise\u00f1ada para mejorar la eficiencia del empaque. Disponibles en PRO PAC.\" \/>\n<meta property=\"og:url\" content=\"https:\/\/propacmx.com\/en\/product\/phs-series-selladoras-clamshell-blister\/\" \/>\n<meta property=\"og:site_name\" content=\"Professional Packaging Systems\" \/>\n<meta property=\"article:modified_time\" content=\"2025-04-22T01:27:04+00:00\" \/>\n<meta property=\"og:image\" content=\"https:\/\/propacmx.com\/wp-content\/uploads\/2025\/04\/PHS-Series-Selladoras-Clamshell-Blister.webp\" \/>\n\t<meta property=\"og:image:width\" content=\"1563\" \/>\n\t<meta property=\"og:image:height\" content=\"1563\" \/>\n\t<meta property=\"og:image:type\" content=\"image\/webp\" \/>\n<meta name=\"twitter:card\" content=\"summary_large_image\" \/>\n<meta name=\"twitter:label1\" content=\"Price\" \/>\n\t<meta name=\"twitter:data1\" content=\"\" \/>\n\t<meta name=\"twitter:label2\" content=\"Availability\" \/>\n\t<meta name=\"twitter:data2\" content=\"In stock\" \/>\n<script type=\"application\/ld+json\" class=\"yoast-schema-graph\">{\"@context\":\"https:\\\/\\\/schema.org\",\"@graph\":[{\"@type\":\"WebPage\",\"@id\":\"https:\\\/\\\/propacmx.com\\\/product\\\/phs-series-selladoras-clamshell-blister\\\/\",\"url\":\"https:\\\/\\\/propacmx.com\\\/product\\\/phs-series-selladoras-clamshell-blister\\\/\",\"name\":\"PHS Series - Selladoras Clamshell \\\/ Blister\",\"isPartOf\":{\"@id\":\"https:\\\/\\\/propacmx.com\\\/#website\"},\"primaryImageOfPage\":{\"@id\":\"https:\\\/\\\/propacmx.com\\\/product\\\/phs-series-selladoras-clamshell-blister\\\/#primaryimage\"},\"image\":{\"@id\":\"https:\\\/\\\/propacmx.com\\\/product\\\/phs-series-selladoras-clamshell-blister\\\/#primaryimage\"},\"thumbnailUrl\":\"https:\\\/\\\/propacmx.com\\\/wp-content\\\/uploads\\\/2025\\\/04\\\/PHS-Series-Selladoras-Clamshell-Blister.webp\",\"datePublished\":\"2025-04-20T00:41:10+00:00\",\"dateModified\":\"2025-04-22T01:27:04+00:00\",\"description\":\"\u2b50 PHS Series, parte de nuestra l\u00ednea de selladoras clamshell \\\/ blister, dise\u00f1ada para mejorar la eficiencia del empaque. Disponibles en PRO PAC.\",\"breadcrumb\":{\"@id\":\"https:\\\/\\\/propacmx.com\\\/product\\\/phs-series-selladoras-clamshell-blister\\\/#breadcrumb\"},\"inLanguage\":\"en-US\",\"potentialAction\":[{\"@type\":\"ReadAction\",\"target\":[\"https:\\\/\\\/propacmx.com\\\/product\\\/phs-series-selladoras-clamshell-blister\\\/\"]}]},{\"@type\":\"ImageObject\",\"inLanguage\":\"en-US\",\"@id\":\"https:\\\/\\\/propacmx.com\\\/product\\\/phs-series-selladoras-clamshell-blister\\\/#primaryimage\",\"url\":\"https:\\\/\\\/propacmx.com\\\/wp-content\\\/uploads\\\/2025\\\/04\\\/PHS-Series-Selladoras-Clamshell-Blister.webp\",\"contentUrl\":\"https:\\\/\\\/propacmx.com\\\/wp-content\\\/uploads\\\/2025\\\/04\\\/PHS-Series-Selladoras-Clamshell-Blister.webp\",\"width\":1563,\"height\":1563,\"caption\":\"PHS Series - Selladoras Clamshell Blister\"},{\"@type\":\"BreadcrumbList\",\"@id\":\"https:\\\/\\\/propacmx.com\\\/product\\\/phs-series-selladoras-clamshell-blister\\\/#breadcrumb\",\"itemListElement\":[{\"@type\":\"ListItem\",\"position\":1,\"name\":\"Home\",\"item\":\"https:\\\/\\\/propacmx.com\\\/\"},{\"@type\":\"ListItem\",\"position\":2,\"name\":\"Tienda\",\"item\":\"https:\\\/\\\/propacmx.com\\\/tienda\\\/\"},{\"@type\":\"ListItem\",\"position\":3,\"name\":\"PHS Series &#8211; Selladoras Clamshell \\\/ Blister\"}]},{\"@type\":\"WebSite\",\"@id\":\"https:\\\/\\\/propacmx.com\\\/#website\",\"url\":\"https:\\\/\\\/propacmx.com\\\/\",\"name\":\"PRO PAC Professional Packaging Systems\",\"description\":\"PROPAC es tu socio estrat\u00e9gico en empaques. Combinamos calidad, servicio y tecnolog\u00eda para optimizar tus procesos log\u00edsticos.\",\"publisher\":{\"@id\":\"https:\\\/\\\/propacmx.com\\\/#organization\"},\"potentialAction\":[{\"@type\":\"SearchAction\",\"target\":{\"@type\":\"EntryPoint\",\"urlTemplate\":\"https:\\\/\\\/propacmx.com\\\/?s={search_term_string}\"},\"query-input\":{\"@type\":\"PropertyValueSpecification\",\"valueRequired\":true,\"valueName\":\"search_term_string\"}}],\"inLanguage\":\"en-US\"},{\"@type\":\"Organization\",\"@id\":\"https:\\\/\\\/propacmx.com\\\/#organization\",\"name\":\"PRO PAC Professional Packaging Systems\",\"url\":\"https:\\\/\\\/propacmx.com\\\/\",\"logo\":{\"@type\":\"ImageObject\",\"inLanguage\":\"en-US\",\"@id\":\"https:\\\/\\\/propacmx.com\\\/#\\\/schema\\\/logo\\\/image\\\/\",\"url\":\"\\\/wp-content\\\/uploads\\\/2025\\\/04\\\/PRO-PAC-MEXICO.webp\",\"contentUrl\":\"\\\/wp-content\\\/uploads\\\/2025\\\/04\\\/PRO-PAC-MEXICO.webp\",\"width\":1563,\"height\":1563,\"caption\":\"PRO PAC Professional Packaging Systems\"},\"image\":{\"@id\":\"https:\\\/\\\/propacmx.com\\\/#\\\/schema\\\/logo\\\/image\\\/\"}}]}<\/script>\n<meta property=\"product:brand\" content=\"Starview\" \/>\n<meta property=\"product:price:currency\" content=\"MXN\" \/>\n<meta property=\"og:availability\" content=\"instock\" \/>\n<meta property=\"product:availability\" content=\"instock\" \/>\n<meta property=\"product:retailer_item_id\" content=\"prod-031\" \/>\n<meta property=\"product:condition\" content=\"new\" \/>\n<!-- \/ Yoast SEO Premium plugin. -->","yoast_head_json":{"title":"PHS Series - Selladoras Clamshell \/ Blister","description":"\u2b50 PHS Series, parte de nuestra l\u00ednea de selladoras clamshell \/ blister, dise\u00f1ada para mejorar la eficiencia del empaque. Disponibles en PRO PAC.","robots":{"index":"index","follow":"follow","max-snippet":"max-snippet:-1","max-image-preview":"max-image-preview:large","max-video-preview":"max-video-preview:-1"},"canonical":"https:\/\/propacmx.com\/en\/product\/phs-series-selladoras-clamshell-blister\/","og_locale":"en_US","og_type":"article","og_title":"PHS Series - Selladoras Clamshell \/ Blister","og_description":"\u2b50 PHS Series, parte de nuestra l\u00ednea de selladoras clamshell \/ blister, dise\u00f1ada para mejorar la eficiencia del empaque. Disponibles en PRO PAC.","og_url":"https:\/\/propacmx.com\/en\/product\/phs-series-selladoras-clamshell-blister\/","og_site_name":"Professional Packaging Systems","article_modified_time":"2025-04-22T01:27:04+00:00","og_image":[{"width":1563,"height":1563,"url":"https:\/\/propacmx.com\/wp-content\/uploads\/2025\/04\/PHS-Series-Selladoras-Clamshell-Blister.webp","type":"image\/webp"}],"twitter_card":"summary_large_image","twitter_misc":{"Price":"","Availability":"In stock"},"schema":{"@context":"https:\/\/schema.org","@graph":[{"@type":"WebPage","@id":"https:\/\/propacmx.com\/product\/phs-series-selladoras-clamshell-blister\/","url":"https:\/\/propacmx.com\/product\/phs-series-selladoras-clamshell-blister\/","name":"PHS Series - Selladoras Clamshell \/ Blister","isPartOf":{"@id":"https:\/\/propacmx.com\/#website"},"primaryImageOfPage":{"@id":"https:\/\/propacmx.com\/product\/phs-series-selladoras-clamshell-blister\/#primaryimage"},"image":{"@id":"https:\/\/propacmx.com\/product\/phs-series-selladoras-clamshell-blister\/#primaryimage"},"thumbnailUrl":"https:\/\/propacmx.com\/wp-content\/uploads\/2025\/04\/PHS-Series-Selladoras-Clamshell-Blister.webp","datePublished":"2025-04-20T00:41:10+00:00","dateModified":"2025-04-22T01:27:04+00:00","description":"\u2b50 PHS Series, parte de nuestra l\u00ednea de selladoras clamshell \/ blister, dise\u00f1ada para mejorar la eficiencia del empaque. Disponibles en PRO PAC.","breadcrumb":{"@id":"https:\/\/propacmx.com\/product\/phs-series-selladoras-clamshell-blister\/#breadcrumb"},"inLanguage":"en-US","potentialAction":[{"@type":"ReadAction","target":["https:\/\/propacmx.com\/product\/phs-series-selladoras-clamshell-blister\/"]}]},{"@type":"ImageObject","inLanguage":"en-US","@id":"https:\/\/propacmx.com\/product\/phs-series-selladoras-clamshell-blister\/#primaryimage","url":"https:\/\/propacmx.com\/wp-content\/uploads\/2025\/04\/PHS-Series-Selladoras-Clamshell-Blister.webp","contentUrl":"https:\/\/propacmx.com\/wp-content\/uploads\/2025\/04\/PHS-Series-Selladoras-Clamshell-Blister.webp","width":1563,"height":1563,"caption":"PHS Series - Selladoras Clamshell Blister"},{"@type":"BreadcrumbList","@id":"https:\/\/propacmx.com\/product\/phs-series-selladoras-clamshell-blister\/#breadcrumb","itemListElement":[{"@type":"ListItem","position":1,"name":"Home","item":"https:\/\/propacmx.com\/"},{"@type":"ListItem","position":2,"name":"Tienda","item":"https:\/\/propacmx.com\/tienda\/"},{"@type":"ListItem","position":3,"name":"PHS Series &#8211; Selladoras Clamshell \/ Blister"}]},{"@type":"WebSite","@id":"https:\/\/propacmx.com\/#website","url":"https:\/\/propacmx.com\/","name":"PRO PAC Professional Packaging Systems","description":"PROPAC is your strategic partner in packaging. We combine quality, service and technology to optimize your logistics processes.","publisher":{"@id":"https:\/\/propacmx.com\/#organization"},"potentialAction":[{"@type":"SearchAction","target":{"@type":"EntryPoint","urlTemplate":"https:\/\/propacmx.com\/?s={search_term_string}"},"query-input":{"@type":"PropertyValueSpecification","valueRequired":true,"valueName":"search_term_string"}}],"inLanguage":"en-US"},{"@type":"Organization","@id":"https:\/\/propacmx.com\/#organization","name":"PRO PAC Professional Packaging Systems","url":"https:\/\/propacmx.com\/","logo":{"@type":"ImageObject","inLanguage":"en-US","@id":"https:\/\/propacmx.com\/#\/schema\/logo\/image\/","url":"\/wp-content\/uploads\/2025\/04\/PRO-PAC-MEXICO.webp","contentUrl":"\/wp-content\/uploads\/2025\/04\/PRO-PAC-MEXICO.webp","width":1563,"height":1563,"caption":"PRO PAC Professional Packaging Systems"},"image":{"@id":"https:\/\/propacmx.com\/#\/schema\/logo\/image\/"}}]},"product_brand":"Starview","product_price_currency":"MXN","og_availability":"instock","product_availability":"instock","product_retailer_item_id":"prod-031","product_condition":"new"},"_links":{"self":[{"href":"https:\/\/propacmx.com\/en\/wp-json\/wp\/v2\/product\/13679","targetHints":{"allow":["GET"]}}],"collection":[{"href":"https:\/\/propacmx.com\/en\/wp-json\/wp\/v2\/product"}],"about":[{"href":"https:\/\/propacmx.com\/en\/wp-json\/wp\/v2\/types\/product"}],"wp:featuredmedia":[{"embeddable":true,"href":"https:\/\/propacmx.com\/en\/wp-json\/wp\/v2\/media\/13826"}],"wp:attachment":[{"href":"https:\/\/propacmx.com\/en\/wp-json\/wp\/v2\/media?parent=13679"}],"wp:term":[{"taxonomy":"product_brand","embeddable":true,"href":"https:\/\/propacmx.com\/en\/wp-json\/wp\/v2\/product_brand?post=13679"},{"taxonomy":"product_cat","embeddable":true,"href":"https:\/\/propacmx.com\/en\/wp-json\/wp\/v2\/product_cat?post=13679"},{"taxonomy":"product_tag","embeddable":true,"href":"https:\/\/propacmx.com\/en\/wp-json\/wp\/v2\/product_tag?post=13679"}],"curies":[{"name":"wp","href":"https:\/\/api.w.org\/{rel}","templated":true}]}}