{"id":13678,"date":"2025-04-20T00:41:10","date_gmt":"2025-04-20T00:41:10","guid":{"rendered":"https:\/\/blanchedalmond-dinosaur-273996.hostingersite.com\/?post_type=product&#038;p=13678"},"modified":"2025-04-23T15:10:46","modified_gmt":"2025-04-23T15:10:46","slug":"bsc-series-maquinas-blister-selladoras-y-equipos-de-empaque","status":"publish","type":"product","link":"https:\/\/propacmx.com\/en\/product\/bsc-series-maquinas-blister-selladoras-y-equipos-de-empaque\/","title":{"rendered":"BSC SERIES - Blister Machines"},"content":{"rendered":"<p>BSC SERIES, parte de nuestra l\u00ednea de m\u00e1quinas blister, dise\u00f1ada para mejorar la eficiencia del empaque. Selladoras blister autom\u00e1ticas tipo carrusel. Gran productividad para l\u00edneas de alta velocidad&#8230;.<\/p>","protected":false},"excerpt":{"rendered":"<p>Selladoras blister autom\u00e1ticas tipo carrusel. Gran productividad para l\u00edneas de alta velocidad.<\/p>","protected":false},"featured_media":14315,"template":"","meta":[],"product_brand":[190],"product_cat":[104],"product_tag":[117,148,118],"class_list":{"0":"post-13678","1":"product","2":"type-product","3":"status-publish","4":"has-post-thumbnail","6":"product_brand-starview","7":"product_cat-maquinas-blister","8":"product_tag-maquinaria-de-empaque","9":"product_tag-maquinas-blister","10":"product_tag-selladoras-industriales","12":"first","13":"instock","14":"shipping-taxable","15":"product-type-simple"},"yoast_head":"<!-- This site is optimized with the Yoast SEO Premium plugin v24.3 (Yoast SEO v27.6) - https:\/\/yoast.com\/product\/yoast-seo-premium-wordpress\/ -->\n<title>BSC SERIES - M\u00e1quinas Blister<\/title>\n<meta name=\"description\" content=\"\u2b50 BSC SERIES, parte de nuestra l\u00ednea de m\u00e1quinas blister, dise\u00f1ada para mejorar la eficiencia del empaque. Selladoras blister autom\u00e1ticas tipo carrusel.\" \/>\n<meta name=\"robots\" content=\"index, follow, max-snippet:-1, max-image-preview:large, max-video-preview:-1\" \/>\n<link rel=\"canonical\" href=\"https:\/\/propacmx.com\/en\/product\/bsc-series-maquinas-blister-selladoras-y-equipos-de-empaque\/\" \/>\n<meta property=\"og:locale\" content=\"en_US\" \/>\n<meta property=\"og:type\" content=\"article\" \/>\n<meta property=\"og:title\" content=\"BSC SERIES - M\u00e1quinas Blister\" \/>\n<meta property=\"og:description\" content=\"\u2b50 BSC SERIES, parte de nuestra l\u00ednea de m\u00e1quinas blister, dise\u00f1ada para mejorar la eficiencia del empaque. Selladoras blister autom\u00e1ticas tipo carrusel.\" \/>\n<meta property=\"og:url\" content=\"https:\/\/propacmx.com\/en\/product\/bsc-series-maquinas-blister-selladoras-y-equipos-de-empaque\/\" \/>\n<meta property=\"og:site_name\" content=\"Professional Packaging Systems\" \/>\n<meta property=\"article:modified_time\" content=\"2025-04-23T15:10:46+00:00\" \/>\n<meta property=\"og:image\" content=\"https:\/\/propacmx.com\/wp-content\/uploads\/2025\/04\/BSC-SERIES.webp\" \/>\n\t<meta property=\"og:image:width\" content=\"500\" \/>\n\t<meta property=\"og:image:height\" content=\"500\" \/>\n\t<meta property=\"og:image:type\" content=\"image\/webp\" \/>\n<meta name=\"twitter:card\" content=\"summary_large_image\" \/>\n<meta name=\"twitter:label1\" content=\"Price\" \/>\n\t<meta name=\"twitter:data1\" content=\"\" \/>\n\t<meta name=\"twitter:label2\" content=\"Availability\" \/>\n\t<meta name=\"twitter:data2\" content=\"In stock\" \/>\n<script type=\"application\/ld+json\" class=\"yoast-schema-graph\">{\"@context\":\"https:\\\/\\\/schema.org\",\"@graph\":[{\"@type\":\"WebPage\",\"@id\":\"https:\\\/\\\/propacmx.com\\\/product\\\/bsc-series-maquinas-blister-selladoras-y-equipos-de-empaque\\\/\",\"url\":\"https:\\\/\\\/propacmx.com\\\/product\\\/bsc-series-maquinas-blister-selladoras-y-equipos-de-empaque\\\/\",\"name\":\"BSC SERIES - M\u00e1quinas Blister\",\"isPartOf\":{\"@id\":\"https:\\\/\\\/propacmx.com\\\/#website\"},\"primaryImageOfPage\":{\"@id\":\"https:\\\/\\\/propacmx.com\\\/product\\\/bsc-series-maquinas-blister-selladoras-y-equipos-de-empaque\\\/#primaryimage\"},\"image\":{\"@id\":\"https:\\\/\\\/propacmx.com\\\/product\\\/bsc-series-maquinas-blister-selladoras-y-equipos-de-empaque\\\/#primaryimage\"},\"thumbnailUrl\":\"https:\\\/\\\/propacmx.com\\\/wp-content\\\/uploads\\\/2025\\\/04\\\/BSC-SERIES.webp\",\"datePublished\":\"2025-04-20T00:41:10+00:00\",\"dateModified\":\"2025-04-23T15:10:46+00:00\",\"description\":\"\u2b50 BSC SERIES, parte de nuestra l\u00ednea de m\u00e1quinas blister, dise\u00f1ada para mejorar la eficiencia del empaque. Selladoras blister autom\u00e1ticas tipo carrusel.\",\"breadcrumb\":{\"@id\":\"https:\\\/\\\/propacmx.com\\\/product\\\/bsc-series-maquinas-blister-selladoras-y-equipos-de-empaque\\\/#breadcrumb\"},\"inLanguage\":\"en-US\",\"potentialAction\":[{\"@type\":\"ReadAction\",\"target\":[\"https:\\\/\\\/propacmx.com\\\/product\\\/bsc-series-maquinas-blister-selladoras-y-equipos-de-empaque\\\/\"]}]},{\"@type\":\"ImageObject\",\"inLanguage\":\"en-US\",\"@id\":\"https:\\\/\\\/propacmx.com\\\/product\\\/bsc-series-maquinas-blister-selladoras-y-equipos-de-empaque\\\/#primaryimage\",\"url\":\"https:\\\/\\\/propacmx.com\\\/wp-content\\\/uploads\\\/2025\\\/04\\\/BSC-SERIES.webp\",\"contentUrl\":\"https:\\\/\\\/propacmx.com\\\/wp-content\\\/uploads\\\/2025\\\/04\\\/BSC-SERIES.webp\",\"width\":500,\"height\":500,\"caption\":\"BSC SERIES\"},{\"@type\":\"BreadcrumbList\",\"@id\":\"https:\\\/\\\/propacmx.com\\\/product\\\/bsc-series-maquinas-blister-selladoras-y-equipos-de-empaque\\\/#breadcrumb\",\"itemListElement\":[{\"@type\":\"ListItem\",\"position\":1,\"name\":\"Home\",\"item\":\"https:\\\/\\\/propacmx.com\\\/\"},{\"@type\":\"ListItem\",\"position\":2,\"name\":\"Tienda\",\"item\":\"https:\\\/\\\/propacmx.com\\\/tienda\\\/\"},{\"@type\":\"ListItem\",\"position\":3,\"name\":\"BSC SERIES &#8211; M\u00e1quinas Blister\"}]},{\"@type\":\"WebSite\",\"@id\":\"https:\\\/\\\/propacmx.com\\\/#website\",\"url\":\"https:\\\/\\\/propacmx.com\\\/\",\"name\":\"PRO PAC Professional Packaging Systems\",\"description\":\"PROPAC es tu socio estrat\u00e9gico en empaques. Combinamos calidad, servicio y tecnolog\u00eda para optimizar tus procesos log\u00edsticos.\",\"publisher\":{\"@id\":\"https:\\\/\\\/propacmx.com\\\/#organization\"},\"potentialAction\":[{\"@type\":\"SearchAction\",\"target\":{\"@type\":\"EntryPoint\",\"urlTemplate\":\"https:\\\/\\\/propacmx.com\\\/?s={search_term_string}\"},\"query-input\":{\"@type\":\"PropertyValueSpecification\",\"valueRequired\":true,\"valueName\":\"search_term_string\"}}],\"inLanguage\":\"en-US\"},{\"@type\":\"Organization\",\"@id\":\"https:\\\/\\\/propacmx.com\\\/#organization\",\"name\":\"PRO PAC Professional Packaging Systems\",\"url\":\"https:\\\/\\\/propacmx.com\\\/\",\"logo\":{\"@type\":\"ImageObject\",\"inLanguage\":\"en-US\",\"@id\":\"https:\\\/\\\/propacmx.com\\\/#\\\/schema\\\/logo\\\/image\\\/\",\"url\":\"\\\/wp-content\\\/uploads\\\/2025\\\/04\\\/PRO-PAC-MEXICO.webp\",\"contentUrl\":\"\\\/wp-content\\\/uploads\\\/2025\\\/04\\\/PRO-PAC-MEXICO.webp\",\"width\":1563,\"height\":1563,\"caption\":\"PRO PAC Professional Packaging Systems\"},\"image\":{\"@id\":\"https:\\\/\\\/propacmx.com\\\/#\\\/schema\\\/logo\\\/image\\\/\"}}]}<\/script>\n<meta property=\"product:brand\" content=\"Starview\" \/>\n<meta property=\"product:price:currency\" content=\"MXN\" \/>\n<meta property=\"og:availability\" content=\"instock\" \/>\n<meta property=\"product:availability\" content=\"instock\" \/>\n<meta property=\"product:retailer_item_id\" content=\"prod-030\" \/>\n<meta property=\"product:condition\" content=\"new\" \/>\n<!-- \/ Yoast SEO Premium plugin. -->","yoast_head_json":{"title":"BSC SERIES - M\u00e1quinas Blister","description":"\u2b50 BSC SERIES, parte de nuestra l\u00ednea de m\u00e1quinas blister, dise\u00f1ada para mejorar la eficiencia del empaque. Selladoras blister autom\u00e1ticas tipo carrusel.","robots":{"index":"index","follow":"follow","max-snippet":"max-snippet:-1","max-image-preview":"max-image-preview:large","max-video-preview":"max-video-preview:-1"},"canonical":"https:\/\/propacmx.com\/en\/product\/bsc-series-maquinas-blister-selladoras-y-equipos-de-empaque\/","og_locale":"en_US","og_type":"article","og_title":"BSC SERIES - M\u00e1quinas Blister","og_description":"\u2b50 BSC SERIES, parte de nuestra l\u00ednea de m\u00e1quinas blister, dise\u00f1ada para mejorar la eficiencia del empaque. Selladoras blister autom\u00e1ticas tipo carrusel.","og_url":"https:\/\/propacmx.com\/en\/product\/bsc-series-maquinas-blister-selladoras-y-equipos-de-empaque\/","og_site_name":"Professional Packaging Systems","article_modified_time":"2025-04-23T15:10:46+00:00","og_image":[{"width":500,"height":500,"url":"https:\/\/propacmx.com\/wp-content\/uploads\/2025\/04\/BSC-SERIES.webp","type":"image\/webp"}],"twitter_card":"summary_large_image","twitter_misc":{"Price":"","Availability":"In stock"},"schema":{"@context":"https:\/\/schema.org","@graph":[{"@type":"WebPage","@id":"https:\/\/propacmx.com\/product\/bsc-series-maquinas-blister-selladoras-y-equipos-de-empaque\/","url":"https:\/\/propacmx.com\/product\/bsc-series-maquinas-blister-selladoras-y-equipos-de-empaque\/","name":"BSC SERIES - M\u00e1quinas Blister","isPartOf":{"@id":"https:\/\/propacmx.com\/#website"},"primaryImageOfPage":{"@id":"https:\/\/propacmx.com\/product\/bsc-series-maquinas-blister-selladoras-y-equipos-de-empaque\/#primaryimage"},"image":{"@id":"https:\/\/propacmx.com\/product\/bsc-series-maquinas-blister-selladoras-y-equipos-de-empaque\/#primaryimage"},"thumbnailUrl":"https:\/\/propacmx.com\/wp-content\/uploads\/2025\/04\/BSC-SERIES.webp","datePublished":"2025-04-20T00:41:10+00:00","dateModified":"2025-04-23T15:10:46+00:00","description":"\u2b50 BSC SERIES, parte de nuestra l\u00ednea de m\u00e1quinas blister, dise\u00f1ada para mejorar la eficiencia del empaque. Selladoras blister autom\u00e1ticas tipo carrusel.","breadcrumb":{"@id":"https:\/\/propacmx.com\/product\/bsc-series-maquinas-blister-selladoras-y-equipos-de-empaque\/#breadcrumb"},"inLanguage":"en-US","potentialAction":[{"@type":"ReadAction","target":["https:\/\/propacmx.com\/product\/bsc-series-maquinas-blister-selladoras-y-equipos-de-empaque\/"]}]},{"@type":"ImageObject","inLanguage":"en-US","@id":"https:\/\/propacmx.com\/product\/bsc-series-maquinas-blister-selladoras-y-equipos-de-empaque\/#primaryimage","url":"https:\/\/propacmx.com\/wp-content\/uploads\/2025\/04\/BSC-SERIES.webp","contentUrl":"https:\/\/propacmx.com\/wp-content\/uploads\/2025\/04\/BSC-SERIES.webp","width":500,"height":500,"caption":"BSC SERIES"},{"@type":"BreadcrumbList","@id":"https:\/\/propacmx.com\/product\/bsc-series-maquinas-blister-selladoras-y-equipos-de-empaque\/#breadcrumb","itemListElement":[{"@type":"ListItem","position":1,"name":"Home","item":"https:\/\/propacmx.com\/"},{"@type":"ListItem","position":2,"name":"Tienda","item":"https:\/\/propacmx.com\/tienda\/"},{"@type":"ListItem","position":3,"name":"BSC SERIES &#8211; M\u00e1quinas Blister"}]},{"@type":"WebSite","@id":"https:\/\/propacmx.com\/#website","url":"https:\/\/propacmx.com\/","name":"PRO PAC Professional Packaging Systems","description":"PROPAC is your strategic partner in packaging. We combine quality, service and technology to optimize your logistics processes.","publisher":{"@id":"https:\/\/propacmx.com\/#organization"},"potentialAction":[{"@type":"SearchAction","target":{"@type":"EntryPoint","urlTemplate":"https:\/\/propacmx.com\/?s={search_term_string}"},"query-input":{"@type":"PropertyValueSpecification","valueRequired":true,"valueName":"search_term_string"}}],"inLanguage":"en-US"},{"@type":"Organization","@id":"https:\/\/propacmx.com\/#organization","name":"PRO PAC Professional Packaging Systems","url":"https:\/\/propacmx.com\/","logo":{"@type":"ImageObject","inLanguage":"en-US","@id":"https:\/\/propacmx.com\/#\/schema\/logo\/image\/","url":"\/wp-content\/uploads\/2025\/04\/PRO-PAC-MEXICO.webp","contentUrl":"\/wp-content\/uploads\/2025\/04\/PRO-PAC-MEXICO.webp","width":1563,"height":1563,"caption":"PRO PAC Professional Packaging Systems"},"image":{"@id":"https:\/\/propacmx.com\/#\/schema\/logo\/image\/"}}]},"product_brand":"Starview","product_price_currency":"MXN","og_availability":"instock","product_availability":"instock","product_retailer_item_id":"prod-030","product_condition":"new"},"_links":{"self":[{"href":"https:\/\/propacmx.com\/en\/wp-json\/wp\/v2\/product\/13678","targetHints":{"allow":["GET"]}}],"collection":[{"href":"https:\/\/propacmx.com\/en\/wp-json\/wp\/v2\/product"}],"about":[{"href":"https:\/\/propacmx.com\/en\/wp-json\/wp\/v2\/types\/product"}],"wp:featuredmedia":[{"embeddable":true,"href":"https:\/\/propacmx.com\/en\/wp-json\/wp\/v2\/media\/14315"}],"wp:attachment":[{"href":"https:\/\/propacmx.com\/en\/wp-json\/wp\/v2\/media?parent=13678"}],"wp:term":[{"taxonomy":"product_brand","embeddable":true,"href":"https:\/\/propacmx.com\/en\/wp-json\/wp\/v2\/product_brand?post=13678"},{"taxonomy":"product_cat","embeddable":true,"href":"https:\/\/propacmx.com\/en\/wp-json\/wp\/v2\/product_cat?post=13678"},{"taxonomy":"product_tag","embeddable":true,"href":"https:\/\/propacmx.com\/en\/wp-json\/wp\/v2\/product_tag?post=13678"}],"curies":[{"name":"wp","href":"https:\/\/api.w.org\/{rel}","templated":true}]}}