{"id":13677,"date":"2025-04-20T00:41:10","date_gmt":"2025-04-20T00:41:10","guid":{"rendered":"https:\/\/blanchedalmond-dinosaur-273996.hostingersite.com\/?post_type=product&#038;p=13677"},"modified":"2025-04-22T02:23:01","modified_gmt":"2025-04-22T02:23:01","slug":"fab-series-maquinas-de-envasado-blister-rotativas","status":"publish","type":"product","link":"https:\/\/propacmx.com\/en\/product\/fab-series-maquinas-de-envasado-blister-rotativas\/","title":{"rendered":"FAB Series - Rotary Blister Packing Machines"},"content":{"rendered":"<p class=\"\" data-start=\"731\" data-end=\"1110\">The <strong data-start=\"734\" data-end=\"747\">Serie FAB<\/strong> from <strong data-start=\"751\" data-end=\"763\">Starview<\/strong> M\u00e1quinas de Envasado Bl\u00edster Rotativas representa una de las soluciones m\u00e1s completas y confiables del mercado en <strong data-start=\"839\" data-end=\"871\">empaque blister automatizado<\/strong>. Estas <strong data-start=\"879\" data-end=\"927\">m\u00e1quinas rotativas completamente autom\u00e1ticas<\/strong> est\u00e1n dise\u00f1adas para operaciones de alto volumen o producci\u00f3n Just-In-Time (JIT), ofreciendo rendimiento continuo, integraci\u00f3n sencilla y reducci\u00f3n significativa de costos laborales.<\/p>\n<p class=\"\" data-start=\"1112\" data-end=\"1637\">Disponibles en configuraciones de <strong data-start=\"1146\" data-end=\"1192\">cuatro (4), seis (6) y ocho (8) estaciones<\/strong>, las FAB incluyen de serie sistemas de <strong data-start=\"1232\" data-end=\"1316\">alimentaci\u00f3n autom\u00e1tica de bl\u00edsteres, tarjetas y descarga de paquetes terminados<\/strong>. Las \u00e1reas de sellado est\u00e1ndar son de <strong data-start=\"1355\" data-end=\"1406\">10 x 12\u201d, 12 x 16\u201d (en modelos de 4 estaciones)<\/strong> y <strong data-start=\"1409\" data-end=\"1465\">14 x 18\u201d o 18 x 24\u201d (en modelos de 6 u 8 estaciones)<\/strong>. Estas m\u00e1quinas permiten alcanzar, en condiciones \u00f3ptimas, <strong data-start=\"1525\" data-end=\"1555\">hasta 20 ciclos por minuto<\/strong>, lo que las convierte en una opci\u00f3n ideal para l\u00edneas de empaque de alta demanda.<\/p>\n<h3 data-start=\"1644\" data-end=\"1673\"><\/h3>\n<h3 class=\"\" data-start=\"1644\" data-end=\"1673\"><strong data-start=\"1648\" data-end=\"1673\">Aplicaciones comunes:<\/strong><\/h3>\n<ul data-start=\"1675\" data-end=\"1918\">\n<li class=\"\" data-start=\"1675\" data-end=\"1719\">\n<p class=\"\" data-start=\"1677\" data-end=\"1719\">Bl\u00edsteres sellados por tarjeta (face seal)<\/p>\n<\/li>\n<li class=\"\" data-start=\"1720\" data-end=\"1760\">\n<p class=\"\" data-start=\"1722\" data-end=\"1760\">Bl\u00edsteres de cara completa (full face)<\/p>\n<\/li>\n<li class=\"\" data-start=\"1761\" data-end=\"1802\">\n<p class=\"\" data-start=\"1763\" data-end=\"1802\">Bl\u00edsteres atrapados entre doble tarjeta<\/p>\n<\/li>\n<li class=\"\" data-start=\"1803\" data-end=\"1834\">\n<p class=\"\" data-start=\"1805\" data-end=\"1834\">Estilo Club y medio clamshell<\/p>\n<\/li>\n<li class=\"\" data-start=\"1835\" data-end=\"1918\">\n<p class=\"\" data-start=\"1837\" data-end=\"1918\">Aplicaciones con <strong data-start=\"1854\" data-end=\"1863\">Tyvek<\/strong>, l\u00e1minas de aluminio y otros materiales termosellables<\/p>\n<\/li>\n<\/ul>\n<h3 data-start=\"1925\" data-end=\"1959\"><\/h3>\n<h3 class=\"\" data-start=\"1925\" data-end=\"1959\"><strong data-start=\"1929\" data-end=\"1959\">Ventajas operativas clave:<\/strong><\/h3>\n<ul data-start=\"1961\" data-end=\"2613\">\n<li class=\"\" data-start=\"1961\" data-end=\"2046\">\n<p class=\"\" data-start=\"1963\" data-end=\"2046\">Alimentaci\u00f3n autom\u00e1tica de componentes y descarga eficiente de productos terminados<\/p>\n<\/li>\n<li class=\"\" data-start=\"2047\" data-end=\"2165\">\n<p class=\"\" data-start=\"2049\" data-end=\"2165\"><strong data-start=\"2049\" data-end=\"2093\">Interfaz HMI con pantalla t\u00e1ctil a color<\/strong>, almacenamiento de hasta 99 recetas y monitoreo de datos en tiempo real<\/p>\n<\/li>\n<li class=\"\" data-start=\"2166\" data-end=\"2254\">\n<p class=\"\" data-start=\"2168\" data-end=\"2254\"><strong data-start=\"2168\" data-end=\"2195\">Acceso remoto exclusivo<\/strong> v\u00eda Ethernet o Wi-Fi (opcional) para gesti\u00f3n de producci\u00f3n<\/p>\n<\/li>\n<li class=\"\" data-start=\"2255\" data-end=\"2365\">\n<p class=\"\" data-start=\"2257\" data-end=\"2365\">Sistema rotativo de \u00edndice de leva con <strong data-start=\"2296\" data-end=\"2331\">motor AC de frecuencia variable<\/strong>, para operaci\u00f3n suave y repetible<\/p>\n<\/li>\n<li class=\"\" data-start=\"2366\" data-end=\"2455\">\n<p class=\"\" data-start=\"2368\" data-end=\"2455\"><strong data-start=\"2368\" data-end=\"2400\">Cambio r\u00e1pido de herramental<\/strong>, econ\u00f3mico y durable (madera multilaminada o aluminio)<\/p>\n<\/li>\n<li class=\"\" data-start=\"2456\" data-end=\"2520\">\n<p class=\"\" data-start=\"2458\" data-end=\"2520\">Seguridad de operaci\u00f3n <strong data-start=\"2481\" data-end=\"2520\">certificada bajo norma ANSI Clase 4<\/strong><\/p>\n<\/li>\n<li class=\"\" data-start=\"2521\" data-end=\"2613\">\n<p class=\"\" data-start=\"2523\" data-end=\"2613\">Opciones de automatizaci\u00f3n personalizadas para adaptarse a las necesidades de cada cliente<\/p>\n<\/li>\n<\/ul>\n<p class=\"\" data-start=\"2620\" data-end=\"2809\">Para necesidades a\u00fan m\u00e1s avanzadas en volumen o integraci\u00f3n de estaciones adicionales, Starview recomienda considerar las series <strong data-start=\"2749\" data-end=\"2756\">BSC<\/strong> o <strong data-start=\"2759\" data-end=\"2766\">CBS<\/strong>, dise\u00f1adas para producci\u00f3n de gran escala.<\/p>\n<p class=\"\" data-start=\"2811\" data-end=\"3021\">Las M\u00e1quinas de Envasado Bl\u00edster Rotativas <strong data-start=\"2814\" data-end=\"2827\">Serie FAB <\/strong>son la elecci\u00f3n ideal para fabricantes que buscan una <strong data-start=\"2881\" data-end=\"2943\">m\u00e1quina de empaque blister robusta, autom\u00e1tica y validable<\/strong>, capaz de mantener ritmos de producci\u00f3n exigentes sin comprometer la calidad.<\/p>","protected":false},"excerpt":{"rendered":"<p class=\"\" data-start=\"355\" data-end=\"681\">The<strong> M\u00e1quinas de Envasado Bl\u00edster Rotativas totalmente autom\u00e1ticas Serie FAB<\/strong> de Starview est\u00e1n dise\u00f1adas para altos vol\u00famenes de producci\u00f3n. Con alimentaci\u00f3n autom\u00e1tica de bl\u00edsteres, tarjetas y descarga de paquetes, permiten sellar todos los estilos comunes de empaques blister con eficiencia, precisi\u00f3n y m\u00ednimo requerimiento de mano de obra.<\/p>","protected":false},"featured_media":13843,"template":"","meta":[],"product_brand":[],"product_cat":[104],"product_tag":[153,117,148,118],"class_list":{"0":"post-13677","1":"product","2":"type-product","3":"status-publish","4":"has-post-thumbnail","6":"product_cat-maquinas-blister","7":"product_tag-fab-con-apb-series","8":"product_tag-maquinaria-de-empaque","9":"product_tag-maquinas-blister","10":"product_tag-selladoras-industriales","12":"first","13":"instock","14":"shipping-taxable","15":"product-type-simple"},"yoast_head":"<!-- This site is optimized with the Yoast SEO Premium plugin v24.3 (Yoast SEO v27.6) - https:\/\/yoast.com\/product\/yoast-seo-premium-wordpress\/ -->\n<title>FAB Series - M\u00e1quinas de Envasado Bl\u00edster Rotativas<\/title>\n<meta name=\"description\" content=\"\u2b50 FAB Series - M\u00e1quinas de Envasado Bl\u00edster Rotativas, parte de nuestra l\u00ednea de m\u00e1quinas blister, dise\u00f1ada para mejorar la eficiencia del empaque.\" \/>\n<meta name=\"robots\" content=\"index, follow, max-snippet:-1, max-image-preview:large, max-video-preview:-1\" \/>\n<link rel=\"canonical\" href=\"https:\/\/propacmx.com\/en\/product\/fab-series-maquinas-de-envasado-blister-rotativas\/\" \/>\n<meta property=\"og:locale\" content=\"en_US\" \/>\n<meta property=\"og:type\" content=\"article\" \/>\n<meta property=\"og:title\" content=\"FAB Series - M\u00e1quinas de Envasado Bl\u00edster Rotativas\" \/>\n<meta property=\"og:description\" content=\"\u2b50 FAB Series - M\u00e1quinas de Envasado Bl\u00edster Rotativas, parte de nuestra l\u00ednea de m\u00e1quinas blister, dise\u00f1ada para mejorar la eficiencia del empaque.\" \/>\n<meta property=\"og:url\" content=\"https:\/\/propacmx.com\/en\/product\/fab-series-maquinas-de-envasado-blister-rotativas\/\" \/>\n<meta property=\"og:site_name\" content=\"Professional Packaging Systems\" \/>\n<meta property=\"article:modified_time\" content=\"2025-04-22T02:23:01+00:00\" \/>\n<meta property=\"og:image\" content=\"https:\/\/propacmx.com\/wp-content\/uploads\/2025\/04\/FAB-Series-Maquinas-de-Envasado-Blister-Rotativas.webp\" \/>\n\t<meta property=\"og:image:width\" content=\"1563\" \/>\n\t<meta property=\"og:image:height\" content=\"1563\" \/>\n\t<meta property=\"og:image:type\" content=\"image\/webp\" \/>\n<meta name=\"twitter:card\" content=\"summary_large_image\" \/>\n<meta name=\"twitter:label1\" content=\"Price\" \/>\n\t<meta name=\"twitter:data1\" content=\"\" \/>\n\t<meta name=\"twitter:label2\" content=\"Availability\" \/>\n\t<meta name=\"twitter:data2\" content=\"In stock\" \/>\n<script type=\"application\/ld+json\" class=\"yoast-schema-graph\">{\"@context\":\"https:\\\/\\\/schema.org\",\"@graph\":[{\"@type\":\"WebPage\",\"@id\":\"https:\\\/\\\/propacmx.com\\\/product\\\/fab-series-maquinas-de-envasado-blister-rotativas\\\/\",\"url\":\"https:\\\/\\\/propacmx.com\\\/product\\\/fab-series-maquinas-de-envasado-blister-rotativas\\\/\",\"name\":\"FAB Series - M\u00e1quinas de Envasado Bl\u00edster Rotativas\",\"isPartOf\":{\"@id\":\"https:\\\/\\\/propacmx.com\\\/#website\"},\"primaryImageOfPage\":{\"@id\":\"https:\\\/\\\/propacmx.com\\\/product\\\/fab-series-maquinas-de-envasado-blister-rotativas\\\/#primaryimage\"},\"image\":{\"@id\":\"https:\\\/\\\/propacmx.com\\\/product\\\/fab-series-maquinas-de-envasado-blister-rotativas\\\/#primaryimage\"},\"thumbnailUrl\":\"https:\\\/\\\/propacmx.com\\\/wp-content\\\/uploads\\\/2025\\\/04\\\/FAB-Series-Maquinas-de-Envasado-Blister-Rotativas.webp\",\"datePublished\":\"2025-04-20T00:41:10+00:00\",\"dateModified\":\"2025-04-22T02:23:01+00:00\",\"description\":\"\u2b50 FAB Series - M\u00e1quinas de Envasado Bl\u00edster Rotativas, parte de nuestra l\u00ednea de m\u00e1quinas blister, dise\u00f1ada para mejorar la eficiencia del empaque.\",\"breadcrumb\":{\"@id\":\"https:\\\/\\\/propacmx.com\\\/product\\\/fab-series-maquinas-de-envasado-blister-rotativas\\\/#breadcrumb\"},\"inLanguage\":\"en-US\",\"potentialAction\":[{\"@type\":\"ReadAction\",\"target\":[\"https:\\\/\\\/propacmx.com\\\/product\\\/fab-series-maquinas-de-envasado-blister-rotativas\\\/\"]}]},{\"@type\":\"ImageObject\",\"inLanguage\":\"en-US\",\"@id\":\"https:\\\/\\\/propacmx.com\\\/product\\\/fab-series-maquinas-de-envasado-blister-rotativas\\\/#primaryimage\",\"url\":\"https:\\\/\\\/propacmx.com\\\/wp-content\\\/uploads\\\/2025\\\/04\\\/FAB-Series-Maquinas-de-Envasado-Blister-Rotativas.webp\",\"contentUrl\":\"https:\\\/\\\/propacmx.com\\\/wp-content\\\/uploads\\\/2025\\\/04\\\/FAB-Series-Maquinas-de-Envasado-Blister-Rotativas.webp\",\"width\":1563,\"height\":1563,\"caption\":\"FAB Series - M\u00e1quinas de Envasado Bl\u00edster Rotativas\"},{\"@type\":\"BreadcrumbList\",\"@id\":\"https:\\\/\\\/propacmx.com\\\/product\\\/fab-series-maquinas-de-envasado-blister-rotativas\\\/#breadcrumb\",\"itemListElement\":[{\"@type\":\"ListItem\",\"position\":1,\"name\":\"Home\",\"item\":\"https:\\\/\\\/propacmx.com\\\/\"},{\"@type\":\"ListItem\",\"position\":2,\"name\":\"Tienda\",\"item\":\"https:\\\/\\\/propacmx.com\\\/tienda\\\/\"},{\"@type\":\"ListItem\",\"position\":3,\"name\":\"FAB Series &#8211; M\u00e1quinas de Envasado Bl\u00edster Rotativas\"}]},{\"@type\":\"WebSite\",\"@id\":\"https:\\\/\\\/propacmx.com\\\/#website\",\"url\":\"https:\\\/\\\/propacmx.com\\\/\",\"name\":\"PRO PAC Professional Packaging Systems\",\"description\":\"PROPAC es tu socio estrat\u00e9gico en empaques. Combinamos calidad, servicio y tecnolog\u00eda para optimizar tus procesos log\u00edsticos.\",\"publisher\":{\"@id\":\"https:\\\/\\\/propacmx.com\\\/#organization\"},\"potentialAction\":[{\"@type\":\"SearchAction\",\"target\":{\"@type\":\"EntryPoint\",\"urlTemplate\":\"https:\\\/\\\/propacmx.com\\\/?s={search_term_string}\"},\"query-input\":{\"@type\":\"PropertyValueSpecification\",\"valueRequired\":true,\"valueName\":\"search_term_string\"}}],\"inLanguage\":\"en-US\"},{\"@type\":\"Organization\",\"@id\":\"https:\\\/\\\/propacmx.com\\\/#organization\",\"name\":\"PRO PAC Professional Packaging Systems\",\"url\":\"https:\\\/\\\/propacmx.com\\\/\",\"logo\":{\"@type\":\"ImageObject\",\"inLanguage\":\"en-US\",\"@id\":\"https:\\\/\\\/propacmx.com\\\/#\\\/schema\\\/logo\\\/image\\\/\",\"url\":\"\\\/wp-content\\\/uploads\\\/2025\\\/04\\\/PRO-PAC-MEXICO.webp\",\"contentUrl\":\"\\\/wp-content\\\/uploads\\\/2025\\\/04\\\/PRO-PAC-MEXICO.webp\",\"width\":1563,\"height\":1563,\"caption\":\"PRO PAC Professional Packaging Systems\"},\"image\":{\"@id\":\"https:\\\/\\\/propacmx.com\\\/#\\\/schema\\\/logo\\\/image\\\/\"}}]}<\/script>\n<meta property=\"product:price:currency\" content=\"MXN\" \/>\n<meta property=\"og:availability\" content=\"instock\" \/>\n<meta property=\"product:availability\" content=\"instock\" \/>\n<meta property=\"product:retailer_item_id\" content=\"prod-029\" \/>\n<meta property=\"product:condition\" content=\"new\" \/>\n<!-- \/ Yoast SEO Premium plugin. -->","yoast_head_json":{"title":"FAB Series - Rotary Blister Packing Machines","description":"\u2b50 FAB Series - M\u00e1quinas de Envasado Bl\u00edster Rotativas, parte de nuestra l\u00ednea de m\u00e1quinas blister, dise\u00f1ada para mejorar la eficiencia del empaque.","robots":{"index":"index","follow":"follow","max-snippet":"max-snippet:-1","max-image-preview":"max-image-preview:large","max-video-preview":"max-video-preview:-1"},"canonical":"https:\/\/propacmx.com\/en\/product\/fab-series-maquinas-de-envasado-blister-rotativas\/","og_locale":"en_US","og_type":"article","og_title":"FAB Series - M\u00e1quinas de Envasado Bl\u00edster Rotativas","og_description":"\u2b50 FAB Series - M\u00e1quinas de Envasado Bl\u00edster Rotativas, parte de nuestra l\u00ednea de m\u00e1quinas blister, dise\u00f1ada para mejorar la eficiencia del empaque.","og_url":"https:\/\/propacmx.com\/en\/product\/fab-series-maquinas-de-envasado-blister-rotativas\/","og_site_name":"Professional Packaging Systems","article_modified_time":"2025-04-22T02:23:01+00:00","og_image":[{"width":1563,"height":1563,"url":"https:\/\/propacmx.com\/wp-content\/uploads\/2025\/04\/FAB-Series-Maquinas-de-Envasado-Blister-Rotativas.webp","type":"image\/webp"}],"twitter_card":"summary_large_image","twitter_misc":{"Price":"","Availability":"In stock"},"schema":{"@context":"https:\/\/schema.org","@graph":[{"@type":"WebPage","@id":"https:\/\/propacmx.com\/product\/fab-series-maquinas-de-envasado-blister-rotativas\/","url":"https:\/\/propacmx.com\/product\/fab-series-maquinas-de-envasado-blister-rotativas\/","name":"FAB Series - Rotary Blister Packing Machines","isPartOf":{"@id":"https:\/\/propacmx.com\/#website"},"primaryImageOfPage":{"@id":"https:\/\/propacmx.com\/product\/fab-series-maquinas-de-envasado-blister-rotativas\/#primaryimage"},"image":{"@id":"https:\/\/propacmx.com\/product\/fab-series-maquinas-de-envasado-blister-rotativas\/#primaryimage"},"thumbnailUrl":"https:\/\/propacmx.com\/wp-content\/uploads\/2025\/04\/FAB-Series-Maquinas-de-Envasado-Blister-Rotativas.webp","datePublished":"2025-04-20T00:41:10+00:00","dateModified":"2025-04-22T02:23:01+00:00","description":"\u2b50 FAB Series - M\u00e1quinas de Envasado Bl\u00edster Rotativas, parte de nuestra l\u00ednea de m\u00e1quinas blister, dise\u00f1ada para mejorar la eficiencia del empaque.","breadcrumb":{"@id":"https:\/\/propacmx.com\/product\/fab-series-maquinas-de-envasado-blister-rotativas\/#breadcrumb"},"inLanguage":"en-US","potentialAction":[{"@type":"ReadAction","target":["https:\/\/propacmx.com\/product\/fab-series-maquinas-de-envasado-blister-rotativas\/"]}]},{"@type":"ImageObject","inLanguage":"en-US","@id":"https:\/\/propacmx.com\/product\/fab-series-maquinas-de-envasado-blister-rotativas\/#primaryimage","url":"https:\/\/propacmx.com\/wp-content\/uploads\/2025\/04\/FAB-Series-Maquinas-de-Envasado-Blister-Rotativas.webp","contentUrl":"https:\/\/propacmx.com\/wp-content\/uploads\/2025\/04\/FAB-Series-Maquinas-de-Envasado-Blister-Rotativas.webp","width":1563,"height":1563,"caption":"FAB Series - M\u00e1quinas de Envasado Bl\u00edster Rotativas"},{"@type":"BreadcrumbList","@id":"https:\/\/propacmx.com\/product\/fab-series-maquinas-de-envasado-blister-rotativas\/#breadcrumb","itemListElement":[{"@type":"ListItem","position":1,"name":"Home","item":"https:\/\/propacmx.com\/"},{"@type":"ListItem","position":2,"name":"Tienda","item":"https:\/\/propacmx.com\/tienda\/"},{"@type":"ListItem","position":3,"name":"FAB Series &#8211; M\u00e1quinas de Envasado Bl\u00edster Rotativas"}]},{"@type":"WebSite","@id":"https:\/\/propacmx.com\/#website","url":"https:\/\/propacmx.com\/","name":"PRO PAC Professional Packaging Systems","description":"PROPAC is your strategic partner in packaging. We combine quality, service and technology to optimize your logistics processes.","publisher":{"@id":"https:\/\/propacmx.com\/#organization"},"potentialAction":[{"@type":"SearchAction","target":{"@type":"EntryPoint","urlTemplate":"https:\/\/propacmx.com\/?s={search_term_string}"},"query-input":{"@type":"PropertyValueSpecification","valueRequired":true,"valueName":"search_term_string"}}],"inLanguage":"en-US"},{"@type":"Organization","@id":"https:\/\/propacmx.com\/#organization","name":"PRO PAC Professional Packaging Systems","url":"https:\/\/propacmx.com\/","logo":{"@type":"ImageObject","inLanguage":"en-US","@id":"https:\/\/propacmx.com\/#\/schema\/logo\/image\/","url":"\/wp-content\/uploads\/2025\/04\/PRO-PAC-MEXICO.webp","contentUrl":"\/wp-content\/uploads\/2025\/04\/PRO-PAC-MEXICO.webp","width":1563,"height":1563,"caption":"PRO PAC Professional Packaging Systems"},"image":{"@id":"https:\/\/propacmx.com\/#\/schema\/logo\/image\/"}}]},"product_price_currency":"MXN","og_availability":"instock","product_availability":"instock","product_retailer_item_id":"prod-029","product_condition":"new"},"_links":{"self":[{"href":"https:\/\/propacmx.com\/en\/wp-json\/wp\/v2\/product\/13677","targetHints":{"allow":["GET"]}}],"collection":[{"href":"https:\/\/propacmx.com\/en\/wp-json\/wp\/v2\/product"}],"about":[{"href":"https:\/\/propacmx.com\/en\/wp-json\/wp\/v2\/types\/product"}],"wp:featuredmedia":[{"embeddable":true,"href":"https:\/\/propacmx.com\/en\/wp-json\/wp\/v2\/media\/13843"}],"wp:attachment":[{"href":"https:\/\/propacmx.com\/en\/wp-json\/wp\/v2\/media?parent=13677"}],"wp:term":[{"taxonomy":"product_brand","embeddable":true,"href":"https:\/\/propacmx.com\/en\/wp-json\/wp\/v2\/product_brand?post=13677"},{"taxonomy":"product_cat","embeddable":true,"href":"https:\/\/propacmx.com\/en\/wp-json\/wp\/v2\/product_cat?post=13677"},{"taxonomy":"product_tag","embeddable":true,"href":"https:\/\/propacmx.com\/en\/wp-json\/wp\/v2\/product_tag?post=13677"}],"curies":[{"name":"wp","href":"https:\/\/api.w.org\/{rel}","templated":true}]}}