{"id":13675,"date":"2025-04-20T00:41:10","date_gmt":"2025-04-20T00:41:10","guid":{"rendered":"https:\/\/blanchedalmond-dinosaur-273996.hostingersite.com\/?post_type=product&#038;p=13675"},"modified":"2025-04-22T02:01:52","modified_gmt":"2025-04-22T02:01:52","slug":"rb-series-blister-packaging-machines","status":"publish","type":"product","link":"https:\/\/propacmx.com\/en\/product\/rb-series-maquinas-de-envasado-en-blister\/","title":{"rendered":"RB Series - Blister Packing Machines"},"content":{"rendered":"<p class=\"\" data-start=\"658\" data-end=\"1002\">Blister Packaging Machines <strong data-start=\"661\" data-end=\"673\">RB Series<\/strong> from <strong data-start=\"677\" data-end=\"689\">Starview<\/strong> is designed as a solution <strong data-start=\"722\" data-end=\"752\">economical and semi-automatic<\/strong> for companies looking to increase their production beyond the levels of a manual machine. These <strong data-start=\"854\" data-end=\"896\">4- and 6-station rotary machines<\/strong> allow blister packaging to be manufactured efficiently, with ease of operation and low operating costs.<\/p>\n<p class=\"\" data-start=\"1004\" data-end=\"1366\">They are ideal for the production of <strong data-start=\"1038\" data-end=\"1073\">face seal blister packs<\/strong>, They are also suitable for applications with full-face blisters, Tyvek, aluminum foil and other heat sealable materials. They are available in <strong data-start=\"1223\" data-end=\"1303\">two standard seal area sizes: 12 x 14 inches and 14 x 18 inches<\/strong>, This makes them versatile for a wide range of products.<\/p>\n<p class=\"\" data-start=\"1368\" data-end=\"1622\">The standard model has <strong data-start=\"1398\" data-end=\"1425\">a sealing station<\/strong> and the rest of the stations are used for loading and unloading the product. Thanks to their industrial design, these machines are able to offer <strong data-start=\"1560\" data-end=\"1593\">years of reliable performance<\/strong> with minimal maintenance.<\/p>\n<h3 data-start=\"1629\" data-end=\"1657\"><\/h3>\n<h3 class=\"\" data-start=\"1629\" data-end=\"1657\"><strong data-start=\"1633\" data-end=\"1657\">Operational advantages:<\/strong><\/h3>\n<ul data-start=\"1659\" data-end=\"2262\">\n<li class=\"\" data-start=\"1659\" data-end=\"1775\">\n<p class=\"\" data-start=\"1661\" data-end=\"1775\">Option <strong data-start=\"1668\" data-end=\"1693\">accessible and efficient<\/strong> for companies with limited budgets that require more production capacity<\/p>\n<\/li>\n<li class=\"\" data-start=\"1776\" data-end=\"1886\">\n<p class=\"\" data-start=\"1778\" data-end=\"1886\">Compatible with <strong data-start=\"1793\" data-end=\"1827\">quick-change tooling<\/strong>, economical and durable in multi-laminated wood or aluminum<\/p>\n<\/li>\n<li class=\"\" data-start=\"1887\" data-end=\"1989\">\n<p class=\"\" data-start=\"1889\" data-end=\"1989\"><strong data-start=\"1889\" data-end=\"1927\">Digital temperature controller<\/strong> y <strong data-start=\"1930\" data-end=\"1958\">PLC with HMI LCD display<\/strong> for process repeatability<\/p>\n<\/li>\n<li class=\"\" data-start=\"1990\" data-end=\"2114\">\n<p class=\"\" data-start=\"1992\" data-end=\"2114\">Rotary system with cam index of <strong data-start=\"2031\" data-end=\"2057\">AC variable frequency<\/strong>, which ensures smooth operation and precise positioning<\/p>\n<\/li>\n<li class=\"\" data-start=\"2115\" data-end=\"2184\">\n<p class=\"\" data-start=\"2117\" data-end=\"2184\"><strong data-start=\"2117\" data-end=\"2143\">ANSI Class 4 Safety<\/strong> to protect the operator during use<\/p>\n<\/li>\n<li class=\"\" data-start=\"2185\" data-end=\"2262\">\n<p class=\"\" data-start=\"2187\" data-end=\"2262\">Ideal for production lines looking for quality at low cost per cycle<\/p>\n<\/li>\n<\/ul>\n<p data-start=\"2269\" data-end=\"2393\">\n<p class=\"\" data-start=\"2269\" data-end=\"2393\">For higher volumes and higher levels of automation, Starview recommends considering its series <strong data-start=\"2369\" data-end=\"2392\">ERB, FAB, BSC or CBS<\/strong>.<\/p>\n<p class=\"\" data-start=\"2395\" data-end=\"2560\">The <strong data-start=\"2398\" data-end=\"2410\">RB Series<\/strong> Blister Packing Machines represent the next logical step from a manual machine to a more agile and professional operation, without the need for a large initial investment.<\/p>","protected":false},"excerpt":{"rendered":"<p class=\"\" data-start=\"328\" data-end=\"608\">The <strong>Blister Packing Machines<\/strong> <strong>Economical Rotary Presses RB Series<\/strong> are ideal for increasing productivity in medium-volume operations. With semi-automatic design and digital control, they are perfect for manufacturing face seal blister packaging efficiently and affordably.<\/p>","protected":false},"featured_media":13839,"template":"","meta":[],"product_brand":[190],"product_cat":[104],"product_tag":[117,148,196,118],"class_list":{"0":"post-13675","1":"product","2":"type-product","3":"status-publish","4":"has-post-thumbnail","6":"product_brand-starview","7":"product_cat-maquinas-blister","8":"product_tag-maquinaria-de-empaque","9":"product_tag-maquinas-blister","10":"product_tag-maquinas-de-envasado-en-blister","11":"product_tag-selladoras-industriales","13":"first","14":"instock","15":"shipping-taxable","16":"product-type-simple"},"yoast_head":"<!-- This site is optimized with the Yoast SEO Premium plugin v24.3 (Yoast SEO v27.6) - https:\/\/yoast.com\/product\/yoast-seo-premium-wordpress\/ -->\n<title>RB Series - M\u00e1quinas de Envasado en Bl\u00edster<\/title>\n<meta name=\"description\" content=\"RB Series M\u00e1quinas de Envasado en Bl\u00edster, dise\u00f1ada para mejorar la eficiencia del empaque. Selladoras blister rotativas econ\u00f3micas, semiautom\u00e1ticas.\" \/>\n<meta name=\"robots\" content=\"index, follow, max-snippet:-1, max-image-preview:large, max-video-preview:-1\" \/>\n<link rel=\"canonical\" href=\"https:\/\/propacmx.com\/en\/product\/rb-series-blister-packaging-machines\/\" \/>\n<meta property=\"og:locale\" content=\"en_US\" \/>\n<meta property=\"og:type\" content=\"article\" \/>\n<meta property=\"og:title\" content=\"RB Series - M\u00e1quinas de Envasado en Bl\u00edster\" \/>\n<meta property=\"og:description\" content=\"RB Series M\u00e1quinas de Envasado en Bl\u00edster, dise\u00f1ada para mejorar la eficiencia del empaque. Selladoras blister rotativas econ\u00f3micas, semiautom\u00e1ticas.\" \/>\n<meta property=\"og:url\" content=\"https:\/\/propacmx.com\/en\/product\/rb-series-blister-packaging-machines\/\" \/>\n<meta property=\"og:site_name\" content=\"Professional Packaging Systems\" \/>\n<meta property=\"article:modified_time\" content=\"2025-04-22T02:01:52+00:00\" \/>\n<meta property=\"og:image\" content=\"https:\/\/propacmx.com\/wp-content\/uploads\/2025\/04\/RB-Series-Maquinas-de-Envasado-en-Blister.webp\" \/>\n\t<meta property=\"og:image:width\" content=\"1563\" \/>\n\t<meta property=\"og:image:height\" content=\"1563\" \/>\n\t<meta property=\"og:image:type\" content=\"image\/webp\" \/>\n<meta name=\"twitter:card\" content=\"summary_large_image\" \/>\n<meta name=\"twitter:label1\" content=\"Price\" \/>\n\t<meta name=\"twitter:data1\" content=\"\" \/>\n\t<meta name=\"twitter:label2\" content=\"Availability\" \/>\n\t<meta name=\"twitter:data2\" content=\"In stock\" \/>\n<script type=\"application\/ld+json\" class=\"yoast-schema-graph\">{\"@context\":\"https:\\\/\\\/schema.org\",\"@graph\":[{\"@type\":\"WebPage\",\"@id\":\"https:\\\/\\\/propacmx.com\\\/product\\\/rb-series-maquinas-de-envasado-en-blister\\\/\",\"url\":\"https:\\\/\\\/propacmx.com\\\/product\\\/rb-series-maquinas-de-envasado-en-blister\\\/\",\"name\":\"RB Series - M\u00e1quinas de Envasado en Bl\u00edster\",\"isPartOf\":{\"@id\":\"https:\\\/\\\/propacmx.com\\\/#website\"},\"primaryImageOfPage\":{\"@id\":\"https:\\\/\\\/propacmx.com\\\/product\\\/rb-series-maquinas-de-envasado-en-blister\\\/#primaryimage\"},\"image\":{\"@id\":\"https:\\\/\\\/propacmx.com\\\/product\\\/rb-series-maquinas-de-envasado-en-blister\\\/#primaryimage\"},\"thumbnailUrl\":\"https:\\\/\\\/propacmx.com\\\/wp-content\\\/uploads\\\/2025\\\/04\\\/RB-Series-Maquinas-de-Envasado-en-Blister.webp\",\"datePublished\":\"2025-04-20T00:41:10+00:00\",\"dateModified\":\"2025-04-22T02:01:52+00:00\",\"description\":\"RB Series M\u00e1quinas de Envasado en Bl\u00edster, dise\u00f1ada para mejorar la eficiencia del empaque. Selladoras blister rotativas econ\u00f3micas, semiautom\u00e1ticas.\",\"breadcrumb\":{\"@id\":\"https:\\\/\\\/propacmx.com\\\/product\\\/rb-series-maquinas-de-envasado-en-blister\\\/#breadcrumb\"},\"inLanguage\":\"en-US\",\"potentialAction\":[{\"@type\":\"ReadAction\",\"target\":[\"https:\\\/\\\/propacmx.com\\\/product\\\/rb-series-maquinas-de-envasado-en-blister\\\/\"]}]},{\"@type\":\"ImageObject\",\"inLanguage\":\"en-US\",\"@id\":\"https:\\\/\\\/propacmx.com\\\/product\\\/rb-series-maquinas-de-envasado-en-blister\\\/#primaryimage\",\"url\":\"https:\\\/\\\/propacmx.com\\\/wp-content\\\/uploads\\\/2025\\\/04\\\/RB-Series-Maquinas-de-Envasado-en-Blister.webp\",\"contentUrl\":\"https:\\\/\\\/propacmx.com\\\/wp-content\\\/uploads\\\/2025\\\/04\\\/RB-Series-Maquinas-de-Envasado-en-Blister.webp\",\"width\":1563,\"height\":1563,\"caption\":\"RB Series - M\u00e1quinas de Envasado en Bl\u00edster\"},{\"@type\":\"BreadcrumbList\",\"@id\":\"https:\\\/\\\/propacmx.com\\\/product\\\/rb-series-maquinas-de-envasado-en-blister\\\/#breadcrumb\",\"itemListElement\":[{\"@type\":\"ListItem\",\"position\":1,\"name\":\"Home\",\"item\":\"https:\\\/\\\/propacmx.com\\\/\"},{\"@type\":\"ListItem\",\"position\":2,\"name\":\"Tienda\",\"item\":\"https:\\\/\\\/propacmx.com\\\/tienda\\\/\"},{\"@type\":\"ListItem\",\"position\":3,\"name\":\"RB Series &#8211; M\u00e1quinas de Envasado en Bl\u00edster\"}]},{\"@type\":\"WebSite\",\"@id\":\"https:\\\/\\\/propacmx.com\\\/#website\",\"url\":\"https:\\\/\\\/propacmx.com\\\/\",\"name\":\"PRO PAC Professional Packaging Systems\",\"description\":\"PROPAC es tu socio estrat\u00e9gico en empaques. Combinamos calidad, servicio y tecnolog\u00eda para optimizar tus procesos log\u00edsticos.\",\"publisher\":{\"@id\":\"https:\\\/\\\/propacmx.com\\\/#organization\"},\"potentialAction\":[{\"@type\":\"SearchAction\",\"target\":{\"@type\":\"EntryPoint\",\"urlTemplate\":\"https:\\\/\\\/propacmx.com\\\/?s={search_term_string}\"},\"query-input\":{\"@type\":\"PropertyValueSpecification\",\"valueRequired\":true,\"valueName\":\"search_term_string\"}}],\"inLanguage\":\"en-US\"},{\"@type\":\"Organization\",\"@id\":\"https:\\\/\\\/propacmx.com\\\/#organization\",\"name\":\"PRO PAC Professional Packaging Systems\",\"url\":\"https:\\\/\\\/propacmx.com\\\/\",\"logo\":{\"@type\":\"ImageObject\",\"inLanguage\":\"en-US\",\"@id\":\"https:\\\/\\\/propacmx.com\\\/#\\\/schema\\\/logo\\\/image\\\/\",\"url\":\"\\\/wp-content\\\/uploads\\\/2025\\\/04\\\/PRO-PAC-MEXICO.webp\",\"contentUrl\":\"\\\/wp-content\\\/uploads\\\/2025\\\/04\\\/PRO-PAC-MEXICO.webp\",\"width\":1563,\"height\":1563,\"caption\":\"PRO PAC Professional Packaging Systems\"},\"image\":{\"@id\":\"https:\\\/\\\/propacmx.com\\\/#\\\/schema\\\/logo\\\/image\\\/\"}}]}<\/script>\n<meta property=\"product:brand\" content=\"Starview\" \/>\n<meta property=\"product:price:currency\" content=\"MXN\" \/>\n<meta property=\"og:availability\" content=\"instock\" \/>\n<meta property=\"product:availability\" content=\"instock\" \/>\n<meta property=\"product:retailer_item_id\" content=\"prod-027\" \/>\n<meta property=\"product:condition\" content=\"new\" \/>\n<!-- \/ Yoast SEO Premium plugin. -->","yoast_head_json":{"title":"RB Series - Blister Packing Machines","description":"RB Series Blister Packing Machines, designed to improve packaging efficiency. Economical, semi-automatic rotary blister sealers.","robots":{"index":"index","follow":"follow","max-snippet":"max-snippet:-1","max-image-preview":"max-image-preview:large","max-video-preview":"max-video-preview:-1"},"canonical":"https:\/\/propacmx.com\/en\/product\/rb-series-blister-packaging-machines\/","og_locale":"en_US","og_type":"article","og_title":"RB Series - M\u00e1quinas de Envasado en Bl\u00edster","og_description":"RB Series M\u00e1quinas de Envasado en Bl\u00edster, dise\u00f1ada para mejorar la eficiencia del empaque. Selladoras blister rotativas econ\u00f3micas, semiautom\u00e1ticas.","og_url":"https:\/\/propacmx.com\/en\/product\/rb-series-blister-packaging-machines\/","og_site_name":"Professional Packaging Systems","article_modified_time":"2025-04-22T02:01:52+00:00","og_image":[{"width":1563,"height":1563,"url":"https:\/\/propacmx.com\/wp-content\/uploads\/2025\/04\/RB-Series-Maquinas-de-Envasado-en-Blister.webp","type":"image\/webp"}],"twitter_card":"summary_large_image","twitter_misc":{"Price":"","Availability":"In stock"},"schema":{"@context":"https:\/\/schema.org","@graph":[{"@type":"WebPage","@id":"https:\/\/propacmx.com\/product\/rb-series-maquinas-de-envasado-en-blister\/","url":"https:\/\/propacmx.com\/product\/rb-series-maquinas-de-envasado-en-blister\/","name":"RB Series - Blister Packing Machines","isPartOf":{"@id":"https:\/\/propacmx.com\/#website"},"primaryImageOfPage":{"@id":"https:\/\/propacmx.com\/product\/rb-series-maquinas-de-envasado-en-blister\/#primaryimage"},"image":{"@id":"https:\/\/propacmx.com\/product\/rb-series-maquinas-de-envasado-en-blister\/#primaryimage"},"thumbnailUrl":"https:\/\/propacmx.com\/wp-content\/uploads\/2025\/04\/RB-Series-Maquinas-de-Envasado-en-Blister.webp","datePublished":"2025-04-20T00:41:10+00:00","dateModified":"2025-04-22T02:01:52+00:00","description":"RB Series Blister Packing Machines, designed to improve packaging efficiency. Economical, semi-automatic rotary blister sealers.","breadcrumb":{"@id":"https:\/\/propacmx.com\/product\/rb-series-maquinas-de-envasado-en-blister\/#breadcrumb"},"inLanguage":"en-US","potentialAction":[{"@type":"ReadAction","target":["https:\/\/propacmx.com\/product\/rb-series-maquinas-de-envasado-en-blister\/"]}]},{"@type":"ImageObject","inLanguage":"en-US","@id":"https:\/\/propacmx.com\/product\/rb-series-maquinas-de-envasado-en-blister\/#primaryimage","url":"https:\/\/propacmx.com\/wp-content\/uploads\/2025\/04\/RB-Series-Maquinas-de-Envasado-en-Blister.webp","contentUrl":"https:\/\/propacmx.com\/wp-content\/uploads\/2025\/04\/RB-Series-Maquinas-de-Envasado-en-Blister.webp","width":1563,"height":1563,"caption":"RB Series - M\u00e1quinas de Envasado en Bl\u00edster"},{"@type":"BreadcrumbList","@id":"https:\/\/propacmx.com\/product\/rb-series-maquinas-de-envasado-en-blister\/#breadcrumb","itemListElement":[{"@type":"ListItem","position":1,"name":"Home","item":"https:\/\/propacmx.com\/"},{"@type":"ListItem","position":2,"name":"Tienda","item":"https:\/\/propacmx.com\/tienda\/"},{"@type":"ListItem","position":3,"name":"RB Series &#8211; M\u00e1quinas de Envasado en Bl\u00edster"}]},{"@type":"WebSite","@id":"https:\/\/propacmx.com\/#website","url":"https:\/\/propacmx.com\/","name":"PRO PAC Professional Packaging Systems","description":"PROPAC is your strategic partner in packaging. We combine quality, service and technology to optimize your logistics processes.","publisher":{"@id":"https:\/\/propacmx.com\/#organization"},"potentialAction":[{"@type":"SearchAction","target":{"@type":"EntryPoint","urlTemplate":"https:\/\/propacmx.com\/?s={search_term_string}"},"query-input":{"@type":"PropertyValueSpecification","valueRequired":true,"valueName":"search_term_string"}}],"inLanguage":"en-US"},{"@type":"Organization","@id":"https:\/\/propacmx.com\/#organization","name":"PRO PAC Professional Packaging Systems","url":"https:\/\/propacmx.com\/","logo":{"@type":"ImageObject","inLanguage":"en-US","@id":"https:\/\/propacmx.com\/#\/schema\/logo\/image\/","url":"\/wp-content\/uploads\/2025\/04\/PRO-PAC-MEXICO.webp","contentUrl":"\/wp-content\/uploads\/2025\/04\/PRO-PAC-MEXICO.webp","width":1563,"height":1563,"caption":"PRO PAC Professional Packaging Systems"},"image":{"@id":"https:\/\/propacmx.com\/#\/schema\/logo\/image\/"}}]},"product_brand":"Starview","product_price_currency":"MXN","og_availability":"instock","product_availability":"instock","product_retailer_item_id":"prod-027","product_condition":"new"},"_links":{"self":[{"href":"https:\/\/propacmx.com\/en\/wp-json\/wp\/v2\/product\/13675","targetHints":{"allow":["GET"]}}],"collection":[{"href":"https:\/\/propacmx.com\/en\/wp-json\/wp\/v2\/product"}],"about":[{"href":"https:\/\/propacmx.com\/en\/wp-json\/wp\/v2\/types\/product"}],"wp:featuredmedia":[{"embeddable":true,"href":"https:\/\/propacmx.com\/en\/wp-json\/wp\/v2\/media\/13839"}],"wp:attachment":[{"href":"https:\/\/propacmx.com\/en\/wp-json\/wp\/v2\/media?parent=13675"}],"wp:term":[{"taxonomy":"product_brand","embeddable":true,"href":"https:\/\/propacmx.com\/en\/wp-json\/wp\/v2\/product_brand?post=13675"},{"taxonomy":"product_cat","embeddable":true,"href":"https:\/\/propacmx.com\/en\/wp-json\/wp\/v2\/product_cat?post=13675"},{"taxonomy":"product_tag","embeddable":true,"href":"https:\/\/propacmx.com\/en\/wp-json\/wp\/v2\/product_tag?post=13675"}],"curies":[{"name":"wp","href":"https:\/\/api.w.org\/{rel}","templated":true}]}}