{"id":13674,"date":"2025-04-20T00:41:10","date_gmt":"2025-04-20T00:41:10","guid":{"rendered":"https:\/\/blanchedalmond-dinosaur-273996.hostingersite.com\/?post_type=product&#038;p=13674"},"modified":"2025-04-22T01:53:56","modified_gmt":"2025-04-22T01:53:56","slug":"ms-series-blister-sealing-machines","status":"publish","type":"product","link":"https:\/\/propacmx.com\/en\/product\/ms-series-maquinas-selladoras-blister\/","title":{"rendered":"MS Series - Blister Sealing Machines"},"content":{"rendered":"<p class=\"\" data-start=\"650\" data-end=\"998\"><strong data-start=\"332\" data-end=\"362\">MS Blister Sealing Machines<\/strong>\u00a0<strong data-start=\"653\" data-end=\"665\">Series <\/strong>from <strong data-start=\"669\" data-end=\"681\">Starview<\/strong> offers robust solutions for the <strong data-start=\"717\" data-end=\"756\">shuttle type manual blister packaging<\/strong>, specially designed for large formats. These machines are ideal for entry to intermediate level production needs, such as <strong data-start=\"899\" data-end=\"997\">contract packaging, Club Store type packaging or large products with low volumes<\/strong>.<\/p>\n<p class=\"\" data-start=\"1000\" data-end=\"1360\">The Blister Sealing Machines are available in <strong data-start=\"1015\" data-end=\"1050\">two-station configuration<\/strong>, MS machines can seal all typical blister styles: <strong data-start=\"1122\" data-end=\"1200\">face seal, full face, double trapped card, club and mock-clamshell style<\/strong>. With nominal sealing areas of <strong data-start=\"1236\" data-end=\"1281\">18 x 24, 24 x 30 and up to 24 x 36 inches<\/strong>, These machines allow large packages without sacrificing quality or precision.<\/p>\n<p class=\"\" data-start=\"1362\" data-end=\"1794\">They have a <strong data-start=\"1377\" data-end=\"1415\">efficient heating system<\/strong> which keeps energy consumption low, along with digital temperature controls and electronic cycle timer, which guarantees <strong data-start=\"1556\" data-end=\"1573\">repeatability<\/strong> and consistency in each operation. The <strong data-start=\"1611\" data-end=\"1630\">simple design<\/strong> facilitates training and operation by the personnel, and allows for <strong data-start=\"1703\" data-end=\"1737\">quick tooling changes<\/strong> with options of multi-laminate wood or durable aluminum.<\/p>\n<h3 data-start=\"1801\" data-end=\"1831\"><\/h3>\n<h3 class=\"\" data-start=\"1801\" data-end=\"1831\"><strong data-start=\"1805\" data-end=\"1831\">Outstanding benefits:<\/strong><\/h3>\n<ul data-start=\"1833\" data-end=\"2254\">\n<li class=\"\" data-start=\"1833\" data-end=\"1909\">\n<p class=\"\" data-start=\"1835\" data-end=\"1909\">Designed for <strong data-start=\"1850\" data-end=\"1909\">large, low to medium volume blister packaging<\/strong><\/p>\n<\/li>\n<li class=\"\" data-start=\"1910\" data-end=\"1991\">\n<p class=\"\" data-start=\"1912\" data-end=\"1991\">Large sealing areas for large products or special club-type packaging<\/p>\n<\/li>\n<li class=\"\" data-start=\"1992\" data-end=\"2052\">\n<p class=\"\" data-start=\"1994\" data-end=\"2052\">Simple and reliable manual operation with low maintenance<\/p>\n<\/li>\n<li class=\"\" data-start=\"2053\" data-end=\"2118\">\n<p class=\"\" data-start=\"2055\" data-end=\"2118\">Digital temperature and cycle control for repeatable processes<\/p>\n<\/li>\n<li class=\"\" data-start=\"2119\" data-end=\"2194\">\n<p class=\"\" data-start=\"2121\" data-end=\"2194\">Compatibility with multiple blister styles and quick mold changes<\/p>\n<\/li>\n<li class=\"\" data-start=\"2195\" data-end=\"2254\">\n<p class=\"\" data-start=\"2197\" data-end=\"2254\">Operational safety with classification <strong data-start=\"2238\" data-end=\"2254\">ANSI Class 4<\/strong><\/p>\n<\/li>\n<\/ul>\n<p class=\"\" data-start=\"2261\" data-end=\"2390\">For higher production volumes or automation, it is recommended to explore the following series <strong data-start=\"2350\" data-end=\"2377\">RB, ERB, FAB, BSC or CBS<\/strong> of Starview.<\/p>\n<p class=\"\" data-start=\"2392\" data-end=\"2609\">The <strong>Blister Sealing Machines<\/strong> <strong data-start=\"332\" data-end=\"362\">MS<\/strong>\u00a0<strong data-start=\"2395\" data-end=\"2407\">Series <\/strong>offers an excellent relationship between capacity, size and cost, making it an accessible and durable solution for manufacturers looking for versatility and quality in the packaging of large products.<\/p>","protected":false},"excerpt":{"rendered":"<p class=\"\" data-start=\"328\" data-end=\"600\">The <strong data-start=\"332\" data-end=\"362\">MS Series manual machines <\/strong>are designed for large-format blister packaging in entry- to mid-level production. With sealing areas up to 24 x 36 inches, they offer flexibility, low energy consumption and industrial-quality results.<\/p>","protected":false},"featured_media":13835,"template":"","meta":[],"product_brand":[190],"product_cat":[104],"product_tag":[117,148,150,118],"class_list":{"0":"post-13674","1":"product","2":"type-product","3":"status-publish","4":"has-post-thumbnail","6":"product_brand-starview","7":"product_cat-maquinas-blister","8":"product_tag-maquinaria-de-empaque","9":"product_tag-maquinas-blister","10":"product_tag-ms-series","11":"product_tag-selladoras-industriales","13":"first","14":"instock","15":"shipping-taxable","16":"product-type-simple"},"yoast_head":"<!-- This site is optimized with the Yoast SEO Premium plugin v24.3 (Yoast SEO v27.6) - https:\/\/yoast.com\/product\/yoast-seo-premium-wordpress\/ -->\n<title>MS Series - M\u00e1quinas Selladoras Bl\u00edster<\/title>\n<meta name=\"description\" content=\"\u2b50 MS Series - M\u00e1quinas Selladoras Bl\u00edster, parte de nuestra l\u00ednea de m\u00e1quinas blister, dise\u00f1ada para mejorar la eficiencia del empaque.\" \/>\n<meta name=\"robots\" content=\"index, follow, max-snippet:-1, max-image-preview:large, max-video-preview:-1\" \/>\n<link rel=\"canonical\" href=\"https:\/\/propacmx.com\/en\/product\/ms-series-blister-sealing-machines\/\" \/>\n<meta property=\"og:locale\" content=\"en_US\" \/>\n<meta property=\"og:type\" content=\"article\" \/>\n<meta property=\"og:title\" content=\"MS Series - M\u00e1quinas Selladoras Bl\u00edster\" \/>\n<meta property=\"og:description\" content=\"\u2b50 MS Series - M\u00e1quinas Selladoras Bl\u00edster, parte de nuestra l\u00ednea de m\u00e1quinas blister, dise\u00f1ada para mejorar la eficiencia del empaque.\" \/>\n<meta property=\"og:url\" content=\"https:\/\/propacmx.com\/en\/product\/ms-series-blister-sealing-machines\/\" \/>\n<meta property=\"og:site_name\" content=\"Professional Packaging Systems\" \/>\n<meta property=\"article:modified_time\" content=\"2025-04-22T01:53:56+00:00\" \/>\n<meta property=\"og:image\" content=\"https:\/\/propacmx.com\/wp-content\/uploads\/2025\/04\/Maquinas-Selladoras-Blister.webp\" \/>\n\t<meta property=\"og:image:width\" content=\"1563\" \/>\n\t<meta property=\"og:image:height\" content=\"1563\" \/>\n\t<meta property=\"og:image:type\" content=\"image\/webp\" \/>\n<meta name=\"twitter:card\" content=\"summary_large_image\" \/>\n<meta name=\"twitter:label1\" content=\"Price\" \/>\n\t<meta name=\"twitter:data1\" content=\"\" \/>\n\t<meta name=\"twitter:label2\" content=\"Availability\" \/>\n\t<meta name=\"twitter:data2\" content=\"In stock\" \/>\n<script type=\"application\/ld+json\" class=\"yoast-schema-graph\">{\"@context\":\"https:\\\/\\\/schema.org\",\"@graph\":[{\"@type\":\"WebPage\",\"@id\":\"https:\\\/\\\/propacmx.com\\\/product\\\/ms-series-maquinas-selladoras-blister\\\/\",\"url\":\"https:\\\/\\\/propacmx.com\\\/product\\\/ms-series-maquinas-selladoras-blister\\\/\",\"name\":\"MS Series - M\u00e1quinas Selladoras Bl\u00edster\",\"isPartOf\":{\"@id\":\"https:\\\/\\\/propacmx.com\\\/#website\"},\"primaryImageOfPage\":{\"@id\":\"https:\\\/\\\/propacmx.com\\\/product\\\/ms-series-maquinas-selladoras-blister\\\/#primaryimage\"},\"image\":{\"@id\":\"https:\\\/\\\/propacmx.com\\\/product\\\/ms-series-maquinas-selladoras-blister\\\/#primaryimage\"},\"thumbnailUrl\":\"https:\\\/\\\/propacmx.com\\\/wp-content\\\/uploads\\\/2025\\\/04\\\/Maquinas-Selladoras-Blister.webp\",\"datePublished\":\"2025-04-20T00:41:10+00:00\",\"dateModified\":\"2025-04-22T01:53:56+00:00\",\"description\":\"\u2b50 MS Series - M\u00e1quinas Selladoras Bl\u00edster, parte de nuestra l\u00ednea de m\u00e1quinas blister, dise\u00f1ada para mejorar la eficiencia del empaque.\",\"breadcrumb\":{\"@id\":\"https:\\\/\\\/propacmx.com\\\/product\\\/ms-series-maquinas-selladoras-blister\\\/#breadcrumb\"},\"inLanguage\":\"en-US\",\"potentialAction\":[{\"@type\":\"ReadAction\",\"target\":[\"https:\\\/\\\/propacmx.com\\\/product\\\/ms-series-maquinas-selladoras-blister\\\/\"]}]},{\"@type\":\"ImageObject\",\"inLanguage\":\"en-US\",\"@id\":\"https:\\\/\\\/propacmx.com\\\/product\\\/ms-series-maquinas-selladoras-blister\\\/#primaryimage\",\"url\":\"https:\\\/\\\/propacmx.com\\\/wp-content\\\/uploads\\\/2025\\\/04\\\/Maquinas-Selladoras-Blister.webp\",\"contentUrl\":\"https:\\\/\\\/propacmx.com\\\/wp-content\\\/uploads\\\/2025\\\/04\\\/Maquinas-Selladoras-Blister.webp\",\"width\":1563,\"height\":1563,\"caption\":\"M\u00e1quinas Selladoras Bl\u00edster\"},{\"@type\":\"BreadcrumbList\",\"@id\":\"https:\\\/\\\/propacmx.com\\\/product\\\/ms-series-maquinas-selladoras-blister\\\/#breadcrumb\",\"itemListElement\":[{\"@type\":\"ListItem\",\"position\":1,\"name\":\"Home\",\"item\":\"https:\\\/\\\/propacmx.com\\\/\"},{\"@type\":\"ListItem\",\"position\":2,\"name\":\"Tienda\",\"item\":\"https:\\\/\\\/propacmx.com\\\/tienda\\\/\"},{\"@type\":\"ListItem\",\"position\":3,\"name\":\"MS Series &#8211; M\u00e1quinas Selladoras Bl\u00edster\"}]},{\"@type\":\"WebSite\",\"@id\":\"https:\\\/\\\/propacmx.com\\\/#website\",\"url\":\"https:\\\/\\\/propacmx.com\\\/\",\"name\":\"PRO PAC Professional Packaging Systems\",\"description\":\"PROPAC es tu socio estrat\u00e9gico en empaques. Combinamos calidad, servicio y tecnolog\u00eda para optimizar tus procesos log\u00edsticos.\",\"publisher\":{\"@id\":\"https:\\\/\\\/propacmx.com\\\/#organization\"},\"potentialAction\":[{\"@type\":\"SearchAction\",\"target\":{\"@type\":\"EntryPoint\",\"urlTemplate\":\"https:\\\/\\\/propacmx.com\\\/?s={search_term_string}\"},\"query-input\":{\"@type\":\"PropertyValueSpecification\",\"valueRequired\":true,\"valueName\":\"search_term_string\"}}],\"inLanguage\":\"en-US\"},{\"@type\":\"Organization\",\"@id\":\"https:\\\/\\\/propacmx.com\\\/#organization\",\"name\":\"PRO PAC Professional Packaging Systems\",\"url\":\"https:\\\/\\\/propacmx.com\\\/\",\"logo\":{\"@type\":\"ImageObject\",\"inLanguage\":\"en-US\",\"@id\":\"https:\\\/\\\/propacmx.com\\\/#\\\/schema\\\/logo\\\/image\\\/\",\"url\":\"\\\/wp-content\\\/uploads\\\/2025\\\/04\\\/PRO-PAC-MEXICO.webp\",\"contentUrl\":\"\\\/wp-content\\\/uploads\\\/2025\\\/04\\\/PRO-PAC-MEXICO.webp\",\"width\":1563,\"height\":1563,\"caption\":\"PRO PAC Professional Packaging Systems\"},\"image\":{\"@id\":\"https:\\\/\\\/propacmx.com\\\/#\\\/schema\\\/logo\\\/image\\\/\"}}]}<\/script>\n<meta property=\"product:brand\" content=\"Starview\" \/>\n<meta property=\"product:price:currency\" content=\"MXN\" \/>\n<meta property=\"og:availability\" content=\"instock\" \/>\n<meta property=\"product:availability\" content=\"instock\" \/>\n<meta property=\"product:retailer_item_id\" content=\"prod-026\" \/>\n<meta property=\"product:condition\" content=\"new\" \/>\n<!-- \/ Yoast SEO Premium plugin. -->","yoast_head_json":{"title":"MS Series - Blister Sealing Machines","description":"\u2b50 MS Series - Blister Sealing Machines, part of our line of blister machines, designed to improve packaging efficiency.","robots":{"index":"index","follow":"follow","max-snippet":"max-snippet:-1","max-image-preview":"max-image-preview:large","max-video-preview":"max-video-preview:-1"},"canonical":"https:\/\/propacmx.com\/en\/product\/ms-series-blister-sealing-machines\/","og_locale":"en_US","og_type":"article","og_title":"MS Series - M\u00e1quinas Selladoras Bl\u00edster","og_description":"\u2b50 MS Series - M\u00e1quinas Selladoras Bl\u00edster, parte de nuestra l\u00ednea de m\u00e1quinas blister, dise\u00f1ada para mejorar la eficiencia del empaque.","og_url":"https:\/\/propacmx.com\/en\/product\/ms-series-blister-sealing-machines\/","og_site_name":"Professional Packaging Systems","article_modified_time":"2025-04-22T01:53:56+00:00","og_image":[{"width":1563,"height":1563,"url":"https:\/\/propacmx.com\/wp-content\/uploads\/2025\/04\/Maquinas-Selladoras-Blister.webp","type":"image\/webp"}],"twitter_card":"summary_large_image","twitter_misc":{"Price":"","Availability":"In stock"},"schema":{"@context":"https:\/\/schema.org","@graph":[{"@type":"WebPage","@id":"https:\/\/propacmx.com\/product\/ms-series-maquinas-selladoras-blister\/","url":"https:\/\/propacmx.com\/product\/ms-series-maquinas-selladoras-blister\/","name":"MS Series - Blister Sealing Machines","isPartOf":{"@id":"https:\/\/propacmx.com\/#website"},"primaryImageOfPage":{"@id":"https:\/\/propacmx.com\/product\/ms-series-maquinas-selladoras-blister\/#primaryimage"},"image":{"@id":"https:\/\/propacmx.com\/product\/ms-series-maquinas-selladoras-blister\/#primaryimage"},"thumbnailUrl":"https:\/\/propacmx.com\/wp-content\/uploads\/2025\/04\/Maquinas-Selladoras-Blister.webp","datePublished":"2025-04-20T00:41:10+00:00","dateModified":"2025-04-22T01:53:56+00:00","description":"\u2b50 MS Series - Blister Sealing Machines, part of our line of blister machines, designed to improve packaging efficiency.","breadcrumb":{"@id":"https:\/\/propacmx.com\/product\/ms-series-maquinas-selladoras-blister\/#breadcrumb"},"inLanguage":"en-US","potentialAction":[{"@type":"ReadAction","target":["https:\/\/propacmx.com\/product\/ms-series-maquinas-selladoras-blister\/"]}]},{"@type":"ImageObject","inLanguage":"en-US","@id":"https:\/\/propacmx.com\/product\/ms-series-maquinas-selladoras-blister\/#primaryimage","url":"https:\/\/propacmx.com\/wp-content\/uploads\/2025\/04\/Maquinas-Selladoras-Blister.webp","contentUrl":"https:\/\/propacmx.com\/wp-content\/uploads\/2025\/04\/Maquinas-Selladoras-Blister.webp","width":1563,"height":1563,"caption":"M\u00e1quinas Selladoras Bl\u00edster"},{"@type":"BreadcrumbList","@id":"https:\/\/propacmx.com\/product\/ms-series-maquinas-selladoras-blister\/#breadcrumb","itemListElement":[{"@type":"ListItem","position":1,"name":"Home","item":"https:\/\/propacmx.com\/"},{"@type":"ListItem","position":2,"name":"Tienda","item":"https:\/\/propacmx.com\/tienda\/"},{"@type":"ListItem","position":3,"name":"MS Series &#8211; M\u00e1quinas Selladoras Bl\u00edster"}]},{"@type":"WebSite","@id":"https:\/\/propacmx.com\/#website","url":"https:\/\/propacmx.com\/","name":"PRO PAC Professional Packaging Systems","description":"PROPAC is your strategic partner in packaging. We combine quality, service and technology to optimize your logistics processes.","publisher":{"@id":"https:\/\/propacmx.com\/#organization"},"potentialAction":[{"@type":"SearchAction","target":{"@type":"EntryPoint","urlTemplate":"https:\/\/propacmx.com\/?s={search_term_string}"},"query-input":{"@type":"PropertyValueSpecification","valueRequired":true,"valueName":"search_term_string"}}],"inLanguage":"en-US"},{"@type":"Organization","@id":"https:\/\/propacmx.com\/#organization","name":"PRO PAC Professional Packaging Systems","url":"https:\/\/propacmx.com\/","logo":{"@type":"ImageObject","inLanguage":"en-US","@id":"https:\/\/propacmx.com\/#\/schema\/logo\/image\/","url":"\/wp-content\/uploads\/2025\/04\/PRO-PAC-MEXICO.webp","contentUrl":"\/wp-content\/uploads\/2025\/04\/PRO-PAC-MEXICO.webp","width":1563,"height":1563,"caption":"PRO PAC Professional Packaging Systems"},"image":{"@id":"https:\/\/propacmx.com\/#\/schema\/logo\/image\/"}}]},"product_brand":"Starview","product_price_currency":"MXN","og_availability":"instock","product_availability":"instock","product_retailer_item_id":"prod-026","product_condition":"new"},"_links":{"self":[{"href":"https:\/\/propacmx.com\/en\/wp-json\/wp\/v2\/product\/13674","targetHints":{"allow":["GET"]}}],"collection":[{"href":"https:\/\/propacmx.com\/en\/wp-json\/wp\/v2\/product"}],"about":[{"href":"https:\/\/propacmx.com\/en\/wp-json\/wp\/v2\/types\/product"}],"wp:featuredmedia":[{"embeddable":true,"href":"https:\/\/propacmx.com\/en\/wp-json\/wp\/v2\/media\/13835"}],"wp:attachment":[{"href":"https:\/\/propacmx.com\/en\/wp-json\/wp\/v2\/media?parent=13674"}],"wp:term":[{"taxonomy":"product_brand","embeddable":true,"href":"https:\/\/propacmx.com\/en\/wp-json\/wp\/v2\/product_brand?post=13674"},{"taxonomy":"product_cat","embeddable":true,"href":"https:\/\/propacmx.com\/en\/wp-json\/wp\/v2\/product_cat?post=13674"},{"taxonomy":"product_tag","embeddable":true,"href":"https:\/\/propacmx.com\/en\/wp-json\/wp\/v2\/product_tag?post=13674"}],"curies":[{"name":"wp","href":"https:\/\/api.w.org\/{rel}","templated":true}]}}