{"id":13673,"date":"2025-04-20T00:41:10","date_gmt":"2025-04-20T00:41:10","guid":{"rendered":"https:\/\/blanchedalmond-dinosaur-273996.hostingersite.com\/?post_type=product&#038;p=13673"},"modified":"2025-04-22T01:43:40","modified_gmt":"2025-04-22T01:43:40","slug":"sb-ssb-series-maquinas-blister","status":"publish","type":"product","link":"https:\/\/propacmx.com\/en\/product\/sb-ssb-series-maquinas-blister\/","title":{"rendered":"SB &amp; SSB Series - Blister Packaging Machines\u00a0"},"content":{"rendered":"<p class=\"\" data-start=\"649\" data-end=\"1052\">The <strong>M\u00e1quinas de Embalaje Blister<\/strong><strong>\u00a0Manuales tipo Shuttle de la serie SB y SSB<\/strong> from <strong data-start=\"712\" data-end=\"724\">Starview<\/strong> est\u00e1n dise\u00f1adas para aplicaciones de empaque blister de <strong data-start=\"781\" data-end=\"813\">nivel inicial o bajo volumen<\/strong>, con construcci\u00f3n industrial de alta durabilidad y operaci\u00f3n sencilla. Estas m\u00e1quinas permiten sellar todos los estilos de empaques blister comunes, incluidos <strong data-start=\"973\" data-end=\"1051\">face seal, full face, double trapped card, club and mock-clamshell style<\/strong>.<\/p>\n<p class=\"\" data-start=\"1054\" data-end=\"1414\">Disponibles en configuraciones de <strong data-start=\"1088\" data-end=\"1100\">una (SB)<\/strong> y <strong data-start=\"1103\" data-end=\"1127\">dos estaciones (SSB)<\/strong>, cuentan con \u00e1reas de sellado est\u00e1ndar que van de <strong data-start=\"1178\" data-end=\"1208\">10 x 12 a 14 x 18 pulgadas<\/strong>. Su dise\u00f1o simple facilita el entrenamiento del operador y su uso diario. Incorporan un <strong data-start=\"1297\" data-end=\"1335\">efficient heating system<\/strong> que mantiene el consumo el\u00e9ctrico bajo, sin sacrificar la calidad del sellado.<\/p>\n<p class=\"\" data-start=\"1416\" data-end=\"1773\">El sistema admite <strong data-start=\"1434\" data-end=\"1468\">cambio r\u00e1pido de herramentales<\/strong> de madera multilaminada o aluminio durable, permitiendo adaptarse f\u00e1cilmente a distintos productos sin requerir una nueva m\u00e1quina. Estas caracter\u00edsticas, junto con su precio competitivo, las convierten en una excelente opci\u00f3n para <strong data-start=\"1700\" data-end=\"1772\">empaques por contrato, peque\u00f1as f\u00e1bricas o lanzamientos de productos<\/strong>.<\/p>\n<h3 data-start=\"1780\" data-end=\"1811\"><\/h3>\n<h3 class=\"\" data-start=\"1780\" data-end=\"1811\"><strong data-start=\"1784\" data-end=\"1811\">Beneficios principales:<\/strong><\/h3>\n<ul data-start=\"1813\" data-end=\"2221\">\n<li class=\"\" data-start=\"1813\" data-end=\"1872\">\n<p class=\"\" data-start=\"1815\" data-end=\"1872\">Fabricaci\u00f3n robusta con dise\u00f1o f\u00e1cil de operar y mantener<\/p>\n<\/li>\n<li class=\"\" data-start=\"1873\" data-end=\"1939\">\n<p class=\"\" data-start=\"1875\" data-end=\"1939\">Compatible con todos los estilos de empaques blister m\u00e1s comunes<\/p>\n<\/li>\n<li class=\"\" data-start=\"1940\" data-end=\"1993\">\n<p class=\"\" data-start=\"1942\" data-end=\"1993\">Herramental de cambio r\u00e1pido, econ\u00f3mico y adaptable<\/p>\n<\/li>\n<li class=\"\" data-start=\"1994\" data-end=\"2095\">\n<p class=\"\" data-start=\"1996\" data-end=\"2095\">Controlador digital de temperatura y temporizador electr\u00f3nico de sellado para repetibilidad precisa<\/p>\n<\/li>\n<li class=\"\" data-start=\"2096\" data-end=\"2149\">\n<p class=\"\" data-start=\"2098\" data-end=\"2149\">Construcci\u00f3n segura con est\u00e1ndares <strong data-start=\"2133\" data-end=\"2149\">ANSI Class 4<\/strong><\/p>\n<\/li>\n<li class=\"\" data-start=\"2150\" data-end=\"2221\">\n<p class=\"\" data-start=\"2152\" data-end=\"2221\">Ideal para operaciones de <strong data-start=\"2178\" data-end=\"2221\">bajo volumen o producci\u00f3n personalizada<\/strong><\/p>\n<\/li>\n<\/ul>\n<p class=\"\" data-start=\"2228\" data-end=\"2364\">Para empresas que requieren mayor capacidad de producci\u00f3n o automatizaci\u00f3n, Starview recomienda sus modelos <strong data-start=\"2336\" data-end=\"2363\">RB, ERB, FAB, BSC or CBS<\/strong>.<\/p>\n<p class=\"\" data-start=\"2366\" data-end=\"2561\">The <strong>M\u00e1quinas de Embalaje Blister <\/strong><strong data-start=\"2369\" data-end=\"2387\">Serie SB &amp; SSB<\/strong> ofrece una soluci\u00f3n compacta, econ\u00f3mica y confiable para comenzar o ampliar operaciones de empaque blister, sin comprometer la calidad ni la presentaci\u00f3n final del producto.<\/p>","protected":false},"excerpt":{"rendered":"<p class=\"\" data-start=\"325\" data-end=\"599\">The <strong>M\u00e1quinas de Embalaje Blister\u00a0manuales tipo shuttle SB y SSB<\/strong> de Starview son ideales para necesidades de empaque blister de bajo volumen. Con dise\u00f1os de una o dos estaciones, ofrecen flexibilidad, bajo consumo energ\u00e9tico y facilidad de operaci\u00f3n para peque\u00f1os fabricantes o maquiladores.<\/p>","protected":false},"featured_media":13831,"template":"","meta":[],"product_brand":[190],"product_cat":[104],"product_tag":[117,148,193,194,118],"class_list":{"0":"post-13673","1":"product","2":"type-product","3":"status-publish","4":"has-post-thumbnail","6":"product_brand-starview","7":"product_cat-maquinas-blister","8":"product_tag-maquinaria-de-empaque","9":"product_tag-maquinas-blister","10":"product_tag-maquinas-de-embalaje-blister","11":"product_tag-maquinas-selladoras","12":"product_tag-selladoras-industriales","14":"first","15":"instock","16":"shipping-taxable","17":"product-type-simple"},"yoast_head":"<!-- This site is optimized with the Yoast SEO Premium plugin v24.3 (Yoast SEO v27.6) - https:\/\/yoast.com\/product\/yoast-seo-premium-wordpress\/ -->\n<title>SB &amp; SSB Series - M\u00e1quinas de Embalaje Blister<\/title>\n<meta name=\"description\" content=\"\u2b50 SB &amp; SSB Series, parte de nuestra l\u00ednea de M\u00e1quinas de Embalaje Blister, dise\u00f1ada para mejorar la eficiencia del empaque.\" \/>\n<meta name=\"robots\" content=\"index, follow, max-snippet:-1, max-image-preview:large, max-video-preview:-1\" \/>\n<link rel=\"canonical\" href=\"https:\/\/propacmx.com\/en\/product\/sb-ssb-series-maquinas-blister\/\" \/>\n<meta property=\"og:locale\" content=\"en_US\" \/>\n<meta property=\"og:type\" content=\"article\" \/>\n<meta property=\"og:title\" content=\"SB &amp; SSB Series - M\u00e1quinas de Embalaje Blister\u00a0\" \/>\n<meta property=\"og:description\" content=\"\u2b50 SB &amp; SSB Series, parte de nuestra l\u00ednea de M\u00e1quinas de Embalaje Blister, dise\u00f1ada para mejorar la eficiencia del empaque.\" \/>\n<meta property=\"og:url\" content=\"https:\/\/propacmx.com\/en\/product\/sb-ssb-series-maquinas-blister\/\" \/>\n<meta property=\"og:site_name\" content=\"Professional Packaging Systems\" \/>\n<meta property=\"article:modified_time\" content=\"2025-04-22T01:43:40+00:00\" \/>\n<meta property=\"og:image\" content=\"https:\/\/propacmx.com\/wp-content\/uploads\/2025\/04\/Maquinas-blister.webp\" \/>\n\t<meta property=\"og:image:width\" content=\"1563\" \/>\n\t<meta property=\"og:image:height\" content=\"1563\" \/>\n\t<meta property=\"og:image:type\" content=\"image\/webp\" \/>\n<meta name=\"twitter:card\" content=\"summary_large_image\" \/>\n<meta name=\"twitter:label1\" content=\"Price\" \/>\n\t<meta name=\"twitter:data1\" content=\"\" \/>\n\t<meta name=\"twitter:label2\" content=\"Availability\" \/>\n\t<meta name=\"twitter:data2\" content=\"In stock\" \/>\n<script type=\"application\/ld+json\" class=\"yoast-schema-graph\">{\"@context\":\"https:\\\/\\\/schema.org\",\"@graph\":[{\"@type\":\"WebPage\",\"@id\":\"https:\\\/\\\/propacmx.com\\\/product\\\/sb-ssb-series-maquinas-blister\\\/\",\"url\":\"https:\\\/\\\/propacmx.com\\\/product\\\/sb-ssb-series-maquinas-blister\\\/\",\"name\":\"SB & SSB Series - M\u00e1quinas de Embalaje Blister\",\"isPartOf\":{\"@id\":\"https:\\\/\\\/propacmx.com\\\/#website\"},\"primaryImageOfPage\":{\"@id\":\"https:\\\/\\\/propacmx.com\\\/product\\\/sb-ssb-series-maquinas-blister\\\/#primaryimage\"},\"image\":{\"@id\":\"https:\\\/\\\/propacmx.com\\\/product\\\/sb-ssb-series-maquinas-blister\\\/#primaryimage\"},\"thumbnailUrl\":\"https:\\\/\\\/propacmx.com\\\/wp-content\\\/uploads\\\/2025\\\/04\\\/Maquinas-blister.webp\",\"datePublished\":\"2025-04-20T00:41:10+00:00\",\"dateModified\":\"2025-04-22T01:43:40+00:00\",\"description\":\"\u2b50 SB & SSB Series, parte de nuestra l\u00ednea de M\u00e1quinas de Embalaje Blister, dise\u00f1ada para mejorar la eficiencia del empaque.\",\"breadcrumb\":{\"@id\":\"https:\\\/\\\/propacmx.com\\\/product\\\/sb-ssb-series-maquinas-blister\\\/#breadcrumb\"},\"inLanguage\":\"en-US\",\"potentialAction\":[{\"@type\":\"ReadAction\",\"target\":[\"https:\\\/\\\/propacmx.com\\\/product\\\/sb-ssb-series-maquinas-blister\\\/\"]}]},{\"@type\":\"ImageObject\",\"inLanguage\":\"en-US\",\"@id\":\"https:\\\/\\\/propacmx.com\\\/product\\\/sb-ssb-series-maquinas-blister\\\/#primaryimage\",\"url\":\"https:\\\/\\\/propacmx.com\\\/wp-content\\\/uploads\\\/2025\\\/04\\\/Maquinas-blister.webp\",\"contentUrl\":\"https:\\\/\\\/propacmx.com\\\/wp-content\\\/uploads\\\/2025\\\/04\\\/Maquinas-blister.webp\",\"width\":1563,\"height\":1563,\"caption\":\"M\u00e1quinas blister\"},{\"@type\":\"BreadcrumbList\",\"@id\":\"https:\\\/\\\/propacmx.com\\\/product\\\/sb-ssb-series-maquinas-blister\\\/#breadcrumb\",\"itemListElement\":[{\"@type\":\"ListItem\",\"position\":1,\"name\":\"Home\",\"item\":\"https:\\\/\\\/propacmx.com\\\/\"},{\"@type\":\"ListItem\",\"position\":2,\"name\":\"Tienda\",\"item\":\"https:\\\/\\\/propacmx.com\\\/tienda\\\/\"},{\"@type\":\"ListItem\",\"position\":3,\"name\":\"SB &#038; SSB Series &#8211; M\u00e1quinas de Embalaje Blister\u00a0\"}]},{\"@type\":\"WebSite\",\"@id\":\"https:\\\/\\\/propacmx.com\\\/#website\",\"url\":\"https:\\\/\\\/propacmx.com\\\/\",\"name\":\"PRO PAC Professional Packaging Systems\",\"description\":\"PROPAC es tu socio estrat\u00e9gico en empaques. Combinamos calidad, servicio y tecnolog\u00eda para optimizar tus procesos log\u00edsticos.\",\"publisher\":{\"@id\":\"https:\\\/\\\/propacmx.com\\\/#organization\"},\"potentialAction\":[{\"@type\":\"SearchAction\",\"target\":{\"@type\":\"EntryPoint\",\"urlTemplate\":\"https:\\\/\\\/propacmx.com\\\/?s={search_term_string}\"},\"query-input\":{\"@type\":\"PropertyValueSpecification\",\"valueRequired\":true,\"valueName\":\"search_term_string\"}}],\"inLanguage\":\"en-US\"},{\"@type\":\"Organization\",\"@id\":\"https:\\\/\\\/propacmx.com\\\/#organization\",\"name\":\"PRO PAC Professional Packaging Systems\",\"url\":\"https:\\\/\\\/propacmx.com\\\/\",\"logo\":{\"@type\":\"ImageObject\",\"inLanguage\":\"en-US\",\"@id\":\"https:\\\/\\\/propacmx.com\\\/#\\\/schema\\\/logo\\\/image\\\/\",\"url\":\"\\\/wp-content\\\/uploads\\\/2025\\\/04\\\/PRO-PAC-MEXICO.webp\",\"contentUrl\":\"\\\/wp-content\\\/uploads\\\/2025\\\/04\\\/PRO-PAC-MEXICO.webp\",\"width\":1563,\"height\":1563,\"caption\":\"PRO PAC Professional Packaging Systems\"},\"image\":{\"@id\":\"https:\\\/\\\/propacmx.com\\\/#\\\/schema\\\/logo\\\/image\\\/\"}}]}<\/script>\n<meta property=\"product:brand\" content=\"Starview\" \/>\n<meta property=\"product:price:currency\" content=\"MXN\" \/>\n<meta property=\"og:availability\" content=\"instock\" \/>\n<meta property=\"product:availability\" content=\"instock\" \/>\n<meta property=\"product:retailer_item_id\" content=\"prod-025\" \/>\n<meta property=\"product:condition\" content=\"new\" \/>\n<!-- \/ Yoast SEO Premium plugin. -->","yoast_head_json":{"title":"SB & SSB Series - M\u00e1quinas de Embalaje Blister","description":"\u2b50 SB & SSB Series, parte de nuestra l\u00ednea de M\u00e1quinas de Embalaje Blister, dise\u00f1ada para mejorar la eficiencia del empaque.","robots":{"index":"index","follow":"follow","max-snippet":"max-snippet:-1","max-image-preview":"max-image-preview:large","max-video-preview":"max-video-preview:-1"},"canonical":"https:\/\/propacmx.com\/en\/product\/sb-ssb-series-maquinas-blister\/","og_locale":"en_US","og_type":"article","og_title":"SB & SSB Series - M\u00e1quinas de Embalaje Blister\u00a0","og_description":"\u2b50 SB & SSB Series, parte de nuestra l\u00ednea de M\u00e1quinas de Embalaje Blister, dise\u00f1ada para mejorar la eficiencia del empaque.","og_url":"https:\/\/propacmx.com\/en\/product\/sb-ssb-series-maquinas-blister\/","og_site_name":"Professional Packaging Systems","article_modified_time":"2025-04-22T01:43:40+00:00","og_image":[{"width":1563,"height":1563,"url":"https:\/\/propacmx.com\/wp-content\/uploads\/2025\/04\/Maquinas-blister.webp","type":"image\/webp"}],"twitter_card":"summary_large_image","twitter_misc":{"Price":"","Availability":"In stock"},"schema":{"@context":"https:\/\/schema.org","@graph":[{"@type":"WebPage","@id":"https:\/\/propacmx.com\/product\/sb-ssb-series-maquinas-blister\/","url":"https:\/\/propacmx.com\/product\/sb-ssb-series-maquinas-blister\/","name":"SB & SSB Series - M\u00e1quinas de Embalaje Blister","isPartOf":{"@id":"https:\/\/propacmx.com\/#website"},"primaryImageOfPage":{"@id":"https:\/\/propacmx.com\/product\/sb-ssb-series-maquinas-blister\/#primaryimage"},"image":{"@id":"https:\/\/propacmx.com\/product\/sb-ssb-series-maquinas-blister\/#primaryimage"},"thumbnailUrl":"https:\/\/propacmx.com\/wp-content\/uploads\/2025\/04\/Maquinas-blister.webp","datePublished":"2025-04-20T00:41:10+00:00","dateModified":"2025-04-22T01:43:40+00:00","description":"\u2b50 SB & SSB Series, parte de nuestra l\u00ednea de M\u00e1quinas de Embalaje Blister, dise\u00f1ada para mejorar la eficiencia del empaque.","breadcrumb":{"@id":"https:\/\/propacmx.com\/product\/sb-ssb-series-maquinas-blister\/#breadcrumb"},"inLanguage":"en-US","potentialAction":[{"@type":"ReadAction","target":["https:\/\/propacmx.com\/product\/sb-ssb-series-maquinas-blister\/"]}]},{"@type":"ImageObject","inLanguage":"en-US","@id":"https:\/\/propacmx.com\/product\/sb-ssb-series-maquinas-blister\/#primaryimage","url":"https:\/\/propacmx.com\/wp-content\/uploads\/2025\/04\/Maquinas-blister.webp","contentUrl":"https:\/\/propacmx.com\/wp-content\/uploads\/2025\/04\/Maquinas-blister.webp","width":1563,"height":1563,"caption":"M\u00e1quinas blister"},{"@type":"BreadcrumbList","@id":"https:\/\/propacmx.com\/product\/sb-ssb-series-maquinas-blister\/#breadcrumb","itemListElement":[{"@type":"ListItem","position":1,"name":"Home","item":"https:\/\/propacmx.com\/"},{"@type":"ListItem","position":2,"name":"Tienda","item":"https:\/\/propacmx.com\/tienda\/"},{"@type":"ListItem","position":3,"name":"SB &#038; SSB Series &#8211; M\u00e1quinas de Embalaje Blister\u00a0"}]},{"@type":"WebSite","@id":"https:\/\/propacmx.com\/#website","url":"https:\/\/propacmx.com\/","name":"PRO PAC Professional Packaging Systems","description":"PROPAC is your strategic partner in packaging. We combine quality, service and technology to optimize your logistics processes.","publisher":{"@id":"https:\/\/propacmx.com\/#organization"},"potentialAction":[{"@type":"SearchAction","target":{"@type":"EntryPoint","urlTemplate":"https:\/\/propacmx.com\/?s={search_term_string}"},"query-input":{"@type":"PropertyValueSpecification","valueRequired":true,"valueName":"search_term_string"}}],"inLanguage":"en-US"},{"@type":"Organization","@id":"https:\/\/propacmx.com\/#organization","name":"PRO PAC Professional Packaging Systems","url":"https:\/\/propacmx.com\/","logo":{"@type":"ImageObject","inLanguage":"en-US","@id":"https:\/\/propacmx.com\/#\/schema\/logo\/image\/","url":"\/wp-content\/uploads\/2025\/04\/PRO-PAC-MEXICO.webp","contentUrl":"\/wp-content\/uploads\/2025\/04\/PRO-PAC-MEXICO.webp","width":1563,"height":1563,"caption":"PRO PAC Professional Packaging Systems"},"image":{"@id":"https:\/\/propacmx.com\/#\/schema\/logo\/image\/"}}]},"product_brand":"Starview","product_price_currency":"MXN","og_availability":"instock","product_availability":"instock","product_retailer_item_id":"prod-025","product_condition":"new"},"_links":{"self":[{"href":"https:\/\/propacmx.com\/en\/wp-json\/wp\/v2\/product\/13673","targetHints":{"allow":["GET"]}}],"collection":[{"href":"https:\/\/propacmx.com\/en\/wp-json\/wp\/v2\/product"}],"about":[{"href":"https:\/\/propacmx.com\/en\/wp-json\/wp\/v2\/types\/product"}],"wp:featuredmedia":[{"embeddable":true,"href":"https:\/\/propacmx.com\/en\/wp-json\/wp\/v2\/media\/13831"}],"wp:attachment":[{"href":"https:\/\/propacmx.com\/en\/wp-json\/wp\/v2\/media?parent=13673"}],"wp:term":[{"taxonomy":"product_brand","embeddable":true,"href":"https:\/\/propacmx.com\/en\/wp-json\/wp\/v2\/product_brand?post=13673"},{"taxonomy":"product_cat","embeddable":true,"href":"https:\/\/propacmx.com\/en\/wp-json\/wp\/v2\/product_cat?post=13673"},{"taxonomy":"product_tag","embeddable":true,"href":"https:\/\/propacmx.com\/en\/wp-json\/wp\/v2\/product_tag?post=13673"}],"curies":[{"name":"wp","href":"https:\/\/api.w.org\/{rel}","templated":true}]}}