{"id":13670,"date":"2025-04-20T00:40:59","date_gmt":"2025-04-20T00:40:59","guid":{"rendered":"https:\/\/blanchedalmond-dinosaur-273996.hostingersite.com\/?post_type=product&#038;p=13670"},"modified":"2025-04-23T15:15:03","modified_gmt":"2025-04-23T15:15:03","slug":"custom-bag-loaders-cargadores-de-bolsas-selladoras-y-cargadores-industriales","status":"publish","type":"product","link":"https:\/\/propacmx.com\/en\/product\/custom-bag-loaders-cargadores-de-bolsas-selladoras-y-cargadores-industriales\/","title":{"rendered":"Custom Bag Loaders - Bag Loaders"},"content":{"rendered":"<p>Custom Bag Loaders, parte de nuestra l\u00ednea de cargadores de bolsas, dise\u00f1ada para maximizar la eficiencia de empaque. Cargadores de bolsas tipo wicket personalizados para integraci\u00f3n con l\u00edneas de sellado automatizadas&#8230;<\/p>","protected":false},"excerpt":{"rendered":"<p>Cargadores de bolsas tipo wicket personalizados para integraci\u00f3n con l\u00edneas de sellado automatizadas.<\/p>","protected":false},"featured_media":13940,"template":"","meta":[],"product_brand":[],"product_cat":[101],"product_tag":[142,143,117,118],"class_list":{"0":"post-13670","1":"product","2":"type-product","3":"status-publish","4":"has-post-thumbnail","6":"product_cat-cargadores-de-bolsas","7":"product_tag-cargadores-de-bolsas","8":"product_tag-custom-bag-loaders","9":"product_tag-maquinaria-de-empaque","10":"product_tag-selladoras-industriales","12":"first","13":"instock","14":"shipping-taxable","15":"product-type-simple"},"yoast_head":"<!-- This site is optimized with the Yoast SEO Premium plugin v24.3 (Yoast SEO v27.6) - https:\/\/yoast.com\/product\/yoast-seo-premium-wordpress\/ -->\n<title>Custom Bag Loaders - Cargadores de Bolsas | Selladoras y Cargadores Industriales<\/title>\n<meta name=\"description\" content=\"Custom Bag Loaders, parte de nuestra l\u00ednea de cargadores de bolsas, dise\u00f1ada para maximizar la eficiencia de empaque. Cargadores de bolsas tipo wicket personalizados para integraci\u00f3n con l\u00edneas de sellado automatizadas...\" \/>\n<meta name=\"robots\" content=\"index, follow, max-snippet:-1, max-image-preview:large, max-video-preview:-1\" \/>\n<link rel=\"canonical\" href=\"https:\/\/propacmx.com\/en\/product\/custom-bag-loaders-cargadores-de-bolsas-selladoras-y-cargadores-industriales\/\" \/>\n<meta property=\"og:locale\" content=\"en_US\" \/>\n<meta property=\"og:type\" content=\"article\" \/>\n<meta property=\"og:title\" content=\"Custom Bag Loaders - Cargadores de Bolsas\" \/>\n<meta property=\"og:description\" content=\"Custom Bag Loaders, parte de nuestra l\u00ednea de cargadores de bolsas, dise\u00f1ada para maximizar la eficiencia de empaque. Cargadores de bolsas tipo wicket personalizados para integraci\u00f3n con l\u00edneas de sellado automatizadas...\" \/>\n<meta property=\"og:url\" content=\"https:\/\/propacmx.com\/en\/product\/custom-bag-loaders-cargadores-de-bolsas-selladoras-y-cargadores-industriales\/\" \/>\n<meta property=\"og:site_name\" content=\"Professional Packaging Systems\" \/>\n<meta property=\"article:modified_time\" content=\"2025-04-23T15:15:03+00:00\" \/>\n<meta property=\"og:image\" content=\"https:\/\/propacmx.com\/wp-content\/uploads\/2025\/04\/CUSTOM-BAG-LOADERS.webp\" \/>\n\t<meta property=\"og:image:width\" content=\"1563\" \/>\n\t<meta property=\"og:image:height\" content=\"1563\" \/>\n\t<meta property=\"og:image:type\" content=\"image\/webp\" \/>\n<meta name=\"twitter:card\" content=\"summary_large_image\" \/>\n<meta name=\"twitter:label1\" content=\"Price\" \/>\n\t<meta name=\"twitter:data1\" content=\"\" \/>\n\t<meta name=\"twitter:label2\" content=\"Availability\" \/>\n\t<meta name=\"twitter:data2\" content=\"In stock\" \/>\n<script type=\"application\/ld+json\" class=\"yoast-schema-graph\">{\"@context\":\"https:\\\/\\\/schema.org\",\"@graph\":[{\"@type\":\"WebPage\",\"@id\":\"https:\\\/\\\/propacmx.com\\\/product\\\/custom-bag-loaders-cargadores-de-bolsas-selladoras-y-cargadores-industriales\\\/\",\"url\":\"https:\\\/\\\/propacmx.com\\\/product\\\/custom-bag-loaders-cargadores-de-bolsas-selladoras-y-cargadores-industriales\\\/\",\"name\":\"Custom Bag Loaders - Cargadores de Bolsas | Selladoras y Cargadores Industriales\",\"isPartOf\":{\"@id\":\"https:\\\/\\\/propacmx.com\\\/#website\"},\"primaryImageOfPage\":{\"@id\":\"https:\\\/\\\/propacmx.com\\\/product\\\/custom-bag-loaders-cargadores-de-bolsas-selladoras-y-cargadores-industriales\\\/#primaryimage\"},\"image\":{\"@id\":\"https:\\\/\\\/propacmx.com\\\/product\\\/custom-bag-loaders-cargadores-de-bolsas-selladoras-y-cargadores-industriales\\\/#primaryimage\"},\"thumbnailUrl\":\"https:\\\/\\\/propacmx.com\\\/wp-content\\\/uploads\\\/2025\\\/04\\\/CUSTOM-BAG-LOADERS.webp\",\"datePublished\":\"2025-04-20T00:40:59+00:00\",\"dateModified\":\"2025-04-23T15:15:03+00:00\",\"description\":\"Custom Bag Loaders, parte de nuestra l\u00ednea de cargadores de bolsas, dise\u00f1ada para maximizar la eficiencia de empaque. Cargadores de bolsas tipo wicket personalizados para integraci\u00f3n con l\u00edneas de sellado automatizadas...\",\"breadcrumb\":{\"@id\":\"https:\\\/\\\/propacmx.com\\\/product\\\/custom-bag-loaders-cargadores-de-bolsas-selladoras-y-cargadores-industriales\\\/#breadcrumb\"},\"inLanguage\":\"en-US\",\"potentialAction\":[{\"@type\":\"ReadAction\",\"target\":[\"https:\\\/\\\/propacmx.com\\\/product\\\/custom-bag-loaders-cargadores-de-bolsas-selladoras-y-cargadores-industriales\\\/\"]}]},{\"@type\":\"ImageObject\",\"inLanguage\":\"en-US\",\"@id\":\"https:\\\/\\\/propacmx.com\\\/product\\\/custom-bag-loaders-cargadores-de-bolsas-selladoras-y-cargadores-industriales\\\/#primaryimage\",\"url\":\"https:\\\/\\\/propacmx.com\\\/wp-content\\\/uploads\\\/2025\\\/04\\\/CUSTOM-BAG-LOADERS.webp\",\"contentUrl\":\"https:\\\/\\\/propacmx.com\\\/wp-content\\\/uploads\\\/2025\\\/04\\\/CUSTOM-BAG-LOADERS.webp\",\"width\":1563,\"height\":1563,\"caption\":\"Cargadores de Bolsas - CUSTOM BAG LOADERS\"},{\"@type\":\"BreadcrumbList\",\"@id\":\"https:\\\/\\\/propacmx.com\\\/product\\\/custom-bag-loaders-cargadores-de-bolsas-selladoras-y-cargadores-industriales\\\/#breadcrumb\",\"itemListElement\":[{\"@type\":\"ListItem\",\"position\":1,\"name\":\"Home\",\"item\":\"https:\\\/\\\/propacmx.com\\\/\"},{\"@type\":\"ListItem\",\"position\":2,\"name\":\"Tienda\",\"item\":\"https:\\\/\\\/propacmx.com\\\/tienda\\\/\"},{\"@type\":\"ListItem\",\"position\":3,\"name\":\"Custom Bag Loaders &#8211; Cargadores de Bolsas\"}]},{\"@type\":\"WebSite\",\"@id\":\"https:\\\/\\\/propacmx.com\\\/#website\",\"url\":\"https:\\\/\\\/propacmx.com\\\/\",\"name\":\"PRO PAC Professional Packaging Systems\",\"description\":\"PROPAC es tu socio estrat\u00e9gico en empaques. Combinamos calidad, servicio y tecnolog\u00eda para optimizar tus procesos log\u00edsticos.\",\"publisher\":{\"@id\":\"https:\\\/\\\/propacmx.com\\\/#organization\"},\"potentialAction\":[{\"@type\":\"SearchAction\",\"target\":{\"@type\":\"EntryPoint\",\"urlTemplate\":\"https:\\\/\\\/propacmx.com\\\/?s={search_term_string}\"},\"query-input\":{\"@type\":\"PropertyValueSpecification\",\"valueRequired\":true,\"valueName\":\"search_term_string\"}}],\"inLanguage\":\"en-US\"},{\"@type\":\"Organization\",\"@id\":\"https:\\\/\\\/propacmx.com\\\/#organization\",\"name\":\"PRO PAC Professional Packaging Systems\",\"url\":\"https:\\\/\\\/propacmx.com\\\/\",\"logo\":{\"@type\":\"ImageObject\",\"inLanguage\":\"en-US\",\"@id\":\"https:\\\/\\\/propacmx.com\\\/#\\\/schema\\\/logo\\\/image\\\/\",\"url\":\"\\\/wp-content\\\/uploads\\\/2025\\\/04\\\/PRO-PAC-MEXICO.webp\",\"contentUrl\":\"\\\/wp-content\\\/uploads\\\/2025\\\/04\\\/PRO-PAC-MEXICO.webp\",\"width\":1563,\"height\":1563,\"caption\":\"PRO PAC Professional Packaging Systems\"},\"image\":{\"@id\":\"https:\\\/\\\/propacmx.com\\\/#\\\/schema\\\/logo\\\/image\\\/\"}}]}<\/script>\n<meta property=\"product:price:currency\" content=\"MXN\" \/>\n<meta property=\"og:availability\" content=\"instock\" \/>\n<meta property=\"product:availability\" content=\"instock\" \/>\n<meta property=\"product:retailer_item_id\" content=\"prod-022\" \/>\n<meta property=\"product:condition\" content=\"new\" \/>\n<!-- \/ Yoast SEO Premium plugin. -->","yoast_head_json":{"title":"Custom Bag Loaders - Cargadores de Bolsas | Selladoras y Cargadores Industriales","description":"Custom Bag Loaders, parte de nuestra l\u00ednea de cargadores de bolsas, dise\u00f1ada para maximizar la eficiencia de empaque. Cargadores de bolsas tipo wicket personalizados para integraci\u00f3n con l\u00edneas de sellado automatizadas...","robots":{"index":"index","follow":"follow","max-snippet":"max-snippet:-1","max-image-preview":"max-image-preview:large","max-video-preview":"max-video-preview:-1"},"canonical":"https:\/\/propacmx.com\/en\/product\/custom-bag-loaders-cargadores-de-bolsas-selladoras-y-cargadores-industriales\/","og_locale":"en_US","og_type":"article","og_title":"Custom Bag Loaders - Cargadores de Bolsas","og_description":"Custom Bag Loaders, parte de nuestra l\u00ednea de cargadores de bolsas, dise\u00f1ada para maximizar la eficiencia de empaque. Cargadores de bolsas tipo wicket personalizados para integraci\u00f3n con l\u00edneas de sellado automatizadas...","og_url":"https:\/\/propacmx.com\/en\/product\/custom-bag-loaders-cargadores-de-bolsas-selladoras-y-cargadores-industriales\/","og_site_name":"Professional Packaging Systems","article_modified_time":"2025-04-23T15:15:03+00:00","og_image":[{"width":1563,"height":1563,"url":"https:\/\/propacmx.com\/wp-content\/uploads\/2025\/04\/CUSTOM-BAG-LOADERS.webp","type":"image\/webp"}],"twitter_card":"summary_large_image","twitter_misc":{"Price":"","Availability":"In stock"},"schema":{"@context":"https:\/\/schema.org","@graph":[{"@type":"WebPage","@id":"https:\/\/propacmx.com\/product\/custom-bag-loaders-cargadores-de-bolsas-selladoras-y-cargadores-industriales\/","url":"https:\/\/propacmx.com\/product\/custom-bag-loaders-cargadores-de-bolsas-selladoras-y-cargadores-industriales\/","name":"Custom Bag Loaders - Cargadores de Bolsas | Selladoras y Cargadores Industriales","isPartOf":{"@id":"https:\/\/propacmx.com\/#website"},"primaryImageOfPage":{"@id":"https:\/\/propacmx.com\/product\/custom-bag-loaders-cargadores-de-bolsas-selladoras-y-cargadores-industriales\/#primaryimage"},"image":{"@id":"https:\/\/propacmx.com\/product\/custom-bag-loaders-cargadores-de-bolsas-selladoras-y-cargadores-industriales\/#primaryimage"},"thumbnailUrl":"https:\/\/propacmx.com\/wp-content\/uploads\/2025\/04\/CUSTOM-BAG-LOADERS.webp","datePublished":"2025-04-20T00:40:59+00:00","dateModified":"2025-04-23T15:15:03+00:00","description":"Custom Bag Loaders, parte de nuestra l\u00ednea de cargadores de bolsas, dise\u00f1ada para maximizar la eficiencia de empaque. Cargadores de bolsas tipo wicket personalizados para integraci\u00f3n con l\u00edneas de sellado automatizadas...","breadcrumb":{"@id":"https:\/\/propacmx.com\/product\/custom-bag-loaders-cargadores-de-bolsas-selladoras-y-cargadores-industriales\/#breadcrumb"},"inLanguage":"en-US","potentialAction":[{"@type":"ReadAction","target":["https:\/\/propacmx.com\/product\/custom-bag-loaders-cargadores-de-bolsas-selladoras-y-cargadores-industriales\/"]}]},{"@type":"ImageObject","inLanguage":"en-US","@id":"https:\/\/propacmx.com\/product\/custom-bag-loaders-cargadores-de-bolsas-selladoras-y-cargadores-industriales\/#primaryimage","url":"https:\/\/propacmx.com\/wp-content\/uploads\/2025\/04\/CUSTOM-BAG-LOADERS.webp","contentUrl":"https:\/\/propacmx.com\/wp-content\/uploads\/2025\/04\/CUSTOM-BAG-LOADERS.webp","width":1563,"height":1563,"caption":"Cargadores de Bolsas - CUSTOM BAG LOADERS"},{"@type":"BreadcrumbList","@id":"https:\/\/propacmx.com\/product\/custom-bag-loaders-cargadores-de-bolsas-selladoras-y-cargadores-industriales\/#breadcrumb","itemListElement":[{"@type":"ListItem","position":1,"name":"Home","item":"https:\/\/propacmx.com\/"},{"@type":"ListItem","position":2,"name":"Tienda","item":"https:\/\/propacmx.com\/tienda\/"},{"@type":"ListItem","position":3,"name":"Custom Bag Loaders &#8211; Cargadores de Bolsas"}]},{"@type":"WebSite","@id":"https:\/\/propacmx.com\/#website","url":"https:\/\/propacmx.com\/","name":"PRO PAC Professional Packaging Systems","description":"PROPAC is your strategic partner in packaging. We combine quality, service and technology to optimize your logistics processes.","publisher":{"@id":"https:\/\/propacmx.com\/#organization"},"potentialAction":[{"@type":"SearchAction","target":{"@type":"EntryPoint","urlTemplate":"https:\/\/propacmx.com\/?s={search_term_string}"},"query-input":{"@type":"PropertyValueSpecification","valueRequired":true,"valueName":"search_term_string"}}],"inLanguage":"en-US"},{"@type":"Organization","@id":"https:\/\/propacmx.com\/#organization","name":"PRO PAC Professional Packaging Systems","url":"https:\/\/propacmx.com\/","logo":{"@type":"ImageObject","inLanguage":"en-US","@id":"https:\/\/propacmx.com\/#\/schema\/logo\/image\/","url":"\/wp-content\/uploads\/2025\/04\/PRO-PAC-MEXICO.webp","contentUrl":"\/wp-content\/uploads\/2025\/04\/PRO-PAC-MEXICO.webp","width":1563,"height":1563,"caption":"PRO PAC Professional Packaging Systems"},"image":{"@id":"https:\/\/propacmx.com\/#\/schema\/logo\/image\/"}}]},"product_price_currency":"MXN","og_availability":"instock","product_availability":"instock","product_retailer_item_id":"prod-022","product_condition":"new"},"_links":{"self":[{"href":"https:\/\/propacmx.com\/en\/wp-json\/wp\/v2\/product\/13670","targetHints":{"allow":["GET"]}}],"collection":[{"href":"https:\/\/propacmx.com\/en\/wp-json\/wp\/v2\/product"}],"about":[{"href":"https:\/\/propacmx.com\/en\/wp-json\/wp\/v2\/types\/product"}],"wp:featuredmedia":[{"embeddable":true,"href":"https:\/\/propacmx.com\/en\/wp-json\/wp\/v2\/media\/13940"}],"wp:attachment":[{"href":"https:\/\/propacmx.com\/en\/wp-json\/wp\/v2\/media?parent=13670"}],"wp:term":[{"taxonomy":"product_brand","embeddable":true,"href":"https:\/\/propacmx.com\/en\/wp-json\/wp\/v2\/product_brand?post=13670"},{"taxonomy":"product_cat","embeddable":true,"href":"https:\/\/propacmx.com\/en\/wp-json\/wp\/v2\/product_cat?post=13670"},{"taxonomy":"product_tag","embeddable":true,"href":"https:\/\/propacmx.com\/en\/wp-json\/wp\/v2\/product_tag?post=13670"}],"curies":[{"name":"wp","href":"https:\/\/api.w.org\/{rel}","templated":true}]}}