{"id":13660,"date":"2025-04-20T00:40:47","date_gmt":"2025-04-20T00:40:47","guid":{"rendered":"https:\/\/blanchedalmond-dinosaur-273996.hostingersite.com\/?post_type=product&#038;p=13660"},"modified":"2025-04-23T15:15:31","modified_gmt":"2025-04-23T15:15:31","slug":"vcbsdm-1-4tx-12-x-5-wolcb-ext-selladoras-de-banda-vertical-selladoras-y-cargadores-industriales","status":"publish","type":"product","link":"https:\/\/propacmx.com\/en\/product\/vcbsdm-1-4tx-12-x-5-wolcb-ext-selladoras-de-banda-vertical-selladoras-y-cargadores-industriales\/","title":{"rendered":"VCBSDM-1\/4TX 12\u201d x 5\u2019 WOLCB EXT - Vertical Band Sealers"},"content":{"rendered":"<p>VCBSDM-1\/4TX 12\u201d x 5\u2019 WOLCB EXT, parte de nuestra l\u00ednea de selladoras de banda vertical, dise\u00f1ada para maximizar la eficiencia de empaque. Selladora vertical tipo TX de 1\/4\u201d con configuraci\u00f3n extendida&#8230;.<\/p>","protected":false},"excerpt":{"rendered":"<p>Selladora vertical tipo TX de 1\/4\u201d con configuraci\u00f3n extendida.<\/p>","protected":false},"featured_media":14319,"template":"","meta":[],"product_brand":[],"product_cat":[123],"product_tag":[117,124,118,131],"class_list":{"0":"post-13660","1":"product","2":"type-product","3":"status-publish","4":"has-post-thumbnail","6":"product_cat-selladoras-de-banda-vertical","7":"product_tag-maquinaria-de-empaque","8":"product_tag-selladoras-de-banda-vertical","9":"product_tag-selladoras-industriales","10":"product_tag-vcbsdm-1-4tx-12-x-5-wolcb-ext","12":"first","13":"instock","14":"shipping-taxable","15":"product-type-simple"},"yoast_head":"<!-- This site is optimized with the Yoast SEO Premium plugin v24.3 (Yoast SEO v27.6) - https:\/\/yoast.com\/product\/yoast-seo-premium-wordpress\/ -->\n<title>VCBSDM-1\/4TX 12\u201d x 5\u2019 WOLCB EXT - Selladoras de Banda Vertical | Selladoras y Cargadores Industriales<\/title>\n<meta name=\"description\" content=\"VCBSDM-1\/4TX 12\u201d x 5\u2019 WOLCB EXT, parte de nuestra l\u00ednea de selladoras de banda vertical, dise\u00f1ada para maximizar la eficiencia de empaque. Selladora vertical tipo TX de 1\/4\u201d con configuraci\u00f3n extendida....\" \/>\n<meta name=\"robots\" content=\"index, follow, max-snippet:-1, max-image-preview:large, max-video-preview:-1\" \/>\n<link rel=\"canonical\" href=\"https:\/\/propacmx.com\/en\/product\/vcbsdm-1-4tx-12-x-5-wolcb-ext-selladoras-de-banda-vertical-selladoras-y-cargadores-industriales\/\" \/>\n<meta property=\"og:locale\" content=\"en_US\" \/>\n<meta property=\"og:type\" content=\"article\" \/>\n<meta property=\"og:title\" content=\"VCBSDM-1\/4TX 12\u201d x 5\u2019 WOLCB EXT - Selladoras de Banda Vertical\" \/>\n<meta property=\"og:description\" content=\"VCBSDM-1\/4TX 12\u201d x 5\u2019 WOLCB EXT, parte de nuestra l\u00ednea de selladoras de banda vertical, dise\u00f1ada para maximizar la eficiencia de empaque. Selladora vertical tipo TX de 1\/4\u201d con configuraci\u00f3n extendida....\" \/>\n<meta property=\"og:url\" content=\"https:\/\/propacmx.com\/en\/product\/vcbsdm-1-4tx-12-x-5-wolcb-ext-selladoras-de-banda-vertical-selladoras-y-cargadores-industriales\/\" \/>\n<meta property=\"og:site_name\" content=\"Professional Packaging Systems\" \/>\n<meta property=\"article:modified_time\" content=\"2025-04-23T15:15:31+00:00\" \/>\n<meta property=\"og:image\" content=\"https:\/\/propacmx.com\/wp-content\/uploads\/2025\/04\/VCBS-1_4TX-12_-X-5\u00b4-WOLCB-EXT_19.webp\" \/>\n\t<meta property=\"og:image:width\" content=\"1563\" \/>\n\t<meta property=\"og:image:height\" content=\"1563\" \/>\n\t<meta property=\"og:image:type\" content=\"image\/webp\" \/>\n<meta name=\"twitter:card\" content=\"summary_large_image\" \/>\n<meta name=\"twitter:label1\" content=\"Price\" \/>\n\t<meta name=\"twitter:data1\" content=\"\" \/>\n\t<meta name=\"twitter:label2\" content=\"Availability\" \/>\n\t<meta name=\"twitter:data2\" content=\"In stock\" \/>\n<script type=\"application\/ld+json\" class=\"yoast-schema-graph\">{\"@context\":\"https:\\\/\\\/schema.org\",\"@graph\":[{\"@type\":\"WebPage\",\"@id\":\"https:\\\/\\\/propacmx.com\\\/product\\\/vcbsdm-1-4tx-12-x-5-wolcb-ext-selladoras-de-banda-vertical-selladoras-y-cargadores-industriales\\\/\",\"url\":\"https:\\\/\\\/propacmx.com\\\/product\\\/vcbsdm-1-4tx-12-x-5-wolcb-ext-selladoras-de-banda-vertical-selladoras-y-cargadores-industriales\\\/\",\"name\":\"VCBSDM-1\\\/4TX 12\u201d x 5\u2019 WOLCB EXT - Selladoras de Banda Vertical | Selladoras y Cargadores Industriales\",\"isPartOf\":{\"@id\":\"https:\\\/\\\/propacmx.com\\\/#website\"},\"primaryImageOfPage\":{\"@id\":\"https:\\\/\\\/propacmx.com\\\/product\\\/vcbsdm-1-4tx-12-x-5-wolcb-ext-selladoras-de-banda-vertical-selladoras-y-cargadores-industriales\\\/#primaryimage\"},\"image\":{\"@id\":\"https:\\\/\\\/propacmx.com\\\/product\\\/vcbsdm-1-4tx-12-x-5-wolcb-ext-selladoras-de-banda-vertical-selladoras-y-cargadores-industriales\\\/#primaryimage\"},\"thumbnailUrl\":\"https:\\\/\\\/propacmx.com\\\/wp-content\\\/uploads\\\/2025\\\/04\\\/VCBS-1_4TX-12_-X-5\u00b4-WOLCB-EXT_19.webp\",\"datePublished\":\"2025-04-20T00:40:47+00:00\",\"dateModified\":\"2025-04-23T15:15:31+00:00\",\"description\":\"VCBSDM-1\\\/4TX 12\u201d x 5\u2019 WOLCB EXT, parte de nuestra l\u00ednea de selladoras de banda vertical, dise\u00f1ada para maximizar la eficiencia de empaque. Selladora vertical tipo TX de 1\\\/4\u201d con configuraci\u00f3n extendida....\",\"breadcrumb\":{\"@id\":\"https:\\\/\\\/propacmx.com\\\/product\\\/vcbsdm-1-4tx-12-x-5-wolcb-ext-selladoras-de-banda-vertical-selladoras-y-cargadores-industriales\\\/#breadcrumb\"},\"inLanguage\":\"en-US\",\"potentialAction\":[{\"@type\":\"ReadAction\",\"target\":[\"https:\\\/\\\/propacmx.com\\\/product\\\/vcbsdm-1-4tx-12-x-5-wolcb-ext-selladoras-de-banda-vertical-selladoras-y-cargadores-industriales\\\/\"]}]},{\"@type\":\"ImageObject\",\"inLanguage\":\"en-US\",\"@id\":\"https:\\\/\\\/propacmx.com\\\/product\\\/vcbsdm-1-4tx-12-x-5-wolcb-ext-selladoras-de-banda-vertical-selladoras-y-cargadores-industriales\\\/#primaryimage\",\"url\":\"https:\\\/\\\/propacmx.com\\\/wp-content\\\/uploads\\\/2025\\\/04\\\/VCBS-1_4TX-12_-X-5\u00b4-WOLCB-EXT_19.webp\",\"contentUrl\":\"https:\\\/\\\/propacmx.com\\\/wp-content\\\/uploads\\\/2025\\\/04\\\/VCBS-1_4TX-12_-X-5\u00b4-WOLCB-EXT_19.webp\",\"width\":1563,\"height\":1563,\"caption\":\"VCBS-1_4TX 12_ X 5\u00b4 WOLCB EXT_19\"},{\"@type\":\"BreadcrumbList\",\"@id\":\"https:\\\/\\\/propacmx.com\\\/product\\\/vcbsdm-1-4tx-12-x-5-wolcb-ext-selladoras-de-banda-vertical-selladoras-y-cargadores-industriales\\\/#breadcrumb\",\"itemListElement\":[{\"@type\":\"ListItem\",\"position\":1,\"name\":\"Home\",\"item\":\"https:\\\/\\\/propacmx.com\\\/\"},{\"@type\":\"ListItem\",\"position\":2,\"name\":\"Tienda\",\"item\":\"https:\\\/\\\/propacmx.com\\\/tienda\\\/\"},{\"@type\":\"ListItem\",\"position\":3,\"name\":\"VCBSDM-1\\\/4TX 12\u201d x 5\u2019 WOLCB EXT &#8211; Selladoras de Banda Vertical\"}]},{\"@type\":\"WebSite\",\"@id\":\"https:\\\/\\\/propacmx.com\\\/#website\",\"url\":\"https:\\\/\\\/propacmx.com\\\/\",\"name\":\"PRO PAC Professional Packaging Systems\",\"description\":\"PROPAC es tu socio estrat\u00e9gico en empaques. Combinamos calidad, servicio y tecnolog\u00eda para optimizar tus procesos log\u00edsticos.\",\"publisher\":{\"@id\":\"https:\\\/\\\/propacmx.com\\\/#organization\"},\"potentialAction\":[{\"@type\":\"SearchAction\",\"target\":{\"@type\":\"EntryPoint\",\"urlTemplate\":\"https:\\\/\\\/propacmx.com\\\/?s={search_term_string}\"},\"query-input\":{\"@type\":\"PropertyValueSpecification\",\"valueRequired\":true,\"valueName\":\"search_term_string\"}}],\"inLanguage\":\"en-US\"},{\"@type\":\"Organization\",\"@id\":\"https:\\\/\\\/propacmx.com\\\/#organization\",\"name\":\"PRO PAC Professional Packaging Systems\",\"url\":\"https:\\\/\\\/propacmx.com\\\/\",\"logo\":{\"@type\":\"ImageObject\",\"inLanguage\":\"en-US\",\"@id\":\"https:\\\/\\\/propacmx.com\\\/#\\\/schema\\\/logo\\\/image\\\/\",\"url\":\"\\\/wp-content\\\/uploads\\\/2025\\\/04\\\/PRO-PAC-MEXICO.webp\",\"contentUrl\":\"\\\/wp-content\\\/uploads\\\/2025\\\/04\\\/PRO-PAC-MEXICO.webp\",\"width\":1563,\"height\":1563,\"caption\":\"PRO PAC Professional Packaging Systems\"},\"image\":{\"@id\":\"https:\\\/\\\/propacmx.com\\\/#\\\/schema\\\/logo\\\/image\\\/\"}}]}<\/script>\n<meta property=\"product:price:currency\" content=\"MXN\" \/>\n<meta property=\"og:availability\" content=\"instock\" \/>\n<meta property=\"product:availability\" content=\"instock\" \/>\n<meta property=\"product:retailer_item_id\" content=\"prod-012\" \/>\n<meta property=\"product:condition\" content=\"new\" \/>\n<!-- \/ Yoast SEO Premium plugin. -->","yoast_head_json":{"title":"VCBSDM-1\/4TX 12\u201d x 5\u2019 WOLCB EXT - Selladoras de Banda Vertical | Selladoras y Cargadores Industriales","description":"VCBSDM-1\/4TX 12\u201d x 5\u2019 WOLCB EXT, parte de nuestra l\u00ednea de selladoras de banda vertical, dise\u00f1ada para maximizar la eficiencia de empaque. Selladora vertical tipo TX de 1\/4\u201d con configuraci\u00f3n extendida....","robots":{"index":"index","follow":"follow","max-snippet":"max-snippet:-1","max-image-preview":"max-image-preview:large","max-video-preview":"max-video-preview:-1"},"canonical":"https:\/\/propacmx.com\/en\/product\/vcbsdm-1-4tx-12-x-5-wolcb-ext-selladoras-de-banda-vertical-selladoras-y-cargadores-industriales\/","og_locale":"en_US","og_type":"article","og_title":"VCBSDM-1\/4TX 12\u201d x 5\u2019 WOLCB EXT - Selladoras de Banda Vertical","og_description":"VCBSDM-1\/4TX 12\u201d x 5\u2019 WOLCB EXT, parte de nuestra l\u00ednea de selladoras de banda vertical, dise\u00f1ada para maximizar la eficiencia de empaque. Selladora vertical tipo TX de 1\/4\u201d con configuraci\u00f3n extendida....","og_url":"https:\/\/propacmx.com\/en\/product\/vcbsdm-1-4tx-12-x-5-wolcb-ext-selladoras-de-banda-vertical-selladoras-y-cargadores-industriales\/","og_site_name":"Professional Packaging Systems","article_modified_time":"2025-04-23T15:15:31+00:00","og_image":[{"width":1563,"height":1563,"url":"https:\/\/propacmx.com\/wp-content\/uploads\/2025\/04\/VCBS-1_4TX-12_-X-5\u00b4-WOLCB-EXT_19.webp","type":"image\/webp"}],"twitter_card":"summary_large_image","twitter_misc":{"Price":"","Availability":"In stock"},"schema":{"@context":"https:\/\/schema.org","@graph":[{"@type":"WebPage","@id":"https:\/\/propacmx.com\/product\/vcbsdm-1-4tx-12-x-5-wolcb-ext-selladoras-de-banda-vertical-selladoras-y-cargadores-industriales\/","url":"https:\/\/propacmx.com\/product\/vcbsdm-1-4tx-12-x-5-wolcb-ext-selladoras-de-banda-vertical-selladoras-y-cargadores-industriales\/","name":"VCBSDM-1\/4TX 12\u201d x 5\u2019 WOLCB EXT - Selladoras de Banda Vertical | Selladoras y Cargadores Industriales","isPartOf":{"@id":"https:\/\/propacmx.com\/#website"},"primaryImageOfPage":{"@id":"https:\/\/propacmx.com\/product\/vcbsdm-1-4tx-12-x-5-wolcb-ext-selladoras-de-banda-vertical-selladoras-y-cargadores-industriales\/#primaryimage"},"image":{"@id":"https:\/\/propacmx.com\/product\/vcbsdm-1-4tx-12-x-5-wolcb-ext-selladoras-de-banda-vertical-selladoras-y-cargadores-industriales\/#primaryimage"},"thumbnailUrl":"https:\/\/propacmx.com\/wp-content\/uploads\/2025\/04\/VCBS-1_4TX-12_-X-5\u00b4-WOLCB-EXT_19.webp","datePublished":"2025-04-20T00:40:47+00:00","dateModified":"2025-04-23T15:15:31+00:00","description":"VCBSDM-1\/4TX 12\u201d x 5\u2019 WOLCB EXT, parte de nuestra l\u00ednea de selladoras de banda vertical, dise\u00f1ada para maximizar la eficiencia de empaque. Selladora vertical tipo TX de 1\/4\u201d con configuraci\u00f3n extendida....","breadcrumb":{"@id":"https:\/\/propacmx.com\/product\/vcbsdm-1-4tx-12-x-5-wolcb-ext-selladoras-de-banda-vertical-selladoras-y-cargadores-industriales\/#breadcrumb"},"inLanguage":"en-US","potentialAction":[{"@type":"ReadAction","target":["https:\/\/propacmx.com\/product\/vcbsdm-1-4tx-12-x-5-wolcb-ext-selladoras-de-banda-vertical-selladoras-y-cargadores-industriales\/"]}]},{"@type":"ImageObject","inLanguage":"en-US","@id":"https:\/\/propacmx.com\/product\/vcbsdm-1-4tx-12-x-5-wolcb-ext-selladoras-de-banda-vertical-selladoras-y-cargadores-industriales\/#primaryimage","url":"https:\/\/propacmx.com\/wp-content\/uploads\/2025\/04\/VCBS-1_4TX-12_-X-5\u00b4-WOLCB-EXT_19.webp","contentUrl":"https:\/\/propacmx.com\/wp-content\/uploads\/2025\/04\/VCBS-1_4TX-12_-X-5\u00b4-WOLCB-EXT_19.webp","width":1563,"height":1563,"caption":"VCBS-1_4TX 12_ X 5\u00b4 WOLCB EXT_19"},{"@type":"BreadcrumbList","@id":"https:\/\/propacmx.com\/product\/vcbsdm-1-4tx-12-x-5-wolcb-ext-selladoras-de-banda-vertical-selladoras-y-cargadores-industriales\/#breadcrumb","itemListElement":[{"@type":"ListItem","position":1,"name":"Home","item":"https:\/\/propacmx.com\/"},{"@type":"ListItem","position":2,"name":"Tienda","item":"https:\/\/propacmx.com\/tienda\/"},{"@type":"ListItem","position":3,"name":"VCBSDM-1\/4TX 12\u201d x 5\u2019 WOLCB EXT &#8211; Selladoras de Banda Vertical"}]},{"@type":"WebSite","@id":"https:\/\/propacmx.com\/#website","url":"https:\/\/propacmx.com\/","name":"PRO PAC Professional Packaging Systems","description":"PROPAC is your strategic partner in packaging. We combine quality, service and technology to optimize your logistics processes.","publisher":{"@id":"https:\/\/propacmx.com\/#organization"},"potentialAction":[{"@type":"SearchAction","target":{"@type":"EntryPoint","urlTemplate":"https:\/\/propacmx.com\/?s={search_term_string}"},"query-input":{"@type":"PropertyValueSpecification","valueRequired":true,"valueName":"search_term_string"}}],"inLanguage":"en-US"},{"@type":"Organization","@id":"https:\/\/propacmx.com\/#organization","name":"PRO PAC Professional Packaging Systems","url":"https:\/\/propacmx.com\/","logo":{"@type":"ImageObject","inLanguage":"en-US","@id":"https:\/\/propacmx.com\/#\/schema\/logo\/image\/","url":"\/wp-content\/uploads\/2025\/04\/PRO-PAC-MEXICO.webp","contentUrl":"\/wp-content\/uploads\/2025\/04\/PRO-PAC-MEXICO.webp","width":1563,"height":1563,"caption":"PRO PAC Professional Packaging Systems"},"image":{"@id":"https:\/\/propacmx.com\/#\/schema\/logo\/image\/"}}]},"product_price_currency":"MXN","og_availability":"instock","product_availability":"instock","product_retailer_item_id":"prod-012","product_condition":"new"},"_links":{"self":[{"href":"https:\/\/propacmx.com\/en\/wp-json\/wp\/v2\/product\/13660","targetHints":{"allow":["GET"]}}],"collection":[{"href":"https:\/\/propacmx.com\/en\/wp-json\/wp\/v2\/product"}],"about":[{"href":"https:\/\/propacmx.com\/en\/wp-json\/wp\/v2\/types\/product"}],"wp:featuredmedia":[{"embeddable":true,"href":"https:\/\/propacmx.com\/en\/wp-json\/wp\/v2\/media\/14319"}],"wp:attachment":[{"href":"https:\/\/propacmx.com\/en\/wp-json\/wp\/v2\/media?parent=13660"}],"wp:term":[{"taxonomy":"product_brand","embeddable":true,"href":"https:\/\/propacmx.com\/en\/wp-json\/wp\/v2\/product_brand?post=13660"},{"taxonomy":"product_cat","embeddable":true,"href":"https:\/\/propacmx.com\/en\/wp-json\/wp\/v2\/product_cat?post=13660"},{"taxonomy":"product_tag","embeddable":true,"href":"https:\/\/propacmx.com\/en\/wp-json\/wp\/v2\/product_tag?post=13660"}],"curies":[{"name":"wp","href":"https:\/\/api.w.org\/{rel}","templated":true}]}}