{"id":13658,"date":"2025-04-20T00:40:46","date_gmt":"2025-04-20T00:40:46","guid":{"rendered":"https:\/\/blanchedalmond-dinosaur-273996.hostingersite.com\/?post_type=product&#038;p=13658"},"modified":"2025-04-23T00:45:36","modified_gmt":"2025-04-23T00:45:36","slug":"vbs-1-8tx-selladoras-de-banda-vertical-selladoras-y-cargadores-industriales","status":"publish","type":"product","link":"https:\/\/propacmx.com\/en\/product\/vbs-1-8tx-selladoras-de-banda-vertical-selladoras-y-cargadores-industriales\/","title":{"rendered":"VBS-1\/8TX - Vertical Continuous Band Sealer with Integrated Trimmer System"},"content":{"rendered":"<p class=\"\" data-start=\"650\" data-end=\"1116\">The <strong data-start=\"653\" data-end=\"667\">VBS-1\/8 TX<\/strong> from <strong data-start=\"671\" data-end=\"678\">APM<\/strong> is a <strong data-start=\"686\" data-end=\"759\">selladora vertical de banda continua con sistema de trimmer integrado<\/strong>, ideal para sellar bolsas con recorte superior limpio, eliminando residuos mediante un sistema de <strong data-start=\"858\" data-end=\"893\">vac\u00edo con acumulador de recorte<\/strong>. Est\u00e1 equipada con un <strong data-start=\"916\" data-end=\"956\">sistema de banda interna de arrastre<\/strong> para productos de hasta <strong data-start=\"981\" data-end=\"992\">1 libra<\/strong>, y montada sobre un <strong data-start=\"1013\" data-end=\"1054\">soporte ajustable de 4 pies de altura<\/strong>, adaptable a la ergonom\u00eda del operador o l\u00ednea de producci\u00f3n.<\/p>\n<p class=\"\" data-start=\"1118\" data-end=\"1508\">Produce <strong data-start=\"1126\" data-end=\"1168\">sellos herm\u00e9ticos de 1\/8\u201d, 1\/4\u201d o 3\/8\u201d<\/strong>, a velocidades de hasta <strong data-start=\"1193\" data-end=\"1229\">540 pulgadas por minuto (45 fpm)<\/strong>, con una <strong data-start=\"1239\" data-end=\"1264\">zona de sellado de 5\u201d<\/strong> y <strong data-start=\"1267\" data-end=\"1297\">zona de enfriamiento de 5\u201d<\/strong>, ideales para trabajar materiales exigentes. El <strong data-start=\"1346\" data-end=\"1384\">control digital de temperatura PID<\/strong> mantiene un calor constante de hasta <strong data-start=\"1422\" data-end=\"1440\">500\u202f\u00b0F (\u00b12 \u00b0F)<\/strong>, asegurando la calidad del sellado incluso con pel\u00edculas complejas.<\/p>\n<p class=\"\" data-start=\"1510\" data-end=\"1757\">Incluye <strong data-start=\"1518\" data-end=\"1552\">motorreductor ultra silencioso<\/strong>, bandas de tefl\u00f3n laminado de alta resistencia, y <strong data-start=\"1603\" data-end=\"1640\">ensamblajes cromados y niquelados<\/strong> para mayor durabilidad. Adem\u00e1s, la unidad no requiere aire comprimido, lo que simplifica su operaci\u00f3n e instalaci\u00f3n.<\/p>\n<h3 data-start=\"1764\" data-end=\"1799\"><\/h3>\n<h3 class=\"\" data-start=\"1764\" data-end=\"1799\"><strong data-start=\"1768\" data-end=\"1799\">Outstanding features:<\/strong><\/h3>\n<ul data-start=\"1801\" data-end=\"2536\">\n<li class=\"\" data-start=\"1801\" data-end=\"1866\">\n<p class=\"\" data-start=\"1803\" data-end=\"1866\">Selladora vertical con <strong data-start=\"1826\" data-end=\"1866\">sistema interno de banda de arrastre<\/strong><\/p>\n<\/li>\n<li class=\"\" data-start=\"1867\" data-end=\"1953\">\n<p class=\"\" data-start=\"1869\" data-end=\"1953\"><strong data-start=\"1869\" data-end=\"1910\">Incluye recortador superior (trimmer)<\/strong> con sistema de vac\u00edo y acumulador de scrap<\/p>\n<\/li>\n<li class=\"\" data-start=\"1954\" data-end=\"2014\">\n<p class=\"\" data-start=\"1956\" data-end=\"2014\"><strong data-start=\"1956\" data-end=\"1995\">Soporte de piso de 4 pies de altura<\/strong>, con ajuste manual<\/p>\n<\/li>\n<li class=\"\" data-start=\"2015\" data-end=\"2070\">\n<p class=\"\" data-start=\"2017\" data-end=\"2070\">Sellos herm\u00e9ticos constantes de <strong data-start=\"2049\" data-end=\"2070\">1\/8\u201d, 1\/4\u201d o 3\/8\u201d<\/strong><\/p>\n<\/li>\n<li class=\"\" data-start=\"2071\" data-end=\"2099\">\n<p class=\"\" data-start=\"2073\" data-end=\"2099\">Sellado sin humo ni olores<\/p>\n<\/li>\n<li class=\"\" data-start=\"2100\" data-end=\"2145\">\n<p class=\"\" data-start=\"2102\" data-end=\"2145\">Speeds up to <strong data-start=\"2123\" data-end=\"2145\">45 feet per minute<\/strong><\/p>\n<\/li>\n<li class=\"\" data-start=\"2146\" data-end=\"2191\">\n<p class=\"\" data-start=\"2148\" data-end=\"2191\">Temperaturas de sellado de hasta <strong data-start=\"2181\" data-end=\"2191\">500 \u00b0F<\/strong><\/p>\n<\/li>\n<li class=\"\" data-start=\"2192\" data-end=\"2246\">\n<p class=\"\" data-start=\"2194\" data-end=\"2246\"><strong data-start=\"2194\" data-end=\"2246\">Zona de calor de 5\u201d + zona de enfriamiento de 5\u201d<\/strong><\/p>\n<\/li>\n<li class=\"\" data-start=\"2247\" data-end=\"2309\">\n<p class=\"\" data-start=\"2249\" data-end=\"2309\"><strong data-start=\"2249\" data-end=\"2284\">Bandas de tefl\u00f3n laminado de 1\u201d<\/strong>, resistentes al desgaste<\/p>\n<\/li>\n<li class=\"\" data-start=\"2310\" data-end=\"2371\">\n<p class=\"\" data-start=\"2312\" data-end=\"2371\"><strong data-start=\"2312\" data-end=\"2371\">Barras de sellado cromadas y de enfriamiento niqueladas<\/strong><\/p>\n<\/li>\n<li class=\"\" data-start=\"2372\" data-end=\"2431\">\n<p class=\"\" data-start=\"2374\" data-end=\"2431\">Construcci\u00f3n en <strong data-start=\"2390\" data-end=\"2431\">acero inoxidable y aluminio anodizado<\/strong><\/p>\n<\/li>\n<li class=\"\" data-start=\"2432\" data-end=\"2482\">\n<p class=\"\" data-start=\"2434\" data-end=\"2482\">Power supply: <strong data-start=\"2458\" data-end=\"2482\">110 VAC, 10 A, 60 Hz<\/strong><\/p>\n<\/li>\n<li class=\"\" data-start=\"2483\" data-end=\"2512\">\n<p class=\"\" data-start=\"2485\" data-end=\"2512\">No compressed air required<\/p>\n<\/li>\n<li class=\"\" data-start=\"2513\" data-end=\"2536\">\n<p class=\"\" data-start=\"2515\" data-end=\"2536\"><strong data-start=\"2515\" data-end=\"2536\">USDA approved<\/strong><\/p>\n<\/li>\n<\/ul>\n<h3 data-start=\"2543\" data-end=\"2581\"><\/h3>\n<h3 class=\"\" data-start=\"2543\" data-end=\"2581\"><strong data-start=\"2547\" data-end=\"2581\">Compatibility with materials:<\/strong><\/h3>\n<ul data-start=\"2583\" data-end=\"2737\">\n<li class=\"\" data-start=\"2583\" data-end=\"2603\">\n<p class=\"\" data-start=\"2585\" data-end=\"2603\">Polyethylene (PE)<\/p>\n<\/li>\n<li class=\"\" data-start=\"2604\" data-end=\"2626\">\n<p class=\"\" data-start=\"2606\" data-end=\"2626\">Polypropylene (PP)<\/p>\n<\/li>\n<li class=\"\" data-start=\"2627\" data-end=\"2636\">\n<p class=\"\" data-start=\"2629\" data-end=\"2636\">Tyvek<\/p>\n<\/li>\n<li class=\"\" data-start=\"2637\" data-end=\"2648\">\n<p class=\"\" data-start=\"2639\" data-end=\"2648\">Foil\/PE<\/p>\n<\/li>\n<li class=\"\" data-start=\"2649\" data-end=\"2658\">\n<p class=\"\" data-start=\"2651\" data-end=\"2658\">Nylon<\/p>\n<\/li>\n<li class=\"\" data-start=\"2659\" data-end=\"2676\">\n<p class=\"\" data-start=\"2661\" data-end=\"2676\">Polylaminates<\/p>\n<\/li>\n<li class=\"\" data-start=\"2677\" data-end=\"2694\">\n<p class=\"\" data-start=\"2679\" data-end=\"2694\">Coextrusiones<\/p>\n<\/li>\n<li class=\"\" data-start=\"2695\" data-end=\"2737\">\n<p class=\"\" data-start=\"2697\" data-end=\"2737\">Papel con recubrimiento de polietileno<\/p>\n<\/li>\n<\/ul>\n<h3 data-start=\"2744\" data-end=\"2773\"><\/h3>\n<h3 class=\"\" data-start=\"2744\" data-end=\"2773\"><strong data-start=\"2748\" data-end=\"2773\">Opciones disponibles:<\/strong><\/h3>\n<ul data-start=\"2775\" data-end=\"2894\">\n<li class=\"\" data-start=\"2775\" data-end=\"2825\">\n<p class=\"\" data-start=\"2777\" data-end=\"2825\">Codificador por embosado de <strong data-start=\"2805\" data-end=\"2825\">una o dos l\u00edneas<\/strong><\/p>\n<\/li>\n<li class=\"\" data-start=\"2826\" data-end=\"2859\">\n<p class=\"\" data-start=\"2828\" data-end=\"2859\">Ruedas (casters) para movilidad<\/p>\n<\/li>\n<li class=\"\" data-start=\"2860\" data-end=\"2894\">\n<p class=\"\" data-start=\"2862\" data-end=\"2894\">Validaci\u00f3n de sellado (opcional)<\/p>\n<\/li>\n<\/ul>\n<p class=\"\" data-start=\"2901\" data-end=\"3230\">The <strong data-start=\"2904\" data-end=\"2918\">VBS-1\/8 TX<\/strong> es la soluci\u00f3n ideal para l\u00edneas de producci\u00f3n que requieren <strong data-start=\"2980\" data-end=\"3056\">sellos herm\u00e9ticos con recorte limpio y extracci\u00f3n autom\u00e1tica de residuos<\/strong>, sin sacrificar la velocidad, precisi\u00f3n ni higiene. Perfecta para entornos alimentarios, m\u00e9dicos, t\u00e9cnicos o industriales donde se exige alta calidad con bajo mantenimiento.<\/p>","protected":false},"excerpt":{"rendered":"<p class=\"\" data-start=\"296\" data-end=\"600\">The <strong data-start=\"299\" data-end=\"313\">VBS-1\/8 TX<\/strong> is a <strong data-start=\"321\" data-end=\"374\">selladora vertical de banda rotativa con cortador<\/strong>, sistema interno de arrastre y extracci\u00f3n de recortes por vac\u00edo. Ideal para productos de hasta 1 libra, ofrece sellos herm\u00e9ticos de hasta 500\u202f\u00b0F, con control digital de temperatura y operaci\u00f3n silenciosa, sin aire comprimido.<\/p>","protected":false},"featured_media":13884,"template":"","meta":[],"product_brand":[198],"product_cat":[123],"product_tag":[117,124,118],"class_list":{"0":"post-13658","1":"product","2":"type-product","3":"status-publish","4":"has-post-thumbnail","6":"product_brand-all-packaging-machinery","7":"product_cat-selladoras-de-banda-vertical","8":"product_tag-maquinaria-de-empaque","9":"product_tag-selladoras-de-banda-vertical","10":"product_tag-selladoras-industriales","12":"first","13":"instock","14":"shipping-taxable","15":"product-type-simple"},"yoast_head":"<!-- This site is optimized with the Yoast SEO Premium plugin v24.3 (Yoast SEO v27.6) - https:\/\/yoast.com\/product\/yoast-seo-premium-wordpress\/ -->\n<title>VBS-1\/8TX - Selladora Vertical de Banda Continua<\/title>\n<meta name=\"description\" content=\"\u2b50VBS-1\/8TX - Selladora Vertical de Banda Continua con Sistema de Trimmer Integrado, dise\u00f1ada para maximizar la eficiencia de empaque.\" \/>\n<meta name=\"robots\" content=\"index, follow, max-snippet:-1, max-image-preview:large, max-video-preview:-1\" \/>\n<link rel=\"canonical\" href=\"https:\/\/propacmx.com\/en\/product\/vbs-1-8tx-selladoras-de-banda-vertical-selladoras-y-cargadores-industriales\/\" \/>\n<meta property=\"og:locale\" content=\"en_US\" \/>\n<meta property=\"og:type\" content=\"article\" \/>\n<meta property=\"og:title\" content=\"VBS-1\/8TX - Selladora Vertical de Banda Continua con Sistema de Trimmer Integrado\" \/>\n<meta property=\"og:description\" content=\"\u2b50VBS-1\/8TX - Selladora Vertical de Banda Continua con Sistema de Trimmer Integrado, dise\u00f1ada para maximizar la eficiencia de empaque.\" \/>\n<meta property=\"og:url\" content=\"https:\/\/propacmx.com\/en\/product\/vbs-1-8tx-selladoras-de-banda-vertical-selladoras-y-cargadores-industriales\/\" \/>\n<meta property=\"og:site_name\" content=\"Professional Packaging Systems\" \/>\n<meta property=\"article:modified_time\" content=\"2025-04-23T00:45:36+00:00\" \/>\n<meta property=\"og:image\" content=\"https:\/\/propacmx.com\/wp-content\/uploads\/2025\/04\/VBS-1_8TX_13.webp\" \/>\n\t<meta property=\"og:image:width\" content=\"1563\" \/>\n\t<meta property=\"og:image:height\" content=\"1563\" \/>\n\t<meta property=\"og:image:type\" content=\"image\/webp\" \/>\n<meta name=\"twitter:card\" content=\"summary_large_image\" \/>\n<meta name=\"twitter:label1\" content=\"Price\" \/>\n\t<meta name=\"twitter:data1\" content=\"\" \/>\n\t<meta name=\"twitter:label2\" content=\"Availability\" \/>\n\t<meta name=\"twitter:data2\" content=\"In stock\" \/>\n<script type=\"application\/ld+json\" class=\"yoast-schema-graph\">{\"@context\":\"https:\\\/\\\/schema.org\",\"@graph\":[{\"@type\":\"WebPage\",\"@id\":\"https:\\\/\\\/propacmx.com\\\/product\\\/vbs-1-8tx-selladoras-de-banda-vertical-selladoras-y-cargadores-industriales\\\/\",\"url\":\"https:\\\/\\\/propacmx.com\\\/product\\\/vbs-1-8tx-selladoras-de-banda-vertical-selladoras-y-cargadores-industriales\\\/\",\"name\":\"VBS-1\\\/8TX - Selladora Vertical de Banda Continua\",\"isPartOf\":{\"@id\":\"https:\\\/\\\/propacmx.com\\\/#website\"},\"primaryImageOfPage\":{\"@id\":\"https:\\\/\\\/propacmx.com\\\/product\\\/vbs-1-8tx-selladoras-de-banda-vertical-selladoras-y-cargadores-industriales\\\/#primaryimage\"},\"image\":{\"@id\":\"https:\\\/\\\/propacmx.com\\\/product\\\/vbs-1-8tx-selladoras-de-banda-vertical-selladoras-y-cargadores-industriales\\\/#primaryimage\"},\"thumbnailUrl\":\"https:\\\/\\\/propacmx.com\\\/wp-content\\\/uploads\\\/2025\\\/04\\\/VBS-1_8TX_13.webp\",\"datePublished\":\"2025-04-20T00:40:46+00:00\",\"dateModified\":\"2025-04-23T00:45:36+00:00\",\"description\":\"\u2b50VBS-1\\\/8TX - Selladora Vertical de Banda Continua con Sistema de Trimmer Integrado, dise\u00f1ada para maximizar la eficiencia de empaque.\",\"breadcrumb\":{\"@id\":\"https:\\\/\\\/propacmx.com\\\/product\\\/vbs-1-8tx-selladoras-de-banda-vertical-selladoras-y-cargadores-industriales\\\/#breadcrumb\"},\"inLanguage\":\"en-US\",\"potentialAction\":[{\"@type\":\"ReadAction\",\"target\":[\"https:\\\/\\\/propacmx.com\\\/product\\\/vbs-1-8tx-selladoras-de-banda-vertical-selladoras-y-cargadores-industriales\\\/\"]}]},{\"@type\":\"ImageObject\",\"inLanguage\":\"en-US\",\"@id\":\"https:\\\/\\\/propacmx.com\\\/product\\\/vbs-1-8tx-selladoras-de-banda-vertical-selladoras-y-cargadores-industriales\\\/#primaryimage\",\"url\":\"https:\\\/\\\/propacmx.com\\\/wp-content\\\/uploads\\\/2025\\\/04\\\/VBS-1_8TX_13.webp\",\"contentUrl\":\"https:\\\/\\\/propacmx.com\\\/wp-content\\\/uploads\\\/2025\\\/04\\\/VBS-1_8TX_13.webp\",\"width\":1563,\"height\":1563,\"caption\":\"VBS-1\\\/8TX - Selladora Vertical de Banda Continua con Sistema de Trimmer Integrado\"},{\"@type\":\"BreadcrumbList\",\"@id\":\"https:\\\/\\\/propacmx.com\\\/product\\\/vbs-1-8tx-selladoras-de-banda-vertical-selladoras-y-cargadores-industriales\\\/#breadcrumb\",\"itemListElement\":[{\"@type\":\"ListItem\",\"position\":1,\"name\":\"Home\",\"item\":\"https:\\\/\\\/propacmx.com\\\/\"},{\"@type\":\"ListItem\",\"position\":2,\"name\":\"Tienda\",\"item\":\"https:\\\/\\\/propacmx.com\\\/tienda\\\/\"},{\"@type\":\"ListItem\",\"position\":3,\"name\":\"VBS-1\\\/8TX &#8211; Selladora Vertical de Banda Continua con Sistema de Trimmer Integrado\"}]},{\"@type\":\"WebSite\",\"@id\":\"https:\\\/\\\/propacmx.com\\\/#website\",\"url\":\"https:\\\/\\\/propacmx.com\\\/\",\"name\":\"PRO PAC Professional Packaging Systems\",\"description\":\"PROPAC es tu socio estrat\u00e9gico en empaques. Combinamos calidad, servicio y tecnolog\u00eda para optimizar tus procesos log\u00edsticos.\",\"publisher\":{\"@id\":\"https:\\\/\\\/propacmx.com\\\/#organization\"},\"potentialAction\":[{\"@type\":\"SearchAction\",\"target\":{\"@type\":\"EntryPoint\",\"urlTemplate\":\"https:\\\/\\\/propacmx.com\\\/?s={search_term_string}\"},\"query-input\":{\"@type\":\"PropertyValueSpecification\",\"valueRequired\":true,\"valueName\":\"search_term_string\"}}],\"inLanguage\":\"en-US\"},{\"@type\":\"Organization\",\"@id\":\"https:\\\/\\\/propacmx.com\\\/#organization\",\"name\":\"PRO PAC Professional Packaging Systems\",\"url\":\"https:\\\/\\\/propacmx.com\\\/\",\"logo\":{\"@type\":\"ImageObject\",\"inLanguage\":\"en-US\",\"@id\":\"https:\\\/\\\/propacmx.com\\\/#\\\/schema\\\/logo\\\/image\\\/\",\"url\":\"\\\/wp-content\\\/uploads\\\/2025\\\/04\\\/PRO-PAC-MEXICO.webp\",\"contentUrl\":\"\\\/wp-content\\\/uploads\\\/2025\\\/04\\\/PRO-PAC-MEXICO.webp\",\"width\":1563,\"height\":1563,\"caption\":\"PRO PAC Professional Packaging Systems\"},\"image\":{\"@id\":\"https:\\\/\\\/propacmx.com\\\/#\\\/schema\\\/logo\\\/image\\\/\"}}]}<\/script>\n<meta property=\"product:brand\" content=\"All Packaging Machinery\" \/>\n<meta property=\"product:price:currency\" content=\"MXN\" \/>\n<meta property=\"og:availability\" content=\"instock\" \/>\n<meta property=\"product:availability\" content=\"instock\" \/>\n<meta property=\"product:retailer_item_id\" content=\"prod-010\" \/>\n<meta property=\"product:condition\" content=\"new\" \/>\n<!-- \/ Yoast SEO Premium plugin. -->","yoast_head_json":{"title":"VBS-1\/8TX - Selladora Vertical de Banda Continua","description":"\u2b50VBS-1\/8TX - Selladora Vertical de Banda Continua con Sistema de Trimmer Integrado, dise\u00f1ada para maximizar la eficiencia de empaque.","robots":{"index":"index","follow":"follow","max-snippet":"max-snippet:-1","max-image-preview":"max-image-preview:large","max-video-preview":"max-video-preview:-1"},"canonical":"https:\/\/propacmx.com\/en\/product\/vbs-1-8tx-selladoras-de-banda-vertical-selladoras-y-cargadores-industriales\/","og_locale":"en_US","og_type":"article","og_title":"VBS-1\/8TX - Selladora Vertical de Banda Continua con Sistema de Trimmer Integrado","og_description":"\u2b50VBS-1\/8TX - Selladora Vertical de Banda Continua con Sistema de Trimmer Integrado, dise\u00f1ada para maximizar la eficiencia de empaque.","og_url":"https:\/\/propacmx.com\/en\/product\/vbs-1-8tx-selladoras-de-banda-vertical-selladoras-y-cargadores-industriales\/","og_site_name":"Professional Packaging Systems","article_modified_time":"2025-04-23T00:45:36+00:00","og_image":[{"width":1563,"height":1563,"url":"https:\/\/propacmx.com\/wp-content\/uploads\/2025\/04\/VBS-1_8TX_13.webp","type":"image\/webp"}],"twitter_card":"summary_large_image","twitter_misc":{"Price":"","Availability":"In stock"},"schema":{"@context":"https:\/\/schema.org","@graph":[{"@type":"WebPage","@id":"https:\/\/propacmx.com\/product\/vbs-1-8tx-selladoras-de-banda-vertical-selladoras-y-cargadores-industriales\/","url":"https:\/\/propacmx.com\/product\/vbs-1-8tx-selladoras-de-banda-vertical-selladoras-y-cargadores-industriales\/","name":"VBS-1\/8TX - Selladora Vertical de Banda Continua","isPartOf":{"@id":"https:\/\/propacmx.com\/#website"},"primaryImageOfPage":{"@id":"https:\/\/propacmx.com\/product\/vbs-1-8tx-selladoras-de-banda-vertical-selladoras-y-cargadores-industriales\/#primaryimage"},"image":{"@id":"https:\/\/propacmx.com\/product\/vbs-1-8tx-selladoras-de-banda-vertical-selladoras-y-cargadores-industriales\/#primaryimage"},"thumbnailUrl":"https:\/\/propacmx.com\/wp-content\/uploads\/2025\/04\/VBS-1_8TX_13.webp","datePublished":"2025-04-20T00:40:46+00:00","dateModified":"2025-04-23T00:45:36+00:00","description":"\u2b50VBS-1\/8TX - Selladora Vertical de Banda Continua con Sistema de Trimmer Integrado, dise\u00f1ada para maximizar la eficiencia de empaque.","breadcrumb":{"@id":"https:\/\/propacmx.com\/product\/vbs-1-8tx-selladoras-de-banda-vertical-selladoras-y-cargadores-industriales\/#breadcrumb"},"inLanguage":"en-US","potentialAction":[{"@type":"ReadAction","target":["https:\/\/propacmx.com\/product\/vbs-1-8tx-selladoras-de-banda-vertical-selladoras-y-cargadores-industriales\/"]}]},{"@type":"ImageObject","inLanguage":"en-US","@id":"https:\/\/propacmx.com\/product\/vbs-1-8tx-selladoras-de-banda-vertical-selladoras-y-cargadores-industriales\/#primaryimage","url":"https:\/\/propacmx.com\/wp-content\/uploads\/2025\/04\/VBS-1_8TX_13.webp","contentUrl":"https:\/\/propacmx.com\/wp-content\/uploads\/2025\/04\/VBS-1_8TX_13.webp","width":1563,"height":1563,"caption":"VBS-1\/8TX - Selladora Vertical de Banda Continua con Sistema de Trimmer Integrado"},{"@type":"BreadcrumbList","@id":"https:\/\/propacmx.com\/product\/vbs-1-8tx-selladoras-de-banda-vertical-selladoras-y-cargadores-industriales\/#breadcrumb","itemListElement":[{"@type":"ListItem","position":1,"name":"Home","item":"https:\/\/propacmx.com\/"},{"@type":"ListItem","position":2,"name":"Tienda","item":"https:\/\/propacmx.com\/tienda\/"},{"@type":"ListItem","position":3,"name":"VBS-1\/8TX &#8211; Selladora Vertical de Banda Continua con Sistema de Trimmer Integrado"}]},{"@type":"WebSite","@id":"https:\/\/propacmx.com\/#website","url":"https:\/\/propacmx.com\/","name":"PRO PAC Professional Packaging Systems","description":"PROPAC is your strategic partner in packaging. We combine quality, service and technology to optimize your logistics processes.","publisher":{"@id":"https:\/\/propacmx.com\/#organization"},"potentialAction":[{"@type":"SearchAction","target":{"@type":"EntryPoint","urlTemplate":"https:\/\/propacmx.com\/?s={search_term_string}"},"query-input":{"@type":"PropertyValueSpecification","valueRequired":true,"valueName":"search_term_string"}}],"inLanguage":"en-US"},{"@type":"Organization","@id":"https:\/\/propacmx.com\/#organization","name":"PRO PAC Professional Packaging Systems","url":"https:\/\/propacmx.com\/","logo":{"@type":"ImageObject","inLanguage":"en-US","@id":"https:\/\/propacmx.com\/#\/schema\/logo\/image\/","url":"\/wp-content\/uploads\/2025\/04\/PRO-PAC-MEXICO.webp","contentUrl":"\/wp-content\/uploads\/2025\/04\/PRO-PAC-MEXICO.webp","width":1563,"height":1563,"caption":"PRO PAC Professional Packaging Systems"},"image":{"@id":"https:\/\/propacmx.com\/#\/schema\/logo\/image\/"}}]},"product_brand":"All Packaging Machinery","product_price_currency":"MXN","og_availability":"instock","product_availability":"instock","product_retailer_item_id":"prod-010","product_condition":"new"},"_links":{"self":[{"href":"https:\/\/propacmx.com\/en\/wp-json\/wp\/v2\/product\/13658","targetHints":{"allow":["GET"]}}],"collection":[{"href":"https:\/\/propacmx.com\/en\/wp-json\/wp\/v2\/product"}],"about":[{"href":"https:\/\/propacmx.com\/en\/wp-json\/wp\/v2\/types\/product"}],"wp:featuredmedia":[{"embeddable":true,"href":"https:\/\/propacmx.com\/en\/wp-json\/wp\/v2\/media\/13884"}],"wp:attachment":[{"href":"https:\/\/propacmx.com\/en\/wp-json\/wp\/v2\/media?parent=13658"}],"wp:term":[{"taxonomy":"product_brand","embeddable":true,"href":"https:\/\/propacmx.com\/en\/wp-json\/wp\/v2\/product_brand?post=13658"},{"taxonomy":"product_cat","embeddable":true,"href":"https:\/\/propacmx.com\/en\/wp-json\/wp\/v2\/product_cat?post=13658"},{"taxonomy":"product_tag","embeddable":true,"href":"https:\/\/propacmx.com\/en\/wp-json\/wp\/v2\/product_tag?post=13658"}],"curies":[{"name":"wp","href":"https:\/\/api.w.org\/{rel}","templated":true}]}}