{"id":13657,"date":"2025-04-20T00:40:46","date_gmt":"2025-04-20T00:40:46","guid":{"rendered":"https:\/\/blanchedalmond-dinosaur-273996.hostingersite.com\/?post_type=product&#038;p=13657"},"modified":"2025-04-23T00:37:40","modified_gmt":"2025-04-23T00:37:40","slug":"vbs-3-8-dh-10-validate-selladora-vertical-rotativa-valiable","status":"publish","type":"product","link":"https:\/\/propacmx.com\/en\/product\/vbs-3-8-dh-10-validate-selladora-vertical-rotativa-valiable\/","title":{"rendered":"VBS-3\/8-DH-10-VALIDATE - Validatable High Speed Vertical Rotary Rotary Sealer"},"content":{"rendered":"<p class=\"\" data-start=\"681\" data-end=\"1107\">The <strong data-start=\"684\" data-end=\"710\">VBS-3\/8 DH-10 VALIDATE<\/strong> from <strong data-start=\"714\" data-end=\"721\">APM<\/strong> is a <strong data-start=\"729\" data-end=\"769\">selladora de banda vertical rotativa<\/strong> especialmente dise\u00f1ada para cumplir con los est\u00e1ndares m\u00e1s estrictos de sellado en la industria m\u00e9dica y farmac\u00e9utica. Este equipo genera <strong data-start=\"908\" data-end=\"955\">sellos herm\u00e9ticos validables de 1\/4&#8243; o 3\/8&#8243;<\/strong>, incluso en materiales dif\u00edciles, como Tyvek, foil\/polietileno, laminados y Nylon, a velocidades de hasta <strong data-start=\"1062\" data-end=\"1106\">60 pies por minuto (720 pulgadas\/minuto)<\/strong>.<\/p>\n<p class=\"\" data-start=\"1109\" data-end=\"1572\">Equipped with <strong data-start=\"1122\" data-end=\"1194\">doble zona de calentamiento (10&#8243;) y doble zona de enfriamiento (10&#8243;)<\/strong>, garantiza la flexibilidad necesaria para manejar pel\u00edculas de mayor espesor. Su sistema de control permite <strong data-start=\"1303\" data-end=\"1347\">validar temperatura, presi\u00f3n y velocidad<\/strong>, asegurando procesos auditables y repetibles. Los <strong data-start=\"1398\" data-end=\"1458\">cuatro controles digitales de temperatura (Quad Control)<\/strong> y los <strong data-start=\"1465\" data-end=\"1497\">termopares de doble elemento<\/strong> permiten registrar y verificar los par\u00e1metros t\u00e9rmicos con alta precisi\u00f3n.<\/p>\n<p class=\"\" data-start=\"1574\" data-end=\"1918\">La unidad cuenta con <strong data-start=\"1595\" data-end=\"1632\">liberaci\u00f3n de presi\u00f3n instant\u00e1nea<\/strong> para facilitar el cambio de bandas de tefl\u00f3n, y su estructura est\u00e1 montada sobre un <strong data-start=\"1717\" data-end=\"1759\">soporte de piso ajustable con manivela<\/strong>, lo que permite adaptar la altura del cabezal de sellado. Puede solicitarse en versi\u00f3n <strong data-start=\"1847\" data-end=\"1872\">vertical u horizontal<\/strong>, o montarse sobre transportadores existentes.<\/p>\n<h3 data-start=\"1925\" data-end=\"1960\"><\/h3>\n<h3 class=\"\" data-start=\"1925\" data-end=\"1960\"><strong data-start=\"1929\" data-end=\"1960\">Outstanding features:<\/strong><\/h3>\n<ul data-start=\"1962\" data-end=\"3031\">\n<li class=\"\" data-start=\"1962\" data-end=\"2021\">\n<p class=\"\" data-start=\"1964\" data-end=\"2021\">Sellado validable de <strong data-start=\"1985\" data-end=\"2021\">temperatura, velocidad y presi\u00f3n<\/strong><\/p>\n<\/li>\n<li class=\"\" data-start=\"2022\" data-end=\"2088\">\n<p class=\"\" data-start=\"2024\" data-end=\"2088\"><strong data-start=\"2024\" data-end=\"2088\">Doble zona de calor (10\u201d) y doble zona de enfriamiento (10\u201d)<\/strong><\/p>\n<\/li>\n<li class=\"\" data-start=\"2089\" data-end=\"2149\">\n<p class=\"\" data-start=\"2091\" data-end=\"2149\"><strong data-start=\"2091\" data-end=\"2127\">Sellos herm\u00e9ticos de 1\/4\u201d o 3\/8\u201d<\/strong>, sin recorte superior<\/p>\n<\/li>\n<li class=\"\" data-start=\"2150\" data-end=\"2228\">\n<p class=\"\" data-start=\"2152\" data-end=\"2228\"><strong data-start=\"2152\" data-end=\"2191\">Control de temperatura digital Quad<\/strong> con PID autotune para calor uniforme<\/p>\n<\/li>\n<li class=\"\" data-start=\"2229\" data-end=\"2306\">\n<p class=\"\" data-start=\"2231\" data-end=\"2306\"><strong data-start=\"2231\" data-end=\"2263\">Termopares de doble elemento<\/strong> para control y verificaci\u00f3n independientes<\/p>\n<\/li>\n<li class=\"\" data-start=\"2307\" data-end=\"2382\">\n<p class=\"\" data-start=\"2309\" data-end=\"2382\">Operaci\u00f3n con <strong data-start=\"2323\" data-end=\"2351\">aire comprimido aut\u00f3nomo<\/strong>, no requiere compresor externo<\/p>\n<\/li>\n<li class=\"\" data-start=\"2383\" data-end=\"2434\">\n<p class=\"\" data-start=\"2385\" data-end=\"2434\">Temperatura m\u00e1xima de sellado: <strong data-start=\"2416\" data-end=\"2434\">450 \u00b0F (\u00b12 \u00b0F)<\/strong><\/p>\n<\/li>\n<li class=\"\" data-start=\"2435\" data-end=\"2509\">\n<p class=\"\" data-start=\"2437\" data-end=\"2509\"><strong data-start=\"2437\" data-end=\"2464\">Cambio r\u00e1pido de bandas<\/strong> gracias al sistema de liberaci\u00f3n instant\u00e1nea<\/p>\n<\/li>\n<li class=\"\" data-start=\"2510\" data-end=\"2570\">\n<p class=\"\" data-start=\"2512\" data-end=\"2570\">Presi\u00f3n uniforme en toda la zona de sellado y enfriamiento<\/p>\n<\/li>\n<li class=\"\" data-start=\"2571\" data-end=\"2614\">\n<p class=\"\" data-start=\"2573\" data-end=\"2614\"><strong data-start=\"2573\" data-end=\"2614\">Lectura de man\u00f3metros clara y visible<\/strong><\/p>\n<\/li>\n<li class=\"\" data-start=\"2615\" data-end=\"2686\">\n<p class=\"\" data-start=\"2617\" data-end=\"2686\">Construcci\u00f3n en <strong data-start=\"2633\" data-end=\"2655\">aluminio anodizado<\/strong> y <strong data-start=\"2658\" data-end=\"2686\">ejes de acero inoxidable<\/strong><\/p>\n<\/li>\n<li class=\"\" data-start=\"2687\" data-end=\"2773\">\n<p class=\"\" data-start=\"2689\" data-end=\"2773\"><strong data-start=\"2689\" data-end=\"2748\">Barras de sellado cromadas y de enfriamiento niqueladas<\/strong>, resistentes al desgaste<\/p>\n<\/li>\n<li class=\"\" data-start=\"2774\" data-end=\"2837\">\n<p class=\"\" data-start=\"2776\" data-end=\"2837\"><strong data-start=\"2776\" data-end=\"2803\">Soporte de piso robusto<\/strong> con ajuste de altura por manivela<\/p>\n<\/li>\n<li class=\"\" data-start=\"2838\" data-end=\"2861\">\n<p class=\"\" data-start=\"2840\" data-end=\"2861\">Aprobada por <strong data-start=\"2853\" data-end=\"2861\">USDA<\/strong><\/p>\n<\/li>\n<li class=\"\" data-start=\"2862\" data-end=\"2905\">\n<p class=\"\" data-start=\"2864\" data-end=\"2905\">Adaptable a uso <strong data-start=\"2880\" data-end=\"2905\">vertical u horizontal<\/strong><\/p>\n<\/li>\n<li class=\"\" data-start=\"2906\" data-end=\"2972\">\n<p class=\"\" data-start=\"2908\" data-end=\"2972\">Compatible con transportadores de arrastre inferiores existentes<\/p>\n<\/li>\n<li class=\"\" data-start=\"2973\" data-end=\"3031\">\n<p class=\"\" data-start=\"2975\" data-end=\"3031\">Power supply: <strong data-start=\"2999\" data-end=\"3031\">110 VCA, 1250 W, 10 A, 60 Hz<\/strong><\/p>\n<\/li>\n<\/ul>\n<h3 data-start=\"3038\" data-end=\"3076\"><\/h3>\n<h3 class=\"\" data-start=\"3038\" data-end=\"3076\"><strong data-start=\"3042\" data-end=\"3076\">Compatibility with materials:<\/strong><\/h3>\n<ul data-start=\"3078\" data-end=\"3183\">\n<li class=\"\" data-start=\"3078\" data-end=\"3098\">\n<p class=\"\" data-start=\"3080\" data-end=\"3098\">Polyethylene (PE)<\/p>\n<\/li>\n<li class=\"\" data-start=\"3099\" data-end=\"3121\">\n<p class=\"\" data-start=\"3101\" data-end=\"3121\">Polypropylene (PP)<\/p>\n<\/li>\n<li class=\"\" data-start=\"3122\" data-end=\"3131\">\n<p class=\"\" data-start=\"3124\" data-end=\"3131\">Tyvek<\/p>\n<\/li>\n<li class=\"\" data-start=\"3132\" data-end=\"3145\">\n<p class=\"\" data-start=\"3134\" data-end=\"3145\">Polymylar<\/p>\n<\/li>\n<li class=\"\" data-start=\"3146\" data-end=\"3157\">\n<p class=\"\" data-start=\"3148\" data-end=\"3157\">Foil\/PE<\/p>\n<\/li>\n<li class=\"\" data-start=\"3158\" data-end=\"3175\">\n<p class=\"\" data-start=\"3160\" data-end=\"3175\">Polylaminates<\/p>\n<\/li>\n<li class=\"\" data-start=\"3176\" data-end=\"3183\">\n<p class=\"\" data-start=\"3178\" data-end=\"3183\">Nylon<\/p>\n<\/li>\n<\/ul>\n<p class=\"\" data-start=\"3190\" data-end=\"3553\">The <strong data-start=\"3193\" data-end=\"3219\">VBS-3\/8 DH-10 VALIDATE<\/strong> es la soluci\u00f3n ideal para fabricantes de dispositivos m\u00e9dicos, laboratorios y empresas farmac\u00e9uticas que requieren <strong data-start=\"3335\" data-end=\"3368\">procesos de sellado validados<\/strong>, con <strong data-start=\"3374\" data-end=\"3417\">control total de calidad y trazabilidad<\/strong>. Su dise\u00f1o industrial, capacidad de validaci\u00f3n y facilidad de uso la convierten en una herramienta esencial para aplicaciones cr\u00edticas.<\/p>","protected":false},"excerpt":{"rendered":"<p class=\"\" data-start=\"336\" data-end=\"631\">The <strong data-start=\"339\" data-end=\"365\">VBS-3\/8 DH-10 VALIDATE<\/strong> is a <strong data-start=\"373\" data-end=\"432\">selladora vertical rotativa validable de alta velocidad<\/strong>, dise\u00f1ada espec\u00edficamente para sellar bolsas m\u00e9dicas. Controla y valida temperatura, presi\u00f3n y velocidad para asegurar sellos herm\u00e9ticos precisos y consistentes, con operaci\u00f3n higi\u00e9nica y eficiente.<\/p>","protected":false},"featured_media":13880,"template":"","meta":[],"product_brand":[198],"product_cat":[123],"product_tag":[117,124,118],"class_list":{"0":"post-13657","1":"product","2":"type-product","3":"status-publish","4":"has-post-thumbnail","6":"product_brand-all-packaging-machinery","7":"product_cat-selladoras-de-banda-vertical","8":"product_tag-maquinaria-de-empaque","9":"product_tag-selladoras-de-banda-vertical","10":"product_tag-selladoras-industriales","12":"first","13":"instock","14":"shipping-taxable","15":"product-type-simple"},"yoast_head":"<!-- This site is optimized with the Yoast SEO Premium plugin v24.3 (Yoast SEO v27.6) - https:\/\/yoast.com\/product\/yoast-seo-premium-wordpress\/ -->\n<title>VBS-3\/8-DH-10-VALIDATE - Selladora Vertical Rotativa Validable<\/title>\n<meta name=\"description\" content=\"\u2b50 VBS-3\/8-DH-10-VALIDATE - Selladora Vertical Rotativa Validable de Alta Velocidad, dise\u00f1ada para maximizar la eficiencia de empaque.\" \/>\n<meta name=\"robots\" content=\"index, follow, max-snippet:-1, max-image-preview:large, max-video-preview:-1\" \/>\n<link rel=\"canonical\" href=\"https:\/\/propacmx.com\/en\/product\/vbs-3-8-dh-10-validate-selladora-vertical-rotativa-valiable\/\" \/>\n<meta property=\"og:locale\" content=\"en_US\" \/>\n<meta property=\"og:type\" content=\"article\" \/>\n<meta property=\"og:title\" content=\"VBS-3\/8-DH-10-VALIDATE - Selladora Vertical Rotativa Validable de Alta Velocidad\" \/>\n<meta property=\"og:description\" content=\"\u2b50 VBS-3\/8-DH-10-VALIDATE - Selladora Vertical Rotativa Validable de Alta Velocidad, dise\u00f1ada para maximizar la eficiencia de empaque.\" \/>\n<meta property=\"og:url\" content=\"https:\/\/propacmx.com\/en\/product\/vbs-3-8-dh-10-validate-selladora-vertical-rotativa-valiable\/\" \/>\n<meta property=\"og:site_name\" content=\"Professional Packaging Systems\" \/>\n<meta property=\"article:modified_time\" content=\"2025-04-23T00:37:40+00:00\" \/>\n<meta property=\"og:image\" content=\"https:\/\/propacmx.com\/wp-content\/uploads\/2025\/04\/VBS-3_8-DH-10-VALIDATE.webp\" \/>\n\t<meta property=\"og:image:width\" content=\"1563\" \/>\n\t<meta property=\"og:image:height\" content=\"1563\" \/>\n\t<meta property=\"og:image:type\" content=\"image\/webp\" \/>\n<meta name=\"twitter:card\" content=\"summary_large_image\" \/>\n<meta name=\"twitter:label1\" content=\"Price\" \/>\n\t<meta name=\"twitter:data1\" content=\"\" \/>\n\t<meta name=\"twitter:label2\" content=\"Availability\" \/>\n\t<meta name=\"twitter:data2\" content=\"In stock\" \/>\n<script type=\"application\/ld+json\" class=\"yoast-schema-graph\">{\"@context\":\"https:\\\/\\\/schema.org\",\"@graph\":[{\"@type\":\"WebPage\",\"@id\":\"https:\\\/\\\/propacmx.com\\\/product\\\/vbs-3-8-dh-10-validate-selladora-vertical-rotativa-valiable\\\/\",\"url\":\"https:\\\/\\\/propacmx.com\\\/product\\\/vbs-3-8-dh-10-validate-selladora-vertical-rotativa-valiable\\\/\",\"name\":\"VBS-3\\\/8-DH-10-VALIDATE - Selladora Vertical Rotativa Validable\",\"isPartOf\":{\"@id\":\"https:\\\/\\\/propacmx.com\\\/#website\"},\"primaryImageOfPage\":{\"@id\":\"https:\\\/\\\/propacmx.com\\\/product\\\/vbs-3-8-dh-10-validate-selladora-vertical-rotativa-valiable\\\/#primaryimage\"},\"image\":{\"@id\":\"https:\\\/\\\/propacmx.com\\\/product\\\/vbs-3-8-dh-10-validate-selladora-vertical-rotativa-valiable\\\/#primaryimage\"},\"thumbnailUrl\":\"https:\\\/\\\/propacmx.com\\\/wp-content\\\/uploads\\\/2025\\\/04\\\/VBS-3_8-DH-10-VALIDATE.webp\",\"datePublished\":\"2025-04-20T00:40:46+00:00\",\"dateModified\":\"2025-04-23T00:37:40+00:00\",\"description\":\"\u2b50 VBS-3\\\/8-DH-10-VALIDATE - Selladora Vertical Rotativa Validable de Alta Velocidad, dise\u00f1ada para maximizar la eficiencia de empaque.\",\"breadcrumb\":{\"@id\":\"https:\\\/\\\/propacmx.com\\\/product\\\/vbs-3-8-dh-10-validate-selladora-vertical-rotativa-valiable\\\/#breadcrumb\"},\"inLanguage\":\"en-US\",\"potentialAction\":[{\"@type\":\"ReadAction\",\"target\":[\"https:\\\/\\\/propacmx.com\\\/product\\\/vbs-3-8-dh-10-validate-selladora-vertical-rotativa-valiable\\\/\"]}]},{\"@type\":\"ImageObject\",\"inLanguage\":\"en-US\",\"@id\":\"https:\\\/\\\/propacmx.com\\\/product\\\/vbs-3-8-dh-10-validate-selladora-vertical-rotativa-valiable\\\/#primaryimage\",\"url\":\"https:\\\/\\\/propacmx.com\\\/wp-content\\\/uploads\\\/2025\\\/04\\\/VBS-3_8-DH-10-VALIDATE.webp\",\"contentUrl\":\"https:\\\/\\\/propacmx.com\\\/wp-content\\\/uploads\\\/2025\\\/04\\\/VBS-3_8-DH-10-VALIDATE.webp\",\"width\":1563,\"height\":1563,\"caption\":\"VBS-3\\\/8-DH-10-VALIDATE - Selladora Vertical Rotativa Validable de Alta Velocidad\"},{\"@type\":\"BreadcrumbList\",\"@id\":\"https:\\\/\\\/propacmx.com\\\/product\\\/vbs-3-8-dh-10-validate-selladora-vertical-rotativa-valiable\\\/#breadcrumb\",\"itemListElement\":[{\"@type\":\"ListItem\",\"position\":1,\"name\":\"Home\",\"item\":\"https:\\\/\\\/propacmx.com\\\/\"},{\"@type\":\"ListItem\",\"position\":2,\"name\":\"Tienda\",\"item\":\"https:\\\/\\\/propacmx.com\\\/tienda\\\/\"},{\"@type\":\"ListItem\",\"position\":3,\"name\":\"VBS-3\\\/8-DH-10-VALIDATE &#8211; Selladora Vertical Rotativa Validable de Alta Velocidad\"}]},{\"@type\":\"WebSite\",\"@id\":\"https:\\\/\\\/propacmx.com\\\/#website\",\"url\":\"https:\\\/\\\/propacmx.com\\\/\",\"name\":\"PRO PAC Professional Packaging Systems\",\"description\":\"PROPAC es tu socio estrat\u00e9gico en empaques. Combinamos calidad, servicio y tecnolog\u00eda para optimizar tus procesos log\u00edsticos.\",\"publisher\":{\"@id\":\"https:\\\/\\\/propacmx.com\\\/#organization\"},\"potentialAction\":[{\"@type\":\"SearchAction\",\"target\":{\"@type\":\"EntryPoint\",\"urlTemplate\":\"https:\\\/\\\/propacmx.com\\\/?s={search_term_string}\"},\"query-input\":{\"@type\":\"PropertyValueSpecification\",\"valueRequired\":true,\"valueName\":\"search_term_string\"}}],\"inLanguage\":\"en-US\"},{\"@type\":\"Organization\",\"@id\":\"https:\\\/\\\/propacmx.com\\\/#organization\",\"name\":\"PRO PAC Professional Packaging Systems\",\"url\":\"https:\\\/\\\/propacmx.com\\\/\",\"logo\":{\"@type\":\"ImageObject\",\"inLanguage\":\"en-US\",\"@id\":\"https:\\\/\\\/propacmx.com\\\/#\\\/schema\\\/logo\\\/image\\\/\",\"url\":\"\\\/wp-content\\\/uploads\\\/2025\\\/04\\\/PRO-PAC-MEXICO.webp\",\"contentUrl\":\"\\\/wp-content\\\/uploads\\\/2025\\\/04\\\/PRO-PAC-MEXICO.webp\",\"width\":1563,\"height\":1563,\"caption\":\"PRO PAC Professional Packaging Systems\"},\"image\":{\"@id\":\"https:\\\/\\\/propacmx.com\\\/#\\\/schema\\\/logo\\\/image\\\/\"}}]}<\/script>\n<meta property=\"product:brand\" content=\"All Packaging Machinery\" \/>\n<meta property=\"product:price:currency\" content=\"MXN\" \/>\n<meta property=\"og:availability\" content=\"instock\" \/>\n<meta property=\"product:availability\" content=\"instock\" \/>\n<meta property=\"product:retailer_item_id\" content=\"prod-009\" \/>\n<meta property=\"product:condition\" content=\"new\" \/>\n<!-- \/ Yoast SEO Premium plugin. -->","yoast_head_json":{"title":"VBS-3\/8-DH-10-VALIDATE - Selladora Vertical Rotativa Validable","description":"\u2b50 VBS-3\/8-DH-10-VALIDATE - Selladora Vertical Rotativa Validable de Alta Velocidad, dise\u00f1ada para maximizar la eficiencia de empaque.","robots":{"index":"index","follow":"follow","max-snippet":"max-snippet:-1","max-image-preview":"max-image-preview:large","max-video-preview":"max-video-preview:-1"},"canonical":"https:\/\/propacmx.com\/en\/product\/vbs-3-8-dh-10-validate-selladora-vertical-rotativa-valiable\/","og_locale":"en_US","og_type":"article","og_title":"VBS-3\/8-DH-10-VALIDATE - Selladora Vertical Rotativa Validable de Alta Velocidad","og_description":"\u2b50 VBS-3\/8-DH-10-VALIDATE - Selladora Vertical Rotativa Validable de Alta Velocidad, dise\u00f1ada para maximizar la eficiencia de empaque.","og_url":"https:\/\/propacmx.com\/en\/product\/vbs-3-8-dh-10-validate-selladora-vertical-rotativa-valiable\/","og_site_name":"Professional Packaging Systems","article_modified_time":"2025-04-23T00:37:40+00:00","og_image":[{"width":1563,"height":1563,"url":"https:\/\/propacmx.com\/wp-content\/uploads\/2025\/04\/VBS-3_8-DH-10-VALIDATE.webp","type":"image\/webp"}],"twitter_card":"summary_large_image","twitter_misc":{"Price":"","Availability":"In stock"},"schema":{"@context":"https:\/\/schema.org","@graph":[{"@type":"WebPage","@id":"https:\/\/propacmx.com\/product\/vbs-3-8-dh-10-validate-selladora-vertical-rotativa-valiable\/","url":"https:\/\/propacmx.com\/product\/vbs-3-8-dh-10-validate-selladora-vertical-rotativa-valiable\/","name":"VBS-3\/8-DH-10-VALIDATE - Selladora Vertical Rotativa Validable","isPartOf":{"@id":"https:\/\/propacmx.com\/#website"},"primaryImageOfPage":{"@id":"https:\/\/propacmx.com\/product\/vbs-3-8-dh-10-validate-selladora-vertical-rotativa-valiable\/#primaryimage"},"image":{"@id":"https:\/\/propacmx.com\/product\/vbs-3-8-dh-10-validate-selladora-vertical-rotativa-valiable\/#primaryimage"},"thumbnailUrl":"https:\/\/propacmx.com\/wp-content\/uploads\/2025\/04\/VBS-3_8-DH-10-VALIDATE.webp","datePublished":"2025-04-20T00:40:46+00:00","dateModified":"2025-04-23T00:37:40+00:00","description":"\u2b50 VBS-3\/8-DH-10-VALIDATE - Selladora Vertical Rotativa Validable de Alta Velocidad, dise\u00f1ada para maximizar la eficiencia de empaque.","breadcrumb":{"@id":"https:\/\/propacmx.com\/product\/vbs-3-8-dh-10-validate-selladora-vertical-rotativa-valiable\/#breadcrumb"},"inLanguage":"en-US","potentialAction":[{"@type":"ReadAction","target":["https:\/\/propacmx.com\/product\/vbs-3-8-dh-10-validate-selladora-vertical-rotativa-valiable\/"]}]},{"@type":"ImageObject","inLanguage":"en-US","@id":"https:\/\/propacmx.com\/product\/vbs-3-8-dh-10-validate-selladora-vertical-rotativa-valiable\/#primaryimage","url":"https:\/\/propacmx.com\/wp-content\/uploads\/2025\/04\/VBS-3_8-DH-10-VALIDATE.webp","contentUrl":"https:\/\/propacmx.com\/wp-content\/uploads\/2025\/04\/VBS-3_8-DH-10-VALIDATE.webp","width":1563,"height":1563,"caption":"VBS-3\/8-DH-10-VALIDATE - Selladora Vertical Rotativa Validable de Alta Velocidad"},{"@type":"BreadcrumbList","@id":"https:\/\/propacmx.com\/product\/vbs-3-8-dh-10-validate-selladora-vertical-rotativa-valiable\/#breadcrumb","itemListElement":[{"@type":"ListItem","position":1,"name":"Home","item":"https:\/\/propacmx.com\/"},{"@type":"ListItem","position":2,"name":"Tienda","item":"https:\/\/propacmx.com\/tienda\/"},{"@type":"ListItem","position":3,"name":"VBS-3\/8-DH-10-VALIDATE &#8211; Selladora Vertical Rotativa Validable de Alta Velocidad"}]},{"@type":"WebSite","@id":"https:\/\/propacmx.com\/#website","url":"https:\/\/propacmx.com\/","name":"PRO PAC Professional Packaging Systems","description":"PROPAC is your strategic partner in packaging. We combine quality, service and technology to optimize your logistics processes.","publisher":{"@id":"https:\/\/propacmx.com\/#organization"},"potentialAction":[{"@type":"SearchAction","target":{"@type":"EntryPoint","urlTemplate":"https:\/\/propacmx.com\/?s={search_term_string}"},"query-input":{"@type":"PropertyValueSpecification","valueRequired":true,"valueName":"search_term_string"}}],"inLanguage":"en-US"},{"@type":"Organization","@id":"https:\/\/propacmx.com\/#organization","name":"PRO PAC Professional Packaging Systems","url":"https:\/\/propacmx.com\/","logo":{"@type":"ImageObject","inLanguage":"en-US","@id":"https:\/\/propacmx.com\/#\/schema\/logo\/image\/","url":"\/wp-content\/uploads\/2025\/04\/PRO-PAC-MEXICO.webp","contentUrl":"\/wp-content\/uploads\/2025\/04\/PRO-PAC-MEXICO.webp","width":1563,"height":1563,"caption":"PRO PAC Professional Packaging Systems"},"image":{"@id":"https:\/\/propacmx.com\/#\/schema\/logo\/image\/"}}]},"product_brand":"All Packaging Machinery","product_price_currency":"MXN","og_availability":"instock","product_availability":"instock","product_retailer_item_id":"prod-009","product_condition":"new"},"_links":{"self":[{"href":"https:\/\/propacmx.com\/en\/wp-json\/wp\/v2\/product\/13657","targetHints":{"allow":["GET"]}}],"collection":[{"href":"https:\/\/propacmx.com\/en\/wp-json\/wp\/v2\/product"}],"about":[{"href":"https:\/\/propacmx.com\/en\/wp-json\/wp\/v2\/types\/product"}],"wp:featuredmedia":[{"embeddable":true,"href":"https:\/\/propacmx.com\/en\/wp-json\/wp\/v2\/media\/13880"}],"wp:attachment":[{"href":"https:\/\/propacmx.com\/en\/wp-json\/wp\/v2\/media?parent=13657"}],"wp:term":[{"taxonomy":"product_brand","embeddable":true,"href":"https:\/\/propacmx.com\/en\/wp-json\/wp\/v2\/product_brand?post=13657"},{"taxonomy":"product_cat","embeddable":true,"href":"https:\/\/propacmx.com\/en\/wp-json\/wp\/v2\/product_cat?post=13657"},{"taxonomy":"product_tag","embeddable":true,"href":"https:\/\/propacmx.com\/en\/wp-json\/wp\/v2\/product_tag?post=13657"}],"curies":[{"name":"wp","href":"https:\/\/api.w.org\/{rel}","templated":true}]}}