{"id":13656,"date":"2025-04-20T00:40:33","date_gmt":"2025-04-20T00:40:33","guid":{"rendered":"https:\/\/blanchedalmond-dinosaur-273996.hostingersite.com\/?post_type=product&#038;p=13656"},"modified":"2025-04-23T00:32:37","modified_gmt":"2025-04-23T00:32:37","slug":"vbs-3-8-dh-10-vertical-band-sealers-industrial-sealers-and-loaders","status":"publish","type":"product","link":"https:\/\/propacmx.com\/en\/product\/vbs-3-8-dh-10-selladoras-de-banda-vertical-selladoras-y-cargadores-industriales\/","title":{"rendered":"VBS-3\/8-DH-10 - Heavy Duty Vertical Continuous Band Sealing Machine"},"content":{"rendered":"<p class=\"\" data-start=\"659\" data-end=\"1136\">The <strong data-start=\"662\" data-end=\"679\">VBS-3\/8-DH-10<\/strong> from <strong data-start=\"683\" data-end=\"690\">APM<\/strong> is a <strong data-start=\"698\" data-end=\"758\">heavy duty vertical continuous band sealer<\/strong>, specially designed to work with <strong data-start=\"801\" data-end=\"836\">difficult packaging materials<\/strong>, such as Tyvek, foil\/polyethylene, polylaminates, among others. Its design incorporates <strong data-start=\"916\" data-end=\"967\">two 5\u2033 heating zones (10\u2033 total).<\/strong> y <strong data-start=\"970\" data-end=\"1020\">two 5\u2033 cooling zones (10\u2033 total)<\/strong>, This enables precise control of the process and ensures <strong data-start=\"1086\" data-end=\"1135\">hermetic seals of medical or technical quality<\/strong>.<\/p>\n<p class=\"\" data-start=\"1138\" data-end=\"1453\">Equipped with <strong data-start=\"1151\" data-end=\"1180\">dual thermal controls<\/strong>, This machine allows independent adjustment for each set of resistors, which provides greater flexibility in handling different types of materials or thicknesses. This machine <strong data-start=\"1357\" data-end=\"1392\">does not trim the edge of the bag<\/strong>, which makes it perfect for clean, residue-free sealing.<\/p>\n<p class=\"\" data-start=\"1455\" data-end=\"1655\">The VBS-3\/8-DH-10 comes mounted on a <strong data-start=\"1495\" data-end=\"1525\">heavy-duty floor stand<\/strong>, with height adjustment by means of <strong data-start=\"1557\" data-end=\"1580\">crank type crank<\/strong>, and can easily be placed on top of existing undercarriages.<\/p>\n<h3 data-start=\"1662\" data-end=\"1697\"><\/h3>\n<h3 class=\"\" data-start=\"1662\" data-end=\"1697\"><strong data-start=\"1666\" data-end=\"1697\">Outstanding features:<\/strong><\/h3>\n<ul data-start=\"1699\" data-end=\"2546\">\n<li class=\"\" data-start=\"1699\" data-end=\"1785\">\n<p class=\"\" data-start=\"1701\" data-end=\"1785\"><strong data-start=\"1701\" data-end=\"1752\">High performance vertical band sealer<\/strong>, ideal for difficult materials<\/p>\n<\/li>\n<li class=\"\" data-start=\"1786\" data-end=\"1871\">\n<p class=\"\" data-start=\"1788\" data-end=\"1871\"><strong data-start=\"1788\" data-end=\"1850\">Two 5\u2033 heat zones + two 5\u2033 cooling zones.<\/strong> (10\u201d total each)<\/p>\n<\/li>\n<li class=\"\" data-start=\"1872\" data-end=\"1971\">\n<p class=\"\" data-start=\"1874\" data-end=\"1971\"><strong data-start=\"1874\" data-end=\"1898\">Dual thermal control<\/strong> to adjust the front and rear heating separately<\/p>\n<\/li>\n<li class=\"\" data-start=\"1972\" data-end=\"2017\">\n<p class=\"\" data-start=\"1974\" data-end=\"2017\">Speeds up to <strong data-start=\"1995\" data-end=\"2017\">45 feet per minute<\/strong><\/p>\n<\/li>\n<li class=\"\" data-start=\"2018\" data-end=\"2084\">\n<p class=\"\" data-start=\"2020\" data-end=\"2084\"><strong data-start=\"2020\" data-end=\"2071\">1\/8\u201d, 1\/4\u201d or 3\/8\u201d wide airtight seals<\/strong>, without trimming<\/p>\n<\/li>\n<li class=\"\" data-start=\"2085\" data-end=\"2140\">\n<p class=\"\" data-start=\"2087\" data-end=\"2140\">Teflon laminated belts <strong data-start=\"2113\" data-end=\"2140\">wear-resistant<\/strong><\/p>\n<\/li>\n<li class=\"\" data-start=\"2141\" data-end=\"2185\">\n<p class=\"\" data-start=\"2143\" data-end=\"2185\">Sealing temperature up to <strong data-start=\"2175\" data-end=\"2185\">450 \u00b0F<\/strong><\/p>\n<\/li>\n<li class=\"\" data-start=\"2186\" data-end=\"2267\">\n<p class=\"\" data-start=\"2188\" data-end=\"2267\"><strong data-start=\"2188\" data-end=\"2218\">Chrome-plated sealing bars<\/strong> and nickel-plated quenching and cooling for maximum durability<\/p>\n<\/li>\n<li class=\"\" data-start=\"2268\" data-end=\"2335\">\n<p class=\"\" data-start=\"2270\" data-end=\"2335\"><strong data-start=\"2270\" data-end=\"2335\">Anodized aluminum construction and stainless steel shafts<\/strong><\/p>\n<\/li>\n<li class=\"\" data-start=\"2336\" data-end=\"2391\">\n<p class=\"\" data-start=\"2338\" data-end=\"2391\"><strong data-start=\"2338\" data-end=\"2381\">Mounted on adjustable floor stand<\/strong> in height<\/p>\n<\/li>\n<li class=\"\" data-start=\"2392\" data-end=\"2439\">\n<p class=\"\" data-start=\"2394\" data-end=\"2439\">Can be placed on existing conveyor<\/p>\n<\/li>\n<li class=\"\" data-start=\"2440\" data-end=\"2463\">\n<p class=\"\" data-start=\"2442\" data-end=\"2463\"><strong data-start=\"2442\" data-end=\"2463\">USDA approved<\/strong><\/p>\n<\/li>\n<li class=\"\" data-start=\"2464\" data-end=\"2495\">\n<p class=\"\" data-start=\"2466\" data-end=\"2495\">No compressed air required<\/p>\n<\/li>\n<li class=\"\" data-start=\"2496\" data-end=\"2546\">\n<p class=\"\" data-start=\"2498\" data-end=\"2546\">Power supply: <strong data-start=\"2522\" data-end=\"2546\">110 VAC, 10 A, 60 Hz<\/strong><\/p>\n<\/li>\n<\/ul>\n<h3 data-start=\"2553\" data-end=\"2591\"><\/h3>\n<h3 class=\"\" data-start=\"2553\" data-end=\"2591\"><strong data-start=\"2557\" data-end=\"2591\">Compatibility with materials:<\/strong><\/h3>\n<ul data-start=\"2593\" data-end=\"2711\">\n<li class=\"\" data-start=\"2593\" data-end=\"2613\">\n<p class=\"\" data-start=\"2595\" data-end=\"2613\">Polyethylene (PE)<\/p>\n<\/li>\n<li class=\"\" data-start=\"2614\" data-end=\"2636\">\n<p class=\"\" data-start=\"2616\" data-end=\"2636\">Polypropylene (PP)<\/p>\n<\/li>\n<li class=\"\" data-start=\"2637\" data-end=\"2649\">\n<p class=\"\" data-start=\"2639\" data-end=\"2649\">Kraft\/PE<\/p>\n<\/li>\n<li class=\"\" data-start=\"2650\" data-end=\"2659\">\n<p class=\"\" data-start=\"2652\" data-end=\"2659\">Tyvek<\/p>\n<\/li>\n<li class=\"\" data-start=\"2660\" data-end=\"2673\">\n<p class=\"\" data-start=\"2662\" data-end=\"2673\">Polymylar<\/p>\n<\/li>\n<li class=\"\" data-start=\"2674\" data-end=\"2685\">\n<p class=\"\" data-start=\"2676\" data-end=\"2685\">Foil\/PE<\/p>\n<\/li>\n<li class=\"\" data-start=\"2686\" data-end=\"2703\">\n<p class=\"\" data-start=\"2688\" data-end=\"2703\">Polylaminates<\/p>\n<\/li>\n<li class=\"\" data-start=\"2704\" data-end=\"2711\">\n<p class=\"\" data-start=\"2706\" data-end=\"2711\">Nylon<\/p>\n<\/li>\n<\/ul>\n<p data-start=\"2718\" data-end=\"3092\">\n<p class=\"\" data-start=\"2718\" data-end=\"3092\">The <strong data-start=\"2721\" data-end=\"2738\">VBS-3\/8-DH-10<\/strong> is an excellent choice for sealing operations that require <strong data-start=\"2807\" data-end=\"2844\">precision, strength and reliability<\/strong>, The system can be used in industries such as medical, food, pharmaceutical, electronics or technical product manufacturing. Its rugged design and thermal validation capabilities make it a professional and durable solution for demanding production lines.<\/p>","protected":false},"excerpt":{"rendered":"<p class=\"\" data-start=\"314\" data-end=\"609\">The <strong data-start=\"317\" data-end=\"334\">VBS-3\/8-DH-10<\/strong> is a <strong data-start=\"342\" data-end=\"393\">heavy duty vertical band sealer<\/strong>, designed for difficult-to-seal bag materials. With dual heat and cooling zones, dual thermal control and robust construction, it ensures consistent hermetic seals even under demanding conditions.<\/p>","protected":false},"featured_media":13874,"template":"","meta":[],"product_brand":[198],"product_cat":[123],"product_tag":[117,124,118],"class_list":{"0":"post-13656","1":"product","2":"type-product","3":"status-publish","4":"has-post-thumbnail","6":"product_brand-all-packaging-machinery","7":"product_cat-selladoras-de-banda-vertical","8":"product_tag-maquinaria-de-empaque","9":"product_tag-selladoras-de-banda-vertical","10":"product_tag-selladoras-industriales","12":"first","13":"instock","14":"shipping-taxable","15":"product-type-simple"},"yoast_head":"<!-- This site is optimized with the Yoast SEO Premium plugin v24.3 (Yoast SEO v27.6) - https:\/\/yoast.com\/product\/yoast-seo-premium-wordpress\/ -->\n<title>VBS-3\/8-DH-10 - Selladora Vertical de Banda Continua<\/title>\n<meta name=\"description\" content=\"\u2b50 VBS-3\/8-DH-10 - Selladora Vertical de Banda Continua de Alta Resistencia. Selladora vertical con doble calor para un sellado reforzado.\" \/>\n<meta name=\"robots\" content=\"index, follow, max-snippet:-1, max-image-preview:large, max-video-preview:-1\" \/>\n<link rel=\"canonical\" href=\"https:\/\/propacmx.com\/en\/product\/vbs-3-8-dh-10-vertical-band-sealers-industrial-sealers-and-loaders\/\" \/>\n<meta property=\"og:locale\" content=\"en_US\" \/>\n<meta property=\"og:type\" content=\"article\" \/>\n<meta property=\"og:title\" content=\"VBS-3\/8-DH-10 - Selladora Vertical de Banda Continua de Alta Resistencia\" \/>\n<meta property=\"og:description\" content=\"\u2b50 VBS-3\/8-DH-10 - Selladora Vertical de Banda Continua de Alta Resistencia. Selladora vertical con doble calor para un sellado reforzado.\" \/>\n<meta property=\"og:url\" content=\"https:\/\/propacmx.com\/en\/product\/vbs-3-8-dh-10-vertical-band-sealers-industrial-sealers-and-loaders\/\" \/>\n<meta property=\"og:site_name\" content=\"Professional Packaging Systems\" \/>\n<meta property=\"article:modified_time\" content=\"2025-04-23T00:32:37+00:00\" \/>\n<meta property=\"og:image\" content=\"https:\/\/propacmx.com\/wp-content\/uploads\/2025\/04\/VBS-3_8-DH-10_15.webp\" \/>\n\t<meta property=\"og:image:width\" content=\"1563\" \/>\n\t<meta property=\"og:image:height\" content=\"1563\" \/>\n\t<meta property=\"og:image:type\" content=\"image\/webp\" \/>\n<meta name=\"twitter:card\" content=\"summary_large_image\" \/>\n<meta name=\"twitter:label1\" content=\"Price\" \/>\n\t<meta name=\"twitter:data1\" content=\"\" \/>\n\t<meta name=\"twitter:label2\" content=\"Availability\" \/>\n\t<meta name=\"twitter:data2\" content=\"In stock\" \/>\n<script type=\"application\/ld+json\" class=\"yoast-schema-graph\">{\"@context\":\"https:\\\/\\\/schema.org\",\"@graph\":[{\"@type\":\"WebPage\",\"@id\":\"https:\\\/\\\/propacmx.com\\\/product\\\/vbs-3-8-dh-10-selladoras-de-banda-vertical-selladoras-y-cargadores-industriales\\\/\",\"url\":\"https:\\\/\\\/propacmx.com\\\/product\\\/vbs-3-8-dh-10-selladoras-de-banda-vertical-selladoras-y-cargadores-industriales\\\/\",\"name\":\"VBS-3\\\/8-DH-10 - Selladora Vertical de Banda Continua\",\"isPartOf\":{\"@id\":\"https:\\\/\\\/propacmx.com\\\/#website\"},\"primaryImageOfPage\":{\"@id\":\"https:\\\/\\\/propacmx.com\\\/product\\\/vbs-3-8-dh-10-selladoras-de-banda-vertical-selladoras-y-cargadores-industriales\\\/#primaryimage\"},\"image\":{\"@id\":\"https:\\\/\\\/propacmx.com\\\/product\\\/vbs-3-8-dh-10-selladoras-de-banda-vertical-selladoras-y-cargadores-industriales\\\/#primaryimage\"},\"thumbnailUrl\":\"https:\\\/\\\/propacmx.com\\\/wp-content\\\/uploads\\\/2025\\\/04\\\/VBS-3_8-DH-10_15.webp\",\"datePublished\":\"2025-04-20T00:40:33+00:00\",\"dateModified\":\"2025-04-23T00:32:37+00:00\",\"description\":\"\u2b50 VBS-3\\\/8-DH-10 - Selladora Vertical de Banda Continua de Alta Resistencia. Selladora vertical con doble calor para un sellado reforzado.\",\"breadcrumb\":{\"@id\":\"https:\\\/\\\/propacmx.com\\\/product\\\/vbs-3-8-dh-10-selladoras-de-banda-vertical-selladoras-y-cargadores-industriales\\\/#breadcrumb\"},\"inLanguage\":\"en-US\",\"potentialAction\":[{\"@type\":\"ReadAction\",\"target\":[\"https:\\\/\\\/propacmx.com\\\/product\\\/vbs-3-8-dh-10-selladoras-de-banda-vertical-selladoras-y-cargadores-industriales\\\/\"]}]},{\"@type\":\"ImageObject\",\"inLanguage\":\"en-US\",\"@id\":\"https:\\\/\\\/propacmx.com\\\/product\\\/vbs-3-8-dh-10-selladoras-de-banda-vertical-selladoras-y-cargadores-industriales\\\/#primaryimage\",\"url\":\"https:\\\/\\\/propacmx.com\\\/wp-content\\\/uploads\\\/2025\\\/04\\\/VBS-3_8-DH-10_15.webp\",\"contentUrl\":\"https:\\\/\\\/propacmx.com\\\/wp-content\\\/uploads\\\/2025\\\/04\\\/VBS-3_8-DH-10_15.webp\",\"width\":1563,\"height\":1563,\"caption\":\"VBS-3\\\/8-DH-10 - Selladora Vertical de Banda Continua de Alta Resistencia\"},{\"@type\":\"BreadcrumbList\",\"@id\":\"https:\\\/\\\/propacmx.com\\\/product\\\/vbs-3-8-dh-10-selladoras-de-banda-vertical-selladoras-y-cargadores-industriales\\\/#breadcrumb\",\"itemListElement\":[{\"@type\":\"ListItem\",\"position\":1,\"name\":\"Home\",\"item\":\"https:\\\/\\\/propacmx.com\\\/\"},{\"@type\":\"ListItem\",\"position\":2,\"name\":\"Tienda\",\"item\":\"https:\\\/\\\/propacmx.com\\\/tienda\\\/\"},{\"@type\":\"ListItem\",\"position\":3,\"name\":\"VBS-3\\\/8-DH-10 &#8211; Selladora Vertical de Banda Continua de Alta Resistencia\"}]},{\"@type\":\"WebSite\",\"@id\":\"https:\\\/\\\/propacmx.com\\\/#website\",\"url\":\"https:\\\/\\\/propacmx.com\\\/\",\"name\":\"PRO PAC Professional Packaging Systems\",\"description\":\"PROPAC es tu socio estrat\u00e9gico en empaques. Combinamos calidad, servicio y tecnolog\u00eda para optimizar tus procesos log\u00edsticos.\",\"publisher\":{\"@id\":\"https:\\\/\\\/propacmx.com\\\/#organization\"},\"potentialAction\":[{\"@type\":\"SearchAction\",\"target\":{\"@type\":\"EntryPoint\",\"urlTemplate\":\"https:\\\/\\\/propacmx.com\\\/?s={search_term_string}\"},\"query-input\":{\"@type\":\"PropertyValueSpecification\",\"valueRequired\":true,\"valueName\":\"search_term_string\"}}],\"inLanguage\":\"en-US\"},{\"@type\":\"Organization\",\"@id\":\"https:\\\/\\\/propacmx.com\\\/#organization\",\"name\":\"PRO PAC Professional Packaging Systems\",\"url\":\"https:\\\/\\\/propacmx.com\\\/\",\"logo\":{\"@type\":\"ImageObject\",\"inLanguage\":\"en-US\",\"@id\":\"https:\\\/\\\/propacmx.com\\\/#\\\/schema\\\/logo\\\/image\\\/\",\"url\":\"\\\/wp-content\\\/uploads\\\/2025\\\/04\\\/PRO-PAC-MEXICO.webp\",\"contentUrl\":\"\\\/wp-content\\\/uploads\\\/2025\\\/04\\\/PRO-PAC-MEXICO.webp\",\"width\":1563,\"height\":1563,\"caption\":\"PRO PAC Professional Packaging Systems\"},\"image\":{\"@id\":\"https:\\\/\\\/propacmx.com\\\/#\\\/schema\\\/logo\\\/image\\\/\"}}]}<\/script>\n<meta property=\"product:brand\" content=\"All Packaging Machinery\" \/>\n<meta property=\"product:price:currency\" content=\"MXN\" \/>\n<meta property=\"og:availability\" content=\"instock\" \/>\n<meta property=\"product:availability\" content=\"instock\" \/>\n<meta property=\"product:retailer_item_id\" content=\"prod-008\" \/>\n<meta property=\"product:condition\" content=\"new\" \/>\n<!-- \/ Yoast SEO Premium plugin. -->","yoast_head_json":{"title":"VBS-3\/8-DH-10 - Vertical Continuous Band Sealing Machine","description":"\u2b50 VBS-3\/8-DH-10 - Heavy Duty Vertical Continuous Band Sealer. Vertical sealer with dual heat for reinforced sealing.","robots":{"index":"index","follow":"follow","max-snippet":"max-snippet:-1","max-image-preview":"max-image-preview:large","max-video-preview":"max-video-preview:-1"},"canonical":"https:\/\/propacmx.com\/en\/product\/vbs-3-8-dh-10-vertical-band-sealers-industrial-sealers-and-loaders\/","og_locale":"en_US","og_type":"article","og_title":"VBS-3\/8-DH-10 - Selladora Vertical de Banda Continua de Alta Resistencia","og_description":"\u2b50 VBS-3\/8-DH-10 - Selladora Vertical de Banda Continua de Alta Resistencia. Selladora vertical con doble calor para un sellado reforzado.","og_url":"https:\/\/propacmx.com\/en\/product\/vbs-3-8-dh-10-vertical-band-sealers-industrial-sealers-and-loaders\/","og_site_name":"Professional Packaging Systems","article_modified_time":"2025-04-23T00:32:37+00:00","og_image":[{"width":1563,"height":1563,"url":"https:\/\/propacmx.com\/wp-content\/uploads\/2025\/04\/VBS-3_8-DH-10_15.webp","type":"image\/webp"}],"twitter_card":"summary_large_image","twitter_misc":{"Price":"","Availability":"In stock"},"schema":{"@context":"https:\/\/schema.org","@graph":[{"@type":"WebPage","@id":"https:\/\/propacmx.com\/product\/vbs-3-8-dh-10-selladoras-de-banda-vertical-selladoras-y-cargadores-industriales\/","url":"https:\/\/propacmx.com\/product\/vbs-3-8-dh-10-selladoras-de-banda-vertical-selladoras-y-cargadores-industriales\/","name":"VBS-3\/8-DH-10 - Vertical Continuous Band Sealing Machine","isPartOf":{"@id":"https:\/\/propacmx.com\/#website"},"primaryImageOfPage":{"@id":"https:\/\/propacmx.com\/product\/vbs-3-8-dh-10-selladoras-de-banda-vertical-selladoras-y-cargadores-industriales\/#primaryimage"},"image":{"@id":"https:\/\/propacmx.com\/product\/vbs-3-8-dh-10-selladoras-de-banda-vertical-selladoras-y-cargadores-industriales\/#primaryimage"},"thumbnailUrl":"https:\/\/propacmx.com\/wp-content\/uploads\/2025\/04\/VBS-3_8-DH-10_15.webp","datePublished":"2025-04-20T00:40:33+00:00","dateModified":"2025-04-23T00:32:37+00:00","description":"\u2b50 VBS-3\/8-DH-10 - Heavy Duty Vertical Continuous Band Sealer. Vertical sealer with dual heat for reinforced sealing.","breadcrumb":{"@id":"https:\/\/propacmx.com\/product\/vbs-3-8-dh-10-selladoras-de-banda-vertical-selladoras-y-cargadores-industriales\/#breadcrumb"},"inLanguage":"en-US","potentialAction":[{"@type":"ReadAction","target":["https:\/\/propacmx.com\/product\/vbs-3-8-dh-10-selladoras-de-banda-vertical-selladoras-y-cargadores-industriales\/"]}]},{"@type":"ImageObject","inLanguage":"en-US","@id":"https:\/\/propacmx.com\/product\/vbs-3-8-dh-10-selladoras-de-banda-vertical-selladoras-y-cargadores-industriales\/#primaryimage","url":"https:\/\/propacmx.com\/wp-content\/uploads\/2025\/04\/VBS-3_8-DH-10_15.webp","contentUrl":"https:\/\/propacmx.com\/wp-content\/uploads\/2025\/04\/VBS-3_8-DH-10_15.webp","width":1563,"height":1563,"caption":"VBS-3\/8-DH-10 - Selladora Vertical de Banda Continua de Alta Resistencia"},{"@type":"BreadcrumbList","@id":"https:\/\/propacmx.com\/product\/vbs-3-8-dh-10-selladoras-de-banda-vertical-selladoras-y-cargadores-industriales\/#breadcrumb","itemListElement":[{"@type":"ListItem","position":1,"name":"Home","item":"https:\/\/propacmx.com\/"},{"@type":"ListItem","position":2,"name":"Tienda","item":"https:\/\/propacmx.com\/tienda\/"},{"@type":"ListItem","position":3,"name":"VBS-3\/8-DH-10 &#8211; Selladora Vertical de Banda Continua de Alta Resistencia"}]},{"@type":"WebSite","@id":"https:\/\/propacmx.com\/#website","url":"https:\/\/propacmx.com\/","name":"PRO PAC Professional Packaging Systems","description":"PROPAC is your strategic partner in packaging. We combine quality, service and technology to optimize your logistics processes.","publisher":{"@id":"https:\/\/propacmx.com\/#organization"},"potentialAction":[{"@type":"SearchAction","target":{"@type":"EntryPoint","urlTemplate":"https:\/\/propacmx.com\/?s={search_term_string}"},"query-input":{"@type":"PropertyValueSpecification","valueRequired":true,"valueName":"search_term_string"}}],"inLanguage":"en-US"},{"@type":"Organization","@id":"https:\/\/propacmx.com\/#organization","name":"PRO PAC Professional Packaging Systems","url":"https:\/\/propacmx.com\/","logo":{"@type":"ImageObject","inLanguage":"en-US","@id":"https:\/\/propacmx.com\/#\/schema\/logo\/image\/","url":"\/wp-content\/uploads\/2025\/04\/PRO-PAC-MEXICO.webp","contentUrl":"\/wp-content\/uploads\/2025\/04\/PRO-PAC-MEXICO.webp","width":1563,"height":1563,"caption":"PRO PAC Professional Packaging Systems"},"image":{"@id":"https:\/\/propacmx.com\/#\/schema\/logo\/image\/"}}]},"product_brand":"All Packaging Machinery","product_price_currency":"MXN","og_availability":"instock","product_availability":"instock","product_retailer_item_id":"prod-008","product_condition":"new"},"_links":{"self":[{"href":"https:\/\/propacmx.com\/en\/wp-json\/wp\/v2\/product\/13656","targetHints":{"allow":["GET"]}}],"collection":[{"href":"https:\/\/propacmx.com\/en\/wp-json\/wp\/v2\/product"}],"about":[{"href":"https:\/\/propacmx.com\/en\/wp-json\/wp\/v2\/types\/product"}],"wp:featuredmedia":[{"embeddable":true,"href":"https:\/\/propacmx.com\/en\/wp-json\/wp\/v2\/media\/13874"}],"wp:attachment":[{"href":"https:\/\/propacmx.com\/en\/wp-json\/wp\/v2\/media?parent=13656"}],"wp:term":[{"taxonomy":"product_brand","embeddable":true,"href":"https:\/\/propacmx.com\/en\/wp-json\/wp\/v2\/product_brand?post=13656"},{"taxonomy":"product_cat","embeddable":true,"href":"https:\/\/propacmx.com\/en\/wp-json\/wp\/v2\/product_cat?post=13656"},{"taxonomy":"product_tag","embeddable":true,"href":"https:\/\/propacmx.com\/en\/wp-json\/wp\/v2\/product_tag?post=13656"}],"curies":[{"name":"wp","href":"https:\/\/api.w.org\/{rel}","templated":true}]}}