{"id":13655,"date":"2025-04-20T00:40:33","date_gmt":"2025-04-20T00:40:33","guid":{"rendered":"https:\/\/blanchedalmond-dinosaur-273996.hostingersite.com\/?post_type=product&#038;p=13655"},"modified":"2025-04-23T00:27:49","modified_gmt":"2025-04-23T00:27:49","slug":"vbs-3-8-selladoras-de-banda-vertical-selladoras-y-cargadores-industriales","status":"publish","type":"product","link":"https:\/\/propacmx.com\/en\/product\/vbs-3-8-selladoras-de-banda-vertical-selladoras-y-cargadores-industriales\/","title":{"rendered":"VBS-3\/8 - Vertical Rotary Band Sealer Without Product Holder"},"content":{"rendered":"<p class=\"\" data-start=\"673\" data-end=\"1019\">The <strong data-start=\"676\" data-end=\"687\">VBS-3\/8<\/strong> from <strong data-start=\"691\" data-end=\"698\">APM<\/strong> is a <strong data-start=\"706\" data-end=\"746\">selladora de banda vertical continua<\/strong>, dise\u00f1ada para sellar productos de hasta <strong data-start=\"788\" data-end=\"805\">1 libra o m\u00e1s<\/strong>, sin necesidad de un transportador integrado. Esta unidad port\u00e1til se monta sobre un pedestal ajustable de <strong data-start=\"913\" data-end=\"933\">4 pies de altura<\/strong>, lo que permite colocarla sobre l\u00edneas de producci\u00f3n o transportadores ya existentes.<\/p>\n<p class=\"\" data-start=\"1021\" data-end=\"1310\">El modelo est\u00e1 aprobado por el <strong data-start=\"1052\" data-end=\"1060\">USDA<\/strong> y ofrece <strong data-start=\"1070\" data-end=\"1121\">sellos herm\u00e9ticos de 1\/8&#8243;, 1\/4&#8243; o 3\/8&#8243; de ancho<\/strong>, sin necesidad de recorte. Funciona con una amplia gama de materiales termosellables y cuenta con <strong data-start=\"1220\" data-end=\"1269\">bandas de tefl\u00f3n laminado de alta resistencia<\/strong> que aseguran durabilidad y consistencia.<\/p>\n<p class=\"\" data-start=\"1312\" data-end=\"1638\">Opera a velocidades de hasta <strong data-start=\"1341\" data-end=\"1363\">45 feet per minute<\/strong>, con un motorreductor <strong data-start=\"1386\" data-end=\"1405\">ultrasilencioso<\/strong> y control digital de temperatura <strong data-start=\"1439\" data-end=\"1455\">PID Autotune<\/strong>, que garantiza sellados uniformes a temperaturas de hasta <strong data-start=\"1514\" data-end=\"1532\">450 \u00b0F (\u00b12 \u00b0F)<\/strong>. Su dise\u00f1o es completamente <strong data-start=\"1561\" data-end=\"1589\">libre de aire comprimido<\/strong>, lo que facilita su instalaci\u00f3n y mantenimiento.<\/p>\n<h3 data-start=\"1645\" data-end=\"1680\"><\/h3>\n<h3 class=\"\" data-start=\"1645\" data-end=\"1680\"><strong data-start=\"1649\" data-end=\"1680\">Outstanding features:<\/strong><\/h3>\n<ul data-start=\"1682\" data-end=\"2482\">\n<li class=\"\" data-start=\"1682\" data-end=\"1752\">\n<p class=\"\" data-start=\"1684\" data-end=\"1752\"><strong data-start=\"1684\" data-end=\"1724\">Sistema de sellado vertical port\u00e1til<\/strong> sin transportador integrado<\/p>\n<\/li>\n<li class=\"\" data-start=\"1753\" data-end=\"1814\">\n<p class=\"\" data-start=\"1755\" data-end=\"1814\">Montado sobre un <strong data-start=\"1772\" data-end=\"1794\">pedestal de 4 pies<\/strong> de altura ajustable<\/p>\n<\/li>\n<li class=\"\" data-start=\"1815\" data-end=\"1869\">\n<p class=\"\" data-start=\"1817\" data-end=\"1869\">Velocidad de sellado de hasta <strong data-start=\"1847\" data-end=\"1869\">45 feet per minute<\/strong><\/p>\n<\/li>\n<li class=\"\" data-start=\"1870\" data-end=\"1950\">\n<p class=\"\" data-start=\"1872\" data-end=\"1950\"><strong data-start=\"1872\" data-end=\"1905\">Sellado herm\u00e9tico sin recorte<\/strong>, ideal para Tyvek, foil, coextrusiones y m\u00e1s<\/p>\n<\/li>\n<li class=\"\" data-start=\"1951\" data-end=\"2022\">\n<p class=\"\" data-start=\"1953\" data-end=\"2022\">Bandas de <strong data-start=\"1963\" data-end=\"1998\">tefl\u00f3n reforzado de 1\u201d de ancho<\/strong> wear-resistant<\/p>\n<\/li>\n<li class=\"\" data-start=\"2023\" data-end=\"2080\">\n<p class=\"\" data-start=\"2025\" data-end=\"2080\"><strong data-start=\"2025\" data-end=\"2071\">Zona de calentamiento y enfriamiento de 5\u201d<\/strong> cada una<\/p>\n<\/li>\n<li class=\"\" data-start=\"2081\" data-end=\"2177\">\n<p class=\"\" data-start=\"2083\" data-end=\"2177\"><strong data-start=\"2083\" data-end=\"2113\">Chrome-plated sealing bars<\/strong> y <strong data-start=\"2116\" data-end=\"2153\">barras de enfriamiento niqueladas<\/strong> para m\u00e1xima durabilidad<\/p>\n<\/li>\n<li class=\"\" data-start=\"2178\" data-end=\"2231\">\n<p class=\"\" data-start=\"2180\" data-end=\"2231\">Control digital de temperatura con <strong data-start=\"2215\" data-end=\"2231\">PID autotune<\/strong><\/p>\n<\/li>\n<li class=\"\" data-start=\"2232\" data-end=\"2302\">\n<p class=\"\" data-start=\"2234\" data-end=\"2302\">Compatible con productos de hasta 1 libra o m\u00e1s, seg\u00fan tipo de bolsa<\/p>\n<\/li>\n<li class=\"\" data-start=\"2303\" data-end=\"2362\">\n<p class=\"\" data-start=\"2305\" data-end=\"2362\">Construcci\u00f3n en <strong data-start=\"2321\" data-end=\"2362\">aluminio anodizado y acero inoxidable<\/strong><\/p>\n<\/li>\n<li class=\"\" data-start=\"2363\" data-end=\"2397\">\n<p class=\"\" data-start=\"2365\" data-end=\"2397\">Operaci\u00f3n <strong data-start=\"2375\" data-end=\"2397\">sin humo ni olores<\/strong><\/p>\n<\/li>\n<li class=\"\" data-start=\"2398\" data-end=\"2448\">\n<p class=\"\" data-start=\"2400\" data-end=\"2448\">Power supply: <strong data-start=\"2424\" data-end=\"2448\">110 VAC, 10 A, 60 Hz<\/strong><\/p>\n<\/li>\n<li class=\"\" data-start=\"2449\" data-end=\"2482\">\n<p class=\"\" data-start=\"2451\" data-end=\"2482\"><strong data-start=\"2451\" data-end=\"2482\">No compressed air required<\/strong><\/p>\n<\/li>\n<\/ul>\n<h3 data-start=\"2489\" data-end=\"2526\"><\/h3>\n<h3 class=\"\" data-start=\"2489\" data-end=\"2526\"><strong data-start=\"2493\" data-end=\"2526\">Compatibilidad de materiales:<\/strong><\/h3>\n<ul data-start=\"2528\" data-end=\"2721\">\n<li class=\"\" data-start=\"2528\" data-end=\"2548\">\n<p class=\"\" data-start=\"2530\" data-end=\"2548\">Polyethylene (PE)<\/p>\n<\/li>\n<li class=\"\" data-start=\"2549\" data-end=\"2571\">\n<p class=\"\" data-start=\"2551\" data-end=\"2571\">Polypropylene (PP)<\/p>\n<\/li>\n<li class=\"\" data-start=\"2572\" data-end=\"2585\">\n<p class=\"\" data-start=\"2574\" data-end=\"2585\">Poli\u00e9ster<\/p>\n<\/li>\n<li class=\"\" data-start=\"2586\" data-end=\"2598\">\n<p class=\"\" data-start=\"2588\" data-end=\"2598\">Kraft\/PE<\/p>\n<\/li>\n<li class=\"\" data-start=\"2599\" data-end=\"2608\">\n<p class=\"\" data-start=\"2601\" data-end=\"2608\">Tyvek<\/p>\n<\/li>\n<li class=\"\" data-start=\"2609\" data-end=\"2622\">\n<p class=\"\" data-start=\"2611\" data-end=\"2622\">Polymylar<\/p>\n<\/li>\n<li class=\"\" data-start=\"2623\" data-end=\"2634\">\n<p class=\"\" data-start=\"2625\" data-end=\"2634\">Foil\/PE<\/p>\n<\/li>\n<li class=\"\" data-start=\"2635\" data-end=\"2646\">\n<p class=\"\" data-start=\"2637\" data-end=\"2646\">Cryovac<\/p>\n<\/li>\n<li class=\"\" data-start=\"2647\" data-end=\"2664\">\n<p class=\"\" data-start=\"2649\" data-end=\"2664\">Coextrusiones<\/p>\n<\/li>\n<li class=\"\" data-start=\"2665\" data-end=\"2682\">\n<p class=\"\" data-start=\"2667\" data-end=\"2682\">Polylaminates<\/p>\n<\/li>\n<li class=\"\" data-start=\"2683\" data-end=\"2692\">\n<p class=\"\" data-start=\"2685\" data-end=\"2692\">Nylon<\/p>\n<\/li>\n<li class=\"\" data-start=\"2693\" data-end=\"2721\">\n<p class=\"\" data-start=\"2695\" data-end=\"2721\">Especificaciones militares<\/p>\n<\/li>\n<\/ul>\n<h3 data-start=\"2728\" data-end=\"2757\"><\/h3>\n<h3 class=\"\" data-start=\"2728\" data-end=\"2757\"><strong data-start=\"2732\" data-end=\"2757\">Opciones disponibles:<\/strong><\/h3>\n<ul data-start=\"2759\" data-end=\"2908\">\n<li class=\"\" data-start=\"2759\" data-end=\"2812\">\n<p class=\"\" data-start=\"2761\" data-end=\"2812\">Codificador por embosado para marcaje de producto<\/p>\n<\/li>\n<li class=\"\" data-start=\"2813\" data-end=\"2860\">\n<p class=\"\" data-start=\"2815\" data-end=\"2860\">Adaptaci\u00f3n sobre transportadores existentes<\/p>\n<\/li>\n<li class=\"\" data-start=\"2861\" data-end=\"2908\">\n<p class=\"\" data-start=\"2863\" data-end=\"2908\">Configuraciones personalizadas bajo solicitud<\/p>\n<\/li>\n<\/ul>\n<p class=\"\" data-start=\"2915\" data-end=\"3223\">The <strong data-start=\"2918\" data-end=\"2929\">VBS-3\/8<\/strong> es ideal para l\u00edneas de producci\u00f3n que buscan una <strong data-start=\"2980\" data-end=\"3022\">soluci\u00f3n vertical eficiente y flexible<\/strong>, sin complicaciones t\u00e9cnicas ni aire comprimido. Su dise\u00f1o robusto, silencioso y validable la convierte en una excelente opci\u00f3n para la industria alimentaria, m\u00e9dica, electr\u00f3nica y de empaque t\u00e9cnico.<\/p>","protected":false},"excerpt":{"rendered":"<p class=\"\" data-start=\"314\" data-end=\"623\">The <strong data-start=\"317\" data-end=\"328\">VBS-3\/8<\/strong> is a <strong data-start=\"336\" data-end=\"400\">selladora vertical rotativa de banda sin soporte de producto<\/strong>, montada sobre un pedestal ajustable de 4 pies de altura. Sella materiales exigentes con precisi\u00f3n, alcanzando hasta 45 pies por minuto, sin necesidad de aire comprimido. Ideal para operar sobre transportadores existentes.<\/p>","protected":false},"featured_media":13871,"template":"","meta":[],"product_brand":[198],"product_cat":[123],"product_tag":[117,202,124,118],"class_list":{"0":"post-13655","1":"product","2":"type-product","3":"status-publish","4":"has-post-thumbnail","6":"product_brand-all-packaging-machinery","7":"product_cat-selladoras-de-banda-vertical","8":"product_tag-maquinaria-de-empaque","9":"product_tag-selladora-vertical-rotativa-de-banda","10":"product_tag-selladoras-de-banda-vertical","11":"product_tag-selladoras-industriales","13":"first","14":"instock","15":"shipping-taxable","16":"product-type-simple"},"yoast_head":"<!-- This site is optimized with the Yoast SEO Premium plugin v24.3 (Yoast SEO v27.6) - https:\/\/yoast.com\/product\/yoast-seo-premium-wordpress\/ -->\n<title>VBS-3\/8 - Selladora Vertical Rotativa de Banda<\/title>\n<meta name=\"description\" content=\"VBS-3\/8 - Selladora Vertical Rotativa de Banda Sin Soporte de Producto, dise\u00f1ada para maximizar la eficiencia de empaque.\" \/>\n<meta name=\"robots\" content=\"index, follow, max-snippet:-1, max-image-preview:large, max-video-preview:-1\" \/>\n<link rel=\"canonical\" href=\"https:\/\/propacmx.com\/en\/product\/vbs-3-8-selladoras-de-banda-vertical-selladoras-y-cargadores-industriales\/\" \/>\n<meta property=\"og:locale\" content=\"en_US\" \/>\n<meta property=\"og:type\" content=\"article\" \/>\n<meta property=\"og:title\" content=\"VBS-3\/8 - Selladora Vertical Rotativa de Banda Sin Soporte de Producto\" \/>\n<meta property=\"og:description\" content=\"VBS-3\/8 - Selladora Vertical Rotativa de Banda Sin Soporte de Producto, dise\u00f1ada para maximizar la eficiencia de empaque.\" \/>\n<meta property=\"og:url\" content=\"https:\/\/propacmx.com\/en\/product\/vbs-3-8-selladoras-de-banda-vertical-selladoras-y-cargadores-industriales\/\" \/>\n<meta property=\"og:site_name\" content=\"Professional Packaging Systems\" \/>\n<meta property=\"article:modified_time\" content=\"2025-04-23T00:27:49+00:00\" \/>\n<meta property=\"og:image\" content=\"https:\/\/propacmx.com\/wp-content\/uploads\/2025\/04\/VBS-3_8_14.webp\" \/>\n\t<meta property=\"og:image:width\" content=\"1563\" \/>\n\t<meta property=\"og:image:height\" content=\"1563\" \/>\n\t<meta property=\"og:image:type\" content=\"image\/webp\" \/>\n<meta name=\"twitter:card\" content=\"summary_large_image\" \/>\n<meta name=\"twitter:label1\" content=\"Price\" \/>\n\t<meta name=\"twitter:data1\" content=\"\" \/>\n\t<meta name=\"twitter:label2\" content=\"Availability\" \/>\n\t<meta name=\"twitter:data2\" content=\"In stock\" \/>\n<script type=\"application\/ld+json\" class=\"yoast-schema-graph\">{\"@context\":\"https:\\\/\\\/schema.org\",\"@graph\":[{\"@type\":\"WebPage\",\"@id\":\"https:\\\/\\\/propacmx.com\\\/product\\\/vbs-3-8-selladoras-de-banda-vertical-selladoras-y-cargadores-industriales\\\/\",\"url\":\"https:\\\/\\\/propacmx.com\\\/product\\\/vbs-3-8-selladoras-de-banda-vertical-selladoras-y-cargadores-industriales\\\/\",\"name\":\"VBS-3\\\/8 - Selladora Vertical Rotativa de Banda\",\"isPartOf\":{\"@id\":\"https:\\\/\\\/propacmx.com\\\/#website\"},\"primaryImageOfPage\":{\"@id\":\"https:\\\/\\\/propacmx.com\\\/product\\\/vbs-3-8-selladoras-de-banda-vertical-selladoras-y-cargadores-industriales\\\/#primaryimage\"},\"image\":{\"@id\":\"https:\\\/\\\/propacmx.com\\\/product\\\/vbs-3-8-selladoras-de-banda-vertical-selladoras-y-cargadores-industriales\\\/#primaryimage\"},\"thumbnailUrl\":\"https:\\\/\\\/propacmx.com\\\/wp-content\\\/uploads\\\/2025\\\/04\\\/VBS-3_8_14.webp\",\"datePublished\":\"2025-04-20T00:40:33+00:00\",\"dateModified\":\"2025-04-23T00:27:49+00:00\",\"description\":\"VBS-3\\\/8 - Selladora Vertical Rotativa de Banda Sin Soporte de Producto, dise\u00f1ada para maximizar la eficiencia de empaque.\",\"breadcrumb\":{\"@id\":\"https:\\\/\\\/propacmx.com\\\/product\\\/vbs-3-8-selladoras-de-banda-vertical-selladoras-y-cargadores-industriales\\\/#breadcrumb\"},\"inLanguage\":\"en-US\",\"potentialAction\":[{\"@type\":\"ReadAction\",\"target\":[\"https:\\\/\\\/propacmx.com\\\/product\\\/vbs-3-8-selladoras-de-banda-vertical-selladoras-y-cargadores-industriales\\\/\"]}]},{\"@type\":\"ImageObject\",\"inLanguage\":\"en-US\",\"@id\":\"https:\\\/\\\/propacmx.com\\\/product\\\/vbs-3-8-selladoras-de-banda-vertical-selladoras-y-cargadores-industriales\\\/#primaryimage\",\"url\":\"https:\\\/\\\/propacmx.com\\\/wp-content\\\/uploads\\\/2025\\\/04\\\/VBS-3_8_14.webp\",\"contentUrl\":\"https:\\\/\\\/propacmx.com\\\/wp-content\\\/uploads\\\/2025\\\/04\\\/VBS-3_8_14.webp\",\"width\":1563,\"height\":1563,\"caption\":\"VBS-3\\\/8 - Selladora Vertical Rotativa de Banda Sin Soporte de Producto\"},{\"@type\":\"BreadcrumbList\",\"@id\":\"https:\\\/\\\/propacmx.com\\\/product\\\/vbs-3-8-selladoras-de-banda-vertical-selladoras-y-cargadores-industriales\\\/#breadcrumb\",\"itemListElement\":[{\"@type\":\"ListItem\",\"position\":1,\"name\":\"Home\",\"item\":\"https:\\\/\\\/propacmx.com\\\/\"},{\"@type\":\"ListItem\",\"position\":2,\"name\":\"Tienda\",\"item\":\"https:\\\/\\\/propacmx.com\\\/tienda\\\/\"},{\"@type\":\"ListItem\",\"position\":3,\"name\":\"VBS-3\\\/8 &#8211; Selladora Vertical Rotativa de Banda Sin Soporte de Producto\"}]},{\"@type\":\"WebSite\",\"@id\":\"https:\\\/\\\/propacmx.com\\\/#website\",\"url\":\"https:\\\/\\\/propacmx.com\\\/\",\"name\":\"PRO PAC Professional Packaging Systems\",\"description\":\"PROPAC es tu socio estrat\u00e9gico en empaques. Combinamos calidad, servicio y tecnolog\u00eda para optimizar tus procesos log\u00edsticos.\",\"publisher\":{\"@id\":\"https:\\\/\\\/propacmx.com\\\/#organization\"},\"potentialAction\":[{\"@type\":\"SearchAction\",\"target\":{\"@type\":\"EntryPoint\",\"urlTemplate\":\"https:\\\/\\\/propacmx.com\\\/?s={search_term_string}\"},\"query-input\":{\"@type\":\"PropertyValueSpecification\",\"valueRequired\":true,\"valueName\":\"search_term_string\"}}],\"inLanguage\":\"en-US\"},{\"@type\":\"Organization\",\"@id\":\"https:\\\/\\\/propacmx.com\\\/#organization\",\"name\":\"PRO PAC Professional Packaging Systems\",\"url\":\"https:\\\/\\\/propacmx.com\\\/\",\"logo\":{\"@type\":\"ImageObject\",\"inLanguage\":\"en-US\",\"@id\":\"https:\\\/\\\/propacmx.com\\\/#\\\/schema\\\/logo\\\/image\\\/\",\"url\":\"\\\/wp-content\\\/uploads\\\/2025\\\/04\\\/PRO-PAC-MEXICO.webp\",\"contentUrl\":\"\\\/wp-content\\\/uploads\\\/2025\\\/04\\\/PRO-PAC-MEXICO.webp\",\"width\":1563,\"height\":1563,\"caption\":\"PRO PAC Professional Packaging Systems\"},\"image\":{\"@id\":\"https:\\\/\\\/propacmx.com\\\/#\\\/schema\\\/logo\\\/image\\\/\"}}]}<\/script>\n<meta property=\"product:brand\" content=\"All Packaging Machinery\" \/>\n<meta property=\"product:price:currency\" content=\"MXN\" \/>\n<meta property=\"og:availability\" content=\"instock\" \/>\n<meta property=\"product:availability\" content=\"instock\" \/>\n<meta property=\"product:retailer_item_id\" content=\"prod-007\" \/>\n<meta property=\"product:condition\" content=\"new\" \/>\n<!-- \/ Yoast SEO Premium plugin. -->","yoast_head_json":{"title":"VBS-3\/8 - Selladora Vertical Rotativa de Banda","description":"VBS-3\/8 - Selladora Vertical Rotativa de Banda Sin Soporte de Producto, dise\u00f1ada para maximizar la eficiencia de empaque.","robots":{"index":"index","follow":"follow","max-snippet":"max-snippet:-1","max-image-preview":"max-image-preview:large","max-video-preview":"max-video-preview:-1"},"canonical":"https:\/\/propacmx.com\/en\/product\/vbs-3-8-selladoras-de-banda-vertical-selladoras-y-cargadores-industriales\/","og_locale":"en_US","og_type":"article","og_title":"VBS-3\/8 - Selladora Vertical Rotativa de Banda Sin Soporte de Producto","og_description":"VBS-3\/8 - Selladora Vertical Rotativa de Banda Sin Soporte de Producto, dise\u00f1ada para maximizar la eficiencia de empaque.","og_url":"https:\/\/propacmx.com\/en\/product\/vbs-3-8-selladoras-de-banda-vertical-selladoras-y-cargadores-industriales\/","og_site_name":"Professional Packaging Systems","article_modified_time":"2025-04-23T00:27:49+00:00","og_image":[{"width":1563,"height":1563,"url":"https:\/\/propacmx.com\/wp-content\/uploads\/2025\/04\/VBS-3_8_14.webp","type":"image\/webp"}],"twitter_card":"summary_large_image","twitter_misc":{"Price":"","Availability":"In stock"},"schema":{"@context":"https:\/\/schema.org","@graph":[{"@type":"WebPage","@id":"https:\/\/propacmx.com\/product\/vbs-3-8-selladoras-de-banda-vertical-selladoras-y-cargadores-industriales\/","url":"https:\/\/propacmx.com\/product\/vbs-3-8-selladoras-de-banda-vertical-selladoras-y-cargadores-industriales\/","name":"VBS-3\/8 - Selladora Vertical Rotativa de Banda","isPartOf":{"@id":"https:\/\/propacmx.com\/#website"},"primaryImageOfPage":{"@id":"https:\/\/propacmx.com\/product\/vbs-3-8-selladoras-de-banda-vertical-selladoras-y-cargadores-industriales\/#primaryimage"},"image":{"@id":"https:\/\/propacmx.com\/product\/vbs-3-8-selladoras-de-banda-vertical-selladoras-y-cargadores-industriales\/#primaryimage"},"thumbnailUrl":"https:\/\/propacmx.com\/wp-content\/uploads\/2025\/04\/VBS-3_8_14.webp","datePublished":"2025-04-20T00:40:33+00:00","dateModified":"2025-04-23T00:27:49+00:00","description":"VBS-3\/8 - Selladora Vertical Rotativa de Banda Sin Soporte de Producto, dise\u00f1ada para maximizar la eficiencia de empaque.","breadcrumb":{"@id":"https:\/\/propacmx.com\/product\/vbs-3-8-selladoras-de-banda-vertical-selladoras-y-cargadores-industriales\/#breadcrumb"},"inLanguage":"en-US","potentialAction":[{"@type":"ReadAction","target":["https:\/\/propacmx.com\/product\/vbs-3-8-selladoras-de-banda-vertical-selladoras-y-cargadores-industriales\/"]}]},{"@type":"ImageObject","inLanguage":"en-US","@id":"https:\/\/propacmx.com\/product\/vbs-3-8-selladoras-de-banda-vertical-selladoras-y-cargadores-industriales\/#primaryimage","url":"https:\/\/propacmx.com\/wp-content\/uploads\/2025\/04\/VBS-3_8_14.webp","contentUrl":"https:\/\/propacmx.com\/wp-content\/uploads\/2025\/04\/VBS-3_8_14.webp","width":1563,"height":1563,"caption":"VBS-3\/8 - Selladora Vertical Rotativa de Banda Sin Soporte de Producto"},{"@type":"BreadcrumbList","@id":"https:\/\/propacmx.com\/product\/vbs-3-8-selladoras-de-banda-vertical-selladoras-y-cargadores-industriales\/#breadcrumb","itemListElement":[{"@type":"ListItem","position":1,"name":"Home","item":"https:\/\/propacmx.com\/"},{"@type":"ListItem","position":2,"name":"Tienda","item":"https:\/\/propacmx.com\/tienda\/"},{"@type":"ListItem","position":3,"name":"VBS-3\/8 &#8211; Selladora Vertical Rotativa de Banda Sin Soporte de Producto"}]},{"@type":"WebSite","@id":"https:\/\/propacmx.com\/#website","url":"https:\/\/propacmx.com\/","name":"PRO PAC Professional Packaging Systems","description":"PROPAC is your strategic partner in packaging. We combine quality, service and technology to optimize your logistics processes.","publisher":{"@id":"https:\/\/propacmx.com\/#organization"},"potentialAction":[{"@type":"SearchAction","target":{"@type":"EntryPoint","urlTemplate":"https:\/\/propacmx.com\/?s={search_term_string}"},"query-input":{"@type":"PropertyValueSpecification","valueRequired":true,"valueName":"search_term_string"}}],"inLanguage":"en-US"},{"@type":"Organization","@id":"https:\/\/propacmx.com\/#organization","name":"PRO PAC Professional Packaging Systems","url":"https:\/\/propacmx.com\/","logo":{"@type":"ImageObject","inLanguage":"en-US","@id":"https:\/\/propacmx.com\/#\/schema\/logo\/image\/","url":"\/wp-content\/uploads\/2025\/04\/PRO-PAC-MEXICO.webp","contentUrl":"\/wp-content\/uploads\/2025\/04\/PRO-PAC-MEXICO.webp","width":1563,"height":1563,"caption":"PRO PAC Professional Packaging Systems"},"image":{"@id":"https:\/\/propacmx.com\/#\/schema\/logo\/image\/"}}]},"product_brand":"All Packaging Machinery","product_price_currency":"MXN","og_availability":"instock","product_availability":"instock","product_retailer_item_id":"prod-007","product_condition":"new"},"_links":{"self":[{"href":"https:\/\/propacmx.com\/en\/wp-json\/wp\/v2\/product\/13655","targetHints":{"allow":["GET"]}}],"collection":[{"href":"https:\/\/propacmx.com\/en\/wp-json\/wp\/v2\/product"}],"about":[{"href":"https:\/\/propacmx.com\/en\/wp-json\/wp\/v2\/types\/product"}],"wp:featuredmedia":[{"embeddable":true,"href":"https:\/\/propacmx.com\/en\/wp-json\/wp\/v2\/media\/13871"}],"wp:attachment":[{"href":"https:\/\/propacmx.com\/en\/wp-json\/wp\/v2\/media?parent=13655"}],"wp:term":[{"taxonomy":"product_brand","embeddable":true,"href":"https:\/\/propacmx.com\/en\/wp-json\/wp\/v2\/product_brand?post=13655"},{"taxonomy":"product_cat","embeddable":true,"href":"https:\/\/propacmx.com\/en\/wp-json\/wp\/v2\/product_cat?post=13655"},{"taxonomy":"product_tag","embeddable":true,"href":"https:\/\/propacmx.com\/en\/wp-json\/wp\/v2\/product_tag?post=13655"}],"curies":[{"name":"wp","href":"https:\/\/api.w.org\/{rel}","templated":true}]}}