{"id":13654,"date":"2025-04-20T00:40:33","date_gmt":"2025-04-20T00:40:33","guid":{"rendered":"https:\/\/blanchedalmond-dinosaur-273996.hostingersite.com\/?post_type=product&#038;p=13654"},"modified":"2025-04-23T00:18:58","modified_gmt":"2025-04-23T00:18:58","slug":"vcbsdm-3-8-6-x-5-selladora-vertical-rotativa-de-banda","status":"publish","type":"product","link":"https:\/\/propacmx.com\/en\/product\/vcbsdm-3-8-6-x-5-selladora-vertical-rotativa-de-banda\/","title":{"rendered":"VCBSDM-3\/8 6\u201d x 5\u2019 - Vertical Continuous Band Rotary Sealer"},"content":{"rendered":"<p class=\"\" data-start=\"665\" data-end=\"1046\">The <strong data-start=\"668\" data-end=\"690\">VCBSDM-3\/8 6\u201d x 5\u2019<\/strong> from <strong data-start=\"694\" data-end=\"701\">APM<\/strong> is a <strong data-start=\"709\" data-end=\"749\">selladora de banda vertical rotativa<\/strong> dise\u00f1ada para aplicaciones de alto rendimiento en sellado de bolsas preformadas. Est\u00e1 equipada con un <strong data-start=\"852\" data-end=\"927\">transportador de arrastre sincronizado de 6\u201d de ancho x 5 pies de largo<\/strong>, velocidad variable y <strong data-start=\"950\" data-end=\"996\">rieles gu\u00eda de acero inoxidable ajustables<\/strong>, ideal para productos que pesan m\u00e1s de una libra.<\/p>\n<p class=\"\" data-start=\"1048\" data-end=\"1332\">Esta m\u00e1quina proporciona <strong data-start=\"1073\" data-end=\"1124\">sellos herm\u00e9ticos de 1\/8&#8243;, 1\/4&#8243; o 3\/8&#8243; de ancho<\/strong>, utilizando <strong data-start=\"1137\" data-end=\"1190\">bandas de tefl\u00f3n laminado resistentes al desgaste<\/strong>, y alcanza velocidades de hasta <strong data-start=\"1223\" data-end=\"1259\">540 pulgadas por minuto (45 fpm)<\/strong> gracias a su motor de engranaje silencioso con doble inversor trif\u00e1sico.<\/p>\n<p class=\"\" data-start=\"1334\" data-end=\"1669\">El sistema incorpora <strong data-start=\"1355\" data-end=\"1431\">zona de calentamiento de 5 pulgadas y zona de enfriamiento de 5 pulgadas<\/strong>, lo que brinda mayor flexibilidad para sellar materiales dif\u00edciles. El <strong data-start=\"1503\" data-end=\"1554\">control digital de temperatura con PID Autotune<\/strong> asegura una distribuci\u00f3n t\u00e9rmica constante hasta <strong data-start=\"1604\" data-end=\"1614\">450 \u00b0F<\/strong>, garantizando un sellado seguro, uniforme y validable.<\/p>\n<h3 data-start=\"1676\" data-end=\"1711\"><\/h3>\n<h3 class=\"\" data-start=\"1676\" data-end=\"1711\"><strong data-start=\"1680\" data-end=\"1711\">Outstanding features:<\/strong><\/h3>\n<ul data-start=\"1713\" data-end=\"2382\">\n<li class=\"\" data-start=\"1713\" data-end=\"1821\">\n<p class=\"\" data-start=\"1715\" data-end=\"1821\"><strong data-start=\"1715\" data-end=\"1754\">\u00c1rea de sellado ajustable en altura<\/strong> con manivela para adaptar la m\u00e1quina a diferentes tama\u00f1os de bolsa<\/p>\n<\/li>\n<li class=\"\" data-start=\"1822\" data-end=\"1896\">\n<p class=\"\" data-start=\"1824\" data-end=\"1896\"><strong data-start=\"1824\" data-end=\"1862\">Transportador de soporte integrado<\/strong> de 6\u201d x 5\u2019 con velocidad variable<\/p>\n<\/li>\n<li class=\"\" data-start=\"1897\" data-end=\"1976\">\n<p class=\"\" data-start=\"1899\" data-end=\"1976\">Sellado herm\u00e9tico de alta calidad para materiales complejos o de grado m\u00e9dico<\/p>\n<\/li>\n<li class=\"\" data-start=\"1977\" data-end=\"2020\">\n<p class=\"\" data-start=\"1979\" data-end=\"2020\">Velocidad de hasta <strong data-start=\"1998\" data-end=\"2020\">45 feet per minute<\/strong><\/p>\n<\/li>\n<li class=\"\" data-start=\"2021\" data-end=\"2076\">\n<p class=\"\" data-start=\"2023\" data-end=\"2076\"><strong data-start=\"2023\" data-end=\"2076\">Bandas de tefl\u00f3n laminado resistentes al desgaste<\/strong><\/p>\n<\/li>\n<li class=\"\" data-start=\"2077\" data-end=\"2158\">\n<p class=\"\" data-start=\"2079\" data-end=\"2158\"><strong data-start=\"2079\" data-end=\"2117\">Control de temperatura digital PID<\/strong> para calor constante y sellos confiables<\/p>\n<\/li>\n<li class=\"\" data-start=\"2159\" data-end=\"2255\">\n<p class=\"\" data-start=\"2161\" data-end=\"2255\"><strong data-start=\"2161\" data-end=\"2191\">Chrome-plated sealing bars<\/strong> y <strong data-start=\"2194\" data-end=\"2231\">barras de enfriamiento niqueladas<\/strong> para m\u00e1xima resistencia<\/p>\n<\/li>\n<li class=\"\" data-start=\"2256\" data-end=\"2301\">\n<p class=\"\" data-start=\"2258\" data-end=\"2301\">Construcci\u00f3n robusta, aprobada por <strong data-start=\"2293\" data-end=\"2301\">USDA<\/strong><\/p>\n<\/li>\n<li class=\"\" data-start=\"2302\" data-end=\"2352\">\n<p class=\"\" data-start=\"2304\" data-end=\"2352\">Power supply: <strong data-start=\"2328\" data-end=\"2352\">110 VAC, 10 A, 60 Hz<\/strong><\/p>\n<\/li>\n<li class=\"\" data-start=\"2353\" data-end=\"2382\">\n<p class=\"\" data-start=\"2355\" data-end=\"2382\">No compressed air required<\/p>\n<\/li>\n<\/ul>\n<h3 data-start=\"2389\" data-end=\"2426\"><\/h3>\n<h3 class=\"\" data-start=\"2389\" data-end=\"2426\"><strong data-start=\"2393\" data-end=\"2426\">Compatibilidad de materiales:<\/strong><\/h3>\n<ul data-start=\"2428\" data-end=\"2581\">\n<li class=\"\" data-start=\"2428\" data-end=\"2448\">\n<p class=\"\" data-start=\"2430\" data-end=\"2448\">Polyethylene (PE)<\/p>\n<\/li>\n<li class=\"\" data-start=\"2449\" data-end=\"2471\">\n<p class=\"\" data-start=\"2451\" data-end=\"2471\">Polypropylene (PP)<\/p>\n<\/li>\n<li class=\"\" data-start=\"2472\" data-end=\"2482\">\n<p class=\"\" data-start=\"2474\" data-end=\"2482\">Tyvek\u00ae<\/p>\n<\/li>\n<li class=\"\" data-start=\"2483\" data-end=\"2492\">\n<p class=\"\" data-start=\"2485\" data-end=\"2492\">Nylon<\/p>\n<\/li>\n<li class=\"\" data-start=\"2493\" data-end=\"2504\">\n<p class=\"\" data-start=\"2495\" data-end=\"2504\">Foil\/PE<\/p>\n<\/li>\n<li class=\"\" data-start=\"2505\" data-end=\"2547\">\n<p class=\"\" data-start=\"2507\" data-end=\"2547\">Papel con recubrimiento de polietileno<\/p>\n<\/li>\n<li class=\"\" data-start=\"2548\" data-end=\"2565\">\n<p class=\"\" data-start=\"2550\" data-end=\"2565\">Polylaminates<\/p>\n<\/li>\n<li class=\"\" data-start=\"2566\" data-end=\"2581\">\n<p class=\"\" data-start=\"2568\" data-end=\"2581\">Coextrusiones<\/p>\n<\/li>\n<\/ul>\n<h3 data-start=\"2588\" data-end=\"2617\"><\/h3>\n<h3 class=\"\" data-start=\"2588\" data-end=\"2617\"><strong data-start=\"2592\" data-end=\"2617\">Opciones disponibles:<\/strong><\/h3>\n<ul data-start=\"2619\" data-end=\"2951\">\n<li class=\"\" data-start=\"2619\" data-end=\"2647\">\n<p class=\"\" data-start=\"2621\" data-end=\"2647\">Motor de mayor velocidad<\/p>\n<\/li>\n<li class=\"\" data-start=\"2648\" data-end=\"2718\">\n<p class=\"\" data-start=\"2650\" data-end=\"2718\"><strong data-start=\"2650\" data-end=\"2679\">Transportador de rodillos<\/strong> para facilitar la carga de productos<\/p>\n<\/li>\n<li class=\"\" data-start=\"2719\" data-end=\"2794\">\n<p class=\"\" data-start=\"2721\" data-end=\"2794\"><strong data-start=\"2721\" data-end=\"2779\">Codificador por embosado o impresora de tinta caliente<\/strong> para marcado<\/p>\n<\/li>\n<li class=\"\" data-start=\"2795\" data-end=\"2836\">\n<p class=\"\" data-start=\"2797\" data-end=\"2836\"><strong data-start=\"2797\" data-end=\"2819\">Ruedas tipo caster<\/strong> para movilidad<\/p>\n<\/li>\n<li class=\"\" data-start=\"2837\" data-end=\"2894\">\n<p class=\"\" data-start=\"2839\" data-end=\"2894\">Adaptaciones para <strong data-start=\"2857\" data-end=\"2892\">bolsas tipo stand-up con zipper<\/strong><\/p>\n<\/li>\n<li class=\"\" data-start=\"2895\" data-end=\"2951\">\n<p class=\"\" data-start=\"2897\" data-end=\"2951\">Configuraciones personalizadas disponibles a solicitud<\/p>\n<\/li>\n<\/ul>\n<p class=\"\" data-start=\"2958\" data-end=\"3188\">The <strong data-start=\"2961\" data-end=\"2975\">VCBSDM-3\/8<\/strong> es la <strong data-start=\"2982\" data-end=\"3010\">est\u00e1ndar de la industria<\/strong> para empresas que necesitan sellar bolsas pesadas o complejas de manera <strong data-start=\"3083\" data-end=\"3113\">r\u00e1pida, higi\u00e9nica y segura<\/strong>, sin comprometer la integridad del producto ni la velocidad de producci\u00f3n.<\/p>","protected":false},"excerpt":{"rendered":"<p class=\"\" data-start=\"328\" data-end=\"615\">The <strong data-start=\"331\" data-end=\"353\">VCBSDM-3\/8 6\u201d x 5\u2019<\/strong> is a <strong data-start=\"361\" data-end=\"410\">vertical rotary continuous band sealer<\/strong>, equipada con transportador sincronizado y sistema de control digital de temperatura. Ideal para productos mayores a 1 libra, ofrece sellos herm\u00e9ticos de alta calidad en una amplia variedad de materiales.<\/p>","protected":false},"featured_media":13868,"template":"","meta":[],"product_brand":[],"product_cat":[123],"product_tag":[117,201,124,118],"class_list":{"0":"post-13654","1":"product","2":"type-product","3":"status-publish","4":"has-post-thumbnail","6":"product_cat-selladoras-de-banda-vertical","7":"product_tag-maquinaria-de-empaque","8":"product_tag-selladora-vertical-rotativa-de-banda-continua","9":"product_tag-selladoras-de-banda-vertical","10":"product_tag-selladoras-industriales","12":"first","13":"instock","14":"shipping-taxable","15":"product-type-simple"},"yoast_head":"<!-- This site is optimized with the Yoast SEO Premium plugin v24.3 (Yoast SEO v27.6) - https:\/\/yoast.com\/product\/yoast-seo-premium-wordpress\/ -->\n<title>VCBSDM-3\/8 6\u201d x 5\u2019 - Selladora Vertical Rotativa de Banda<\/title>\n<meta name=\"description\" content=\"VCBSDM-3\/8 6\u201d x 5\u2019 Selladora Vertical Rotativa de Banda, dise\u00f1ada para maximizar la eficiencia de empaque para l\u00edneas de producci\u00f3n continua.\" \/>\n<meta name=\"robots\" content=\"index, follow, max-snippet:-1, max-image-preview:large, max-video-preview:-1\" \/>\n<link rel=\"canonical\" href=\"https:\/\/propacmx.com\/en\/product\/vcbsdm-3-8-6-x-5-selladora-vertical-rotativa-de-banda\/\" \/>\n<meta property=\"og:locale\" content=\"en_US\" \/>\n<meta property=\"og:type\" content=\"article\" \/>\n<meta property=\"og:title\" content=\"VCBSDM-3\/8 6\u201d x 5\u2019 - Selladora Vertical Rotativa de Banda Continua\" \/>\n<meta property=\"og:description\" content=\"VCBSDM-3\/8 6\u201d x 5\u2019 Selladora Vertical Rotativa de Banda, dise\u00f1ada para maximizar la eficiencia de empaque para l\u00edneas de producci\u00f3n continua.\" \/>\n<meta property=\"og:url\" content=\"https:\/\/propacmx.com\/en\/product\/vcbsdm-3-8-6-x-5-selladora-vertical-rotativa-de-banda\/\" \/>\n<meta property=\"og:site_name\" content=\"Professional Packaging Systems\" \/>\n<meta property=\"article:modified_time\" content=\"2025-04-23T00:18:58+00:00\" \/>\n<meta property=\"og:image\" content=\"https:\/\/propacmx.com\/wp-content\/uploads\/2025\/04\/VCBSDM-3_8-6_-X-5\u00b4_20.webp\" \/>\n\t<meta property=\"og:image:width\" content=\"1563\" \/>\n\t<meta property=\"og:image:height\" content=\"1563\" \/>\n\t<meta property=\"og:image:type\" content=\"image\/webp\" \/>\n<meta name=\"twitter:card\" content=\"summary_large_image\" \/>\n<meta name=\"twitter:label1\" content=\"Price\" \/>\n\t<meta name=\"twitter:data1\" content=\"\" \/>\n\t<meta name=\"twitter:label2\" content=\"Availability\" \/>\n\t<meta name=\"twitter:data2\" content=\"In stock\" \/>\n<script type=\"application\/ld+json\" class=\"yoast-schema-graph\">{\"@context\":\"https:\\\/\\\/schema.org\",\"@graph\":[{\"@type\":\"WebPage\",\"@id\":\"https:\\\/\\\/propacmx.com\\\/product\\\/vcbsdm-3-8-6-x-5-selladora-vertical-rotativa-de-banda\\\/\",\"url\":\"https:\\\/\\\/propacmx.com\\\/product\\\/vcbsdm-3-8-6-x-5-selladora-vertical-rotativa-de-banda\\\/\",\"name\":\"VCBSDM-3\\\/8 6\u201d x 5\u2019 - Selladora Vertical Rotativa de Banda\",\"isPartOf\":{\"@id\":\"https:\\\/\\\/propacmx.com\\\/#website\"},\"primaryImageOfPage\":{\"@id\":\"https:\\\/\\\/propacmx.com\\\/product\\\/vcbsdm-3-8-6-x-5-selladora-vertical-rotativa-de-banda\\\/#primaryimage\"},\"image\":{\"@id\":\"https:\\\/\\\/propacmx.com\\\/product\\\/vcbsdm-3-8-6-x-5-selladora-vertical-rotativa-de-banda\\\/#primaryimage\"},\"thumbnailUrl\":\"https:\\\/\\\/propacmx.com\\\/wp-content\\\/uploads\\\/2025\\\/04\\\/VCBSDM-3_8-6_-X-5\u00b4_20.webp\",\"datePublished\":\"2025-04-20T00:40:33+00:00\",\"dateModified\":\"2025-04-23T00:18:58+00:00\",\"description\":\"VCBSDM-3\\\/8 6\u201d x 5\u2019 Selladora Vertical Rotativa de Banda, dise\u00f1ada para maximizar la eficiencia de empaque para l\u00edneas de producci\u00f3n continua.\",\"breadcrumb\":{\"@id\":\"https:\\\/\\\/propacmx.com\\\/product\\\/vcbsdm-3-8-6-x-5-selladora-vertical-rotativa-de-banda\\\/#breadcrumb\"},\"inLanguage\":\"en-US\",\"potentialAction\":[{\"@type\":\"ReadAction\",\"target\":[\"https:\\\/\\\/propacmx.com\\\/product\\\/vcbsdm-3-8-6-x-5-selladora-vertical-rotativa-de-banda\\\/\"]}]},{\"@type\":\"ImageObject\",\"inLanguage\":\"en-US\",\"@id\":\"https:\\\/\\\/propacmx.com\\\/product\\\/vcbsdm-3-8-6-x-5-selladora-vertical-rotativa-de-banda\\\/#primaryimage\",\"url\":\"https:\\\/\\\/propacmx.com\\\/wp-content\\\/uploads\\\/2025\\\/04\\\/VCBSDM-3_8-6_-X-5\u00b4_20.webp\",\"contentUrl\":\"https:\\\/\\\/propacmx.com\\\/wp-content\\\/uploads\\\/2025\\\/04\\\/VCBSDM-3_8-6_-X-5\u00b4_20.webp\",\"width\":1563,\"height\":1563,\"caption\":\"VCBSDM Selladora Vertical Rotativa de Banda Continua\"},{\"@type\":\"BreadcrumbList\",\"@id\":\"https:\\\/\\\/propacmx.com\\\/product\\\/vcbsdm-3-8-6-x-5-selladora-vertical-rotativa-de-banda\\\/#breadcrumb\",\"itemListElement\":[{\"@type\":\"ListItem\",\"position\":1,\"name\":\"Home\",\"item\":\"https:\\\/\\\/propacmx.com\\\/\"},{\"@type\":\"ListItem\",\"position\":2,\"name\":\"Tienda\",\"item\":\"https:\\\/\\\/propacmx.com\\\/tienda\\\/\"},{\"@type\":\"ListItem\",\"position\":3,\"name\":\"VCBSDM-3\\\/8 6\u201d x 5\u2019 &#8211; Selladora Vertical Rotativa de Banda Continua\"}]},{\"@type\":\"WebSite\",\"@id\":\"https:\\\/\\\/propacmx.com\\\/#website\",\"url\":\"https:\\\/\\\/propacmx.com\\\/\",\"name\":\"PRO PAC Professional Packaging Systems\",\"description\":\"PROPAC es tu socio estrat\u00e9gico en empaques. Combinamos calidad, servicio y tecnolog\u00eda para optimizar tus procesos log\u00edsticos.\",\"publisher\":{\"@id\":\"https:\\\/\\\/propacmx.com\\\/#organization\"},\"potentialAction\":[{\"@type\":\"SearchAction\",\"target\":{\"@type\":\"EntryPoint\",\"urlTemplate\":\"https:\\\/\\\/propacmx.com\\\/?s={search_term_string}\"},\"query-input\":{\"@type\":\"PropertyValueSpecification\",\"valueRequired\":true,\"valueName\":\"search_term_string\"}}],\"inLanguage\":\"en-US\"},{\"@type\":\"Organization\",\"@id\":\"https:\\\/\\\/propacmx.com\\\/#organization\",\"name\":\"PRO PAC Professional Packaging Systems\",\"url\":\"https:\\\/\\\/propacmx.com\\\/\",\"logo\":{\"@type\":\"ImageObject\",\"inLanguage\":\"en-US\",\"@id\":\"https:\\\/\\\/propacmx.com\\\/#\\\/schema\\\/logo\\\/image\\\/\",\"url\":\"\\\/wp-content\\\/uploads\\\/2025\\\/04\\\/PRO-PAC-MEXICO.webp\",\"contentUrl\":\"\\\/wp-content\\\/uploads\\\/2025\\\/04\\\/PRO-PAC-MEXICO.webp\",\"width\":1563,\"height\":1563,\"caption\":\"PRO PAC Professional Packaging Systems\"},\"image\":{\"@id\":\"https:\\\/\\\/propacmx.com\\\/#\\\/schema\\\/logo\\\/image\\\/\"}}]}<\/script>\n<meta property=\"product:price:currency\" content=\"MXN\" \/>\n<meta property=\"og:availability\" content=\"instock\" \/>\n<meta property=\"product:availability\" content=\"instock\" \/>\n<meta property=\"product:retailer_item_id\" content=\"prod-006\" \/>\n<meta property=\"product:condition\" content=\"new\" \/>\n<!-- \/ Yoast SEO Premium plugin. -->","yoast_head_json":{"title":"VCBSDM-3\/8 6\u201d x 5\u2019 - Selladora Vertical Rotativa de Banda","description":"VCBSDM-3\/8 6\u201d x 5\u2019 Selladora Vertical Rotativa de Banda, dise\u00f1ada para maximizar la eficiencia de empaque para l\u00edneas de producci\u00f3n continua.","robots":{"index":"index","follow":"follow","max-snippet":"max-snippet:-1","max-image-preview":"max-image-preview:large","max-video-preview":"max-video-preview:-1"},"canonical":"https:\/\/propacmx.com\/en\/product\/vcbsdm-3-8-6-x-5-selladora-vertical-rotativa-de-banda\/","og_locale":"en_US","og_type":"article","og_title":"VCBSDM-3\/8 6\u201d x 5\u2019 - Selladora Vertical Rotativa de Banda Continua","og_description":"VCBSDM-3\/8 6\u201d x 5\u2019 Selladora Vertical Rotativa de Banda, dise\u00f1ada para maximizar la eficiencia de empaque para l\u00edneas de producci\u00f3n continua.","og_url":"https:\/\/propacmx.com\/en\/product\/vcbsdm-3-8-6-x-5-selladora-vertical-rotativa-de-banda\/","og_site_name":"Professional Packaging Systems","article_modified_time":"2025-04-23T00:18:58+00:00","og_image":[{"width":1563,"height":1563,"url":"https:\/\/propacmx.com\/wp-content\/uploads\/2025\/04\/VCBSDM-3_8-6_-X-5\u00b4_20.webp","type":"image\/webp"}],"twitter_card":"summary_large_image","twitter_misc":{"Price":"","Availability":"In stock"},"schema":{"@context":"https:\/\/schema.org","@graph":[{"@type":"WebPage","@id":"https:\/\/propacmx.com\/product\/vcbsdm-3-8-6-x-5-selladora-vertical-rotativa-de-banda\/","url":"https:\/\/propacmx.com\/product\/vcbsdm-3-8-6-x-5-selladora-vertical-rotativa-de-banda\/","name":"VCBSDM-3\/8 6\u201d x 5\u2019 - Selladora Vertical Rotativa de Banda","isPartOf":{"@id":"https:\/\/propacmx.com\/#website"},"primaryImageOfPage":{"@id":"https:\/\/propacmx.com\/product\/vcbsdm-3-8-6-x-5-selladora-vertical-rotativa-de-banda\/#primaryimage"},"image":{"@id":"https:\/\/propacmx.com\/product\/vcbsdm-3-8-6-x-5-selladora-vertical-rotativa-de-banda\/#primaryimage"},"thumbnailUrl":"https:\/\/propacmx.com\/wp-content\/uploads\/2025\/04\/VCBSDM-3_8-6_-X-5\u00b4_20.webp","datePublished":"2025-04-20T00:40:33+00:00","dateModified":"2025-04-23T00:18:58+00:00","description":"VCBSDM-3\/8 6\u201d x 5\u2019 Selladora Vertical Rotativa de Banda, dise\u00f1ada para maximizar la eficiencia de empaque para l\u00edneas de producci\u00f3n continua.","breadcrumb":{"@id":"https:\/\/propacmx.com\/product\/vcbsdm-3-8-6-x-5-selladora-vertical-rotativa-de-banda\/#breadcrumb"},"inLanguage":"en-US","potentialAction":[{"@type":"ReadAction","target":["https:\/\/propacmx.com\/product\/vcbsdm-3-8-6-x-5-selladora-vertical-rotativa-de-banda\/"]}]},{"@type":"ImageObject","inLanguage":"en-US","@id":"https:\/\/propacmx.com\/product\/vcbsdm-3-8-6-x-5-selladora-vertical-rotativa-de-banda\/#primaryimage","url":"https:\/\/propacmx.com\/wp-content\/uploads\/2025\/04\/VCBSDM-3_8-6_-X-5\u00b4_20.webp","contentUrl":"https:\/\/propacmx.com\/wp-content\/uploads\/2025\/04\/VCBSDM-3_8-6_-X-5\u00b4_20.webp","width":1563,"height":1563,"caption":"VCBSDM Selladora Vertical Rotativa de Banda Continua"},{"@type":"BreadcrumbList","@id":"https:\/\/propacmx.com\/product\/vcbsdm-3-8-6-x-5-selladora-vertical-rotativa-de-banda\/#breadcrumb","itemListElement":[{"@type":"ListItem","position":1,"name":"Home","item":"https:\/\/propacmx.com\/"},{"@type":"ListItem","position":2,"name":"Tienda","item":"https:\/\/propacmx.com\/tienda\/"},{"@type":"ListItem","position":3,"name":"VCBSDM-3\/8 6\u201d x 5\u2019 &#8211; Selladora Vertical Rotativa de Banda Continua"}]},{"@type":"WebSite","@id":"https:\/\/propacmx.com\/#website","url":"https:\/\/propacmx.com\/","name":"PRO PAC Professional Packaging Systems","description":"PROPAC is your strategic partner in packaging. We combine quality, service and technology to optimize your logistics processes.","publisher":{"@id":"https:\/\/propacmx.com\/#organization"},"potentialAction":[{"@type":"SearchAction","target":{"@type":"EntryPoint","urlTemplate":"https:\/\/propacmx.com\/?s={search_term_string}"},"query-input":{"@type":"PropertyValueSpecification","valueRequired":true,"valueName":"search_term_string"}}],"inLanguage":"en-US"},{"@type":"Organization","@id":"https:\/\/propacmx.com\/#organization","name":"PRO PAC Professional Packaging Systems","url":"https:\/\/propacmx.com\/","logo":{"@type":"ImageObject","inLanguage":"en-US","@id":"https:\/\/propacmx.com\/#\/schema\/logo\/image\/","url":"\/wp-content\/uploads\/2025\/04\/PRO-PAC-MEXICO.webp","contentUrl":"\/wp-content\/uploads\/2025\/04\/PRO-PAC-MEXICO.webp","width":1563,"height":1563,"caption":"PRO PAC Professional Packaging Systems"},"image":{"@id":"https:\/\/propacmx.com\/#\/schema\/logo\/image\/"}}]},"product_price_currency":"MXN","og_availability":"instock","product_availability":"instock","product_retailer_item_id":"prod-006","product_condition":"new"},"_links":{"self":[{"href":"https:\/\/propacmx.com\/en\/wp-json\/wp\/v2\/product\/13654","targetHints":{"allow":["GET"]}}],"collection":[{"href":"https:\/\/propacmx.com\/en\/wp-json\/wp\/v2\/product"}],"about":[{"href":"https:\/\/propacmx.com\/en\/wp-json\/wp\/v2\/types\/product"}],"wp:featuredmedia":[{"embeddable":true,"href":"https:\/\/propacmx.com\/en\/wp-json\/wp\/v2\/media\/13868"}],"wp:attachment":[{"href":"https:\/\/propacmx.com\/en\/wp-json\/wp\/v2\/media?parent=13654"}],"wp:term":[{"taxonomy":"product_brand","embeddable":true,"href":"https:\/\/propacmx.com\/en\/wp-json\/wp\/v2\/product_brand?post=13654"},{"taxonomy":"product_cat","embeddable":true,"href":"https:\/\/propacmx.com\/en\/wp-json\/wp\/v2\/product_cat?post=13654"},{"taxonomy":"product_tag","embeddable":true,"href":"https:\/\/propacmx.com\/en\/wp-json\/wp\/v2\/product_tag?post=13654"}],"curies":[{"name":"wp","href":"https:\/\/api.w.org\/{rel}","templated":true}]}}