{"id":13652,"date":"2025-04-20T00:40:33","date_gmt":"2025-04-20T00:40:33","guid":{"rendered":"https:\/\/blanchedalmond-dinosaur-273996.hostingersite.com\/?post_type=product&#038;p=13652"},"modified":"2025-04-22T23:47:56","modified_gmt":"2025-04-22T23:47:56","slug":"tbs-3-8-dh-10-validate-selladoras-de-banda-de-mesa","status":"publish","type":"product","link":"https:\/\/propacmx.com\/en\/product\/tbs-3-8-dh-10-validate-selladoras-de-banda-de-mesa\/","title":{"rendered":"TBS-3\/8-DH-10-VALIDATE - High Speed Validatable Rotary Band Sealer"},"content":{"rendered":"<p class=\"\" data-start=\"639\" data-end=\"948\">The <strong data-start=\"642\" data-end=\"668\">TBS-3\/8-DH-10-VALIDATE<\/strong> from <strong data-start=\"672\" data-end=\"679\">APM<\/strong> is a <strong data-start=\"687\" data-end=\"746\">selladora de banda rotativa validable de alta velocidad<\/strong>, especialmente dise\u00f1ada para sellar <strong data-start=\"783\" data-end=\"833\">bolsas m\u00e9dicas y materiales sensibles al calor<\/strong> con total control sobre los par\u00e1metros cr\u00edticos del proceso: <strong data-start=\"895\" data-end=\"947\">temperatura, velocidad y presi\u00f3n de enfriamiento<\/strong>.<\/p>\n<p class=\"\" data-start=\"950\" data-end=\"1356\">Cuenta con una <strong data-start=\"965\" data-end=\"1005\">zona de calentamiento de 10 pulgadas<\/strong> y una <strong data-start=\"1012\" data-end=\"1051\">zona de enfriamiento de 10 pulgadas<\/strong>, lo que proporciona mayor flexibilidad al trabajar con materiales complejos como <strong data-start=\"1133\" data-end=\"1194\">Tyvek, Polymylar, Nylon, laminados y otros termosellables<\/strong>. Esta configuraci\u00f3n permite alcanzar velocidades de sellado de hasta <strong data-start=\"1264\" data-end=\"1286\">60 pies por minuto<\/strong>, logrando <strong data-start=\"1297\" data-end=\"1355\">sellos constantes y herm\u00e9ticos de 1\/4\u201d o 3\/8\u201d de ancho<\/strong>.<\/p>\n<h3 data-start=\"1363\" data-end=\"1398\"><\/h3>\n<h3 class=\"\" data-start=\"1363\" data-end=\"1398\"><strong data-start=\"1367\" data-end=\"1398\">Outstanding features:<\/strong><\/h3>\n<ul data-start=\"1400\" data-end=\"2403\">\n<li class=\"\" data-start=\"1400\" data-end=\"1454\">\n<p class=\"\" data-start=\"1402\" data-end=\"1454\">Sistema de sellado <strong data-start=\"1421\" data-end=\"1454\">validable y de alta velocidad<\/strong><\/p>\n<\/li>\n<li class=\"\" data-start=\"1455\" data-end=\"1531\">\n<p class=\"\" data-start=\"1457\" data-end=\"1531\"><strong data-start=\"1457\" data-end=\"1505\">Zonas de calor y enfriamiento de 10 pulgadas<\/strong> para materiales dif\u00edciles<\/p>\n<\/li>\n<li class=\"\" data-start=\"1532\" data-end=\"1633\">\n<p class=\"\" data-start=\"1534\" data-end=\"1633\">Cuatro <strong data-start=\"1541\" data-end=\"1599\">controladores digitales de temperatura (Quad Controls)<\/strong> para distribuci\u00f3n t\u00e9rmica precisa<\/p>\n<\/li>\n<li class=\"\" data-start=\"1634\" data-end=\"1709\">\n<p class=\"\" data-start=\"1636\" data-end=\"1709\">Sellado con <strong data-start=\"1648\" data-end=\"1709\">bandas de tefl\u00f3n laminado de alta resistencia al desgaste<\/strong><\/p>\n<\/li>\n<li class=\"\" data-start=\"1710\" data-end=\"1809\">\n<p class=\"\" data-start=\"1712\" data-end=\"1809\"><strong data-start=\"1712\" data-end=\"1753\">Generaci\u00f3n de calor frontal y trasera<\/strong> con opci\u00f3n de activar solo un lado mediante interruptor<\/p>\n<\/li>\n<li class=\"\" data-start=\"1810\" data-end=\"1906\">\n<p class=\"\" data-start=\"1812\" data-end=\"1906\"><strong data-start=\"1812\" data-end=\"1883\">Presi\u00f3n uniforme en todas las superficies de sellado y enfriamiento<\/strong>, ideal para validaci\u00f3n<\/p>\n<\/li>\n<li class=\"\" data-start=\"1907\" data-end=\"1990\">\n<p class=\"\" data-start=\"1909\" data-end=\"1990\">Cambio r\u00e1pido y limpieza sencilla de bandas con sistema de liberaci\u00f3n instant\u00e1nea<\/p>\n<\/li>\n<li class=\"\" data-start=\"1991\" data-end=\"2078\">\n<p class=\"\" data-start=\"1993\" data-end=\"2078\"><strong data-start=\"1993\" data-end=\"2023\">Termopar de doble elemento<\/strong> con salidas independientes para control y verificaci\u00f3n<\/p>\n<\/li>\n<li class=\"\" data-start=\"2079\" data-end=\"2170\">\n<p class=\"\" data-start=\"2081\" data-end=\"2170\">Construcci\u00f3n en <strong data-start=\"2097\" data-end=\"2138\">aluminio anodizado y acero inoxidable<\/strong>, con barras de sellado cromadas<\/p>\n<\/li>\n<li class=\"\" data-start=\"2171\" data-end=\"2224\">\n<p class=\"\" data-start=\"2173\" data-end=\"2224\">Man\u00f3metros <strong data-start=\"2184\" data-end=\"2224\">altamente visibles y f\u00e1ciles de leer<\/strong><\/p>\n<\/li>\n<li class=\"\" data-start=\"2225\" data-end=\"2293\">\n<p class=\"\" data-start=\"2227\" data-end=\"2293\">Opci\u00f3n de codificador por embosado para impresi\u00f3n de c\u00f3digo o lote<\/p>\n<\/li>\n<li class=\"\" data-start=\"2294\" data-end=\"2345\">\n<p class=\"\" data-start=\"2296\" data-end=\"2345\"><strong data-start=\"2296\" data-end=\"2345\">Opci\u00f3n de aire comprimido aut\u00f3nomo disponible<\/strong><\/p>\n<\/li>\n<li class=\"\" data-start=\"2346\" data-end=\"2403\">\n<p class=\"\" data-start=\"2348\" data-end=\"2403\">Power supply: <strong data-start=\"2372\" data-end=\"2403\">110 VCA, 10 amperios, 60 Hz<\/strong><\/p>\n<\/li>\n<\/ul>\n<h3 data-start=\"2410\" data-end=\"2447\"><\/h3>\n<h3 class=\"\" data-start=\"2410\" data-end=\"2447\"><strong data-start=\"2414\" data-end=\"2447\">Compatibilidad de materiales:<\/strong><\/h3>\n<ul data-start=\"2449\" data-end=\"2648\">\n<li class=\"\" data-start=\"2449\" data-end=\"2469\">\n<p class=\"\" data-start=\"2451\" data-end=\"2469\">Polyethylene (PE)<\/p>\n<\/li>\n<li class=\"\" data-start=\"2470\" data-end=\"2492\">\n<p class=\"\" data-start=\"2472\" data-end=\"2492\">Polypropylene (PP)<\/p>\n<\/li>\n<li class=\"\" data-start=\"2493\" data-end=\"2505\">\n<p class=\"\" data-start=\"2495\" data-end=\"2505\">Kraft\/PE<\/p>\n<\/li>\n<li class=\"\" data-start=\"2506\" data-end=\"2515\">\n<p class=\"\" data-start=\"2508\" data-end=\"2515\">Tyvek<\/p>\n<\/li>\n<li class=\"\" data-start=\"2516\" data-end=\"2529\">\n<p class=\"\" data-start=\"2518\" data-end=\"2529\">Polymylar<\/p>\n<\/li>\n<li class=\"\" data-start=\"2530\" data-end=\"2541\">\n<p class=\"\" data-start=\"2532\" data-end=\"2541\">Foil\/PE<\/p>\n<\/li>\n<li class=\"\" data-start=\"2542\" data-end=\"2559\">\n<p class=\"\" data-start=\"2544\" data-end=\"2559\">Coextrusiones<\/p>\n<\/li>\n<li class=\"\" data-start=\"2560\" data-end=\"2577\">\n<p class=\"\" data-start=\"2562\" data-end=\"2577\">Polylaminates<\/p>\n<\/li>\n<li class=\"\" data-start=\"2578\" data-end=\"2587\">\n<p class=\"\" data-start=\"2580\" data-end=\"2587\">Nylon<\/p>\n<\/li>\n<li class=\"\" data-start=\"2588\" data-end=\"2648\">\n<p class=\"\" data-start=\"2590\" data-end=\"2648\">Materiales conforme a especificaciones m\u00e9dicas y militares<\/p>\n<\/li>\n<\/ul>\n<p class=\"\" data-start=\"2655\" data-end=\"3013\">The <strong data-start=\"2658\" data-end=\"2684\">TBS-3\/8-DH-10-VALIDATE<\/strong> es la soluci\u00f3n ideal para laboratorios, farmac\u00e9uticas y fabricantes de dispositivos m\u00e9dicos que requieren <strong data-start=\"2791\" data-end=\"2813\">procesos validados<\/strong>, <strong data-start=\"2815\" data-end=\"2843\">control total de calidad<\/strong> y <strong data-start=\"2846\" data-end=\"2879\">sellos consistentes y seguros<\/strong> en bolsas cr\u00edticas. Su dise\u00f1o de mesa compacto y su precisi\u00f3n la convierten en una herramienta indispensable para entornos regulados.<\/p>","protected":false},"excerpt":{"rendered":"<p class=\"\" data-start=\"286\" data-end=\"589\">The <strong data-start=\"289\" data-end=\"315\">TBS-3\/8-DH-10-VALIDATE<\/strong> is a <strong data-start=\"323\" data-end=\"374\">selladora validable de banda rotativa para mesa<\/strong>, dise\u00f1ada para sellar bolsas m\u00e9dicas con alta precisi\u00f3n. Ofrece control digital de temperatura, velocidad y presi\u00f3n, sellos herm\u00e9ticos validados, y es compatible con materiales como Tyvek, Mylar, Polietileno y m\u00e1s.<\/p>","protected":false},"featured_media":13864,"template":"","meta":[],"product_brand":[198],"product_cat":[97],"product_tag":[117,116,118,200],"class_list":{"0":"post-13652","1":"product","2":"type-product","3":"status-publish","4":"has-post-thumbnail","6":"product_brand-all-packaging-machinery","7":"product_cat-selladoras-de-banda-de-mesa","8":"product_tag-maquinaria-de-empaque","9":"product_tag-selladoras-de-banda-de-mesa","10":"product_tag-selladoras-industriales","11":"product_tag-selladoras-y-cargadores-industriales","13":"first","14":"instock","15":"shipping-taxable","16":"product-type-simple"},"yoast_head":"<!-- This site is optimized with the Yoast SEO Premium plugin v24.3 (Yoast SEO v27.6) - https:\/\/yoast.com\/product\/yoast-seo-premium-wordpress\/ -->\n<title>TBS-3\/8-DH-10-VALIDATE - Selladoras de Banda de Mesa<\/title>\n<meta name=\"description\" content=\"TBS-3\/8-DH-10-VALIDATE, parte de nuestra l\u00ednea de selladoras de banda de mesa, dise\u00f1ada para maximizar la eficiencia de empaque.\" \/>\n<meta name=\"robots\" content=\"index, follow, max-snippet:-1, max-image-preview:large, max-video-preview:-1\" \/>\n<link rel=\"canonical\" href=\"https:\/\/propacmx.com\/en\/product\/tbs-3-8-dh-10-validate-selladoras-de-banda-de-mesa\/\" \/>\n<meta property=\"og:locale\" content=\"en_US\" \/>\n<meta property=\"og:type\" content=\"article\" \/>\n<meta property=\"og:title\" content=\"TBS-3\/8-DH-10-VALIDATE - Selladora de Banda Rotativa Validable de Alta Velocidad\" \/>\n<meta property=\"og:description\" content=\"TBS-3\/8-DH-10-VALIDATE, parte de nuestra l\u00ednea de selladoras de banda de mesa, dise\u00f1ada para maximizar la eficiencia de empaque.\" \/>\n<meta property=\"og:url\" content=\"https:\/\/propacmx.com\/en\/product\/tbs-3-8-dh-10-validate-selladoras-de-banda-de-mesa\/\" \/>\n<meta property=\"og:site_name\" content=\"Professional Packaging Systems\" \/>\n<meta property=\"article:modified_time\" content=\"2025-04-22T23:47:56+00:00\" \/>\n<meta property=\"og:image\" content=\"https:\/\/propacmx.com\/wp-content\/uploads\/2025\/04\/TBS-38-DH-10-VALIDATE.webp\" \/>\n\t<meta property=\"og:image:width\" content=\"1563\" \/>\n\t<meta property=\"og:image:height\" content=\"1563\" \/>\n\t<meta property=\"og:image:type\" content=\"image\/webp\" \/>\n<meta name=\"twitter:card\" content=\"summary_large_image\" \/>\n<meta name=\"twitter:label1\" content=\"Price\" \/>\n\t<meta name=\"twitter:data1\" content=\"\" \/>\n\t<meta name=\"twitter:label2\" content=\"Availability\" \/>\n\t<meta name=\"twitter:data2\" content=\"In stock\" \/>\n<script type=\"application\/ld+json\" class=\"yoast-schema-graph\">{\"@context\":\"https:\\\/\\\/schema.org\",\"@graph\":[{\"@type\":\"WebPage\",\"@id\":\"https:\\\/\\\/propacmx.com\\\/product\\\/tbs-3-8-dh-10-validate-selladoras-de-banda-de-mesa\\\/\",\"url\":\"https:\\\/\\\/propacmx.com\\\/product\\\/tbs-3-8-dh-10-validate-selladoras-de-banda-de-mesa\\\/\",\"name\":\"TBS-3\\\/8-DH-10-VALIDATE - Selladoras de Banda de Mesa\",\"isPartOf\":{\"@id\":\"https:\\\/\\\/propacmx.com\\\/#website\"},\"primaryImageOfPage\":{\"@id\":\"https:\\\/\\\/propacmx.com\\\/product\\\/tbs-3-8-dh-10-validate-selladoras-de-banda-de-mesa\\\/#primaryimage\"},\"image\":{\"@id\":\"https:\\\/\\\/propacmx.com\\\/product\\\/tbs-3-8-dh-10-validate-selladoras-de-banda-de-mesa\\\/#primaryimage\"},\"thumbnailUrl\":\"https:\\\/\\\/propacmx.com\\\/wp-content\\\/uploads\\\/2025\\\/04\\\/TBS-38-DH-10-VALIDATE.webp\",\"datePublished\":\"2025-04-20T00:40:33+00:00\",\"dateModified\":\"2025-04-22T23:47:56+00:00\",\"description\":\"TBS-3\\\/8-DH-10-VALIDATE, parte de nuestra l\u00ednea de selladoras de banda de mesa, dise\u00f1ada para maximizar la eficiencia de empaque.\",\"breadcrumb\":{\"@id\":\"https:\\\/\\\/propacmx.com\\\/product\\\/tbs-3-8-dh-10-validate-selladoras-de-banda-de-mesa\\\/#breadcrumb\"},\"inLanguage\":\"en-US\",\"potentialAction\":[{\"@type\":\"ReadAction\",\"target\":[\"https:\\\/\\\/propacmx.com\\\/product\\\/tbs-3-8-dh-10-validate-selladoras-de-banda-de-mesa\\\/\"]}]},{\"@type\":\"ImageObject\",\"inLanguage\":\"en-US\",\"@id\":\"https:\\\/\\\/propacmx.com\\\/product\\\/tbs-3-8-dh-10-validate-selladoras-de-banda-de-mesa\\\/#primaryimage\",\"url\":\"https:\\\/\\\/propacmx.com\\\/wp-content\\\/uploads\\\/2025\\\/04\\\/TBS-38-DH-10-VALIDATE.webp\",\"contentUrl\":\"https:\\\/\\\/propacmx.com\\\/wp-content\\\/uploads\\\/2025\\\/04\\\/TBS-38-DH-10-VALIDATE.webp\",\"width\":1563,\"height\":1563,\"caption\":\"TBS-38-DH-10-VALIDATE\"},{\"@type\":\"BreadcrumbList\",\"@id\":\"https:\\\/\\\/propacmx.com\\\/product\\\/tbs-3-8-dh-10-validate-selladoras-de-banda-de-mesa\\\/#breadcrumb\",\"itemListElement\":[{\"@type\":\"ListItem\",\"position\":1,\"name\":\"Home\",\"item\":\"https:\\\/\\\/propacmx.com\\\/\"},{\"@type\":\"ListItem\",\"position\":2,\"name\":\"Tienda\",\"item\":\"https:\\\/\\\/propacmx.com\\\/tienda\\\/\"},{\"@type\":\"ListItem\",\"position\":3,\"name\":\"TBS-3\\\/8-DH-10-VALIDATE &#8211; Selladora de Banda Rotativa Validable de Alta Velocidad\"}]},{\"@type\":\"WebSite\",\"@id\":\"https:\\\/\\\/propacmx.com\\\/#website\",\"url\":\"https:\\\/\\\/propacmx.com\\\/\",\"name\":\"PRO PAC Professional Packaging Systems\",\"description\":\"PROPAC es tu socio estrat\u00e9gico en empaques. Combinamos calidad, servicio y tecnolog\u00eda para optimizar tus procesos log\u00edsticos.\",\"publisher\":{\"@id\":\"https:\\\/\\\/propacmx.com\\\/#organization\"},\"potentialAction\":[{\"@type\":\"SearchAction\",\"target\":{\"@type\":\"EntryPoint\",\"urlTemplate\":\"https:\\\/\\\/propacmx.com\\\/?s={search_term_string}\"},\"query-input\":{\"@type\":\"PropertyValueSpecification\",\"valueRequired\":true,\"valueName\":\"search_term_string\"}}],\"inLanguage\":\"en-US\"},{\"@type\":\"Organization\",\"@id\":\"https:\\\/\\\/propacmx.com\\\/#organization\",\"name\":\"PRO PAC Professional Packaging Systems\",\"url\":\"https:\\\/\\\/propacmx.com\\\/\",\"logo\":{\"@type\":\"ImageObject\",\"inLanguage\":\"en-US\",\"@id\":\"https:\\\/\\\/propacmx.com\\\/#\\\/schema\\\/logo\\\/image\\\/\",\"url\":\"\\\/wp-content\\\/uploads\\\/2025\\\/04\\\/PRO-PAC-MEXICO.webp\",\"contentUrl\":\"\\\/wp-content\\\/uploads\\\/2025\\\/04\\\/PRO-PAC-MEXICO.webp\",\"width\":1563,\"height\":1563,\"caption\":\"PRO PAC Professional Packaging Systems\"},\"image\":{\"@id\":\"https:\\\/\\\/propacmx.com\\\/#\\\/schema\\\/logo\\\/image\\\/\"}}]}<\/script>\n<meta property=\"product:brand\" content=\"All Packaging Machinery\" \/>\n<meta property=\"product:price:currency\" content=\"MXN\" \/>\n<meta property=\"og:availability\" content=\"instock\" \/>\n<meta property=\"product:availability\" content=\"instock\" \/>\n<meta property=\"product:retailer_item_id\" content=\"prod-004\" \/>\n<meta property=\"product:condition\" content=\"new\" \/>\n<!-- \/ Yoast SEO Premium plugin. -->","yoast_head_json":{"title":"TBS-3\/8-DH-10-VALIDATE - Selladoras de Banda de Mesa","description":"TBS-3\/8-DH-10-VALIDATE, parte de nuestra l\u00ednea de selladoras de banda de mesa, dise\u00f1ada para maximizar la eficiencia de empaque.","robots":{"index":"index","follow":"follow","max-snippet":"max-snippet:-1","max-image-preview":"max-image-preview:large","max-video-preview":"max-video-preview:-1"},"canonical":"https:\/\/propacmx.com\/en\/product\/tbs-3-8-dh-10-validate-selladoras-de-banda-de-mesa\/","og_locale":"en_US","og_type":"article","og_title":"TBS-3\/8-DH-10-VALIDATE - Selladora de Banda Rotativa Validable de Alta Velocidad","og_description":"TBS-3\/8-DH-10-VALIDATE, parte de nuestra l\u00ednea de selladoras de banda de mesa, dise\u00f1ada para maximizar la eficiencia de empaque.","og_url":"https:\/\/propacmx.com\/en\/product\/tbs-3-8-dh-10-validate-selladoras-de-banda-de-mesa\/","og_site_name":"Professional Packaging Systems","article_modified_time":"2025-04-22T23:47:56+00:00","og_image":[{"width":1563,"height":1563,"url":"https:\/\/propacmx.com\/wp-content\/uploads\/2025\/04\/TBS-38-DH-10-VALIDATE.webp","type":"image\/webp"}],"twitter_card":"summary_large_image","twitter_misc":{"Price":"","Availability":"In stock"},"schema":{"@context":"https:\/\/schema.org","@graph":[{"@type":"WebPage","@id":"https:\/\/propacmx.com\/product\/tbs-3-8-dh-10-validate-selladoras-de-banda-de-mesa\/","url":"https:\/\/propacmx.com\/product\/tbs-3-8-dh-10-validate-selladoras-de-banda-de-mesa\/","name":"TBS-3\/8-DH-10-VALIDATE - Selladoras de Banda de Mesa","isPartOf":{"@id":"https:\/\/propacmx.com\/#website"},"primaryImageOfPage":{"@id":"https:\/\/propacmx.com\/product\/tbs-3-8-dh-10-validate-selladoras-de-banda-de-mesa\/#primaryimage"},"image":{"@id":"https:\/\/propacmx.com\/product\/tbs-3-8-dh-10-validate-selladoras-de-banda-de-mesa\/#primaryimage"},"thumbnailUrl":"https:\/\/propacmx.com\/wp-content\/uploads\/2025\/04\/TBS-38-DH-10-VALIDATE.webp","datePublished":"2025-04-20T00:40:33+00:00","dateModified":"2025-04-22T23:47:56+00:00","description":"TBS-3\/8-DH-10-VALIDATE, parte de nuestra l\u00ednea de selladoras de banda de mesa, dise\u00f1ada para maximizar la eficiencia de empaque.","breadcrumb":{"@id":"https:\/\/propacmx.com\/product\/tbs-3-8-dh-10-validate-selladoras-de-banda-de-mesa\/#breadcrumb"},"inLanguage":"en-US","potentialAction":[{"@type":"ReadAction","target":["https:\/\/propacmx.com\/product\/tbs-3-8-dh-10-validate-selladoras-de-banda-de-mesa\/"]}]},{"@type":"ImageObject","inLanguage":"en-US","@id":"https:\/\/propacmx.com\/product\/tbs-3-8-dh-10-validate-selladoras-de-banda-de-mesa\/#primaryimage","url":"https:\/\/propacmx.com\/wp-content\/uploads\/2025\/04\/TBS-38-DH-10-VALIDATE.webp","contentUrl":"https:\/\/propacmx.com\/wp-content\/uploads\/2025\/04\/TBS-38-DH-10-VALIDATE.webp","width":1563,"height":1563,"caption":"TBS-38-DH-10-VALIDATE"},{"@type":"BreadcrumbList","@id":"https:\/\/propacmx.com\/product\/tbs-3-8-dh-10-validate-selladoras-de-banda-de-mesa\/#breadcrumb","itemListElement":[{"@type":"ListItem","position":1,"name":"Home","item":"https:\/\/propacmx.com\/"},{"@type":"ListItem","position":2,"name":"Tienda","item":"https:\/\/propacmx.com\/tienda\/"},{"@type":"ListItem","position":3,"name":"TBS-3\/8-DH-10-VALIDATE &#8211; Selladora de Banda Rotativa Validable de Alta Velocidad"}]},{"@type":"WebSite","@id":"https:\/\/propacmx.com\/#website","url":"https:\/\/propacmx.com\/","name":"PRO PAC Professional Packaging Systems","description":"PROPAC is your strategic partner in packaging. We combine quality, service and technology to optimize your logistics processes.","publisher":{"@id":"https:\/\/propacmx.com\/#organization"},"potentialAction":[{"@type":"SearchAction","target":{"@type":"EntryPoint","urlTemplate":"https:\/\/propacmx.com\/?s={search_term_string}"},"query-input":{"@type":"PropertyValueSpecification","valueRequired":true,"valueName":"search_term_string"}}],"inLanguage":"en-US"},{"@type":"Organization","@id":"https:\/\/propacmx.com\/#organization","name":"PRO PAC Professional Packaging Systems","url":"https:\/\/propacmx.com\/","logo":{"@type":"ImageObject","inLanguage":"en-US","@id":"https:\/\/propacmx.com\/#\/schema\/logo\/image\/","url":"\/wp-content\/uploads\/2025\/04\/PRO-PAC-MEXICO.webp","contentUrl":"\/wp-content\/uploads\/2025\/04\/PRO-PAC-MEXICO.webp","width":1563,"height":1563,"caption":"PRO PAC Professional Packaging Systems"},"image":{"@id":"https:\/\/propacmx.com\/#\/schema\/logo\/image\/"}}]},"product_brand":"All Packaging Machinery","product_price_currency":"MXN","og_availability":"instock","product_availability":"instock","product_retailer_item_id":"prod-004","product_condition":"new"},"_links":{"self":[{"href":"https:\/\/propacmx.com\/en\/wp-json\/wp\/v2\/product\/13652","targetHints":{"allow":["GET"]}}],"collection":[{"href":"https:\/\/propacmx.com\/en\/wp-json\/wp\/v2\/product"}],"about":[{"href":"https:\/\/propacmx.com\/en\/wp-json\/wp\/v2\/types\/product"}],"wp:featuredmedia":[{"embeddable":true,"href":"https:\/\/propacmx.com\/en\/wp-json\/wp\/v2\/media\/13864"}],"wp:attachment":[{"href":"https:\/\/propacmx.com\/en\/wp-json\/wp\/v2\/media?parent=13652"}],"wp:term":[{"taxonomy":"product_brand","embeddable":true,"href":"https:\/\/propacmx.com\/en\/wp-json\/wp\/v2\/product_brand?post=13652"},{"taxonomy":"product_cat","embeddable":true,"href":"https:\/\/propacmx.com\/en\/wp-json\/wp\/v2\/product_cat?post=13652"},{"taxonomy":"product_tag","embeddable":true,"href":"https:\/\/propacmx.com\/en\/wp-json\/wp\/v2\/product_tag?post=13652"}],"curies":[{"name":"wp","href":"https:\/\/api.w.org\/{rel}","templated":true}]}}