{"id":13650,"date":"2025-04-20T00:40:33","date_gmt":"2025-04-20T00:40:33","guid":{"rendered":"https:\/\/blanchedalmond-dinosaur-273996.hostingersite.com\/?post_type=product&#038;p=13650"},"modified":"2025-04-22T21:18:45","modified_gmt":"2025-04-22T21:18:45","slug":"tbs-3-8-selladoras-de-banda-de-mesa","status":"publish","type":"product","link":"https:\/\/propacmx.com\/en\/product\/tbs-3-8-selladoras-de-banda-de-mesa\/","title":{"rendered":"TBS-3\/8 Table Top Band Sealers"},"content":{"rendered":"<p class=\"\" data-start=\"649\" data-end=\"992\">The <strong data-start=\"324\" data-end=\"369\">selladoras de banda de mesa modelo TBS-3\/8<\/strong>\u00a0from <strong data-start=\"667\" data-end=\"674\">APM<\/strong> is a <strong data-start=\"682\" data-end=\"740\">selladora port\u00e1til de banda de mesa con base giratoria<\/strong>, dise\u00f1ada para ofrecer un <strong data-start=\"767\" data-end=\"817\">sellado herm\u00e9tico de 3\/8\u201d de ancho sin recorte<\/strong>. Su estructura giratoria permite ajustar el \u00e1ngulo de sellado desde posici\u00f3n vertical hasta 45 grados, facilitando la manipulaci\u00f3n de productos de distintas formas y tama\u00f1os.<\/p>\n<p class=\"\" data-start=\"994\" data-end=\"1232\">Este sistema compacto y aprobado por el <strong data-start=\"1034\" data-end=\"1042\">USDA<\/strong> destaca por su <strong data-start=\"1058\" data-end=\"1120\">versatilidad, durabilidad y control de temperatura preciso<\/strong>, lo que lo hace ideal para entornos de empaque que requieren calidad consistente sin el uso de aire comprimido.<\/p>\n<h3 data-start=\"1239\" data-end=\"1274\"><\/h3>\n<h3 class=\"\" data-start=\"1239\" data-end=\"1274\"><strong data-start=\"1243\" data-end=\"1274\">Outstanding features:<\/strong><\/h3>\n<ul data-start=\"1276\" data-end=\"2022\">\n<li class=\"\" data-start=\"1276\" data-end=\"1353\">\n<p class=\"\" data-start=\"1278\" data-end=\"1353\">Base giratoria ajustable de <strong data-start=\"1306\" data-end=\"1318\">0\u00b0 a 45\u00b0<\/strong> para adaptarse al flujo de trabajo<\/p>\n<\/li>\n<li class=\"\" data-start=\"1354\" data-end=\"1469\">\n<p class=\"\" data-start=\"1356\" data-end=\"1469\">Velocidades variables de hasta <strong data-start=\"1387\" data-end=\"1435\">540 pulgadas por minuto (45 pies por minuto)<\/strong> mediante motorreductor silencioso<\/p>\n<\/li>\n<li class=\"\" data-start=\"1470\" data-end=\"1581\">\n<p class=\"\" data-start=\"1472\" data-end=\"1581\">Sistema de control digital con <strong data-start=\"1503\" data-end=\"1521\">PID autotuning<\/strong> para mantener una temperatura constante de hasta <strong data-start=\"1571\" data-end=\"1581\">450 \u00b0F<\/strong><\/p>\n<\/li>\n<li class=\"\" data-start=\"1582\" data-end=\"1684\">\n<p class=\"\" data-start=\"1584\" data-end=\"1684\">Zonas de <strong data-start=\"1593\" data-end=\"1639\">calentamiento y enfriamiento de 5 pulgadas<\/strong> cada una para materiales dif\u00edciles de sellar<\/p>\n<\/li>\n<li class=\"\" data-start=\"1685\" data-end=\"1788\">\n<p class=\"\" data-start=\"1687\" data-end=\"1788\">Ensamblaje de sellado en <strong data-start=\"1712\" data-end=\"1734\">aluminio anodizado<\/strong> y ejes en <strong data-start=\"1745\" data-end=\"1765\">acero inoxidable<\/strong> para mayor durabilidad<\/p>\n<\/li>\n<li class=\"\" data-start=\"1789\" data-end=\"1860\">\n<p class=\"\" data-start=\"1791\" data-end=\"1860\"><strong data-start=\"1791\" data-end=\"1845\">Bandas de tefl\u00f3n laminadas resistentes al desgaste<\/strong> de 1\u201d de ancho<\/p>\n<\/li>\n<li class=\"\" data-start=\"1861\" data-end=\"1969\">\n<p class=\"\" data-start=\"1863\" data-end=\"1969\"><strong data-start=\"1863\" data-end=\"1893\">Chrome-plated sealing bars<\/strong> y <strong data-start=\"1896\" data-end=\"1933\">barras de enfriamiento niqueladas<\/strong> para m\u00e1xima resistencia al desgaste<\/p>\n<\/li>\n<li class=\"\" data-start=\"1970\" data-end=\"2022\">\n<p class=\"\" data-start=\"1972\" data-end=\"2022\">No requiere aire comprimido para su funcionamiento<\/p>\n<\/li>\n<\/ul>\n<h3 data-start=\"2029\" data-end=\"2067\"><\/h3>\n<h3 class=\"\" data-start=\"2029\" data-end=\"2067\"><strong data-start=\"2033\" data-end=\"2067\">Compatibility with materials:<\/strong><\/h3>\n<ul data-start=\"2069\" data-end=\"2262\">\n<li class=\"\" data-start=\"2069\" data-end=\"2087\">\n<p class=\"\" data-start=\"2071\" data-end=\"2087\">Polyethylene (PE)<\/p>\n<\/li>\n<li class=\"\" data-start=\"2088\" data-end=\"2108\">\n<p class=\"\" data-start=\"2090\" data-end=\"2108\">Polypropylene (PP)<\/p>\n<\/li>\n<li class=\"\" data-start=\"2109\" data-end=\"2120\">\n<p class=\"\" data-start=\"2111\" data-end=\"2120\">Poli\u00e9ster<\/p>\n<\/li>\n<li class=\"\" data-start=\"2121\" data-end=\"2131\">\n<p class=\"\" data-start=\"2123\" data-end=\"2131\">Kraft\/PE<\/p>\n<\/li>\n<li class=\"\" data-start=\"2132\" data-end=\"2139\">\n<p class=\"\" data-start=\"2134\" data-end=\"2139\">Tyvek<\/p>\n<\/li>\n<li class=\"\" data-start=\"2140\" data-end=\"2151\">\n<p class=\"\" data-start=\"2142\" data-end=\"2151\">Polymylar<\/p>\n<\/li>\n<li class=\"\" data-start=\"2152\" data-end=\"2161\">\n<p class=\"\" data-start=\"2154\" data-end=\"2161\">Foil\/PE<\/p>\n<\/li>\n<li class=\"\" data-start=\"2162\" data-end=\"2171\">\n<p class=\"\" data-start=\"2164\" data-end=\"2171\">Cryovac<\/p>\n<\/li>\n<li class=\"\" data-start=\"2172\" data-end=\"2187\">\n<p class=\"\" data-start=\"2174\" data-end=\"2187\">Coextrusiones<\/p>\n<\/li>\n<li class=\"\" data-start=\"2188\" data-end=\"2203\">\n<p class=\"\" data-start=\"2190\" data-end=\"2203\">Polylaminates<\/p>\n<\/li>\n<li class=\"\" data-start=\"2204\" data-end=\"2211\">\n<p class=\"\" data-start=\"2206\" data-end=\"2211\">Nylon<\/p>\n<\/li>\n<li class=\"\" data-start=\"2212\" data-end=\"2262\">\n<p class=\"\" data-start=\"2214\" data-end=\"2262\">Materiales conforme a especificaciones militares<\/p>\n<\/li>\n<\/ul>\n<h3 data-start=\"2269\" data-end=\"2303\"><\/h3>\n<h3 class=\"\" data-start=\"2269\" data-end=\"2303\"><strong data-start=\"2273\" data-end=\"2303\">Especificaciones t\u00e9cnicas:<\/strong><\/h3>\n<ul data-start=\"2305\" data-end=\"2574\">\n<li class=\"\" data-start=\"2305\" data-end=\"2361\">\n<p class=\"\" data-start=\"2307\" data-end=\"2361\">Power supply: <strong data-start=\"2331\" data-end=\"2361\">110 VCA, 10 amperes, 60 Hz<\/strong><\/p>\n<\/li>\n<li class=\"\" data-start=\"2362\" data-end=\"2391\">\n<p class=\"\" data-start=\"2364\" data-end=\"2391\">No compressed air required<\/p>\n<\/li>\n<li class=\"\" data-start=\"2392\" data-end=\"2448\">\n<p class=\"\" data-start=\"2394\" data-end=\"2448\">Sellos constantes disponibles de <strong data-start=\"2427\" data-end=\"2448\">1\/8&#8243;, 1\/4&#8243; o 3\/8&#8243;<\/strong><\/p>\n<\/li>\n<li class=\"\" data-start=\"2449\" data-end=\"2510\">\n<p class=\"\" data-start=\"2451\" data-end=\"2510\">Opci\u00f3n de codificador por embosado para marcado de producto<\/p>\n<\/li>\n<li class=\"\" data-start=\"2511\" data-end=\"2574\">\n<p class=\"\" data-start=\"2513\" data-end=\"2574\">Estante opcional para soporte del producto durante el sellado<\/p>\n<\/li>\n<\/ul>\n<p class=\"\" data-start=\"2581\" data-end=\"2911\">The <strong data-start=\"324\" data-end=\"369\">selladoras de banda de mesa modelo TBS-3\/8<\/strong>\u00a0es una soluci\u00f3n compacta, eficiente y precisa para l\u00edneas de producci\u00f3n que requieren sellos herm\u00e9ticos y resistentes en una amplia gama de materiales. Su dise\u00f1o port\u00e1til y sin necesidad de aire comprimido la convierten en una excelente opci\u00f3n para laboratorios, plantas empacadoras, industria alimentaria o m\u00e9dica.<\/p>","protected":false},"excerpt":{"rendered":"<p class=\"\" data-start=\"321\" data-end=\"599\">The <strong data-start=\"324\" data-end=\"369\">selladoras de banda de mesa modelo TBS-3\/8<\/strong> con base giratoria ofrece un sellado herm\u00e9tico de 3\/8\u201d sin recorte, ideal para aplicaciones industriales exigentes. Aprobada por el USDA, opera sin aire comprimido y sella a temperaturas de hasta 450 \u00b0F con velocidad y precisi\u00f3n.<\/p>","protected":false},"featured_media":13855,"template":"","meta":[],"product_brand":[],"product_cat":[97],"product_tag":[117,116,118],"class_list":{"0":"post-13650","1":"product","2":"type-product","3":"status-publish","4":"has-post-thumbnail","6":"product_cat-selladoras-de-banda-de-mesa","7":"product_tag-maquinaria-de-empaque","8":"product_tag-selladoras-de-banda-de-mesa","9":"product_tag-selladoras-industriales","11":"first","12":"instock","13":"shipping-taxable","14":"product-type-simple"},"yoast_head":"<!-- This site is optimized with the Yoast SEO Premium plugin v24.3 (Yoast SEO v27.6) - https:\/\/yoast.com\/product\/yoast-seo-premium-wordpress\/ -->\n<title>TBS-3\/8 - Selladoras de Banda de Mesa<\/title>\n<meta name=\"description\" content=\"\u2b50 TBS-3\/8 - Selladoras de Banda de Mesa con codificador y repisa, dise\u00f1ada para maximizar la eficiencia de empaque. Sistemas de Embalaje Profesionales.\" \/>\n<meta name=\"robots\" content=\"index, follow, max-snippet:-1, max-image-preview:large, max-video-preview:-1\" \/>\n<link rel=\"canonical\" href=\"https:\/\/propacmx.com\/en\/product\/tbs-3-8-selladoras-de-banda-de-mesa\/\" \/>\n<meta property=\"og:locale\" content=\"en_US\" \/>\n<meta property=\"og:type\" content=\"article\" \/>\n<meta property=\"og:title\" content=\"TBS-3\/8 Selladoras de Banda de Mesa\" \/>\n<meta property=\"og:description\" content=\"\u2b50 TBS-3\/8 - Selladoras de Banda de Mesa con codificador y repisa, dise\u00f1ada para maximizar la eficiencia de empaque. Sistemas de Embalaje Profesionales.\" \/>\n<meta property=\"og:url\" content=\"https:\/\/propacmx.com\/en\/product\/tbs-3-8-selladoras-de-banda-de-mesa\/\" \/>\n<meta property=\"og:site_name\" content=\"Professional Packaging Systems\" \/>\n<meta property=\"article:modified_time\" content=\"2025-04-22T21:18:45+00:00\" \/>\n<meta property=\"og:image\" content=\"https:\/\/propacmx.com\/wp-content\/uploads\/2025\/04\/TBS-38-Selladoras-de-Banda-de-Mesa.webp\" \/>\n\t<meta property=\"og:image:width\" content=\"1563\" \/>\n\t<meta property=\"og:image:height\" content=\"1563\" \/>\n\t<meta property=\"og:image:type\" content=\"image\/webp\" \/>\n<meta name=\"twitter:card\" content=\"summary_large_image\" \/>\n<meta name=\"twitter:label1\" content=\"Price\" \/>\n\t<meta name=\"twitter:data1\" content=\"\" \/>\n\t<meta name=\"twitter:label2\" content=\"Availability\" \/>\n\t<meta name=\"twitter:data2\" content=\"In stock\" \/>\n<script type=\"application\/ld+json\" class=\"yoast-schema-graph\">{\"@context\":\"https:\\\/\\\/schema.org\",\"@graph\":[{\"@type\":\"WebPage\",\"@id\":\"https:\\\/\\\/propacmx.com\\\/product\\\/tbs-3-8-selladoras-de-banda-de-mesa\\\/\",\"url\":\"https:\\\/\\\/propacmx.com\\\/product\\\/tbs-3-8-selladoras-de-banda-de-mesa\\\/\",\"name\":\"TBS-3\\\/8 - Selladoras de Banda de Mesa\",\"isPartOf\":{\"@id\":\"https:\\\/\\\/propacmx.com\\\/#website\"},\"primaryImageOfPage\":{\"@id\":\"https:\\\/\\\/propacmx.com\\\/product\\\/tbs-3-8-selladoras-de-banda-de-mesa\\\/#primaryimage\"},\"image\":{\"@id\":\"https:\\\/\\\/propacmx.com\\\/product\\\/tbs-3-8-selladoras-de-banda-de-mesa\\\/#primaryimage\"},\"thumbnailUrl\":\"https:\\\/\\\/propacmx.com\\\/wp-content\\\/uploads\\\/2025\\\/04\\\/TBS-38-Selladoras-de-Banda-de-Mesa.webp\",\"datePublished\":\"2025-04-20T00:40:33+00:00\",\"dateModified\":\"2025-04-22T21:18:45+00:00\",\"description\":\"\u2b50 TBS-3\\\/8 - Selladoras de Banda de Mesa con codificador y repisa, dise\u00f1ada para maximizar la eficiencia de empaque. Sistemas de Embalaje Profesionales.\",\"breadcrumb\":{\"@id\":\"https:\\\/\\\/propacmx.com\\\/product\\\/tbs-3-8-selladoras-de-banda-de-mesa\\\/#breadcrumb\"},\"inLanguage\":\"en-US\",\"potentialAction\":[{\"@type\":\"ReadAction\",\"target\":[\"https:\\\/\\\/propacmx.com\\\/product\\\/tbs-3-8-selladoras-de-banda-de-mesa\\\/\"]}]},{\"@type\":\"ImageObject\",\"inLanguage\":\"en-US\",\"@id\":\"https:\\\/\\\/propacmx.com\\\/product\\\/tbs-3-8-selladoras-de-banda-de-mesa\\\/#primaryimage\",\"url\":\"https:\\\/\\\/propacmx.com\\\/wp-content\\\/uploads\\\/2025\\\/04\\\/TBS-38-Selladoras-de-Banda-de-Mesa.webp\",\"contentUrl\":\"https:\\\/\\\/propacmx.com\\\/wp-content\\\/uploads\\\/2025\\\/04\\\/TBS-38-Selladoras-de-Banda-de-Mesa.webp\",\"width\":1563,\"height\":1563,\"caption\":\"TBS-38 Selladoras de Banda de Mesa\"},{\"@type\":\"BreadcrumbList\",\"@id\":\"https:\\\/\\\/propacmx.com\\\/product\\\/tbs-3-8-selladoras-de-banda-de-mesa\\\/#breadcrumb\",\"itemListElement\":[{\"@type\":\"ListItem\",\"position\":1,\"name\":\"Home\",\"item\":\"https:\\\/\\\/propacmx.com\\\/\"},{\"@type\":\"ListItem\",\"position\":2,\"name\":\"Tienda\",\"item\":\"https:\\\/\\\/propacmx.com\\\/tienda\\\/\"},{\"@type\":\"ListItem\",\"position\":3,\"name\":\"TBS-3\\\/8 Selladoras de Banda de Mesa\"}]},{\"@type\":\"WebSite\",\"@id\":\"https:\\\/\\\/propacmx.com\\\/#website\",\"url\":\"https:\\\/\\\/propacmx.com\\\/\",\"name\":\"PRO PAC Professional Packaging Systems\",\"description\":\"PROPAC es tu socio estrat\u00e9gico en empaques. Combinamos calidad, servicio y tecnolog\u00eda para optimizar tus procesos log\u00edsticos.\",\"publisher\":{\"@id\":\"https:\\\/\\\/propacmx.com\\\/#organization\"},\"potentialAction\":[{\"@type\":\"SearchAction\",\"target\":{\"@type\":\"EntryPoint\",\"urlTemplate\":\"https:\\\/\\\/propacmx.com\\\/?s={search_term_string}\"},\"query-input\":{\"@type\":\"PropertyValueSpecification\",\"valueRequired\":true,\"valueName\":\"search_term_string\"}}],\"inLanguage\":\"en-US\"},{\"@type\":\"Organization\",\"@id\":\"https:\\\/\\\/propacmx.com\\\/#organization\",\"name\":\"PRO PAC Professional Packaging Systems\",\"url\":\"https:\\\/\\\/propacmx.com\\\/\",\"logo\":{\"@type\":\"ImageObject\",\"inLanguage\":\"en-US\",\"@id\":\"https:\\\/\\\/propacmx.com\\\/#\\\/schema\\\/logo\\\/image\\\/\",\"url\":\"\\\/wp-content\\\/uploads\\\/2025\\\/04\\\/PRO-PAC-MEXICO.webp\",\"contentUrl\":\"\\\/wp-content\\\/uploads\\\/2025\\\/04\\\/PRO-PAC-MEXICO.webp\",\"width\":1563,\"height\":1563,\"caption\":\"PRO PAC Professional Packaging Systems\"},\"image\":{\"@id\":\"https:\\\/\\\/propacmx.com\\\/#\\\/schema\\\/logo\\\/image\\\/\"}}]}<\/script>\n<meta property=\"product:price:currency\" content=\"MXN\" \/>\n<meta property=\"og:availability\" content=\"instock\" \/>\n<meta property=\"product:availability\" content=\"instock\" \/>\n<meta property=\"product:retailer_item_id\" content=\"prod-002\" \/>\n<meta property=\"product:condition\" content=\"new\" \/>\n<!-- \/ Yoast SEO Premium plugin. -->","yoast_head_json":{"title":"TBS-3\/8 - Selladoras de Banda de Mesa","description":"\u2b50 TBS-3\/8 - Selladoras de Banda de Mesa con codificador y repisa, dise\u00f1ada para maximizar la eficiencia de empaque. Sistemas de Embalaje Profesionales.","robots":{"index":"index","follow":"follow","max-snippet":"max-snippet:-1","max-image-preview":"max-image-preview:large","max-video-preview":"max-video-preview:-1"},"canonical":"https:\/\/propacmx.com\/en\/product\/tbs-3-8-selladoras-de-banda-de-mesa\/","og_locale":"en_US","og_type":"article","og_title":"TBS-3\/8 Selladoras de Banda de Mesa","og_description":"\u2b50 TBS-3\/8 - Selladoras de Banda de Mesa con codificador y repisa, dise\u00f1ada para maximizar la eficiencia de empaque. Sistemas de Embalaje Profesionales.","og_url":"https:\/\/propacmx.com\/en\/product\/tbs-3-8-selladoras-de-banda-de-mesa\/","og_site_name":"Professional Packaging Systems","article_modified_time":"2025-04-22T21:18:45+00:00","og_image":[{"width":1563,"height":1563,"url":"https:\/\/propacmx.com\/wp-content\/uploads\/2025\/04\/TBS-38-Selladoras-de-Banda-de-Mesa.webp","type":"image\/webp"}],"twitter_card":"summary_large_image","twitter_misc":{"Price":"","Availability":"In stock"},"schema":{"@context":"https:\/\/schema.org","@graph":[{"@type":"WebPage","@id":"https:\/\/propacmx.com\/product\/tbs-3-8-selladoras-de-banda-de-mesa\/","url":"https:\/\/propacmx.com\/product\/tbs-3-8-selladoras-de-banda-de-mesa\/","name":"TBS-3\/8 - Selladoras de Banda de Mesa","isPartOf":{"@id":"https:\/\/propacmx.com\/#website"},"primaryImageOfPage":{"@id":"https:\/\/propacmx.com\/product\/tbs-3-8-selladoras-de-banda-de-mesa\/#primaryimage"},"image":{"@id":"https:\/\/propacmx.com\/product\/tbs-3-8-selladoras-de-banda-de-mesa\/#primaryimage"},"thumbnailUrl":"https:\/\/propacmx.com\/wp-content\/uploads\/2025\/04\/TBS-38-Selladoras-de-Banda-de-Mesa.webp","datePublished":"2025-04-20T00:40:33+00:00","dateModified":"2025-04-22T21:18:45+00:00","description":"\u2b50 TBS-3\/8 - Selladoras de Banda de Mesa con codificador y repisa, dise\u00f1ada para maximizar la eficiencia de empaque. Sistemas de Embalaje Profesionales.","breadcrumb":{"@id":"https:\/\/propacmx.com\/product\/tbs-3-8-selladoras-de-banda-de-mesa\/#breadcrumb"},"inLanguage":"en-US","potentialAction":[{"@type":"ReadAction","target":["https:\/\/propacmx.com\/product\/tbs-3-8-selladoras-de-banda-de-mesa\/"]}]},{"@type":"ImageObject","inLanguage":"en-US","@id":"https:\/\/propacmx.com\/product\/tbs-3-8-selladoras-de-banda-de-mesa\/#primaryimage","url":"https:\/\/propacmx.com\/wp-content\/uploads\/2025\/04\/TBS-38-Selladoras-de-Banda-de-Mesa.webp","contentUrl":"https:\/\/propacmx.com\/wp-content\/uploads\/2025\/04\/TBS-38-Selladoras-de-Banda-de-Mesa.webp","width":1563,"height":1563,"caption":"TBS-38 Selladoras de Banda de Mesa"},{"@type":"BreadcrumbList","@id":"https:\/\/propacmx.com\/product\/tbs-3-8-selladoras-de-banda-de-mesa\/#breadcrumb","itemListElement":[{"@type":"ListItem","position":1,"name":"Home","item":"https:\/\/propacmx.com\/"},{"@type":"ListItem","position":2,"name":"Tienda","item":"https:\/\/propacmx.com\/tienda\/"},{"@type":"ListItem","position":3,"name":"TBS-3\/8 Selladoras de Banda de Mesa"}]},{"@type":"WebSite","@id":"https:\/\/propacmx.com\/#website","url":"https:\/\/propacmx.com\/","name":"PRO PAC Professional Packaging Systems","description":"PROPAC is your strategic partner in packaging. We combine quality, service and technology to optimize your logistics processes.","publisher":{"@id":"https:\/\/propacmx.com\/#organization"},"potentialAction":[{"@type":"SearchAction","target":{"@type":"EntryPoint","urlTemplate":"https:\/\/propacmx.com\/?s={search_term_string}"},"query-input":{"@type":"PropertyValueSpecification","valueRequired":true,"valueName":"search_term_string"}}],"inLanguage":"en-US"},{"@type":"Organization","@id":"https:\/\/propacmx.com\/#organization","name":"PRO PAC Professional Packaging Systems","url":"https:\/\/propacmx.com\/","logo":{"@type":"ImageObject","inLanguage":"en-US","@id":"https:\/\/propacmx.com\/#\/schema\/logo\/image\/","url":"\/wp-content\/uploads\/2025\/04\/PRO-PAC-MEXICO.webp","contentUrl":"\/wp-content\/uploads\/2025\/04\/PRO-PAC-MEXICO.webp","width":1563,"height":1563,"caption":"PRO PAC Professional Packaging Systems"},"image":{"@id":"https:\/\/propacmx.com\/#\/schema\/logo\/image\/"}}]},"product_price_currency":"MXN","og_availability":"instock","product_availability":"instock","product_retailer_item_id":"prod-002","product_condition":"new"},"_links":{"self":[{"href":"https:\/\/propacmx.com\/en\/wp-json\/wp\/v2\/product\/13650","targetHints":{"allow":["GET"]}}],"collection":[{"href":"https:\/\/propacmx.com\/en\/wp-json\/wp\/v2\/product"}],"about":[{"href":"https:\/\/propacmx.com\/en\/wp-json\/wp\/v2\/types\/product"}],"wp:featuredmedia":[{"embeddable":true,"href":"https:\/\/propacmx.com\/en\/wp-json\/wp\/v2\/media\/13855"}],"wp:attachment":[{"href":"https:\/\/propacmx.com\/en\/wp-json\/wp\/v2\/media?parent=13650"}],"wp:term":[{"taxonomy":"product_brand","embeddable":true,"href":"https:\/\/propacmx.com\/en\/wp-json\/wp\/v2\/product_brand?post=13650"},{"taxonomy":"product_cat","embeddable":true,"href":"https:\/\/propacmx.com\/en\/wp-json\/wp\/v2\/product_cat?post=13650"},{"taxonomy":"product_tag","embeddable":true,"href":"https:\/\/propacmx.com\/en\/wp-json\/wp\/v2\/product_tag?post=13650"}],"curies":[{"name":"wp","href":"https:\/\/api.w.org\/{rel}","templated":true}]}}