{"id":13649,"date":"2025-04-20T00:40:33","date_gmt":"2025-04-20T00:40:33","guid":{"rendered":"https:\/\/blanchedalmond-dinosaur-273996.hostingersite.com\/?post_type=product&#038;p=13649"},"modified":"2025-04-23T00:28:19","modified_gmt":"2025-04-23T00:28:19","slug":"tbs-3-8-con-codificador-y-repisa","status":"publish","type":"product","link":"https:\/\/propacmx.com\/en\/product\/tbs-3-8-con-codificador-y-repisa\/","title":{"rendered":"TBS-3\/8 with Encoder and Shelf"},"content":{"rendered":"<p class=\"\" data-start=\"637\" data-end=\"1041\">The <strong data-start=\"640\" data-end=\"676\">TBS-3\/8 con codificador y repisa<\/strong> is a <strong data-start=\"684\" data-end=\"724\">selladora port\u00e1til de banda rotativa<\/strong>, dise\u00f1ada para ofrecer <strong data-start=\"748\" data-end=\"811\">sellos herm\u00e9ticos de 3\/8&#8243; de ancho sin necesidad de recorte<\/strong>. Este modelo incluye un <strong data-start=\"836\" data-end=\"864\">codificador por embosado<\/strong> para impresi\u00f3n directa sobre el empaque y una <strong data-start=\"911\" data-end=\"946\">repisa de soporte para producto<\/strong>, que mejora la precisi\u00f3n de entrada y la ergonom\u00eda del operador durante el proceso de sellado.<\/p>\n<p class=\"\" data-start=\"1043\" data-end=\"1253\">El sistema est\u00e1 montado sobre una base giratoria, lo que permite <strong data-start=\"1108\" data-end=\"1174\">ajustar el \u00e1ngulo de sellado de forma vertical hasta 45 grados<\/strong>, brindando flexibilidad para manejar productos de diferentes tama\u00f1os y formas.<\/p>\n<p class=\"\" data-start=\"1255\" data-end=\"1524\">Aprobada por el <strong data-start=\"1271\" data-end=\"1279\">USDA<\/strong>, la TBS-3\/8 est\u00e1 construida con <strong data-start=\"1312\" data-end=\"1347\">componentes de acero inoxidable<\/strong>, bandas resistentes de tefl\u00f3n y un <strong data-start=\"1383\" data-end=\"1425\">controlador digital de temperatura PID<\/strong>, que mantiene el calor constante hasta <strong data-start=\"1465\" data-end=\"1483\">450 \u00b0F (\u00b12 \u00b0F)<\/strong> para garantizar resultados consistentes.<\/p>\n<h3 data-start=\"1531\" data-end=\"1566\"><\/h3>\n<h3 class=\"\" data-start=\"1531\" data-end=\"1566\"><strong data-start=\"1535\" data-end=\"1566\">Outstanding features:<\/strong><\/h3>\n<ul data-start=\"1568\" data-end=\"2213\">\n<li class=\"\" data-start=\"1568\" data-end=\"1620\">\n<p class=\"\" data-start=\"1570\" data-end=\"1620\"><strong data-start=\"1570\" data-end=\"1620\">Sellado herm\u00e9tico de 3\/8\u201d de ancho sin recorte<\/strong><\/p>\n<\/li>\n<li class=\"\" data-start=\"1621\" data-end=\"1690\">\n<p class=\"\" data-start=\"1623\" data-end=\"1690\"><strong data-start=\"1623\" data-end=\"1651\">Codificador por embosado<\/strong> integrado para marcado de lote o fecha<\/p>\n<\/li>\n<li class=\"\" data-start=\"1691\" data-end=\"1767\">\n<p class=\"\" data-start=\"1693\" data-end=\"1767\"><strong data-start=\"1693\" data-end=\"1711\">Repisa frontal<\/strong> para facilitar la entrada y posicionamiento de la bolsa<\/p>\n<\/li>\n<li class=\"\" data-start=\"1768\" data-end=\"1844\">\n<p class=\"\" data-start=\"1770\" data-end=\"1844\">Base giratoria para operaci\u00f3n de sellado desde posici\u00f3n vertical hasta 45\u00b0<\/p>\n<\/li>\n<li class=\"\" data-start=\"1845\" data-end=\"1899\">\n<p class=\"\" data-start=\"1847\" data-end=\"1899\">Velocidad de sellado de hasta <strong data-start=\"1877\" data-end=\"1899\">45 feet per minute<\/strong><\/p>\n<\/li>\n<li class=\"\" data-start=\"1900\" data-end=\"1973\">\n<p class=\"\" data-start=\"1902\" data-end=\"1973\">Control de temperatura digital con precisi\u00f3n de \u00b12 \u00b0F, hasta <strong data-start=\"1963\" data-end=\"1973\">450 \u00b0F<\/strong><\/p>\n<\/li>\n<li class=\"\" data-start=\"1974\" data-end=\"2042\">\n<p class=\"\" data-start=\"1976\" data-end=\"2042\"><strong data-start=\"1976\" data-end=\"2006\">Secci\u00f3n de sellado cromada<\/strong> y sistema de enfriamiento niquelado<\/p>\n<\/li>\n<li class=\"\" data-start=\"2043\" data-end=\"2072\">\n<p class=\"\" data-start=\"2045\" data-end=\"2072\">No compressed air required<\/p>\n<\/li>\n<li class=\"\" data-start=\"2073\" data-end=\"2123\">\n<p class=\"\" data-start=\"2075\" data-end=\"2123\">Power supply: <strong data-start=\"2099\" data-end=\"2123\">110 V, 1 fase, 60 Hz<\/strong><\/p>\n<\/li>\n<li class=\"\" data-start=\"2124\" data-end=\"2213\">\n<p class=\"\" data-start=\"2126\" data-end=\"2213\">Construcci\u00f3n en <strong data-start=\"2142\" data-end=\"2162\">acero inoxidable<\/strong>, ejes resistentes y componentes de larga vida \u00fatil<\/p>\n<\/li>\n<\/ul>\n<h3 data-start=\"2220\" data-end=\"2257\"><\/h3>\n<h3 class=\"\" data-start=\"2220\" data-end=\"2257\"><strong data-start=\"2224\" data-end=\"2257\">Compatibilidad de materiales:<\/strong><\/h3>\n<ul data-start=\"2259\" data-end=\"2440\">\n<li class=\"\" data-start=\"2259\" data-end=\"2277\">\n<p class=\"\" data-start=\"2261\" data-end=\"2277\">Polyethylene (PE)<\/p>\n<\/li>\n<li class=\"\" data-start=\"2278\" data-end=\"2298\">\n<p class=\"\" data-start=\"2280\" data-end=\"2298\">Polypropylene (PP)<\/p>\n<\/li>\n<li class=\"\" data-start=\"2299\" data-end=\"2309\">\n<p class=\"\" data-start=\"2301\" data-end=\"2309\">Kraft\/PE<\/p>\n<\/li>\n<li class=\"\" data-start=\"2310\" data-end=\"2317\">\n<p class=\"\" data-start=\"2312\" data-end=\"2317\">Tyvek<\/p>\n<\/li>\n<li class=\"\" data-start=\"2318\" data-end=\"2329\">\n<p class=\"\" data-start=\"2320\" data-end=\"2329\">Polymylar<\/p>\n<\/li>\n<li class=\"\" data-start=\"2330\" data-end=\"2339\">\n<p class=\"\" data-start=\"2332\" data-end=\"2339\">Foil\/PE<\/p>\n<\/li>\n<li class=\"\" data-start=\"2340\" data-end=\"2349\">\n<p class=\"\" data-start=\"2342\" data-end=\"2349\">Cryovac<\/p>\n<\/li>\n<li class=\"\" data-start=\"2350\" data-end=\"2365\">\n<p class=\"\" data-start=\"2352\" data-end=\"2365\">Coextrusiones<\/p>\n<\/li>\n<li class=\"\" data-start=\"2366\" data-end=\"2381\">\n<p class=\"\" data-start=\"2368\" data-end=\"2381\">Polylaminates<\/p>\n<\/li>\n<li class=\"\" data-start=\"2382\" data-end=\"2389\">\n<p class=\"\" data-start=\"2384\" data-end=\"2389\">Nylon<\/p>\n<\/li>\n<li class=\"\" data-start=\"2390\" data-end=\"2440\">\n<p class=\"\" data-start=\"2392\" data-end=\"2440\">Materiales conforme a especificaciones militares<\/p>\n<\/li>\n<\/ul>\n<p class=\"\" data-start=\"2447\" data-end=\"2777\">The <strong data-start=\"2450\" data-end=\"2486\">TBS-3\/8 con codificador y repisa<\/strong> es la opci\u00f3n ideal para entornos que requieren <strong data-start=\"2534\" data-end=\"2576\">precisi\u00f3n, trazabilidad y versatilidad<\/strong> en el sellado de bolsas. Su dise\u00f1o compacto y port\u00e1til, junto con su facilidad de uso, la convierten en una soluci\u00f3n eficiente para la industria alimentaria, farmac\u00e9utica, m\u00e9dica y de empaque t\u00e9cnico.<\/p>","protected":false},"excerpt":{"rendered":"<p class=\"\" data-start=\"292\" data-end=\"587\">The <strong data-start=\"295\" data-end=\"350\">selladora de banda TBS-3\/8 con codificador y repisa<\/strong> ofrece un sellado herm\u00e9tico de 3\/8\u201d sin recorte, ideal para operaciones industriales exigentes. Aprobada por el USDA, no requiere aire comprimido y permite marcar productos mientras sella, con velocidad, precisi\u00f3n y estabilidad t\u00e9rmica.<\/p>","protected":false},"featured_media":13857,"template":"","meta":[],"product_brand":[198],"product_cat":[97],"product_tag":[117,116,118],"class_list":{"0":"post-13649","1":"product","2":"type-product","3":"status-publish","4":"has-post-thumbnail","6":"product_brand-all-packaging-machinery","7":"product_cat-selladoras-de-banda-de-mesa","8":"product_tag-maquinaria-de-empaque","9":"product_tag-selladoras-de-banda-de-mesa","10":"product_tag-selladoras-industriales","12":"first","13":"instock","14":"shipping-taxable","15":"product-type-simple"},"yoast_head":"<!-- This site is optimized with the Yoast SEO Premium plugin v24.3 (Yoast SEO v27.6) - https:\/\/yoast.com\/product\/yoast-seo-premium-wordpress\/ -->\n<title>TBS-3\/8 con Codificador y Repisa<\/title>\n<meta name=\"description\" content=\"\u2b50 La TBS-3\/8 con Codificador y Repisa, forma parte de nuestra l\u00ednea de selladoras de banda de mesa, dise\u00f1ada para maximizar la eficiencia de empaque.\" \/>\n<meta name=\"robots\" content=\"index, follow, max-snippet:-1, max-image-preview:large, max-video-preview:-1\" \/>\n<link rel=\"canonical\" href=\"https:\/\/propacmx.com\/en\/product\/tbs-3-8-con-codificador-y-repisa\/\" \/>\n<meta property=\"og:locale\" content=\"en_US\" \/>\n<meta property=\"og:type\" content=\"article\" \/>\n<meta property=\"og:title\" content=\"TBS-3\/8 con Codificador y Repisa\" \/>\n<meta property=\"og:description\" content=\"\u2b50 La TBS-3\/8 con Codificador y Repisa, forma parte de nuestra l\u00ednea de selladoras de banda de mesa, dise\u00f1ada para maximizar la eficiencia de empaque.\" \/>\n<meta property=\"og:url\" content=\"https:\/\/propacmx.com\/en\/product\/tbs-3-8-con-codificador-y-repisa\/\" \/>\n<meta property=\"og:site_name\" content=\"Professional Packaging Systems\" \/>\n<meta property=\"article:modified_time\" content=\"2025-04-23T00:28:19+00:00\" \/>\n<meta property=\"og:image\" content=\"https:\/\/propacmx.com\/wp-content\/uploads\/2025\/04\/TBS-38-with-Coder-and-Shelf.webp\" \/>\n\t<meta property=\"og:image:width\" content=\"1563\" \/>\n\t<meta property=\"og:image:height\" content=\"1563\" \/>\n\t<meta property=\"og:image:type\" content=\"image\/webp\" \/>\n<meta name=\"twitter:card\" content=\"summary_large_image\" \/>\n<meta name=\"twitter:label1\" content=\"Price\" \/>\n\t<meta name=\"twitter:data1\" content=\"\" \/>\n\t<meta name=\"twitter:label2\" content=\"Availability\" \/>\n\t<meta name=\"twitter:data2\" content=\"In stock\" \/>\n<script type=\"application\/ld+json\" class=\"yoast-schema-graph\">{\"@context\":\"https:\\\/\\\/schema.org\",\"@graph\":[{\"@type\":\"WebPage\",\"@id\":\"https:\\\/\\\/propacmx.com\\\/product\\\/tbs-3-8-con-codificador-y-repisa\\\/\",\"url\":\"https:\\\/\\\/propacmx.com\\\/product\\\/tbs-3-8-con-codificador-y-repisa\\\/\",\"name\":\"TBS-3\\\/8 con Codificador y Repisa\",\"isPartOf\":{\"@id\":\"https:\\\/\\\/propacmx.com\\\/#website\"},\"primaryImageOfPage\":{\"@id\":\"https:\\\/\\\/propacmx.com\\\/product\\\/tbs-3-8-con-codificador-y-repisa\\\/#primaryimage\"},\"image\":{\"@id\":\"https:\\\/\\\/propacmx.com\\\/product\\\/tbs-3-8-con-codificador-y-repisa\\\/#primaryimage\"},\"thumbnailUrl\":\"https:\\\/\\\/propacmx.com\\\/wp-content\\\/uploads\\\/2025\\\/04\\\/TBS-38-with-Coder-and-Shelf.webp\",\"datePublished\":\"2025-04-20T00:40:33+00:00\",\"dateModified\":\"2025-04-23T00:28:19+00:00\",\"description\":\"\u2b50 La TBS-3\\\/8 con Codificador y Repisa, forma parte de nuestra l\u00ednea de selladoras de banda de mesa, dise\u00f1ada para maximizar la eficiencia de empaque.\",\"breadcrumb\":{\"@id\":\"https:\\\/\\\/propacmx.com\\\/product\\\/tbs-3-8-con-codificador-y-repisa\\\/#breadcrumb\"},\"inLanguage\":\"en-US\",\"potentialAction\":[{\"@type\":\"ReadAction\",\"target\":[\"https:\\\/\\\/propacmx.com\\\/product\\\/tbs-3-8-con-codificador-y-repisa\\\/\"]}]},{\"@type\":\"ImageObject\",\"inLanguage\":\"en-US\",\"@id\":\"https:\\\/\\\/propacmx.com\\\/product\\\/tbs-3-8-con-codificador-y-repisa\\\/#primaryimage\",\"url\":\"https:\\\/\\\/propacmx.com\\\/wp-content\\\/uploads\\\/2025\\\/04\\\/TBS-38-with-Coder-and-Shelf.webp\",\"contentUrl\":\"https:\\\/\\\/propacmx.com\\\/wp-content\\\/uploads\\\/2025\\\/04\\\/TBS-38-with-Coder-and-Shelf.webp\",\"width\":1563,\"height\":1563,\"caption\":\"TBS-38 with Coder and Shelf\"},{\"@type\":\"BreadcrumbList\",\"@id\":\"https:\\\/\\\/propacmx.com\\\/product\\\/tbs-3-8-con-codificador-y-repisa\\\/#breadcrumb\",\"itemListElement\":[{\"@type\":\"ListItem\",\"position\":1,\"name\":\"Home\",\"item\":\"https:\\\/\\\/propacmx.com\\\/\"},{\"@type\":\"ListItem\",\"position\":2,\"name\":\"Tienda\",\"item\":\"https:\\\/\\\/propacmx.com\\\/tienda\\\/\"},{\"@type\":\"ListItem\",\"position\":3,\"name\":\"TBS-3\\\/8 con Codificador y Repisa\"}]},{\"@type\":\"WebSite\",\"@id\":\"https:\\\/\\\/propacmx.com\\\/#website\",\"url\":\"https:\\\/\\\/propacmx.com\\\/\",\"name\":\"PRO PAC Professional Packaging Systems\",\"description\":\"PROPAC es tu socio estrat\u00e9gico en empaques. Combinamos calidad, servicio y tecnolog\u00eda para optimizar tus procesos log\u00edsticos.\",\"publisher\":{\"@id\":\"https:\\\/\\\/propacmx.com\\\/#organization\"},\"potentialAction\":[{\"@type\":\"SearchAction\",\"target\":{\"@type\":\"EntryPoint\",\"urlTemplate\":\"https:\\\/\\\/propacmx.com\\\/?s={search_term_string}\"},\"query-input\":{\"@type\":\"PropertyValueSpecification\",\"valueRequired\":true,\"valueName\":\"search_term_string\"}}],\"inLanguage\":\"en-US\"},{\"@type\":\"Organization\",\"@id\":\"https:\\\/\\\/propacmx.com\\\/#organization\",\"name\":\"PRO PAC Professional Packaging Systems\",\"url\":\"https:\\\/\\\/propacmx.com\\\/\",\"logo\":{\"@type\":\"ImageObject\",\"inLanguage\":\"en-US\",\"@id\":\"https:\\\/\\\/propacmx.com\\\/#\\\/schema\\\/logo\\\/image\\\/\",\"url\":\"\\\/wp-content\\\/uploads\\\/2025\\\/04\\\/PRO-PAC-MEXICO.webp\",\"contentUrl\":\"\\\/wp-content\\\/uploads\\\/2025\\\/04\\\/PRO-PAC-MEXICO.webp\",\"width\":1563,\"height\":1563,\"caption\":\"PRO PAC Professional Packaging Systems\"},\"image\":{\"@id\":\"https:\\\/\\\/propacmx.com\\\/#\\\/schema\\\/logo\\\/image\\\/\"}}]}<\/script>\n<meta property=\"product:brand\" content=\"All Packaging Machinery\" \/>\n<meta property=\"product:price:currency\" content=\"MXN\" \/>\n<meta property=\"og:availability\" content=\"instock\" \/>\n<meta property=\"product:availability\" content=\"instock\" \/>\n<meta property=\"product:retailer_item_id\" content=\"prod-001\" \/>\n<meta property=\"product:condition\" content=\"new\" \/>\n<!-- \/ Yoast SEO Premium plugin. -->","yoast_head_json":{"title":"TBS-3\/8 with Encoder and Shelf","description":"\u2b50 La TBS-3\/8 con Codificador y Repisa, forma parte de nuestra l\u00ednea de selladoras de banda de mesa, dise\u00f1ada para maximizar la eficiencia de empaque.","robots":{"index":"index","follow":"follow","max-snippet":"max-snippet:-1","max-image-preview":"max-image-preview:large","max-video-preview":"max-video-preview:-1"},"canonical":"https:\/\/propacmx.com\/en\/product\/tbs-3-8-con-codificador-y-repisa\/","og_locale":"en_US","og_type":"article","og_title":"TBS-3\/8 con Codificador y Repisa","og_description":"\u2b50 La TBS-3\/8 con Codificador y Repisa, forma parte de nuestra l\u00ednea de selladoras de banda de mesa, dise\u00f1ada para maximizar la eficiencia de empaque.","og_url":"https:\/\/propacmx.com\/en\/product\/tbs-3-8-con-codificador-y-repisa\/","og_site_name":"Professional Packaging Systems","article_modified_time":"2025-04-23T00:28:19+00:00","og_image":[{"width":1563,"height":1563,"url":"https:\/\/propacmx.com\/wp-content\/uploads\/2025\/04\/TBS-38-with-Coder-and-Shelf.webp","type":"image\/webp"}],"twitter_card":"summary_large_image","twitter_misc":{"Price":"","Availability":"In stock"},"schema":{"@context":"https:\/\/schema.org","@graph":[{"@type":"WebPage","@id":"https:\/\/propacmx.com\/product\/tbs-3-8-con-codificador-y-repisa\/","url":"https:\/\/propacmx.com\/product\/tbs-3-8-con-codificador-y-repisa\/","name":"TBS-3\/8 with Encoder and Shelf","isPartOf":{"@id":"https:\/\/propacmx.com\/#website"},"primaryImageOfPage":{"@id":"https:\/\/propacmx.com\/product\/tbs-3-8-con-codificador-y-repisa\/#primaryimage"},"image":{"@id":"https:\/\/propacmx.com\/product\/tbs-3-8-con-codificador-y-repisa\/#primaryimage"},"thumbnailUrl":"https:\/\/propacmx.com\/wp-content\/uploads\/2025\/04\/TBS-38-with-Coder-and-Shelf.webp","datePublished":"2025-04-20T00:40:33+00:00","dateModified":"2025-04-23T00:28:19+00:00","description":"\u2b50 La TBS-3\/8 con Codificador y Repisa, forma parte de nuestra l\u00ednea de selladoras de banda de mesa, dise\u00f1ada para maximizar la eficiencia de empaque.","breadcrumb":{"@id":"https:\/\/propacmx.com\/product\/tbs-3-8-con-codificador-y-repisa\/#breadcrumb"},"inLanguage":"en-US","potentialAction":[{"@type":"ReadAction","target":["https:\/\/propacmx.com\/product\/tbs-3-8-con-codificador-y-repisa\/"]}]},{"@type":"ImageObject","inLanguage":"en-US","@id":"https:\/\/propacmx.com\/product\/tbs-3-8-con-codificador-y-repisa\/#primaryimage","url":"https:\/\/propacmx.com\/wp-content\/uploads\/2025\/04\/TBS-38-with-Coder-and-Shelf.webp","contentUrl":"https:\/\/propacmx.com\/wp-content\/uploads\/2025\/04\/TBS-38-with-Coder-and-Shelf.webp","width":1563,"height":1563,"caption":"TBS-38 with Coder and Shelf"},{"@type":"BreadcrumbList","@id":"https:\/\/propacmx.com\/product\/tbs-3-8-con-codificador-y-repisa\/#breadcrumb","itemListElement":[{"@type":"ListItem","position":1,"name":"Home","item":"https:\/\/propacmx.com\/"},{"@type":"ListItem","position":2,"name":"Tienda","item":"https:\/\/propacmx.com\/tienda\/"},{"@type":"ListItem","position":3,"name":"TBS-3\/8 con Codificador y Repisa"}]},{"@type":"WebSite","@id":"https:\/\/propacmx.com\/#website","url":"https:\/\/propacmx.com\/","name":"PRO PAC Professional Packaging Systems","description":"PROPAC is your strategic partner in packaging. We combine quality, service and technology to optimize your logistics processes.","publisher":{"@id":"https:\/\/propacmx.com\/#organization"},"potentialAction":[{"@type":"SearchAction","target":{"@type":"EntryPoint","urlTemplate":"https:\/\/propacmx.com\/?s={search_term_string}"},"query-input":{"@type":"PropertyValueSpecification","valueRequired":true,"valueName":"search_term_string"}}],"inLanguage":"en-US"},{"@type":"Organization","@id":"https:\/\/propacmx.com\/#organization","name":"PRO PAC Professional Packaging Systems","url":"https:\/\/propacmx.com\/","logo":{"@type":"ImageObject","inLanguage":"en-US","@id":"https:\/\/propacmx.com\/#\/schema\/logo\/image\/","url":"\/wp-content\/uploads\/2025\/04\/PRO-PAC-MEXICO.webp","contentUrl":"\/wp-content\/uploads\/2025\/04\/PRO-PAC-MEXICO.webp","width":1563,"height":1563,"caption":"PRO PAC Professional Packaging Systems"},"image":{"@id":"https:\/\/propacmx.com\/#\/schema\/logo\/image\/"}}]},"product_brand":"All Packaging Machinery","product_price_currency":"MXN","og_availability":"instock","product_availability":"instock","product_retailer_item_id":"prod-001","product_condition":"new"},"_links":{"self":[{"href":"https:\/\/propacmx.com\/en\/wp-json\/wp\/v2\/product\/13649","targetHints":{"allow":["GET"]}}],"collection":[{"href":"https:\/\/propacmx.com\/en\/wp-json\/wp\/v2\/product"}],"about":[{"href":"https:\/\/propacmx.com\/en\/wp-json\/wp\/v2\/types\/product"}],"wp:featuredmedia":[{"embeddable":true,"href":"https:\/\/propacmx.com\/en\/wp-json\/wp\/v2\/media\/13857"}],"wp:attachment":[{"href":"https:\/\/propacmx.com\/en\/wp-json\/wp\/v2\/media?parent=13649"}],"wp:term":[{"taxonomy":"product_brand","embeddable":true,"href":"https:\/\/propacmx.com\/en\/wp-json\/wp\/v2\/product_brand?post=13649"},{"taxonomy":"product_cat","embeddable":true,"href":"https:\/\/propacmx.com\/en\/wp-json\/wp\/v2\/product_cat?post=13649"},{"taxonomy":"product_tag","embeddable":true,"href":"https:\/\/propacmx.com\/en\/wp-json\/wp\/v2\/product_tag?post=13649"}],"curies":[{"name":"wp","href":"https:\/\/api.w.org\/{rel}","templated":true}]}}